{"id":9885,"date":"2025-08-18T15:23:41","date_gmt":"2025-08-18T13:23:41","guid":{"rendered":"https:\/\/www.camping-calvados-normandie.fr\/vitamina-para-campismo\/"},"modified":"2025-08-18T15:23:43","modified_gmt":"2025-08-18T13:23:43","slug":"vitamina-para-campismo","status":"publish","type":"page","link":"https:\/\/www.camping-calvados-normandie.fr\/pt-pt\/vitamina-para-campismo\/","title":{"rendered":"Vitamina para campismo"},"content":{"rendered":"<p><div class=\"fusion-fullwidth fullwidth-box fusion-builder-row-1 fusion-flex-container has-pattern-background has-mask-background nonhundred-percent-fullwidth non-hundred-percent-height-scrolling\" style=\"--awb-border-radius-top-left:0px;--awb-border-radius-top-right:0px;--awb-border-radius-bottom-right:0px;--awb-border-radius-bottom-left:0px;--awb-margin-bottom:135px;--awb-margin-bottom-medium:75px;--awb-margin-top-small:-5px;--awb-margin-bottom-small:75px;--awb-flex-wrap:wrap;\" ><div class=\"fusion-builder-row fusion-row fusion-flex-align-items-flex-start fusion-flex-content-wrap\" style=\"max-width:calc( 1232px + 0px );margin-left: calc(-0px \/ 2 );margin-right: calc(-0px \/ 2 );\"><div class=\"fusion-layout-column fusion_builder_column fusion-builder-column-0 fusion_builder_column_1_2 1_2 fusion-flex-column\" style=\"--awb-bg-size:cover;--awb-width-large:50%;--awb-margin-top-large:0px;--awb-spacing-right-large:0px;--awb-margin-bottom-large:0px;--awb-spacing-left-large:0px;--awb-width-medium:50%;--awb-order-medium:0;--awb-spacing-right-medium:0px;--awb-spacing-left-medium:0px;--awb-width-small:100%;--awb-order-small:0;--awb-spacing-right-small:0px;--awb-spacing-left-small:28px;\" data-scroll-devices=\"small-visibility,medium-visibility,large-visibility\"><div class=\"fusion-column-wrapper fusion-column-has-shadow fusion-flex-justify-content-flex-start fusion-content-layout-column\"><div class=\"fusion-title title fusion-title-1 fusion-sep-none fusion-title-text fusion-title-size-one has-shape yellow\" style=\"--awb-margin-bottom:49px;--awb-margin-bottom-small:35px;\"><h1 class=\"fusion-title-heading title-heading-left\" style=\"margin:0;\">Estabelecimento de 3 estrelas na Alta Normandia<\/h1><\/div><div class=\"fusion-text fusion-text-1\"><p>Conforto, lazer, cuidados pessoais e fitness, idealmente localizado no cora\u00e7\u00e3o da <a href=\"https:\/\/www.camping-vitamin.com\/\" target=\"_blank\" rel=\"noopener noreferrer\">Haute-Normandie, o Camping Vitamin,<\/a> na comuna de Saint-Aubin-sur-Scie, nos arredores de Dieppe, tem tudo o que \u00e9 preciso para ser considerado um dos parques de campismo mais agrad\u00e1veis da regi\u00e3o. Situado perto das principais atrac\u00e7\u00f5es tur\u00edsticas da regi\u00e3o, incluindo a magn\u00edfica costa pela qual a \u00e1rea \u00e9 famosa, como as fal\u00e9sias de Etretat, o parque de campismo \u00e9 ideal para visitar a Haute-Normandie gra\u00e7as ao seu acesso direto ao mar (a menos de 3 km) e \u00e0 sua proximidade de grandes cidades como Rouen e Le Havre.<\/p>\n<\/div><\/div><\/div><div class=\"fusion-layout-column fusion_builder_column fusion-builder-column-1 fusion_builder_column_1_2 1_2 fusion-flex-column\" style=\"--awb-bg-size:cover;--awb-width-large:50%;--awb-margin-top-large:0px;--awb-spacing-right-large:0px;--awb-margin-bottom-large:0px;--awb-spacing-left-large:96px;--awb-width-medium:50%;--awb-order-medium:0;--awb-spacing-right-medium:0px;--awb-spacing-left-medium:96px;--awb-width-small:100%;--awb-order-small:0;--awb-spacing-right-small:0px;--awb-spacing-left-small:0px;\" data-scroll-devices=\"small-visibility,medium-visibility,large-visibility\"><div class=\"fusion-column-wrapper fusion-column-has-shadow fusion-flex-justify-content-flex-start fusion-content-layout-column\"><div class=\"fusion-image-element \" style=\"--awb-aspect-ratio: 100 \/ 59;--awb-caption-title-font-family:var(--h2_typography-font-family);--awb-caption-title-font-weight:var(--h2_typography-font-weight);--awb-caption-title-font-style:var(--h2_typography-font-style);--awb-caption-title-size:var(--h2_typography-font-size);--awb-caption-title-transform:var(--h2_typography-text-transform);--awb-caption-title-line-height:var(--h2_typography-line-height);--awb-caption-title-letter-spacing:var(--h2_typography-letter-spacing);\"><span class=\" fusion-imageframe imageframe-none imageframe-1 hover-type-none has-aspect-ratio has-shape img__full\"><img decoding=\"async\" width=\"708\" height=\"670\" title=\"DJI_20240605092311_0047_D@2x\" src=\"https:\/\/www.camping-calvados-normandie.fr\/wp-content\/uploads\/DJI_20240605092311_0047_D@2x.jpg\" data-orig-src=\"https:\/\/www.camping-calvados-normandie.fr\/wp-content\/uploads\/DJI_20240605092311_0047_D@2x.jpg\" class=\"lazyload img-responsive wp-image-3694 img-with-aspect-ratio\" data-parent-fit=\"cover\" data-parent-container=\".fusion-image-element\" alt srcset=\"data:image\/svg+xml,%3Csvg%20xmlns%3D%27http%3A%2F%2Fwww.w3.org%2F2000%2Fsvg%27%20width%3D%27708%27%20height%3D%27670%27%20viewBox%3D%270%200%20708%20670%27%3E%3Crect%20width%3D%27708%27%20height%3D%27670%27%20fill-opacity%3D%220%22%2F%3E%3C%2Fsvg%3E\" data-srcset=\"https:\/\/www.camping-calvados-normandie.fr\/wp-content\/uploads\/DJI_20240605092311_0047_D@2x-200x189.jpg 200w, https:\/\/www.camping-calvados-normandie.fr\/wp-content\/uploads\/DJI_20240605092311_0047_D@2x-400x379.jpg 400w, https:\/\/www.camping-calvados-normandie.fr\/wp-content\/uploads\/DJI_20240605092311_0047_D@2x-600x568.jpg 600w, https:\/\/www.camping-calvados-normandie.fr\/wp-content\/uploads\/DJI_20240605092311_0047_D@2x.jpg 708w\" data-sizes=\"auto\" data-orig-sizes=\"(max-width: 800px) 100vw, 600px\" \/><\/span><\/div><\/div><\/div><\/div><\/div><div class=\"fusion-fullwidth fullwidth-box fusion-builder-row-2 fusion-flex-container has-pattern-background has-mask-background nonhundred-percent-fullwidth non-hundred-percent-height-scrolling\" style=\"--awb-border-radius-top-left:0px;--awb-border-radius-top-right:0px;--awb-border-radius-bottom-right:0px;--awb-border-radius-bottom-left:0px;--awb-flex-wrap:wrap;\" ><div class=\"fusion-builder-row fusion-row fusion-flex-align-items-stretch fusion-flex-content-wrap\" style=\"max-width:calc( 1232px + 0px );margin-left: calc(-0px \/ 2 );margin-right: calc(-0px \/ 2 );\"><div class=\"fusion-layout-column fusion_builder_column fusion-builder-column-2 fusion_builder_column_1_1 1_1 fusion-flex-column\" style=\"--awb-bg-size:cover;--awb-width-large:100%;--awb-margin-top-large:0px;--awb-spacing-right-large:0px;--awb-margin-bottom-large:0px;--awb-spacing-left-large:0px;--awb-width-medium:100%;--awb-order-medium:0;--awb-spacing-right-medium:0px;--awb-spacing-left-medium:0px;--awb-width-small:100%;--awb-order-small:0;--awb-spacing-right-small:0px;--awb-spacing-left-small:0px;\" data-scroll-devices=\"small-visibility,medium-visibility,large-visibility\"><div class=\"fusion-column-wrapper fusion-column-has-shadow fusion-flex-justify-content-flex-start fusion-content-layout-column\"><div class=\"fusion-text fusion-text-2\"><p>Um verdadeiro complexo para umas f\u00e9rias relaxantes em fam\u00edlia, o parque de campismo foi concebido de forma ideal para que tu e os teus filhos possam aproveitar ao m\u00e1ximo os tesouros da regi\u00e3o, vivendo num ambiente confort\u00e1vel. Durante toda a \u00e9poca, de mar\u00e7o a setembro, poder\u00e1s usufruir de uma \u00e1rea de piscina interior aquecida a 28 graus, com uma piscina de balneoterapia e cascata, ideal para um mergulho relaxante. Para os mais pequenos, h\u00e1 tamb\u00e9m uma zona de escorregas e jogos aqu\u00e1ticos. Tamb\u00e9m no exterior, durante a \u00e9poca alta de julho e agosto, encontrar\u00e1s uma grande piscina tamb\u00e9m acess\u00edvel aos mais pequenos gra\u00e7as \u00e0 sua zona equipada com jogos aqu\u00e1ticos e escorregas.   <\/p>\n<p>O conforto \u00e9 a palavra de ordem no Camping Vitamina, e senti-lo-\u00e1s ainda mais quando descobrires os campos para tendas\/caravanas\/carros de campismo e as casas m\u00f3veis\/chal\u00e9s de alto n\u00edvel \u00e0 disposi\u00e7\u00e3o de todos. Por apenas algumas dezenas de euros, poder\u00e1s usufruir dos espa\u00e7osos campos verdes espalhados por todo o parque de campismo, para que possas desfrutar da tua estadia numa tenda, caravana ou autocaravana com pouco para ver para al\u00e9m da natureza. <\/p>\n<p>Para estadias mais longas, convidamo-lo a descobrir a vasta oferta de casas m\u00f3veis do Camping Vitamina, com alojamento para 4 a 6 pessoas em condi\u00e7\u00f5es muito agrad\u00e1veis. Podes tamb\u00e9m optar por um chal\u00e9 para 5 pessoas. Dispon\u00edveis de s\u00e1bado a s\u00e1bado ou de domingo a domingo, ser\u00e1 necess\u00e1rio efetuar um dep\u00f3sito \u00e0 chegada.  <\/p>\n<p>Com um ambiente muito agrad\u00e1vel e a pre\u00e7os razo\u00e1veis, o parque de campismo Vitamin far\u00e1 as del\u00edcias de mi\u00fados e gra\u00fados com a sua vasta oferta de actividades e de divertimentos, bem como com os seus espa\u00e7os aqu\u00e1ticos e de relaxamento, como o canto Well-Being com a sua sala de massagens para relaxar e a sua sala de fitness para recuperar a forma. N\u00e3o \u00e9 por acaso que este parque de campismo tem uma classifica\u00e7\u00e3o de 4 estrelas e recebeu o selo &#8220;Normandie Qualit\u00e9 Tourisme&#8221;. <\/p>\n<p>A equipa do parque de campismo Vitamin<\/p>\n<\/div><\/div><\/div><\/div><\/div><\/p>\n","protected":false},"excerpt":{"rendered":"","protected":false},"author":2,"featured_media":0,"parent":0,"menu_order":0,"comment_status":"closed","ping_status":"closed","template":"100-width.php","meta":{"_acf_changed":false,"_monsterinsights_skip_tracking":false,"_monsterinsights_sitenote_active":false,"_monsterinsights_sitenote_note":"","_monsterinsights_sitenote_category":0,"footnotes":""},"categories":[],"class_list":["post-9885","page","type-page","status-publish","hentry"],"acf":[],"yoast_head":"<!-- This site is optimized with the Yoast SEO plugin v26.9 - https:\/\/yoast.com\/product\/yoast-seo-wordpress\/ -->\n<title>Vitamina para campismo - Camping La Roseraie D&#039;Omaha<\/title>\n<meta name=\"robots\" content=\"index, follow, max-snippet:-1, max-image-preview:large, max-video-preview:-1\" \/>\n<link rel=\"canonical\" href=\"https:\/\/www.camping-calvados-normandie.fr\/pt-pt\/vitamina-para-campismo\/\" \/>\n<meta property=\"og:locale\" content=\"pt_PT\" \/>\n<meta property=\"og:type\" content=\"article\" \/>\n<meta property=\"og:title\" content=\"Vitamina para campismo - Camping La Roseraie D&#039;Omaha\" \/>\n<meta property=\"og:url\" content=\"https:\/\/www.camping-calvados-normandie.fr\/pt-pt\/vitamina-para-campismo\/\" \/>\n<meta property=\"og:site_name\" content=\"Camping La Roseraie D&#039;Omaha\" \/>\n<meta property=\"article:modified_time\" content=\"2025-08-18T13:23:43+00:00\" \/>\n<meta name=\"twitter:card\" content=\"summary_large_image\" \/>\n<meta name=\"twitter:label1\" content=\"Tempo estimado de leitura\" \/>\n\t<meta name=\"twitter:data1\" content=\"19 minutos\" \/>\n<script type=\"application\/ld+json\" class=\"yoast-schema-graph\">{\"@context\":\"https:\/\/schema.org\",\"@graph\":[{\"@type\":\"WebPage\",\"@id\":\"https:\/\/www.camping-calvados-normandie.fr\/pt-pt\/vitamina-para-campismo\/\",\"url\":\"https:\/\/www.camping-calvados-normandie.fr\/pt-pt\/vitamina-para-campismo\/\",\"name\":\"Vitamina para campismo - Camping La Roseraie D&#039;Omaha\",\"isPartOf\":{\"@id\":\"https:\/\/www.camping-calvados-normandie.fr\/pt-pt\/#website\"},\"datePublished\":\"2025-08-18T13:23:41+00:00\",\"dateModified\":\"2025-08-18T13:23:43+00:00\",\"breadcrumb\":{\"@id\":\"https:\/\/www.camping-calvados-normandie.fr\/pt-pt\/vitamina-para-campismo\/#breadcrumb\"},\"inLanguage\":\"pt-PT\",\"potentialAction\":[{\"@type\":\"ReadAction\",\"target\":[\"https:\/\/www.camping-calvados-normandie.fr\/pt-pt\/vitamina-para-campismo\/\"]}]},{\"@type\":\"BreadcrumbList\",\"@id\":\"https:\/\/www.camping-calvados-normandie.fr\/pt-pt\/vitamina-para-campismo\/#breadcrumb\",\"itemListElement\":[{\"@type\":\"ListItem\",\"position\":1,\"name\":\"Accueil\",\"item\":\"https:\/\/www.camping-calvados-normandie.fr\/pt-pt\/\"},{\"@type\":\"ListItem\",\"position\":2,\"name\":\"Vitamina para campismo\"}]},{\"@type\":\"WebSite\",\"@id\":\"https:\/\/www.camping-calvados-normandie.fr\/pt-pt\/#website\",\"url\":\"https:\/\/www.camping-calvados-normandie.fr\/pt-pt\/\",\"name\":\"Camping La Roseraie D&#039;Omaha\",\"description\":\"\",\"potentialAction\":[{\"@type\":\"SearchAction\",\"target\":{\"@type\":\"EntryPoint\",\"urlTemplate\":\"https:\/\/www.camping-calvados-normandie.fr\/pt-pt\/?s={search_term_string}\"},\"query-input\":{\"@type\":\"PropertyValueSpecification\",\"valueRequired\":true,\"valueName\":\"search_term_string\"}}],\"inLanguage\":\"pt-PT\"}]}<\/script>\n<!-- \/ Yoast SEO plugin. -->","yoast_head_json":{"title":"Vitamina para campismo - Camping La Roseraie D&#039;Omaha","robots":{"index":"index","follow":"follow","max-snippet":"max-snippet:-1","max-image-preview":"max-image-preview:large","max-video-preview":"max-video-preview:-1"},"canonical":"https:\/\/www.camping-calvados-normandie.fr\/pt-pt\/vitamina-para-campismo\/","og_locale":"pt_PT","og_type":"article","og_title":"Vitamina para campismo - Camping La Roseraie D&#039;Omaha","og_url":"https:\/\/www.camping-calvados-normandie.fr\/pt-pt\/vitamina-para-campismo\/","og_site_name":"Camping La Roseraie D&#039;Omaha","article_modified_time":"2025-08-18T13:23:43+00:00","twitter_card":"summary_large_image","twitter_misc":{"Tempo estimado de leitura":"19 minutos"},"schema":{"@context":"https:\/\/schema.org","@graph":[{"@type":"WebPage","@id":"https:\/\/www.camping-calvados-normandie.fr\/pt-pt\/vitamina-para-campismo\/","url":"https:\/\/www.camping-calvados-normandie.fr\/pt-pt\/vitamina-para-campismo\/","name":"Vitamina para campismo - Camping La Roseraie D&#039;Omaha","isPartOf":{"@id":"https:\/\/www.camping-calvados-normandie.fr\/pt-pt\/#website"},"datePublished":"2025-08-18T13:23:41+00:00","dateModified":"2025-08-18T13:23:43+00:00","breadcrumb":{"@id":"https:\/\/www.camping-calvados-normandie.fr\/pt-pt\/vitamina-para-campismo\/#breadcrumb"},"inLanguage":"pt-PT","potentialAction":[{"@type":"ReadAction","target":["https:\/\/www.camping-calvados-normandie.fr\/pt-pt\/vitamina-para-campismo\/"]}]},{"@type":"BreadcrumbList","@id":"https:\/\/www.camping-calvados-normandie.fr\/pt-pt\/vitamina-para-campismo\/#breadcrumb","itemListElement":[{"@type":"ListItem","position":1,"name":"Accueil","item":"https:\/\/www.camping-calvados-normandie.fr\/pt-pt\/"},{"@type":"ListItem","position":2,"name":"Vitamina para campismo"}]},{"@type":"WebSite","@id":"https:\/\/www.camping-calvados-normandie.fr\/pt-pt\/#website","url":"https:\/\/www.camping-calvados-normandie.fr\/pt-pt\/","name":"Camping La Roseraie D&#039;Omaha","description":"","potentialAction":[{"@type":"SearchAction","target":{"@type":"EntryPoint","urlTemplate":"https:\/\/www.camping-calvados-normandie.fr\/pt-pt\/?s={search_term_string}"},"query-input":{"@type":"PropertyValueSpecification","valueRequired":true,"valueName":"search_term_string"}}],"inLanguage":"pt-PT"}]}},"_links":{"self":[{"href":"https:\/\/www.camping-calvados-normandie.fr\/pt-pt\/wp-json\/wp\/v2\/pages\/9885","targetHints":{"allow":["GET"]}}],"collection":[{"href":"https:\/\/www.camping-calvados-normandie.fr\/pt-pt\/wp-json\/wp\/v2\/pages"}],"about":[{"href":"https:\/\/www.camping-calvados-normandie.fr\/pt-pt\/wp-json\/wp\/v2\/types\/page"}],"author":[{"embeddable":true,"href":"https:\/\/www.camping-calvados-normandie.fr\/pt-pt\/wp-json\/wp\/v2\/users\/2"}],"replies":[{"embeddable":true,"href":"https:\/\/www.camping-calvados-normandie.fr\/pt-pt\/wp-json\/wp\/v2\/comments?post=9885"}],"version-history":[{"count":1,"href":"https:\/\/www.camping-calvados-normandie.fr\/pt-pt\/wp-json\/wp\/v2\/pages\/9885\/revisions"}],"predecessor-version":[{"id":9888,"href":"https:\/\/www.camping-calvados-normandie.fr\/pt-pt\/wp-json\/wp\/v2\/pages\/9885\/revisions\/9888"}],"wp:attachment":[{"href":"https:\/\/www.camping-calvados-normandie.fr\/pt-pt\/wp-json\/wp\/v2\/media?parent=9885"}],"wp:term":[{"taxonomy":"category","embeddable":true,"href":"https:\/\/www.camping-calvados-normandie.fr\/pt-pt\/wp-json\/wp\/v2\/categories?post=9885"}],"curies":[{"name":"wp","href":"https:\/\/api.w.org\/{rel}","templated":true}]}}