{"id":7674,"date":"2025-08-18T15:19:46","date_gmt":"2025-08-18T13:19:46","guid":{"rendered":"https:\/\/www.camping-calvados-normandie.fr\/cookies\/"},"modified":"2025-08-18T15:19:54","modified_gmt":"2025-08-18T13:19:54","slug":"cookies","status":"publish","type":"page","link":"https:\/\/www.camping-calvados-normandie.fr\/pt-pt\/cookies\/","title":{"rendered":"Cookies"},"content":{"rendered":"<p><div class=\"fusion-fullwidth fullwidth-box fusion-builder-row-1 fusion-flex-container has-pattern-background has-mask-background nonhundred-percent-fullwidth non-hundred-percent-height-scrolling\" style=\"--awb-border-radius-top-left:0px;--awb-border-radius-top-right:0px;--awb-border-radius-bottom-right:0px;--awb-border-radius-bottom-left:0px;--awb-margin-bottom:135px;--awb-margin-bottom-medium:75px;--awb-margin-top-small:-5px;--awb-margin-bottom-small:75px;--awb-flex-wrap:wrap;\" ><div class=\"fusion-builder-row fusion-row fusion-flex-align-items-flex-start fusion-flex-content-wrap\" style=\"max-width:calc( 1232px + 0px );margin-left: calc(-0px \/ 2 );margin-right: calc(-0px \/ 2 );\"><div class=\"fusion-layout-column fusion_builder_column fusion-builder-column-0 fusion_builder_column_1_2 1_2 fusion-flex-column\" style=\"--awb-bg-size:cover;--awb-width-large:50%;--awb-margin-top-large:0px;--awb-spacing-right-large:0px;--awb-margin-bottom-large:0px;--awb-spacing-left-large:0px;--awb-width-medium:50%;--awb-order-medium:0;--awb-spacing-right-medium:0px;--awb-spacing-left-medium:0px;--awb-width-small:100%;--awb-order-small:0;--awb-spacing-right-small:0px;--awb-spacing-left-small:28px;\" data-scroll-devices=\"small-visibility,medium-visibility,large-visibility\"><div class=\"fusion-column-wrapper fusion-column-has-shadow fusion-flex-justify-content-flex-start fusion-content-layout-column\"><div class=\"fusion-title title fusion-title-1 fusion-sep-none fusion-title-text fusion-title-size-one has-shape yellow\" style=\"--awb-margin-bottom-small:35px;\"><h1 class=\"fusion-title-heading title-heading-left\" style=\"margin:0;\">Cookies<\/h1><\/div><\/div><\/div><div class=\"fusion-layout-column fusion_builder_column fusion-builder-column-1 fusion_builder_column_1_2 1_2 fusion-flex-column\" style=\"--awb-bg-size:cover;--awb-width-large:50%;--awb-margin-top-large:0px;--awb-spacing-right-large:0px;--awb-margin-bottom-large:0px;--awb-spacing-left-large:0px;--awb-width-medium:50%;--awb-order-medium:0;--awb-spacing-right-medium:0px;--awb-spacing-left-medium:0px;--awb-width-small:100%;--awb-order-small:0;--awb-spacing-right-small:0px;--awb-spacing-left-small:0px;\"><div class=\"fusion-column-wrapper fusion-column-has-shadow fusion-flex-justify-content-flex-start fusion-content-layout-column\"><\/div><\/div><\/div><\/div><div class=\"fusion-fullwidth fullwidth-box fusion-builder-row-2 fusion-flex-container has-pattern-background has-mask-background nonhundred-percent-fullwidth non-hundred-percent-height-scrolling\" style=\"--awb-border-radius-top-left:0px;--awb-border-radius-top-right:0px;--awb-border-radius-bottom-right:0px;--awb-border-radius-bottom-left:0px;--awb-flex-wrap:wrap;\" ><div class=\"fusion-builder-row fusion-row fusion-flex-align-items-stretch fusion-flex-content-wrap\" style=\"max-width:calc( 1232px + 0px );margin-left: calc(-0px \/ 2 );margin-right: calc(-0px \/ 2 );\"><div class=\"fusion-layout-column fusion_builder_column fusion-builder-column-2 fusion_builder_column_1_1 1_1 fusion-flex-column\" style=\"--awb-bg-size:cover;--awb-width-large:100%;--awb-margin-top-large:0px;--awb-spacing-right-large:0px;--awb-margin-bottom-large:0px;--awb-spacing-left-large:0px;--awb-width-medium:100%;--awb-order-medium:0;--awb-spacing-right-medium:0px;--awb-spacing-left-medium:0px;--awb-width-small:100%;--awb-order-small:0;--awb-spacing-right-small:0px;--awb-spacing-left-small:0px;\" data-scroll-devices=\"small-visibility,medium-visibility,large-visibility\"><div class=\"fusion-column-wrapper fusion-column-has-shadow fusion-flex-justify-content-flex-start fusion-content-layout-column\"><div class=\"fusion-text fusion-text-1 auto-sections\"><p>Para melhorar a tua experi\u00eancia de utilizador, este s\u00edtio Web utiliza cookies. Ao continuares a navegar, aceitas a utiliza\u00e7\u00e3o de cookies neste s\u00edtio. <\/p>\n<p><strong>Nota sobre a utiliza\u00e7\u00e3o e defini\u00e7\u00e3o de Cookies :<\/strong><\/p>\n<p>Para melhorar a tua experi\u00eancia de utiliza\u00e7\u00e3o do nosso site, podemos colocar cookies no teu computador, telem\u00f3vel ou tablet quando o visitas.<br \/>\nOs cookies s\u00e3o utilizados para nos ajudar a identificar-te, gerir os teus pedidos de forma mais eficaz, recordar as tuas visitas e personalizar as ofertas que fazemos.<br \/>\nEsta p\u00e1gina permite-te compreender melhor como funcionam os cookies e como utilizar as ferramentas actuais para definir os seus par\u00e2metros.<\/p>\n<p>&gt;  O que \u00e9 uma bolacha?<br \/>\nUm cookie \u00e9 um pequeno ficheiro de texto armazenado no teu computador quando visitas um s\u00edtio Web ou v\u00eas um an\u00fancio. O seu principal objetivo \u00e9 recolher informa\u00e7\u00f5es sobre a tua navega\u00e7\u00e3o nos s\u00edtios e fornecer-te servi\u00e7os personalizados.<br \/>\nOs cookies s\u00e3o geridos no teu computador pelo teu programa de navega\u00e7\u00e3o na Internet. <\/p>\n<p>&gt;  Os diferentes transmissores<\/p>\n<p>&gt;&gt;  Os nossos cookies<br \/>\nTrata-se de cookies que cont\u00eam o nosso endere\u00e7o web (nome de dom\u00ednio) www.roseraie-omaha.fr<br \/>\nTrata-se de cookies colocados pelo nosso sistema no teu terminal com o objetivo de navegar no nosso site e de otimizar e personalizar os nossos servi\u00e7os no site.<\/p>\n<p>&gt;&gt;  Cookies de terceiros<br \/>\nS\u00e3o cookies colocados por empresas terceiras (por exemplo, ag\u00eancias de publicidade ou parceiros) para identificar os teus centros de interesse atrav\u00e9s dos produtos consultados ou comprados no nosso site e para personalizar a oferta publicit\u00e1ria que te \u00e9 enviada no nosso site ou fora do nosso site.<br \/>\nPodem ser depositados quando navegas no nosso site ou quando clicas nos espa\u00e7os publicit\u00e1rios do nosso site.<br \/>\nN\u00e3o temos qualquer controlo sobre os cookies colocados pelas ag\u00eancias de publicidade, que agem em seu pr\u00f3prio nome.<br \/>\nNo \u00e2mbito das nossas parcerias publicit\u00e1rias, podemos transmitir os dados relativos \u00e0s tuas compras e aos produtos consultados no nosso s\u00edtio a parceiros que actuam em nosso nome. Asseguramos que as empresas parceiras aceitam processar as informa\u00e7\u00f5es recolhidas no nosso site exclusivamente para as nossas necessidades e de acordo com as nossas instru\u00e7\u00f5es, em conformidade com a lei francesa de prote\u00e7\u00e3o de dados de 6 de janeiro de 1978, tal como alterada, e comprometem-se a implementar medidas adequadas para garantir e proteger a confidencialidade dos dados. <\/p>\n<p>&gt;  Os diferentes tipos de cookies<\/p>\n<p>S\u00e3o utilizados diferentes tipos de cookies no nosso s\u00edtio para diferentes fins.<br \/>\nAlguns s\u00e3o necess\u00e1rios para que possas utilizar o nosso s\u00edtio, outros n\u00e3o.<\/p>\n<p>&gt;  Cookies estritamente necess\u00e1rios<br \/>\nS\u00e3o cookies necess\u00e1rios para o funcionamento do nosso s\u00edtio. Permitem-te utilizar as principais fun\u00e7\u00f5es do nosso s\u00edtio (por exemplo, utilizar o cesto de compras ou aceder \u00e0 tua conta). Sem estes cookies, n\u00e3o poder\u00e1s utilizar normalmente o nosso s\u00edtio. Estes cookies s\u00e3o colocados por n\u00f3s e dizem respeito apenas ao funcionamento do nosso s\u00edtio.   <\/p>\n<p>&gt;  Cookies anal\u00edticos<br \/>\nS\u00e3o cookies que nos permitem monitorizar a utiliza\u00e7\u00e3o e o desempenho do nosso s\u00edtio e melhorar o seu funcionamento (por exemplo, as p\u00e1ginas mais consultadas, as pesquisas dos utilizadores da Internet no motor de busca Google, etc.).<br \/>\nS\u00e3o cookies colocados por n\u00f3s.<\/p>\n<p>&gt;  Cookies funcionais<br \/>\nS\u00e3o cookies que nos permitem personalizar a sua experi\u00eancia no nosso site (por exemplo, recordar os \u00faltimos artigos consultados, recordar os artigos do seu cesto antes de continuar as suas compras). Permitem igualmente que beneficies dos nossos conselhos personalizados e das nossas ofertas promocionais em fun\u00e7\u00e3o da tua origem de navega\u00e7\u00e3o (por exemplo, se vieres de um dos nossos sites parceiros). Podem tamb\u00e9m ser utilizadas para te fornecer funcionalidades que tenhas solicitado (por exemplo, a minha loja preferida, os meus conselhos personalizados, etc.).  <\/p>\n<p>Estes s\u00e3o cookies colocados por n\u00f3s.<\/p>\n<p>&gt;  Cookies publicit\u00e1rios<br \/>\nS\u00e3o cookies utilizados para te mostrar an\u00fancios ou enviar-te informa\u00e7\u00f5es adaptadas aos teus interesses, dentro ou fora do nosso site, enquanto navegas na Internet. Em particular, s\u00e3o utilizados para limitar o n\u00famero de vezes que v\u00eas um an\u00fancio e para ajudar a medir a efic\u00e1cia de uma campanha publicit\u00e1ria. <\/p>\n<p>A recusa destes cookies publicit\u00e1rios n\u00e3o tem qualquer impacto na utiliza\u00e7\u00e3o do nosso s\u00edtio. No entanto, a recusa de cookies de publicidade n\u00e3o impede a publicidade no nosso s\u00edtio ou na Internet.<br \/>\nO \u00fanico efeito ser\u00e1 a apresenta\u00e7\u00e3o de publicidade que n\u00e3o tem em conta os teus centros de interesse ou as tuas prefer\u00eancias.<br \/>\nEstes cookies s\u00e3o principalmente cookies de terceiros.<br \/>\nEstes cookies dependem principalmente de ag\u00eancias de publicidade. N\u00e3o podemos enumer\u00e1-las de forma exaustiva.  <\/p>\n<p>&gt;  Cookies e identificadores de m\u00e1quina para efeitos de seguran\u00e7a das transac\u00e7\u00f5es<br \/>\nInformamos que, quando efectua uma encomenda, n\u00f3s e\/ou os nossos prestadores de servi\u00e7os que actuam em seu nome podem colocar cookies ou recolher informa\u00e7\u00f5es relativas ao seu terminal, nomeadamente informa\u00e7\u00f5es (atributos t\u00e9cnicos) necess\u00e1rias para reconhecer o equipamento (computador, tablet ou telem\u00f3vel), a fim de identificar o seu equipamento para efeitos de seguran\u00e7a das transac\u00e7\u00f5es (preven\u00e7\u00e3o do risco de fraude). Para este efeito, s\u00e3o utilizados cookies ou identificadores de m\u00e1quina do tipo &#8220;impress\u00e3o digital&#8221;. \u00c9 informado desta recolha de informa\u00e7\u00f5es relativas ao seu terminal para constituir um identificador de m\u00e1quina atrav\u00e9s de um banner logo que entra no s\u00edtio. Ao continuar as suas compras no nosso site sem configurar a recolha dos identificadores do seu terminal, aceita a recolha destas informa\u00e7\u00f5es e a cria\u00e7\u00e3o do identificador.   <\/p>\n<p>&gt;  Aceitar ou recusar cookies<\/p>\n<p>Tens v\u00e1rias formas de gerir os cookies.<\/p>\n<p>&gt;&gt;  Defini\u00e7\u00f5es do teu browser<br \/>\nPodes optar por desativar estes cookies a qualquer momento. O teu navegador tamb\u00e9m pode ser configurado para te notificar quando os cookies s\u00e3o colocados no teu computador e para te pedir que os aceites ou n\u00e3o. Podes aceitar ou recusar os cookies caso a caso ou recus\u00e1-los sistematicamente de uma vez por todas.<br \/>\nLembramos que a defini\u00e7\u00e3o destes par\u00e2metros pode alterar as tuas condi\u00e7\u00f5es de acesso aos nossos servi\u00e7os que requerem a utiliza\u00e7\u00e3o de cookies.<br \/>\nSe o teu navegador estiver configurado para recusar todos os cookies, n\u00e3o poder\u00e1s fazer compras ou tirar partido das fun\u00e7\u00f5es essenciais do nosso site, tais como armazenar itens no teu cesto ou receber recomenda\u00e7\u00f5es personalizadas. A fim de gerir os cookies de forma mais pr\u00f3xima das tuas expectativas, convidamos-te a configurar o teu navegador tendo em conta a finalidade dos cookies, tal como mencionado acima.   <\/p>\n<p>&gt;&gt;  Como controlar ou impedir o armazenamento de cookies:<br \/>\nA configura\u00e7\u00e3o de cada navegador \u00e9 diferente. \u00c9 descrita no menu de ajuda do teu navegador, que te dir\u00e1 como modificar as tuas prefer\u00eancias em mat\u00e9ria de cookies.<br \/>\nPodes desativar os cookies seguindo as instru\u00e7\u00f5es abaixo:<br \/>\n1\/ se estiveres a utilizar o Internet Explorer<br \/>\nNo Internet Explorer, clica no bot\u00e3o Ferramentas e depois em Op\u00e7\u00f5es da Internet.<br \/>\nNo separador Geral, em Hist\u00f3rico de navega\u00e7\u00e3o, clica em Defini\u00e7\u00f5es.<br \/>\nClica no bot\u00e3o Ver ficheiros.<br \/>\nClica no cabe\u00e7alho da coluna Nome para ordenar todos os ficheiros por ordem alfab\u00e9tica e, em seguida, percorre a lista at\u00e9 veres os ficheiros que come\u00e7am com o prefixo &#8220;Cookie&#8221;. (todos os cookies t\u00eam este prefixo e, normalmente, cont\u00eam o nome do s\u00edtio Web que criou o cookie).<br \/>\nSeleciona o cookie ou os cookies que cont\u00eam o nosso nome e elimina-os<br \/>\nFecha a janela que cont\u00e9m a lista de ficheiros e, em seguida, clica duas vezes em OK para regressar ao Internet Explorer. <\/p>\n<p>2\/ se utilizares o Firefox<\/p>\n<p>Vai ao separador &#8220;Ferramentas&#8221; do teu browser e seleciona o menu &#8220;Op\u00e7\u00f5es&#8221;<br \/>\nNa janela que aparece, seleciona &#8220;Privacidade&#8221; e clica em &#8220;Mostrar cookies&#8221;<br \/>\nLocaliza os ficheiros que cont\u00eam o nosso nome, seleciona-os e elimina-os.<\/p>\n<p>3\/ se utilizas o navegador Safari<br \/>\nNo teu navegador, escolhe o menu Editar &gt; Prefer\u00eancias.<br \/>\nClica em Seguran\u00e7a.<br \/>\nClica em Mostrar cookies.<br \/>\nSeleciona os cookies que cont\u00eam o nosso nome e clica em Eliminar ou Eliminar tudo.<br \/>\nDepois de eliminares os cookies, clica em Conclu\u00eddo.<\/p>\n<p>4\/ Se utilizas o navegador Google Chrome<br \/>\nClica no \u00edcone do menu Ferramentas.<br \/>\nSeleciona Op\u00e7\u00f5es.<br \/>\nClica no separador Op\u00e7\u00f5es Avan\u00e7adas e vai para a sec\u00e7\u00e3o &#8220;Confidencialidade&#8221;.<br \/>\nClica no bot\u00e3o Mostrar cookies.<br \/>\nLocaliza os ficheiros que cont\u00eam o nosso nome, seleciona-os e elimina-os.<br \/>\nClica em &#8220;Fechar&#8221; para regressar ao teu navegador.<\/p>\n<p>&gt;  Definir par\u00e2metros numa plataforma de gest\u00e3o de cookies<br \/>\nPodes gerir os teus cookies visitando as plataformas de gest\u00e3o de cookies propostas pelos profissionais da publicidade.<\/p>\n<p>&gt;  Para mais informa\u00e7\u00f5es sobre cookies<br \/>\nhttp:\/\/www.aboutcookies.org\/<br \/>\nhttp:\/\/www.cnil.fr\/vos-droits\/vos-traces\/les-cookies\/<\/p>\n<\/div><\/div><\/div><\/div><\/div><\/p>\n","protected":false},"excerpt":{"rendered":"","protected":false},"author":2,"featured_media":0,"parent":0,"menu_order":0,"comment_status":"closed","ping_status":"closed","template":"100-width.php","meta":{"_acf_changed":false,"_monsterinsights_skip_tracking":false,"_monsterinsights_sitenote_active":false,"_monsterinsights_sitenote_note":"","_monsterinsights_sitenote_category":0,"footnotes":""},"categories":[],"class_list":["post-7674","page","type-page","status-publish","hentry"],"acf":[],"yoast_head":"<!-- This site is optimized with the Yoast SEO plugin v26.9 - https:\/\/yoast.com\/product\/yoast-seo-wordpress\/ -->\n<title>Cookies - Camping La Roseraie D&#039;Omaha<\/title>\n<meta name=\"robots\" content=\"noindex, nofollow\" \/>\n<meta property=\"og:locale\" content=\"pt_PT\" \/>\n<meta property=\"og:type\" content=\"article\" \/>\n<meta property=\"og:title\" content=\"Cookies - Camping La Roseraie D&#039;Omaha\" \/>\n<meta property=\"og:url\" content=\"https:\/\/www.camping-calvados-normandie.fr\/pt-pt\/cookies\/\" \/>\n<meta property=\"og:site_name\" content=\"Camping La Roseraie D&#039;Omaha\" \/>\n<meta property=\"article:modified_time\" content=\"2025-08-18T13:19:54+00:00\" \/>\n<meta name=\"twitter:card\" content=\"summary_large_image\" \/>\n<meta name=\"twitter:label1\" content=\"Tempo estimado de leitura\" \/>\n\t<meta name=\"twitter:data1\" content=\"22 minutos\" \/>\n<script type=\"application\/ld+json\" class=\"yoast-schema-graph\">{\"@context\":\"https:\/\/schema.org\",\"@graph\":[{\"@type\":\"WebPage\",\"@id\":\"https:\/\/www.camping-calvados-normandie.fr\/pt-pt\/cookies\/\",\"url\":\"https:\/\/www.camping-calvados-normandie.fr\/pt-pt\/cookies\/\",\"name\":\"Cookies - Camping La Roseraie D&#039;Omaha\",\"isPartOf\":{\"@id\":\"https:\/\/www.camping-calvados-normandie.fr\/pt-pt\/#website\"},\"datePublished\":\"2025-08-18T13:19:46+00:00\",\"dateModified\":\"2025-08-18T13:19:54+00:00\",\"breadcrumb\":{\"@id\":\"https:\/\/www.camping-calvados-normandie.fr\/pt-pt\/cookies\/#breadcrumb\"},\"inLanguage\":\"pt-PT\",\"potentialAction\":[{\"@type\":\"ReadAction\",\"target\":[\"https:\/\/www.camping-calvados-normandie.fr\/pt-pt\/cookies\/\"]}]},{\"@type\":\"BreadcrumbList\",\"@id\":\"https:\/\/www.camping-calvados-normandie.fr\/pt-pt\/cookies\/#breadcrumb\",\"itemListElement\":[{\"@type\":\"ListItem\",\"position\":1,\"name\":\"Accueil\",\"item\":\"https:\/\/www.camping-calvados-normandie.fr\/pt-pt\/\"},{\"@type\":\"ListItem\",\"position\":2,\"name\":\"Cookies\"}]},{\"@type\":\"WebSite\",\"@id\":\"https:\/\/www.camping-calvados-normandie.fr\/pt-pt\/#website\",\"url\":\"https:\/\/www.camping-calvados-normandie.fr\/pt-pt\/\",\"name\":\"Camping La Roseraie D&#039;Omaha\",\"description\":\"\",\"potentialAction\":[{\"@type\":\"SearchAction\",\"target\":{\"@type\":\"EntryPoint\",\"urlTemplate\":\"https:\/\/www.camping-calvados-normandie.fr\/pt-pt\/?s={search_term_string}\"},\"query-input\":{\"@type\":\"PropertyValueSpecification\",\"valueRequired\":true,\"valueName\":\"search_term_string\"}}],\"inLanguage\":\"pt-PT\"}]}<\/script>\n<!-- \/ Yoast SEO plugin. -->","yoast_head_json":{"title":"Cookies - Camping La Roseraie D&#039;Omaha","robots":{"index":"noindex","follow":"nofollow"},"og_locale":"pt_PT","og_type":"article","og_title":"Cookies - Camping La Roseraie D&#039;Omaha","og_url":"https:\/\/www.camping-calvados-normandie.fr\/pt-pt\/cookies\/","og_site_name":"Camping La Roseraie D&#039;Omaha","article_modified_time":"2025-08-18T13:19:54+00:00","twitter_card":"summary_large_image","twitter_misc":{"Tempo estimado de leitura":"22 minutos"},"schema":{"@context":"https:\/\/schema.org","@graph":[{"@type":"WebPage","@id":"https:\/\/www.camping-calvados-normandie.fr\/pt-pt\/cookies\/","url":"https:\/\/www.camping-calvados-normandie.fr\/pt-pt\/cookies\/","name":"Cookies - Camping La Roseraie D&#039;Omaha","isPartOf":{"@id":"https:\/\/www.camping-calvados-normandie.fr\/pt-pt\/#website"},"datePublished":"2025-08-18T13:19:46+00:00","dateModified":"2025-08-18T13:19:54+00:00","breadcrumb":{"@id":"https:\/\/www.camping-calvados-normandie.fr\/pt-pt\/cookies\/#breadcrumb"},"inLanguage":"pt-PT","potentialAction":[{"@type":"ReadAction","target":["https:\/\/www.camping-calvados-normandie.fr\/pt-pt\/cookies\/"]}]},{"@type":"BreadcrumbList","@id":"https:\/\/www.camping-calvados-normandie.fr\/pt-pt\/cookies\/#breadcrumb","itemListElement":[{"@type":"ListItem","position":1,"name":"Accueil","item":"https:\/\/www.camping-calvados-normandie.fr\/pt-pt\/"},{"@type":"ListItem","position":2,"name":"Cookies"}]},{"@type":"WebSite","@id":"https:\/\/www.camping-calvados-normandie.fr\/pt-pt\/#website","url":"https:\/\/www.camping-calvados-normandie.fr\/pt-pt\/","name":"Camping La Roseraie D&#039;Omaha","description":"","potentialAction":[{"@type":"SearchAction","target":{"@type":"EntryPoint","urlTemplate":"https:\/\/www.camping-calvados-normandie.fr\/pt-pt\/?s={search_term_string}"},"query-input":{"@type":"PropertyValueSpecification","valueRequired":true,"valueName":"search_term_string"}}],"inLanguage":"pt-PT"}]}},"_links":{"self":[{"href":"https:\/\/www.camping-calvados-normandie.fr\/pt-pt\/wp-json\/wp\/v2\/pages\/7674","targetHints":{"allow":["GET"]}}],"collection":[{"href":"https:\/\/www.camping-calvados-normandie.fr\/pt-pt\/wp-json\/wp\/v2\/pages"}],"about":[{"href":"https:\/\/www.camping-calvados-normandie.fr\/pt-pt\/wp-json\/wp\/v2\/types\/page"}],"author":[{"embeddable":true,"href":"https:\/\/www.camping-calvados-normandie.fr\/pt-pt\/wp-json\/wp\/v2\/users\/2"}],"replies":[{"embeddable":true,"href":"https:\/\/www.camping-calvados-normandie.fr\/pt-pt\/wp-json\/wp\/v2\/comments?post=7674"}],"version-history":[{"count":10,"href":"https:\/\/www.camping-calvados-normandie.fr\/pt-pt\/wp-json\/wp\/v2\/pages\/7674\/revisions"}],"predecessor-version":[{"id":7831,"href":"https:\/\/www.camping-calvados-normandie.fr\/pt-pt\/wp-json\/wp\/v2\/pages\/7674\/revisions\/7831"}],"wp:attachment":[{"href":"https:\/\/www.camping-calvados-normandie.fr\/pt-pt\/wp-json\/wp\/v2\/media?parent=7674"}],"wp:term":[{"taxonomy":"category","embeddable":true,"href":"https:\/\/www.camping-calvados-normandie.fr\/pt-pt\/wp-json\/wp\/v2\/categories?post=7674"}],"curies":[{"name":"wp","href":"https:\/\/api.w.org\/{rel}","templated":true}]}}