{"id":7673,"date":"2025-08-18T15:19:46","date_gmt":"2025-08-18T13:19:46","guid":{"rendered":"https:\/\/www.camping-calvados-normandie.fr\/termos-e-condicoes-gerais\/"},"modified":"2025-08-18T15:20:02","modified_gmt":"2025-08-18T13:20:02","slug":"termos-e-condicoes-gerais","status":"publish","type":"page","link":"https:\/\/www.camping-calvados-normandie.fr\/pt-pt\/termos-e-condicoes-gerais\/","title":{"rendered":"TERMOS E CONDI\u00c7\u00d5ES GERAIS"},"content":{"rendered":"<p><div class=\"fusion-fullwidth fullwidth-box fusion-builder-row-1 fusion-flex-container has-pattern-background has-mask-background nonhundred-percent-fullwidth non-hundred-percent-height-scrolling\" style=\"--awb-border-radius-top-left:0px;--awb-border-radius-top-right:0px;--awb-border-radius-bottom-right:0px;--awb-border-radius-bottom-left:0px;--awb-margin-bottom:135px;--awb-margin-bottom-medium:75px;--awb-margin-top-small:-5px;--awb-margin-bottom-small:75px;--awb-flex-wrap:wrap;\" ><div class=\"fusion-builder-row fusion-row fusion-flex-align-items-flex-start fusion-flex-content-wrap\" style=\"max-width:calc( 1232px + 0px );margin-left: calc(-0px \/ 2 );margin-right: calc(-0px \/ 2 );\"><div class=\"fusion-layout-column fusion_builder_column fusion-builder-column-0 fusion_builder_column_1_2 1_2 fusion-flex-column\" style=\"--awb-bg-size:cover;--awb-width-large:50%;--awb-margin-top-large:0px;--awb-spacing-right-large:0px;--awb-margin-bottom-large:0px;--awb-spacing-left-large:0px;--awb-width-medium:50%;--awb-order-medium:0;--awb-spacing-right-medium:0px;--awb-spacing-left-medium:0px;--awb-width-small:100%;--awb-order-small:0;--awb-spacing-right-small:0px;--awb-spacing-left-small:28px;\" data-scroll-devices=\"small-visibility,medium-visibility,large-visibility\"><div class=\"fusion-column-wrapper fusion-column-has-shadow fusion-flex-justify-content-flex-start fusion-content-layout-column\"><div class=\"fusion-title title fusion-title-1 fusion-sep-none fusion-title-text fusion-title-size-one has-shape yellow\" style=\"--awb-margin-bottom-small:35px;\"><h1 class=\"fusion-title-heading title-heading-left\" style=\"margin:0;\"><p>Condi\u00e7\u00f5es gerais de venda<br \/>\ne aluguer de casas m\u00f3veis e chal\u00e9s<\/p><\/h1><\/div><\/div><\/div><div class=\"fusion-layout-column fusion_builder_column fusion-builder-column-1 fusion_builder_column_1_2 1_2 fusion-flex-column\" style=\"--awb-bg-size:cover;--awb-width-large:50%;--awb-margin-top-large:0px;--awb-spacing-right-large:0px;--awb-margin-bottom-large:0px;--awb-spacing-left-large:0px;--awb-width-medium:50%;--awb-order-medium:0;--awb-spacing-right-medium:0px;--awb-spacing-left-medium:0px;--awb-width-small:100%;--awb-order-small:0;--awb-spacing-right-small:0px;--awb-spacing-left-small:0px;\"><div class=\"fusion-column-wrapper fusion-column-has-shadow fusion-flex-justify-content-flex-start fusion-content-layout-column\"><div class=\"fusion-image-element \" style=\"--awb-aspect-ratio: 100 \/ 59;--awb-caption-title-font-family:var(--h2_typography-font-family);--awb-caption-title-font-weight:var(--h2_typography-font-weight);--awb-caption-title-font-style:var(--h2_typography-font-style);--awb-caption-title-size:var(--h2_typography-font-size);--awb-caption-title-transform:var(--h2_typography-text-transform);--awb-caption-title-line-height:var(--h2_typography-line-height);--awb-caption-title-letter-spacing:var(--h2_typography-letter-spacing);\"><span class=\" fusion-imageframe imageframe-none imageframe-1 hover-type-none has-aspect-ratio has-shape img__full\"><img decoding=\"async\" width=\"708\" height=\"670\" title=\"DJI_20240605092311_0047_D@2x\" src=\"https:\/\/www.camping-calvados-normandie.fr\/wp-content\/uploads\/DJI_20240605092311_0047_D@2x.jpg\" data-orig-src=\"https:\/\/www.camping-calvados-normandie.fr\/wp-content\/uploads\/DJI_20240605092311_0047_D@2x.jpg\" class=\"lazyload img-responsive wp-image-3694 img-with-aspect-ratio\" data-parent-fit=\"cover\" data-parent-container=\".fusion-image-element\" alt srcset=\"data:image\/svg+xml,%3Csvg%20xmlns%3D%27http%3A%2F%2Fwww.w3.org%2F2000%2Fsvg%27%20width%3D%27708%27%20height%3D%27670%27%20viewBox%3D%270%200%20708%20670%27%3E%3Crect%20width%3D%27708%27%20height%3D%27670%27%20fill-opacity%3D%220%22%2F%3E%3C%2Fsvg%3E\" data-srcset=\"https:\/\/www.camping-calvados-normandie.fr\/wp-content\/uploads\/DJI_20240605092311_0047_D@2x-200x189.jpg 200w, https:\/\/www.camping-calvados-normandie.fr\/wp-content\/uploads\/DJI_20240605092311_0047_D@2x-400x379.jpg 400w, https:\/\/www.camping-calvados-normandie.fr\/wp-content\/uploads\/DJI_20240605092311_0047_D@2x-600x568.jpg 600w, https:\/\/www.camping-calvados-normandie.fr\/wp-content\/uploads\/DJI_20240605092311_0047_D@2x.jpg 708w\" data-sizes=\"auto\" data-orig-sizes=\"(max-width: 800px) 100vw, 708px\" \/><\/span><\/div><\/div><\/div><\/div><\/div><div class=\"fusion-fullwidth fullwidth-box fusion-builder-row-2 fusion-flex-container has-pattern-background has-mask-background nonhundred-percent-fullwidth non-hundred-percent-height-scrolling\" style=\"--awb-border-radius-top-left:0px;--awb-border-radius-top-right:0px;--awb-border-radius-bottom-right:0px;--awb-border-radius-bottom-left:0px;--awb-flex-wrap:wrap;\" ><div class=\"fusion-builder-row fusion-row fusion-flex-align-items-stretch fusion-flex-content-wrap\" style=\"max-width:calc( 1232px + 0px );margin-left: calc(-0px \/ 2 );margin-right: calc(-0px \/ 2 );\"><div class=\"fusion-layout-column fusion_builder_column fusion-builder-column-2 fusion_builder_column_1_1 1_1 fusion-flex-column\" style=\"--awb-padding-top:4%;--awb-bg-size:cover;--awb-width-large:100%;--awb-margin-top-large:0px;--awb-spacing-right-large:0px;--awb-margin-bottom-large:0px;--awb-spacing-left-large:0px;--awb-width-medium:100%;--awb-spacing-right-medium:0px;--awb-spacing-left-medium:0px;--awb-width-small:100%;--awb-spacing-right-small:0px;--awb-spacing-left-small:0px;\"><div class=\"fusion-column-wrapper fusion-column-has-shadow fusion-flex-justify-content-flex-start fusion-content-layout-column\"><div class=\"fusion-text fusion-text-1 auto-sections\"><h2 class=\"has-shape\">TERMOS E CONDI\u00c7\u00d5ES GERAIS PARA O ALUGUER DE CAMPOS<\/h2>\n<ul>\n<li>Todas as reservas implicam a aceita\u00e7\u00e3o das regras e condi\u00e7\u00f5es abaixo indicadas.<\/li>\n<li>Os pre\u00e7os incluem: o aluguer de um campo, que lhe ser\u00e1 posto \u00e0 disposi\u00e7\u00e3o a partir das 14 horas do dia da sua chegada e que dever\u00e1 ser desocupado at\u00e9 \u00e0s 12 horas do dia da sua partida. Acesso aos blocos sanit\u00e1rios, aos parques infantis, ao t\u00e9nis de mesa e \u00e0 zona da piscina. M\u00e1ximo de 6 pessoas por lote. Os pre\u00e7os n\u00e3o incluem: taxa tur\u00edstica \u00e0 taxa em vigor (por dia e por pessoa com mais de 18 anos).   <\/li>\n<li>Condi\u00e7\u00f5es de reserva: pagamento de um dep\u00f3sito de 30% do custo total da estadia. O saldo da estadia e a taxa tur\u00edstica devem ser pagos o mais tardar no dia anterior \u00e0 partida. <\/li>\n<li>Cancelamento da reserva: todos os cancelamentos devem ser feitos por carta registada. Para todos os cancelamentos feitos pelo inquilino menos de 45 dias antes da data de chegada, o dep\u00f3sito ser\u00e1 retido pelo parque de campismo. O dep\u00f3sito ser\u00e1 retido pelo parque de campismo ap\u00f3s o in\u00edcio da estadia. Em caso de falta de compar\u00eancia, o teu lote ser\u00e1 conservado durante 24 horas ap\u00f3s a data de chegada prevista. Se n\u00e3o houver not\u00edcias da tua parte, a reserva ser\u00e1 anulada e o dep\u00f3sito ser\u00e1 retido pelo parque de campismo. Em todos os casos de anula\u00e7\u00e3o, o dep\u00f3sito \u00e9 retido pelo parque de campismo. Possibilidade de subscrever um seguro de anula\u00e7\u00e3o: 3% do custo total da estadia.     <\/li>\n<li>Animais de estima\u00e7\u00e3o: os animais de estima\u00e7\u00e3o s\u00e3o bem-vindos no parque de campismo, mas devem ser mantidos com trela e vacinados. Deve ser apresentado um certificado de vacina\u00e7\u00e3o atualizado. N\u00e3o podem ser deixados no local ou fechados no alojamento na aus\u00eancia do dono. \u00c9-lhes estritamente proibido o acesso \u00e0s casas de banho e ao parque infantil. Os c\u00e3es de 1\u00aa e 2\u00aa categoria s\u00e3o estritamente proibidos.    <\/li>\n<\/ul>\n<h2 class=\"has-shape\">CONDI\u00c7\u00d5ES GERAIS DE ALUGUER DE CASAS M\u00d3VEIS, CHAL\u00c9S E CASAS RURAIS<\/h2>\n<ul>\n<li>Todos os alugueres s\u00e3o nominativos e n\u00e3o podem, em caso algum, ser subarrendados. Por raz\u00f5es de seguran\u00e7a, a ocupa\u00e7\u00e3o \u00e9 limitada a um m\u00e1ximo de 2 a 9 pessoas, consoante o tipo de alojamento. Os menores n\u00e3o acompanhados n\u00e3o ser\u00e3o aceites. O inquilino deve ter um seguro de responsabilidade civil.   <\/li>\n<li>Taxa tur\u00edstica acrescida ao pre\u00e7o do aluguer de acordo com a taxa em vigor (por dia e por pessoa com mais de 18 anos).<\/li>\n<li>Reservas: de s\u00e1bado a s\u00e1bado em julho e agosto. Chega a partir das 15h00 e parte antes das 10h00. Qualquer chegada antes da data e hora acordadas implica a impossibilidade de ocupar o alojamento alugado, salvo acordo pr\u00e9vio por escrito com a dire\u00e7\u00e3o do parque de campismo.  <\/li>\n<li>Condi\u00e7\u00f5es de pagamento: o pedido de reserva deve ser acompanhado de um dep\u00f3sito de 30% do custo total da estadia. O saldo da estadia e um dep\u00f3sito de 270\u20ac (em dois cheques) ou 200\u20ac (por cart\u00e3o de cr\u00e9dito) devem ser pagos \u00e0 chegada. A cau\u00e7\u00e3o ser-te-\u00e1 devolvida no dia da partida, ap\u00f3s a verifica\u00e7\u00e3o do im\u00f3vel alugado. Em caso de partida fora das horas de expediente, a cau\u00e7\u00e3o ser\u00e1 enviada por correio, deduzidas as dedu\u00e7\u00f5es por danos verificados ou limpeza n\u00e3o efectuada, e ap\u00f3s verifica\u00e7\u00e3o do invent\u00e1rio e da limpeza do alojamento, sendo a limpeza da responsabilidade do inquilino. Se o inquilino n\u00e3o o fizer, ser-lhe-\u00e1 exigido o pagamento de um montante fixo de 50 euros para a limpeza. O invent\u00e1rio no final do per\u00edodo de arrendamento deve ser id\u00eantico ao do in\u00edcio do per\u00edodo de arrendamento e os objectos em falta devem ser substitu\u00eddos ou pagos pelo arrendat\u00e1rio.     <\/li>\n<li>Anula\u00e7\u00e3o: todas as anula\u00e7\u00f5es devem ser feitas por carta registada. Para qualquer anula\u00e7\u00e3o solicitada pelo locat\u00e1rio e efectuada menos de 45 dias antes da data de chegada, o dep\u00f3sito ser\u00e1 retido pelo parque de campismo. O montante total da estadia ser\u00e1 retido pelo parque de campismo ap\u00f3s o in\u00edcio da estadia. Em caso de n\u00e3o compar\u00eancia, o valor do aluguer ser\u00e1 retido durante 24 horas ap\u00f3s a data de chegada prevista. Se n\u00e3o houver not\u00edcias da tua parte, a reserva ser\u00e1 anulada e o dep\u00f3sito ser\u00e1 retido pelo parque de campismo. Em todos os casos de anula\u00e7\u00e3o, o dep\u00f3sito \u00e9 retido pelo parque de campismo. \u00c9 poss\u00edvel subscrever um seguro de anula\u00e7\u00e3o (antes da data da tua estadia) por 3% do custo total da tua estadia. N\u00e3o ser\u00e1 concedida qualquer redu\u00e7\u00e3o em caso de chegada tardia ou de partida antecipada, seja qual for o motivo.       <\/li>\n<li>Visitantes: Os visitantes s\u00e3o admitidos das 10h00 \u00e0s 21h00 e devem registar-se na rece\u00e7\u00e3o \u00e0 chegada e pagar a taxa aplic\u00e1vel. Est\u00e3o sob a responsabilidade dos campistas que os recebem e devem respeitar as regras. O seu ve\u00edculo deve ser estacionado no parque de estacionamento exterior.  <\/li>\n<li>Animais de estima\u00e7\u00e3o: n\u00e3o s\u00e3o permitidos gatos nos alojamentos de aluguer. S\u00f3 \u00e9 permitido um c\u00e3o se tiver sido vacinado (apresentar certificado de vacina\u00e7\u00e3o) e pesar menos de 6 kg. Os c\u00e3es devem ser mantidos sempre com trela e n\u00e3o devem ser deixados sozinhos no alojamento. <\/li>\n<\/ul>\n<p>Em conformidade com o artigo L. 152-1 do C\u00f3digo do Consumo, podes contactar gratuitamente o servi\u00e7o de media\u00e7\u00e3o CM2C por correio eletr\u00f3nico: <u>https:\/\/cm2c.net\/declarer-un-litige.php<\/u> ou por correio: CM2C, 14 rue Saint Jean 75017 Paris.<\/p>\n<\/div><\/div><\/div><\/div><\/div><\/p>\n","protected":false},"excerpt":{"rendered":"","protected":false},"author":2,"featured_media":0,"parent":0,"menu_order":0,"comment_status":"closed","ping_status":"closed","template":"100-width.php","meta":{"_acf_changed":false,"_monsterinsights_skip_tracking":false,"_monsterinsights_sitenote_active":false,"_monsterinsights_sitenote_note":"","_monsterinsights_sitenote_category":0,"footnotes":""},"categories":[],"class_list":["post-7673","page","type-page","status-publish","hentry"],"acf":[],"yoast_head":"<!-- This site is optimized with the Yoast SEO plugin v26.9 - https:\/\/yoast.com\/product\/yoast-seo-wordpress\/ -->\n<title>TERMOS E CONDI\u00c7\u00d5ES GERAIS - Camping La Roseraie D&#039;Omaha<\/title>\n<meta name=\"robots\" content=\"index, follow, max-snippet:-1, max-image-preview:large, max-video-preview:-1\" \/>\n<link rel=\"canonical\" href=\"https:\/\/www.camping-calvados-normandie.fr\/pt-pt\/termos-e-condicoes-gerais\/\" \/>\n<meta property=\"og:locale\" content=\"pt_PT\" \/>\n<meta property=\"og:type\" content=\"article\" \/>\n<meta property=\"og:title\" content=\"TERMOS E CONDI\u00c7\u00d5ES GERAIS - Camping La Roseraie D&#039;Omaha\" \/>\n<meta property=\"og:url\" content=\"https:\/\/www.camping-calvados-normandie.fr\/pt-pt\/termos-e-condicoes-gerais\/\" \/>\n<meta property=\"og:site_name\" content=\"Camping La Roseraie D&#039;Omaha\" \/>\n<meta property=\"article:modified_time\" content=\"2025-08-18T13:20:02+00:00\" \/>\n<meta name=\"twitter:card\" content=\"summary_large_image\" \/>\n<meta name=\"twitter:label1\" content=\"Tempo estimado de leitura\" \/>\n\t<meta name=\"twitter:data1\" content=\"18 minutos\" \/>\n<script type=\"application\/ld+json\" class=\"yoast-schema-graph\">{\"@context\":\"https:\/\/schema.org\",\"@graph\":[{\"@type\":\"WebPage\",\"@id\":\"https:\/\/www.camping-calvados-normandie.fr\/pt-pt\/termos-e-condicoes-gerais\/\",\"url\":\"https:\/\/www.camping-calvados-normandie.fr\/pt-pt\/termos-e-condicoes-gerais\/\",\"name\":\"TERMOS E CONDI\u00c7\u00d5ES GERAIS - Camping La Roseraie D&#039;Omaha\",\"isPartOf\":{\"@id\":\"https:\/\/www.camping-calvados-normandie.fr\/pt-pt\/#website\"},\"datePublished\":\"2025-08-18T13:19:46+00:00\",\"dateModified\":\"2025-08-18T13:20:02+00:00\",\"breadcrumb\":{\"@id\":\"https:\/\/www.camping-calvados-normandie.fr\/pt-pt\/termos-e-condicoes-gerais\/#breadcrumb\"},\"inLanguage\":\"pt-PT\",\"potentialAction\":[{\"@type\":\"ReadAction\",\"target\":[\"https:\/\/www.camping-calvados-normandie.fr\/pt-pt\/termos-e-condicoes-gerais\/\"]}]},{\"@type\":\"BreadcrumbList\",\"@id\":\"https:\/\/www.camping-calvados-normandie.fr\/pt-pt\/termos-e-condicoes-gerais\/#breadcrumb\",\"itemListElement\":[{\"@type\":\"ListItem\",\"position\":1,\"name\":\"Accueil\",\"item\":\"https:\/\/www.camping-calvados-normandie.fr\/pt-pt\/\"},{\"@type\":\"ListItem\",\"position\":2,\"name\":\"TERMOS E CONDI\u00c7\u00d5ES GERAIS\"}]},{\"@type\":\"WebSite\",\"@id\":\"https:\/\/www.camping-calvados-normandie.fr\/pt-pt\/#website\",\"url\":\"https:\/\/www.camping-calvados-normandie.fr\/pt-pt\/\",\"name\":\"Camping La Roseraie D&#039;Omaha\",\"description\":\"\",\"potentialAction\":[{\"@type\":\"SearchAction\",\"target\":{\"@type\":\"EntryPoint\",\"urlTemplate\":\"https:\/\/www.camping-calvados-normandie.fr\/pt-pt\/?s={search_term_string}\"},\"query-input\":{\"@type\":\"PropertyValueSpecification\",\"valueRequired\":true,\"valueName\":\"search_term_string\"}}],\"inLanguage\":\"pt-PT\"}]}<\/script>\n<!-- \/ Yoast SEO plugin. -->","yoast_head_json":{"title":"TERMOS E CONDI\u00c7\u00d5ES GERAIS - Camping La Roseraie D&#039;Omaha","robots":{"index":"index","follow":"follow","max-snippet":"max-snippet:-1","max-image-preview":"max-image-preview:large","max-video-preview":"max-video-preview:-1"},"canonical":"https:\/\/www.camping-calvados-normandie.fr\/pt-pt\/termos-e-condicoes-gerais\/","og_locale":"pt_PT","og_type":"article","og_title":"TERMOS E CONDI\u00c7\u00d5ES GERAIS - Camping La Roseraie D&#039;Omaha","og_url":"https:\/\/www.camping-calvados-normandie.fr\/pt-pt\/termos-e-condicoes-gerais\/","og_site_name":"Camping La Roseraie D&#039;Omaha","article_modified_time":"2025-08-18T13:20:02+00:00","twitter_card":"summary_large_image","twitter_misc":{"Tempo estimado de leitura":"18 minutos"},"schema":{"@context":"https:\/\/schema.org","@graph":[{"@type":"WebPage","@id":"https:\/\/www.camping-calvados-normandie.fr\/pt-pt\/termos-e-condicoes-gerais\/","url":"https:\/\/www.camping-calvados-normandie.fr\/pt-pt\/termos-e-condicoes-gerais\/","name":"TERMOS E CONDI\u00c7\u00d5ES GERAIS - Camping La Roseraie D&#039;Omaha","isPartOf":{"@id":"https:\/\/www.camping-calvados-normandie.fr\/pt-pt\/#website"},"datePublished":"2025-08-18T13:19:46+00:00","dateModified":"2025-08-18T13:20:02+00:00","breadcrumb":{"@id":"https:\/\/www.camping-calvados-normandie.fr\/pt-pt\/termos-e-condicoes-gerais\/#breadcrumb"},"inLanguage":"pt-PT","potentialAction":[{"@type":"ReadAction","target":["https:\/\/www.camping-calvados-normandie.fr\/pt-pt\/termos-e-condicoes-gerais\/"]}]},{"@type":"BreadcrumbList","@id":"https:\/\/www.camping-calvados-normandie.fr\/pt-pt\/termos-e-condicoes-gerais\/#breadcrumb","itemListElement":[{"@type":"ListItem","position":1,"name":"Accueil","item":"https:\/\/www.camping-calvados-normandie.fr\/pt-pt\/"},{"@type":"ListItem","position":2,"name":"TERMOS E CONDI\u00c7\u00d5ES GERAIS"}]},{"@type":"WebSite","@id":"https:\/\/www.camping-calvados-normandie.fr\/pt-pt\/#website","url":"https:\/\/www.camping-calvados-normandie.fr\/pt-pt\/","name":"Camping La Roseraie D&#039;Omaha","description":"","potentialAction":[{"@type":"SearchAction","target":{"@type":"EntryPoint","urlTemplate":"https:\/\/www.camping-calvados-normandie.fr\/pt-pt\/?s={search_term_string}"},"query-input":{"@type":"PropertyValueSpecification","valueRequired":true,"valueName":"search_term_string"}}],"inLanguage":"pt-PT"}]}},"_links":{"self":[{"href":"https:\/\/www.camping-calvados-normandie.fr\/pt-pt\/wp-json\/wp\/v2\/pages\/7673","targetHints":{"allow":["GET"]}}],"collection":[{"href":"https:\/\/www.camping-calvados-normandie.fr\/pt-pt\/wp-json\/wp\/v2\/pages"}],"about":[{"href":"https:\/\/www.camping-calvados-normandie.fr\/pt-pt\/wp-json\/wp\/v2\/types\/page"}],"author":[{"embeddable":true,"href":"https:\/\/www.camping-calvados-normandie.fr\/pt-pt\/wp-json\/wp\/v2\/users\/2"}],"replies":[{"embeddable":true,"href":"https:\/\/www.camping-calvados-normandie.fr\/pt-pt\/wp-json\/wp\/v2\/comments?post=7673"}],"version-history":[{"count":12,"href":"https:\/\/www.camping-calvados-normandie.fr\/pt-pt\/wp-json\/wp\/v2\/pages\/7673\/revisions"}],"predecessor-version":[{"id":7960,"href":"https:\/\/www.camping-calvados-normandie.fr\/pt-pt\/wp-json\/wp\/v2\/pages\/7673\/revisions\/7960"}],"wp:attachment":[{"href":"https:\/\/www.camping-calvados-normandie.fr\/pt-pt\/wp-json\/wp\/v2\/media?parent=7673"}],"wp:term":[{"taxonomy":"category","embeddable":true,"href":"https:\/\/www.camping-calvados-normandie.fr\/pt-pt\/wp-json\/wp\/v2\/categories?post=7673"}],"curies":[{"name":"wp","href":"https:\/\/api.w.org\/{rel}","templated":true}]}}