{"id":7590,"date":"2025-08-18T15:19:39","date_gmt":"2025-08-18T13:19:39","guid":{"rendered":"https:\/\/www.camping-calvados-normandie.fr\/informacao-juridica\/"},"modified":"2025-08-18T15:19:45","modified_gmt":"2025-08-18T13:19:45","slug":"informacao-juridica","status":"publish","type":"page","link":"https:\/\/www.camping-calvados-normandie.fr\/pt-pt\/informacao-juridica\/","title":{"rendered":"Informa\u00e7\u00e3o jur\u00eddica"},"content":{"rendered":"<p><div class=\"fusion-fullwidth fullwidth-box fusion-builder-row-1 fusion-flex-container has-pattern-background has-mask-background nonhundred-percent-fullwidth non-hundred-percent-height-scrolling\" style=\"--awb-border-radius-top-left:0px;--awb-border-radius-top-right:0px;--awb-border-radius-bottom-right:0px;--awb-border-radius-bottom-left:0px;--awb-margin-bottom:135px;--awb-margin-bottom-medium:75px;--awb-margin-top-small:-5px;--awb-margin-bottom-small:75px;--awb-flex-wrap:wrap;\" ><div class=\"fusion-builder-row fusion-row fusion-flex-align-items-flex-start fusion-flex-content-wrap\" style=\"max-width:calc( 1232px + 0px );margin-left: calc(-0px \/ 2 );margin-right: calc(-0px \/ 2 );\"><div class=\"fusion-layout-column fusion_builder_column fusion-builder-column-0 fusion_builder_column_1_2 1_2 fusion-flex-column\" style=\"--awb-bg-size:cover;--awb-width-large:50%;--awb-margin-top-large:0px;--awb-spacing-right-large:0px;--awb-margin-bottom-large:0px;--awb-spacing-left-large:0px;--awb-width-medium:50%;--awb-order-medium:0;--awb-spacing-right-medium:0px;--awb-spacing-left-medium:0px;--awb-width-small:100%;--awb-order-small:0;--awb-spacing-right-small:0px;--awb-spacing-left-small:28px;\" data-scroll-devices=\"small-visibility,medium-visibility,large-visibility\"><div class=\"fusion-column-wrapper fusion-column-has-shadow fusion-flex-justify-content-flex-start fusion-content-layout-column\"><div class=\"fusion-title title fusion-title-1 fusion-sep-none fusion-title-text fusion-title-size-one has-shape yellow\" style=\"--awb-margin-bottom-small:35px;\"><h1 class=\"fusion-title-heading title-heading-left\" style=\"margin:0;\">Informa\u00e7\u00e3o jur\u00eddica<\/h1><\/div><\/div><\/div><\/div><\/div><div class=\"fusion-fullwidth fullwidth-box fusion-builder-row-2 fusion-flex-container has-pattern-background has-mask-background nonhundred-percent-fullwidth non-hundred-percent-height-scrolling\" style=\"--awb-border-radius-top-left:0px;--awb-border-radius-top-right:0px;--awb-border-radius-bottom-right:0px;--awb-border-radius-bottom-left:0px;--awb-flex-wrap:wrap;\" ><div class=\"fusion-builder-row fusion-row fusion-flex-align-items-stretch fusion-flex-content-wrap\" style=\"max-width:calc( 1232px + 0px );margin-left: calc(-0px \/ 2 );margin-right: calc(-0px \/ 2 );\"><div class=\"fusion-layout-column fusion_builder_column fusion-builder-column-1 fusion_builder_column_1_1 1_1 fusion-flex-column\" style=\"--awb-bg-size:cover;--awb-width-large:100%;--awb-margin-top-large:0px;--awb-spacing-right-large:0px;--awb-margin-bottom-large:0px;--awb-spacing-left-large:0px;--awb-width-medium:100%;--awb-order-medium:0;--awb-spacing-right-medium:0px;--awb-spacing-left-medium:0px;--awb-width-small:100%;--awb-order-small:0;--awb-spacing-right-small:0px;--awb-spacing-left-small:0px;\" data-scroll-devices=\"small-visibility,medium-visibility,large-visibility\"><div class=\"fusion-column-wrapper fusion-column-has-shadow fusion-flex-justify-content-flex-start fusion-content-layout-column\"><div class=\"fusion-text fusion-text-1 auto-sections\"><h2 class=\"has-shape\">Defini\u00e7\u00f5es<\/h2>\n<ul>\n<li>Editor do s\u00edtio: Propriet\u00e1rio e\/ou empresa que implementou o software em linha.<\/li>\n<li>Gestor da publica\u00e7\u00e3o: Utilizador final do software em linha (o propriet\u00e1rio ou gestor da entidade apresentada pelo software em linha).<\/li>\n<li>Operador do s\u00edtio: Utilizador final do software em linha (o propriet\u00e1rio ou gestor da entidade apresentada pelo software em linha).<\/li>\n<li>O s\u00edtio: Resultado da utiliza\u00e7\u00e3o do software em linha.<\/li>\n<li>Webmaster: Gestor t\u00e9cnico do software em linha para o editor do s\u00edtio e\/ou o utilizador final do software em linha.<\/li>\n<li>Utilizador do s\u00edtio: utilizador da Internet que se liga atrav\u00e9s da Internet e\/ou consulta, utiliza&#8230; o software em linha.<\/li>\n<li>Alojamento: Espa\u00e7o de servidor dedicado ligado \u00e0 Internet e que torna o S\u00edtio dispon\u00edvel e utiliz\u00e1vel online.<\/li>\n<li>Software em linha: Software produzido e\/ou implementado em nome do propriet\u00e1rio e\/ou gestor da entidade apresentada.<\/li>\n<\/ul>\n<h2 class=\"has-shape\">Informa\u00e7\u00e3o jur\u00eddica<\/h2>\n<ul>\n<li>Diretor da publica\u00e7\u00e3o :\n<ul>\n<li>Nome: SARL QUESAS &#8211; Camping la Roseraie d&#8217;Omaha<\/li>\n<li>Respons\u00e1vel pelo sistema: Quentin Alves<\/li>\n<li>Endere\u00e7o da sede social: Lieu-dit le bourg, 14710 Surrain<\/li>\n<li>Tel. : (+33) 02.31.21.17.71<\/li>\n<li>Correio eletr\u00f3nico: camping-laroseraie@orange.fr<\/li>\n<li>N\u00daMERO DA SIRENE: 833 516 388<\/li>\n<li>N\u00famero RCS: Caen 83351638800018<\/li>\n<li>IVA intracomunit\u00e1rio: FR47833516388<\/li>\n<li>Capital social: 10 000 euros<\/li>\n<\/ul>\n<\/li>\n<li>Editor e webmaster do s\u00edtio Web\n<ul>\n<li>Nome: Jordane Iadadaine<\/li>\n<li>Endere\u00e7o: 146 rue basse, 14000 Caen<\/li>\n<li>Tel. : 06.59.76.11.24<\/li>\n<li>Correio: jordaneidn@gmail.com<\/li>\n<\/ul>\n<\/li>\n<li>Criador do s\u00edtio\n<ul>\n<li>Nome: Th\u00e9o Ba\u00ebs<\/li>\n<li>Endere\u00e7o: 229 rue Saint-Honor\u00e9, 75001, Paris<\/li>\n<li>Tel. : 06.68.75.32.04<\/li>\n<\/ul>\n<\/li>\n<li>Alojamento: OVH SAS, uma sociedade an\u00f3nima simplificada com um capital social de 10 069 020 euros, com sede social em 2 rue Kellermann &#8211; 59100 Roubaix &#8211; Fran\u00e7a, registada sob o n\u00famero 424 761 419 RCS Lille M\u00e9tropole 424 761 419 00045<\/li>\n<\/ul>\n<h2 class=\"has-shape\">Propriedade intelectual e direitos de autor \u00a9 :<\/h2>\n<p>O conjunto deste s\u00edtio est\u00e1 sujeito \u00e0 legisla\u00e7\u00e3o francesa e internacional em mat\u00e9ria de direitos de autor e de propriedade intelectual. Todos os direitos de reprodu\u00e7\u00e3o s\u00e3o reservados, incluindo os documentos iconogr\u00e1ficos e fotogr\u00e1ficos. Nenhuma parte deste Site pode ser copiada, reproduzida, modificada, republicada, carregada, distorcida, transmitida ou distribu\u00edda, seja de que forma for, em que suporte for, no todo ou em parte, sem a autoriza\u00e7\u00e3o pr\u00e9via por escrito do editor e do respons\u00e1vel pela publica\u00e7\u00e3o do Site, com exce\u00e7\u00e3o da utiliza\u00e7\u00e3o estritamente para fins de imprensa e\/ou privados e no respeito dos direitos de propriedade intelectual e de quaisquer outros direitos de propriedade. No que respeita \u00e0 utiliza\u00e7\u00e3o privada, s\u00f3 \u00e9 permitida a c\u00f3pia e a transmiss\u00e3o para uso pessoal, privado e n\u00e3o comercial. Al\u00e9m disso, cada c\u00f3pia ou utiliza\u00e7\u00e3o autorizada da totalidade ou de parte do conte\u00fado deste s\u00edtio, seja ele qual for, deve ser efectuada sem distor\u00e7\u00e3o, modifica\u00e7\u00e3o ou altera\u00e7\u00e3o de qualquer tipo e deve incluir a seguinte men\u00e7\u00e3o &#8220;COPYRIGHT SARL QUESAS &#8211; TODOS OS DIREITOS RESERVADOS&#8221;, escrita de forma leg\u00edvel. Caso contr\u00e1rio, o editor e\/ou a pessoa respons\u00e1vel pela publica\u00e7\u00e3o do s\u00edtio reservam-se o direito de agir judicialmente contra qualquer ato de viola\u00e7\u00e3o dos seus direitos de propriedade intelectual.     <\/p>\n<h2 class=\"has-shape\">Pol\u00edtica de liga\u00e7\u00f5es :<\/h2>\n<h3>Criar liga\u00e7\u00f5es para o S\u00edtio<\/h3>\n<p>A cria\u00e7\u00e3o de uma liga\u00e7\u00e3o de hipertexto para a p\u00e1gina inicial do S\u00edtio \u00e9 autorizada, desde que o s\u00edtio para o qual a liga\u00e7\u00e3o aponta abra noutra janela do navegador. \u00c9 proibida a cria\u00e7\u00e3o de uma liga\u00e7\u00e3o profunda ao conte\u00fado do S\u00edtio, para al\u00e9m da p\u00e1gina inicial, sem o acordo expresso do editor do S\u00edtio. As informa\u00e7\u00f5es utilizadas devem ser exclusivamente para uso pessoal; est\u00e1 exclu\u00edda qualquer utiliza\u00e7\u00e3o para fins comerciais ou publicit\u00e1rios. Toma nota! Esta autoriza\u00e7\u00e3o n\u00e3o se aplica a s\u00edtios Web que divulguem informa\u00e7\u00f5es de car\u00e1cter controverso, pornogr\u00e1fico ou xen\u00f3fobo ou que possam, em maior medida, ofender a sensibilidade da maioria das pessoas ou ofender a dec\u00eancia p\u00fablica. Para outras utiliza\u00e7\u00f5es, consulta o editor do s\u00edtio. Al\u00e9m disso, no que diz respeito a s\u00edtios externos que possam conter liga\u00e7\u00f5es de hipertexto que apontem para este S\u00edtio, em qualquer caso, nem o editor nem o gestor da publica\u00e7\u00e3o podem ser responsabilizados pela indisponibilidade desses s\u00edtios, nem examinam, controlam, aprovam ou s\u00e3o respons\u00e1veis pelo conte\u00fado, publicidade, produtos ou outros elementos dispon\u00edveis nesses s\u00edtios ou atrav\u00e9s deles.      <\/p>\n<h3>Liga\u00e7\u00f5es a outros s\u00edtios<\/h3>\n<p>O editor e o redator do s\u00edtio n\u00e3o podem ser responsabilizados por qualquer s\u00edtio de terceiros a que possas ter acesso atrav\u00e9s deste s\u00edtio. N\u00e3o temos meios para controlar o conte\u00fado desses sites de terceiros que, de qualquer forma, permanecem totalmente independentes. Al\u00e9m disso, a exist\u00eancia de uma liga\u00e7\u00e3o entre este S\u00edtio e um s\u00edtio de terceiros n\u00e3o implica, de forma alguma, que aprovemos o conte\u00fado desse s\u00edtio e, a fortiori, qualquer utiliza\u00e7\u00e3o que dele possa ser feita. Al\u00e9m disso, \u00e9 da tua responsabilidade tomar as precau\u00e7\u00f5es necess\u00e1rias para evitar qualquer contamina\u00e7\u00e3o do teu equipamento inform\u00e1tico e do S\u00edtio por, nomeadamente, um ou mais &#8220;v\u00edrus&#8221;, &#8220;cavalos de Troia&#8221;, &#8220;worms&#8221;, &#8220;spyware&#8221; ou quaisquer outros &#8220;parasitas&#8221; digitais.   <\/p>\n<h2 class=\"has-shape\">Informa\u00e7\u00f5es nominativas e n\u00e3o nominativas, outras informa\u00e7\u00f5es e prote\u00e7\u00e3o dos dados pessoais:<\/h2>\n<h3>Princ\u00edpios gerais :<\/h3>\n<p>Nenhuma informa\u00e7\u00e3o pessoal \u00e9 recolhida neste S\u00edtio sem o teu conhecimento. Nenhuma informa\u00e7\u00e3o pessoal \u00e9 transmitida a terceiros que n\u00e3o sejam parceiros e\/ou que n\u00e3o tenham sido aprovados pelo editor ou pelo gestor de publica\u00e7\u00f5es do s\u00edtio. Os dados pessoais recolhidos s\u00e3o necess\u00e1rios para processar os teus pedidos da forma mais r\u00e1pida e eficaz poss\u00edvel. Em conformidade com a lei francesa de prote\u00e7\u00e3o de dados n.\u00ba 78-17 de 6 de janeiro de 1978, tens o direito de aceder, modificar, retificar e apagar os dados pessoais que te dizem respeito. Para isso, basta fazer um pedido atrav\u00e9s de um dos meios de contacto dispon\u00edveis na p\u00e1gina inicial deste site (endere\u00e7o postal, telefone, fax, etc.) e, em particular, atrav\u00e9s do formul\u00e1rio de contacto eletr\u00f3nico anexado a este site da Internet.    <\/p>\n<h2 class=\"has-shape\">Princ\u00edpios de funcionamento das ferramentas de comunica\u00e7\u00e3o do s\u00edtio :<\/h2>\n<h3>Fun\u00e7\u00e3o de boletim informativo<\/h3>\n<p>Os endere\u00e7os electr\u00f3nicos registados no contexto desta fun\u00e7\u00e3o s\u00e3o armazenados com o \u00fanico objetivo de transmitir, pelo operador e\/ou editor deste S\u00edtio, informa\u00e7\u00f5es de v\u00e1rios tipos a pessoas singulares ou colectivas que se tenham inscrito por este meio na lista de endere\u00e7os deste S\u00edtio.<\/p>\n<h3>Formul\u00e1rios (&#8220;Encomenda&#8221;, &#8220;Contacte-nos&#8221;, &#8220;Or\u00e7amento&#8221;, &#8220;Retorno de chamada gratuito&#8221;, &#8220;Contacte-nos&#8221;, etc.)<\/h3>\n<p>As informa\u00e7\u00f5es e os endere\u00e7os de correio eletr\u00f3nico recolhidos no \u00e2mbito desta fun\u00e7\u00e3o n\u00e3o s\u00e3o transmitidos a terceiros e s\u00e3o utilizados exclusivamente para processar os teus pedidos com a m\u00e1xima qualidade de servi\u00e7o poss\u00edvel.<\/p>\n<h3>Sistemas de mensagens<\/h3>\n<p>Os endere\u00e7os de correio eletr\u00f3nico recolhidos atrav\u00e9s do sistema de mensagens n\u00e3o ser\u00e3o transmitidos a terceiros. N\u00e3o divulgaremos a terceiros quaisquer dados pessoais que te digam respeito e que possas comunicar atrav\u00e9s do sistema de mensagens electr\u00f3nicas ligado a este S\u00edtio. Todas as informa\u00e7\u00f5es recolhidas s\u00e3o utilizadas apenas com o objetivo de te responder da forma mais eficaz poss\u00edvel. Al\u00e9m disso, este S\u00edtio n\u00e3o se destina a receber informa\u00e7\u00f5es confidenciais da tua parte. Por conseguinte, e com exce\u00e7\u00e3o dos dados pessoais acima referidos, qualquer que seja a forma das informa\u00e7\u00f5es que nos enviares por correio eletr\u00f3nico, estas n\u00e3o ser\u00e3o de modo algum consideradas confidenciais. Consequentemente, o simples facto de nos enviares estas informa\u00e7\u00f5es d\u00e1-nos o direito de as utilizar, reproduzir, distribuir, modificar ou transmitir para processar o teu pedido.     <\/p>\n<h2 class=\"has-shape\">Natureza das informa\u00e7\u00f5es contidas neste s\u00edtio e limita\u00e7\u00e3o da responsabilidade:<\/h2>\n<p>O editor do s\u00edtio e\/ou a pessoa respons\u00e1vel pela publica\u00e7\u00e3o do s\u00edtio envidam todos os esfor\u00e7os para garantir, na medida das suas possibilidades, a exatid\u00e3o e a atualiza\u00e7\u00e3o de todas as informa\u00e7\u00f5es contidas e\/ou difundidas atrav\u00e9s deste s\u00edtio, cujo conte\u00fado se reservam o direito de corrigir a qualquer momento e sem aviso pr\u00e9vio. No entanto, o editor e a pessoa respons\u00e1vel pela publica\u00e7\u00e3o deste S\u00edtio n\u00e3o podem garantir a exatid\u00e3o, a precis\u00e3o, a atualiza\u00e7\u00e3o ou a exaustividade das informa\u00e7\u00f5es disponibilizadas neste S\u00edtio. Consequentemente, e com exce\u00e7\u00e3o dos danos diretos resultantes de neglig\u00eancia grave ou de conduta dolosa por parte do editor ou da pessoa respons\u00e1vel pela publica\u00e7\u00e3o deste s\u00edtio, estes declinam qualquer responsabilidade:  <\/p>\n<ul>\n<li style=\"list-style-type: none;\">\n<ul>\n<li>Por qualquer imprecis\u00e3o, inexatid\u00e3o ou omiss\u00e3o relacionada com as informa\u00e7\u00f5es dispon\u00edveis neste S\u00edtio,<\/li>\n<li>Por qualquer dano resultante de uma intrus\u00e3o fraudulenta de um terceiro que conduza \u00e0 modifica\u00e7\u00e3o das informa\u00e7\u00f5es ou dos elementos disponibilizados neste s\u00edtio,<\/li>\n<\/ul>\n<\/li>\n<\/ul>\n<p>E, de um modo mais geral, por qualquer dano, direto ou indireto, seja qual for a causa, origem, natureza ou consequ\u00eancias, mesmo que o editor e a pessoa respons\u00e1vel pela publica\u00e7\u00e3o deste s\u00edtio tenham sido avisados da possibilidade de tal dano, causado pelo acesso de qualquer pessoa ao s\u00edtio ou pela impossibilidade de aceder ao mesmo, pela utiliza\u00e7\u00e3o do s\u00edtio, incluindo qualquer deteriora\u00e7\u00e3o ou v\u00edrus que possa infetar o seu equipamento inform\u00e1tico ou qualquer outro bem, e\/ou pelo cr\u00e9dito dado a qualquer informa\u00e7\u00e3o proveniente direta ou indiretamente deste s\u00edtio.<\/p>\n<p>O material deste S\u00edtio ou de qualquer outro S\u00edtio \u00e9 fornecido &#8220;tal como est\u00e1&#8221;, sem qualquer tipo de garantia, expressa ou impl\u00edcita. O editor e a pessoa respons\u00e1vel pela publica\u00e7\u00e3o deste S\u00edtio n\u00e3o oferecem qualquer garantia,<br \/>impl\u00edcita ou expl\u00edcita, relacionada, sem limita\u00e7\u00e3o, com o seu valor de mercado ou a sua adequa\u00e7\u00e3o a um determinado fim. <\/p>\n<h2 class=\"has-shape\">Dados estat\u00edsticos :<\/h2>\n<p>Para te podermos servir melhor, medimos o n\u00famero de p\u00e1ginas visualizadas, o n\u00famero de visitas, bem como a atividade dos visitantes no S\u00edtio e a frequ\u00eancia com que regressam. Para o efeito, utilizamos a tecnologia &#8220;cookie&#8221;. Os cookies utilizados cont\u00eam: um identificador \u00fanico, gerado aleatoriamente, e a data da tua \u00faltima visita. Podes recusar estes cookies ou apag\u00e1-los sem que isso tenha qualquer efeito na tua navega\u00e7\u00e3o no Site. Por \u00faltimo, os endere\u00e7os IP relativos \u00e0s consultas efectuadas, bem como os &#8220;cookies&#8221;, n\u00e3o s\u00e3o conservados para al\u00e9m dos prazos de conserva\u00e7\u00e3o legalmente permitidos pela legisla\u00e7\u00e3o francesa.    <\/p>\n<h2 class=\"has-shape\">Cr\u00e9ditos<\/h2>\n<p>Cr\u00e9ditos do \u00edcone : <a href=\"https:\/\/www.flaticon.com\/\" target=\"_blank\" rel=\"noopener noreferrer\"><strong>www.flaticon.com<\/strong><\/a><\/p>\n<p>Implementa\u00e7\u00e3o, conce\u00e7\u00e3o, produ\u00e7\u00e3o e manuten\u00e7\u00e3o do s\u00edtio: <a href=\"https:\/\/www.jordaneidn.fr\/\"><strong>Jordane Iadadaine<\/strong><\/a> &amp; <a href=\"https:\/\/theobaes.me\/\" target=\"_blank\" rel=\"noopener noreferrer\"><strong>Th\u00e9o Baes<\/strong><\/a><\/p>\n<\/div><\/div><\/div><\/div><\/div><\/p>\n","protected":false},"excerpt":{"rendered":"","protected":false},"author":2,"featured_media":0,"parent":0,"menu_order":0,"comment_status":"closed","ping_status":"closed","template":"100-width.php","meta":{"_acf_changed":false,"_monsterinsights_skip_tracking":false,"_monsterinsights_sitenote_active":false,"_monsterinsights_sitenote_note":"","_monsterinsights_sitenote_category":0,"footnotes":""},"categories":[],"class_list":["post-7590","page","type-page","status-publish","hentry"],"acf":[],"yoast_head":"<!-- This site is optimized with the Yoast SEO plugin v26.9 - https:\/\/yoast.com\/product\/yoast-seo-wordpress\/ -->\n<title>Informa\u00e7\u00e3o jur\u00eddica - Camping La Roseraie D&#039;Omaha<\/title>\n<meta name=\"robots\" content=\"noindex, follow\" \/>\n<meta property=\"og:locale\" content=\"pt_PT\" \/>\n<meta property=\"og:type\" content=\"article\" \/>\n<meta property=\"og:title\" content=\"Informa\u00e7\u00e3o jur\u00eddica - Camping La Roseraie D&#039;Omaha\" \/>\n<meta property=\"og:url\" content=\"https:\/\/www.camping-calvados-normandie.fr\/pt-pt\/informacao-juridica\/\" \/>\n<meta property=\"og:site_name\" content=\"Camping La Roseraie D&#039;Omaha\" \/>\n<meta property=\"article:modified_time\" content=\"2025-08-18T13:19:45+00:00\" \/>\n<meta name=\"twitter:card\" content=\"summary_large_image\" \/>\n<meta name=\"twitter:label1\" content=\"Tempo estimado de leitura\" \/>\n\t<meta name=\"twitter:data1\" content=\"21 minutos\" \/>\n<script type=\"application\/ld+json\" class=\"yoast-schema-graph\">{\"@context\":\"https:\/\/schema.org\",\"@graph\":[{\"@type\":\"WebPage\",\"@id\":\"https:\/\/www.camping-calvados-normandie.fr\/pt-pt\/informacao-juridica\/\",\"url\":\"https:\/\/www.camping-calvados-normandie.fr\/pt-pt\/informacao-juridica\/\",\"name\":\"Informa\u00e7\u00e3o jur\u00eddica - Camping La Roseraie D&#039;Omaha\",\"isPartOf\":{\"@id\":\"https:\/\/www.camping-calvados-normandie.fr\/pt-pt\/#website\"},\"datePublished\":\"2025-08-18T13:19:39+00:00\",\"dateModified\":\"2025-08-18T13:19:45+00:00\",\"breadcrumb\":{\"@id\":\"https:\/\/www.camping-calvados-normandie.fr\/pt-pt\/informacao-juridica\/#breadcrumb\"},\"inLanguage\":\"pt-PT\",\"potentialAction\":[{\"@type\":\"ReadAction\",\"target\":[\"https:\/\/www.camping-calvados-normandie.fr\/pt-pt\/informacao-juridica\/\"]}]},{\"@type\":\"BreadcrumbList\",\"@id\":\"https:\/\/www.camping-calvados-normandie.fr\/pt-pt\/informacao-juridica\/#breadcrumb\",\"itemListElement\":[{\"@type\":\"ListItem\",\"position\":1,\"name\":\"Accueil\",\"item\":\"https:\/\/www.camping-calvados-normandie.fr\/pt-pt\/\"},{\"@type\":\"ListItem\",\"position\":2,\"name\":\"Informa\u00e7\u00e3o jur\u00eddica\"}]},{\"@type\":\"WebSite\",\"@id\":\"https:\/\/www.camping-calvados-normandie.fr\/pt-pt\/#website\",\"url\":\"https:\/\/www.camping-calvados-normandie.fr\/pt-pt\/\",\"name\":\"Camping La Roseraie D&#039;Omaha\",\"description\":\"\",\"potentialAction\":[{\"@type\":\"SearchAction\",\"target\":{\"@type\":\"EntryPoint\",\"urlTemplate\":\"https:\/\/www.camping-calvados-normandie.fr\/pt-pt\/?s={search_term_string}\"},\"query-input\":{\"@type\":\"PropertyValueSpecification\",\"valueRequired\":true,\"valueName\":\"search_term_string\"}}],\"inLanguage\":\"pt-PT\"}]}<\/script>\n<!-- \/ Yoast SEO plugin. -->","yoast_head_json":{"title":"Informa\u00e7\u00e3o jur\u00eddica - Camping La Roseraie D&#039;Omaha","robots":{"index":"noindex","follow":"follow"},"og_locale":"pt_PT","og_type":"article","og_title":"Informa\u00e7\u00e3o jur\u00eddica - Camping La Roseraie D&#039;Omaha","og_url":"https:\/\/www.camping-calvados-normandie.fr\/pt-pt\/informacao-juridica\/","og_site_name":"Camping La Roseraie D&#039;Omaha","article_modified_time":"2025-08-18T13:19:45+00:00","twitter_card":"summary_large_image","twitter_misc":{"Tempo estimado de leitura":"21 minutos"},"schema":{"@context":"https:\/\/schema.org","@graph":[{"@type":"WebPage","@id":"https:\/\/www.camping-calvados-normandie.fr\/pt-pt\/informacao-juridica\/","url":"https:\/\/www.camping-calvados-normandie.fr\/pt-pt\/informacao-juridica\/","name":"Informa\u00e7\u00e3o jur\u00eddica - Camping La Roseraie D&#039;Omaha","isPartOf":{"@id":"https:\/\/www.camping-calvados-normandie.fr\/pt-pt\/#website"},"datePublished":"2025-08-18T13:19:39+00:00","dateModified":"2025-08-18T13:19:45+00:00","breadcrumb":{"@id":"https:\/\/www.camping-calvados-normandie.fr\/pt-pt\/informacao-juridica\/#breadcrumb"},"inLanguage":"pt-PT","potentialAction":[{"@type":"ReadAction","target":["https:\/\/www.camping-calvados-normandie.fr\/pt-pt\/informacao-juridica\/"]}]},{"@type":"BreadcrumbList","@id":"https:\/\/www.camping-calvados-normandie.fr\/pt-pt\/informacao-juridica\/#breadcrumb","itemListElement":[{"@type":"ListItem","position":1,"name":"Accueil","item":"https:\/\/www.camping-calvados-normandie.fr\/pt-pt\/"},{"@type":"ListItem","position":2,"name":"Informa\u00e7\u00e3o jur\u00eddica"}]},{"@type":"WebSite","@id":"https:\/\/www.camping-calvados-normandie.fr\/pt-pt\/#website","url":"https:\/\/www.camping-calvados-normandie.fr\/pt-pt\/","name":"Camping La Roseraie D&#039;Omaha","description":"","potentialAction":[{"@type":"SearchAction","target":{"@type":"EntryPoint","urlTemplate":"https:\/\/www.camping-calvados-normandie.fr\/pt-pt\/?s={search_term_string}"},"query-input":{"@type":"PropertyValueSpecification","valueRequired":true,"valueName":"search_term_string"}}],"inLanguage":"pt-PT"}]}},"_links":{"self":[{"href":"https:\/\/www.camping-calvados-normandie.fr\/pt-pt\/wp-json\/wp\/v2\/pages\/7590","targetHints":{"allow":["GET"]}}],"collection":[{"href":"https:\/\/www.camping-calvados-normandie.fr\/pt-pt\/wp-json\/wp\/v2\/pages"}],"about":[{"href":"https:\/\/www.camping-calvados-normandie.fr\/pt-pt\/wp-json\/wp\/v2\/types\/page"}],"author":[{"embeddable":true,"href":"https:\/\/www.camping-calvados-normandie.fr\/pt-pt\/wp-json\/wp\/v2\/users\/2"}],"replies":[{"embeddable":true,"href":"https:\/\/www.camping-calvados-normandie.fr\/pt-pt\/wp-json\/wp\/v2\/comments?post=7590"}],"version-history":[{"count":12,"href":"https:\/\/www.camping-calvados-normandie.fr\/pt-pt\/wp-json\/wp\/v2\/pages\/7590\/revisions"}],"predecessor-version":[{"id":7664,"href":"https:\/\/www.camping-calvados-normandie.fr\/pt-pt\/wp-json\/wp\/v2\/pages\/7590\/revisions\/7664"}],"wp:attachment":[{"href":"https:\/\/www.camping-calvados-normandie.fr\/pt-pt\/wp-json\/wp\/v2\/media?parent=7590"}],"wp:term":[{"taxonomy":"category","embeddable":true,"href":"https:\/\/www.camping-calvados-normandie.fr\/pt-pt\/wp-json\/wp\/v2\/categories?post=7590"}],"curies":[{"name":"wp","href":"https:\/\/api.w.org\/{rel}","templated":true}]}}