{"id":7589,"date":"2025-08-18T15:19:39","date_gmt":"2025-08-18T13:19:39","guid":{"rendered":"https:\/\/www.camping-calvados-normandie.fr\/r-i\/"},"modified":"2025-08-18T15:19:43","modified_gmt":"2025-08-18T13:19:43","slug":"r-i","status":"publish","type":"page","link":"https:\/\/www.camping-calvados-normandie.fr\/pt-pt\/r-i\/","title":{"rendered":"R.I."},"content":{"rendered":"<p><div class=\"fusion-fullwidth fullwidth-box fusion-builder-row-1 fusion-flex-container nonhundred-percent-fullwidth non-hundred-percent-height-scrolling\" style=\"--awb-border-radius-top-left:0px;--awb-border-radius-top-right:0px;--awb-border-radius-bottom-right:0px;--awb-border-radius-bottom-left:0px;--awb-padding-top:30px;--awb-flex-wrap:wrap;\" ><div class=\"fusion-builder-row fusion-row fusion-flex-align-items-flex-start fusion-flex-content-wrap\" style=\"max-width:calc( 1232px + 0px );margin-left: calc(-0px \/ 2 );margin-right: calc(-0px \/ 2 );\"><div class=\"fusion-layout-column fusion_builder_column fusion-builder-column-0 fusion_builder_column_1_1 1_1 fusion-flex-column\" style=\"--awb-bg-size:cover;--awb-width-large:100%;--awb-margin-top-large:0px;--awb-spacing-right-large:0px;--awb-margin-bottom-large:0px;--awb-spacing-left-large:0px;--awb-width-medium:100%;--awb-spacing-right-medium:0px;--awb-spacing-left-medium:0px;--awb-width-small:100%;--awb-spacing-right-small:0px;--awb-spacing-left-small:0px;\"><div class=\"fusion-column-wrapper fusion-column-has-shadow fusion-flex-justify-content-flex-start fusion-content-layout-column\"><div class=\"fusion-text fusion-text-1\"><h1 class=\"h1_separator\" style=\"text-transform: uppercase;\">R.I.<\/h1>\n<\/div><\/div><\/div><\/div><\/div><div class=\"fusion-fullwidth fullwidth-box fusion-builder-row-2 fusion-flex-container hundred-percent-fullwidth non-hundred-percent-height-scrolling\" style=\"--awb-border-radius-top-left:0px;--awb-border-radius-top-right:0px;--awb-border-radius-bottom-right:0px;--awb-border-radius-bottom-left:0px;--awb-padding-right:6%;--awb-padding-bottom:97px;--awb-padding-left:3%;--awb-flex-wrap:wrap;\" ><div class=\"fusion-builder-row fusion-row fusion-flex-align-items-stretch fusion-flex-content-wrap\" style=\"width:calc( 100% + 0px ) !important;max-width:calc( 100% + 0px ) !important;margin-left: calc(-0px \/ 2 );margin-right: calc(-0px \/ 2 );\"><div class=\"fusion-layout-column fusion_builder_column fusion-builder-column-1 fusion_builder_column_1_4 1_4 fusion-flex-column\" style=\"--awb-bg-size:cover;--awb-width-large:25%;--awb-margin-top-large:0px;--awb-spacing-right-large:calc( 0.04 * calc( 100% - 0 ) );--awb-margin-bottom-large:0px;--awb-spacing-left-large:0px;--awb-width-medium:25%;--awb-spacing-right-medium:calc( 0.04 * calc( 100% - 0 ) );--awb-spacing-left-medium:0px;--awb-width-small:100%;--awb-spacing-right-small:0px;--awb-spacing-left-small:0px;\"><div class=\"fusion-column-wrapper fusion-column-has-shadow fusion-flex-justify-content-flex-start fusion-content-layout-column\"><\/div><\/div><div class=\"fusion-layout-column fusion_builder_column fusion-builder-column-2 fusion_builder_column_2_3 2_3 fusion-flex-column\" style=\"--awb-padding-top:4%;--awb-bg-size:cover;--awb-width-large:66.666666666667%;--awb-margin-top-large:0px;--awb-spacing-right-large:0px;--awb-margin-bottom-large:0px;--awb-spacing-left-large:calc( 0.040000000000001 * calc( 100% - 0 ) );--awb-width-medium:66.666666666667%;--awb-spacing-right-medium:0px;--awb-spacing-left-medium:calc( 0.040000000000001 * calc( 100% - 0 ) );--awb-width-small:100%;--awb-spacing-right-small:0px;--awb-spacing-left-small:0px;\"><div class=\"fusion-column-wrapper fusion-column-has-shadow fusion-flex-justify-content-flex-start fusion-content-layout-column\"><div class=\"fusion-text fusion-text-2\"><h2>Condi\u00e7\u00f5es gerais de aluguer de um campo<\/h2>\n<p>Todas as reservas implicam a aceita\u00e7\u00e3o das regras e condi\u00e7\u00f5es abaixo indicadas.<\/p>\n<h3>Os pre\u00e7os incluem<\/h3>\n<p>Aluguer de um campo, que lhe ser\u00e1 posto \u00e0 disposi\u00e7\u00e3o a partir das 14 horas do dia da sua chegada e que dever\u00e1 ser desocupado at\u00e9 \u00e0s 12 horas do dia da sua partida. Acesso aos blocos sanit\u00e1rios, aos espa\u00e7os l\u00fadicos, ao t\u00e9nis de mesa e \u00e0 zona da piscina. M\u00e1ximo de 6 pessoas por lote. Os pre\u00e7os n\u00e3o incluem: taxa tur\u00edstica \u00e0 taxa em vigor (por dia e por pessoa com mais de 18 anos).   <\/p>\n<h3>Condi\u00e7\u00f5es de reserva<\/h3>\n<p>Pagamento de um dep\u00f3sito de 30% do custo total da estadia. O saldo da estadia e a taxa tur\u00edstica devem ser pagos o mais tardar no dia anterior \u00e0 partida. <\/p>\n<h3>Cancelamento da reserva<\/h3>\n<p>Todas as anula\u00e7\u00f5es devem ser feitas por carta registada. Para todas as anula\u00e7\u00f5es feitas pelo inquilino menos de 45 dias antes da data de chegada, o dep\u00f3sito ser\u00e1 retido pelo parque de campismo. A cau\u00e7\u00e3o continua a ser propriedade do parque de campismo ap\u00f3s o in\u00edcio da estadia. Em caso de n\u00e3o compar\u00eancia, o lote ser\u00e1 conservado durante 24 horas ap\u00f3s a data de chegada prevista. Se n\u00e3o houver not\u00edcias da tua parte, a reserva ser\u00e1 anulada e o dep\u00f3sito ser\u00e1 retido pelo parque de campismo. Em todos os casos de anula\u00e7\u00e3o, o dep\u00f3sito \u00e9 retido pelo parque de campismo. Possibilidade de subscrever um seguro de anula\u00e7\u00e3o: 3% do custo total da estadia.     <\/p>\n<h3>Animais<\/h3>\n<p>Os animais de estima\u00e7\u00e3o s\u00e3o permitidos no parque de campismo, mas devem ser mantidos com trela e vacinados. Deve ser apresentado um certificado de vacina\u00e7\u00e3o atualizado. N\u00e3o podem ser deixados no local ou fechados no alojamento na aus\u00eancia do seu dono. \u00c9-lhes estritamente proibido o acesso \u00e0s casas de banho e ao parque infantil. Os c\u00e3es de 1\u00aa e 2\u00aa categoria s\u00e3o estritamente proibidos.<\/p>\n<\/div><div class=\"fusion-text fusion-text-3\"><h2>Condi\u00e7\u00f5es gerais de aluguer de casas m\u00f3veis, chal\u00e9s e casas de campo<\/h2>\n<p>Todos os alugueres s\u00e3o nominativos e n\u00e3o podem, em caso algum, ser subarrendados. Por raz\u00f5es de seguran\u00e7a, a ocupa\u00e7\u00e3o \u00e9 limitada a um m\u00e1ximo de 2 a 9 pessoas, consoante o tipo de alojamento. Os menores n\u00e3o acompanhados n\u00e3o ser\u00e3o aceites. O inquilino deve ter um seguro de responsabilidade civil.   <\/p>\n<h3>Taxa tur\u00edstica<\/h3>\n<p>Taxa tur\u00edstica acrescida ao pre\u00e7o do aluguer de acordo com a taxa em vigor (por dia e por pessoa com mais de 18 anos).<\/p>\n<h3>Reservas<\/h3>\n<p>Funciona de s\u00e1bado a s\u00e1bado em julho e agosto. Chega a partir das 15 horas e parte antes das 10 horas. Qualquer chegada antes da data e hora acordadas implica a impossibilidade de ocupar o alojamento alugado, salvo acordo pr\u00e9vio por escrito com a dire\u00e7\u00e3o do parque de campismo.  <\/p>\n<h3>Condi\u00e7\u00f5es de pagamento<\/h3>\n<p>Os pedidos de reserva devem ser acompanhados de um dep\u00f3sito de 30% do custo total da tua estadia. O saldo da estadia e um dep\u00f3sito de 200\u20ac devem ser pagos \u00e0 chegada. A cau\u00e7\u00e3o ser-te-\u00e1 devolvida no dia da partida, ap\u00f3s verifica\u00e7\u00e3o do aluguer. Em caso de partida fora das horas de expediente, a cau\u00e7\u00e3o ser\u00e1 enviada por correio, deduzidas as dedu\u00e7\u00f5es por danos ou limpezas n\u00e3o efectuadas, e ap\u00f3s verifica\u00e7\u00e3o do invent\u00e1rio e da limpeza do alojamento, sendo a limpeza da responsabilidade do inquilino. Caso contr\u00e1rio, o inquilino dever\u00e1 pagar uma taxa de limpeza fixa de 50 euros. O invent\u00e1rio no final do per\u00edodo de aluguer deve ser id\u00eantico ao do in\u00edcio, e os artigos em falta devem ser substitu\u00eddos ou pagos pelo inquilino.<br \/>\nCancelamento: Todos os cancelamentos devem ser feitos por carta registada. Para qualquer anula\u00e7\u00e3o solicitada pelo locat\u00e1rio e efectuada menos de 45 dias antes da data de chegada, o dep\u00f3sito ser\u00e1 retido pelo parque de campismo. O montante total da estadia ser\u00e1 retido pelo parque de campismo ap\u00f3s o in\u00edcio da estadia. Em caso de n\u00e3o compar\u00eancia, o valor do aluguer ser\u00e1 retido durante 24 horas ap\u00f3s a data de chegada prevista. Se n\u00e3o houver not\u00edcias da tua parte, a reserva ser\u00e1 anulada e o dep\u00f3sito ser\u00e1 retido pelo parque de campismo. Em todos os casos de anula\u00e7\u00e3o, o dep\u00f3sito \u00e9 retido pelo parque de campismo. \u00c9 poss\u00edvel subscrever um seguro de anula\u00e7\u00e3o (antes da data da tua estadia) por 3% do custo total da tua estadia. N\u00e3o ser\u00e1 concedido qualquer desconto em caso de chegada tardia ou partida antecipada, seja qual for o motivo.            <\/p>\n<h3>Visitantes<\/h3>\n<p>Os visitantes s\u00e3o admitidos das 10h00 \u00e0s 21h00 e devem registar-se na rece\u00e7\u00e3o \u00e0 chegada e pagar a taxa aplic\u00e1vel. Est\u00e3o sob a responsabilidade dos campistas que os recebem e devem respeitar as regras. O seu ve\u00edculo deve ser estacionado no parque de estacionamento exterior.  <\/p>\n<h3>Animais<\/h3>\n<p>N\u00e3o s\u00e3o permitidos gatos nos alojamentos de aluguer. S\u00f3 \u00e9 permitido um c\u00e3o, desde que tenha sido vacinado (apresentar certificado de vacina\u00e7\u00e3o) e pese menos de 6 kg. Os c\u00e3es devem ser mantidos sempre com trela e n\u00e3o devem ser deixados sozinhos no alojamento.<\/p>\n<\/div><\/div><\/div><\/div><\/div><\/p>\n","protected":false},"excerpt":{"rendered":"","protected":false},"author":2,"featured_media":0,"parent":0,"menu_order":0,"comment_status":"closed","ping_status":"closed","template":"100-width.php","meta":{"_acf_changed":false,"_monsterinsights_skip_tracking":false,"_monsterinsights_sitenote_active":false,"_monsterinsights_sitenote_note":"","_monsterinsights_sitenote_category":0,"footnotes":""},"categories":[],"class_list":["post-7589","page","type-page","status-publish","hentry"],"acf":[],"yoast_head":"<!-- This site is optimized with the Yoast SEO plugin v26.9 - https:\/\/yoast.com\/product\/yoast-seo-wordpress\/ -->\n<title>R.I. - Camping La Roseraie D&#039;Omaha<\/title>\n<meta name=\"robots\" content=\"index, follow, max-snippet:-1, max-image-preview:large, max-video-preview:-1\" \/>\n<link rel=\"canonical\" href=\"https:\/\/www.camping-calvados-normandie.fr\/pt-pt\/r-i\/\" \/>\n<meta property=\"og:locale\" content=\"pt_PT\" \/>\n<meta property=\"og:type\" content=\"article\" \/>\n<meta property=\"og:title\" content=\"R.I. - Camping La Roseraie D&#039;Omaha\" \/>\n<meta property=\"og:url\" content=\"https:\/\/www.camping-calvados-normandie.fr\/pt-pt\/r-i\/\" \/>\n<meta property=\"og:site_name\" content=\"Camping La Roseraie D&#039;Omaha\" \/>\n<meta property=\"article:modified_time\" content=\"2025-08-18T13:19:43+00:00\" \/>\n<meta name=\"twitter:card\" content=\"summary_large_image\" \/>\n<meta name=\"twitter:label1\" content=\"Tempo estimado de leitura\" \/>\n\t<meta name=\"twitter:data1\" content=\"7 minutos\" \/>\n<script type=\"application\/ld+json\" class=\"yoast-schema-graph\">{\"@context\":\"https:\/\/schema.org\",\"@graph\":[{\"@type\":\"WebPage\",\"@id\":\"https:\/\/www.camping-calvados-normandie.fr\/pt-pt\/r-i\/\",\"url\":\"https:\/\/www.camping-calvados-normandie.fr\/pt-pt\/r-i\/\",\"name\":\"R.I. - Camping La Roseraie D&#039;Omaha\",\"isPartOf\":{\"@id\":\"https:\/\/www.camping-calvados-normandie.fr\/pt-pt\/#website\"},\"datePublished\":\"2025-08-18T13:19:39+00:00\",\"dateModified\":\"2025-08-18T13:19:43+00:00\",\"breadcrumb\":{\"@id\":\"https:\/\/www.camping-calvados-normandie.fr\/pt-pt\/r-i\/#breadcrumb\"},\"inLanguage\":\"pt-PT\",\"potentialAction\":[{\"@type\":\"ReadAction\",\"target\":[\"https:\/\/www.camping-calvados-normandie.fr\/pt-pt\/r-i\/\"]}]},{\"@type\":\"BreadcrumbList\",\"@id\":\"https:\/\/www.camping-calvados-normandie.fr\/pt-pt\/r-i\/#breadcrumb\",\"itemListElement\":[{\"@type\":\"ListItem\",\"position\":1,\"name\":\"Accueil\",\"item\":\"https:\/\/www.camping-calvados-normandie.fr\/pt-pt\/\"},{\"@type\":\"ListItem\",\"position\":2,\"name\":\"R.I.\"}]},{\"@type\":\"WebSite\",\"@id\":\"https:\/\/www.camping-calvados-normandie.fr\/pt-pt\/#website\",\"url\":\"https:\/\/www.camping-calvados-normandie.fr\/pt-pt\/\",\"name\":\"Camping La Roseraie D&#039;Omaha\",\"description\":\"\",\"potentialAction\":[{\"@type\":\"SearchAction\",\"target\":{\"@type\":\"EntryPoint\",\"urlTemplate\":\"https:\/\/www.camping-calvados-normandie.fr\/pt-pt\/?s={search_term_string}\"},\"query-input\":{\"@type\":\"PropertyValueSpecification\",\"valueRequired\":true,\"valueName\":\"search_term_string\"}}],\"inLanguage\":\"pt-PT\"}]}<\/script>\n<!-- \/ Yoast SEO plugin. -->","yoast_head_json":{"title":"R.I. - Camping La Roseraie D&#039;Omaha","robots":{"index":"index","follow":"follow","max-snippet":"max-snippet:-1","max-image-preview":"max-image-preview:large","max-video-preview":"max-video-preview:-1"},"canonical":"https:\/\/www.camping-calvados-normandie.fr\/pt-pt\/r-i\/","og_locale":"pt_PT","og_type":"article","og_title":"R.I. - Camping La Roseraie D&#039;Omaha","og_url":"https:\/\/www.camping-calvados-normandie.fr\/pt-pt\/r-i\/","og_site_name":"Camping La Roseraie D&#039;Omaha","article_modified_time":"2025-08-18T13:19:43+00:00","twitter_card":"summary_large_image","twitter_misc":{"Tempo estimado de leitura":"7 minutos"},"schema":{"@context":"https:\/\/schema.org","@graph":[{"@type":"WebPage","@id":"https:\/\/www.camping-calvados-normandie.fr\/pt-pt\/r-i\/","url":"https:\/\/www.camping-calvados-normandie.fr\/pt-pt\/r-i\/","name":"R.I. - Camping La Roseraie D&#039;Omaha","isPartOf":{"@id":"https:\/\/www.camping-calvados-normandie.fr\/pt-pt\/#website"},"datePublished":"2025-08-18T13:19:39+00:00","dateModified":"2025-08-18T13:19:43+00:00","breadcrumb":{"@id":"https:\/\/www.camping-calvados-normandie.fr\/pt-pt\/r-i\/#breadcrumb"},"inLanguage":"pt-PT","potentialAction":[{"@type":"ReadAction","target":["https:\/\/www.camping-calvados-normandie.fr\/pt-pt\/r-i\/"]}]},{"@type":"BreadcrumbList","@id":"https:\/\/www.camping-calvados-normandie.fr\/pt-pt\/r-i\/#breadcrumb","itemListElement":[{"@type":"ListItem","position":1,"name":"Accueil","item":"https:\/\/www.camping-calvados-normandie.fr\/pt-pt\/"},{"@type":"ListItem","position":2,"name":"R.I."}]},{"@type":"WebSite","@id":"https:\/\/www.camping-calvados-normandie.fr\/pt-pt\/#website","url":"https:\/\/www.camping-calvados-normandie.fr\/pt-pt\/","name":"Camping La Roseraie D&#039;Omaha","description":"","potentialAction":[{"@type":"SearchAction","target":{"@type":"EntryPoint","urlTemplate":"https:\/\/www.camping-calvados-normandie.fr\/pt-pt\/?s={search_term_string}"},"query-input":{"@type":"PropertyValueSpecification","valueRequired":true,"valueName":"search_term_string"}}],"inLanguage":"pt-PT"}]}},"_links":{"self":[{"href":"https:\/\/www.camping-calvados-normandie.fr\/pt-pt\/wp-json\/wp\/v2\/pages\/7589","targetHints":{"allow":["GET"]}}],"collection":[{"href":"https:\/\/www.camping-calvados-normandie.fr\/pt-pt\/wp-json\/wp\/v2\/pages"}],"about":[{"href":"https:\/\/www.camping-calvados-normandie.fr\/pt-pt\/wp-json\/wp\/v2\/types\/page"}],"author":[{"embeddable":true,"href":"https:\/\/www.camping-calvados-normandie.fr\/pt-pt\/wp-json\/wp\/v2\/users\/2"}],"replies":[{"embeddable":true,"href":"https:\/\/www.camping-calvados-normandie.fr\/pt-pt\/wp-json\/wp\/v2\/comments?post=7589"}],"version-history":[{"count":10,"href":"https:\/\/www.camping-calvados-normandie.fr\/pt-pt\/wp-json\/wp\/v2\/pages\/7589\/revisions"}],"predecessor-version":[{"id":7643,"href":"https:\/\/www.camping-calvados-normandie.fr\/pt-pt\/wp-json\/wp\/v2\/pages\/7589\/revisions\/7643"}],"wp:attachment":[{"href":"https:\/\/www.camping-calvados-normandie.fr\/pt-pt\/wp-json\/wp\/v2\/media?parent=7589"}],"wp:term":[{"taxonomy":"category","embeddable":true,"href":"https:\/\/www.camping-calvados-normandie.fr\/pt-pt\/wp-json\/wp\/v2\/categories?post=7589"}],"curies":[{"name":"wp","href":"https:\/\/api.w.org\/{rel}","templated":true}]}}