{"id":7415,"date":"2025-08-18T15:19:11","date_gmt":"2025-08-18T13:19:11","guid":{"rendered":"https:\/\/www.camping-calvados-normandie.fr\/acampamento-ouest-normandie\/"},"modified":"2025-08-18T15:23:48","modified_gmt":"2025-08-18T13:23:48","slug":"acampamento-ouest-normandie","status":"publish","type":"page","link":"https:\/\/www.camping-calvados-normandie.fr\/pt-pt\/acampamento-ouest-normandie\/","title":{"rendered":"Acampamento Ouest Normandie"},"content":{"rendered":"<p><div class=\"fusion-fullwidth fullwidth-box fusion-builder-row-1 fusion-flex-container has-pattern-background has-mask-background nonhundred-percent-fullwidth non-hundred-percent-height-scrolling\" style=\"--awb-border-radius-top-left:0px;--awb-border-radius-top-right:0px;--awb-border-radius-bottom-right:0px;--awb-border-radius-bottom-left:0px;--awb-margin-bottom:135px;--awb-margin-bottom-medium:75px;--awb-margin-top-small:-5px;--awb-margin-bottom-small:75px;--awb-flex-wrap:wrap;\" ><div class=\"fusion-builder-row fusion-row fusion-flex-align-items-flex-start fusion-flex-content-wrap\" style=\"max-width:calc( 1232px + 0px );margin-left: calc(-0px \/ 2 );margin-right: calc(-0px \/ 2 );\"><div class=\"fusion-layout-column fusion_builder_column fusion-builder-column-0 fusion_builder_column_1_2 1_2 fusion-flex-column\" style=\"--awb-bg-size:cover;--awb-width-large:50%;--awb-margin-top-large:0px;--awb-spacing-right-large:0px;--awb-margin-bottom-large:0px;--awb-spacing-left-large:0px;--awb-width-medium:50%;--awb-order-medium:0;--awb-spacing-right-medium:0px;--awb-spacing-left-medium:0px;--awb-width-small:100%;--awb-order-small:0;--awb-spacing-right-small:0px;--awb-spacing-left-small:28px;\" data-scroll-devices=\"small-visibility,medium-visibility,large-visibility\"><div class=\"fusion-column-wrapper fusion-column-has-shadow fusion-flex-justify-content-flex-start fusion-content-layout-column\"><div class=\"fusion-title title fusion-title-1 fusion-sep-none fusion-title-text fusion-title-size-one has-shape yellow\" style=\"--awb-margin-bottom:49px;--awb-margin-bottom-small:35px;\"><h1 class=\"fusion-title-heading title-heading-left\" style=\"margin:0;\"><p>Ouest Normandie<br \/>\nParque de campismo<\/p><\/h1><\/div><div class=\"fusion-text fusion-text-1\"><p>O parque de campismo La Roseraie d&#8217;Omaha, de 4 estrelas, perto da praia de Omaha, \u00e9 membro da associa\u00e7\u00e3o de parques de campismo Ouest Normandie Camping, na Normandia. O objetivo desta associa\u00e7\u00e3o \u00e9 ajudar os parques de campismo independentes da regi\u00e3o a trabalhar em conjunto para melhorar a qualidade dos servi\u00e7os que prestam aos seus clientes.<\/p>\n<\/div><\/div><\/div><div class=\"fusion-layout-column fusion_builder_column fusion-builder-column-1 fusion_builder_column_1_2 1_2 fusion-flex-column\" style=\"--awb-bg-size:cover;--awb-width-large:50%;--awb-margin-top-large:0px;--awb-spacing-right-large:0px;--awb-margin-bottom-large:0px;--awb-spacing-left-large:96px;--awb-width-medium:50%;--awb-order-medium:0;--awb-spacing-right-medium:0px;--awb-spacing-left-medium:96px;--awb-width-small:100%;--awb-order-small:0;--awb-spacing-right-small:0px;--awb-spacing-left-small:0px;\" data-scroll-devices=\"small-visibility,medium-visibility,large-visibility\"><div class=\"fusion-column-wrapper fusion-column-has-shadow fusion-flex-justify-content-flex-start fusion-content-layout-column\"><div class=\"fusion-image-element \" style=\"--awb-aspect-ratio: 100 \/ 59;--awb-caption-title-font-family:var(--h2_typography-font-family);--awb-caption-title-font-weight:var(--h2_typography-font-weight);--awb-caption-title-font-style:var(--h2_typography-font-style);--awb-caption-title-size:var(--h2_typography-font-size);--awb-caption-title-transform:var(--h2_typography-text-transform);--awb-caption-title-line-height:var(--h2_typography-line-height);--awb-caption-title-letter-spacing:var(--h2_typography-letter-spacing);\"><span class=\" fusion-imageframe imageframe-none imageframe-1 hover-type-none has-aspect-ratio has-shape img__full\"><img decoding=\"async\" width=\"708\" height=\"670\" title=\"DJI_20240605092311_0047_D@2x\" src=\"https:\/\/www.camping-calvados-normandie.fr\/wp-content\/uploads\/DJI_20240605092311_0047_D@2x.jpg\" data-orig-src=\"https:\/\/www.camping-calvados-normandie.fr\/wp-content\/uploads\/DJI_20240605092311_0047_D@2x.jpg\" class=\"lazyload img-responsive wp-image-3694 img-with-aspect-ratio\" data-parent-fit=\"cover\" data-parent-container=\".fusion-image-element\" alt srcset=\"data:image\/svg+xml,%3Csvg%20xmlns%3D%27http%3A%2F%2Fwww.w3.org%2F2000%2Fsvg%27%20width%3D%27708%27%20height%3D%27670%27%20viewBox%3D%270%200%20708%20670%27%3E%3Crect%20width%3D%27708%27%20height%3D%27670%27%20fill-opacity%3D%220%22%2F%3E%3C%2Fsvg%3E\" data-srcset=\"https:\/\/www.camping-calvados-normandie.fr\/wp-content\/uploads\/DJI_20240605092311_0047_D@2x-200x189.jpg 200w, https:\/\/www.camping-calvados-normandie.fr\/wp-content\/uploads\/DJI_20240605092311_0047_D@2x-400x379.jpg 400w, https:\/\/www.camping-calvados-normandie.fr\/wp-content\/uploads\/DJI_20240605092311_0047_D@2x-600x568.jpg 600w, https:\/\/www.camping-calvados-normandie.fr\/wp-content\/uploads\/DJI_20240605092311_0047_D@2x.jpg 708w\" data-sizes=\"auto\" data-orig-sizes=\"(max-width: 800px) 100vw, 600px\" \/><\/span><\/div><\/div><\/div><\/div><\/div><div class=\"fusion-fullwidth fullwidth-box fusion-builder-row-2 fusion-flex-container has-pattern-background has-mask-background nonhundred-percent-fullwidth non-hundred-percent-height-scrolling\" style=\"--awb-border-radius-top-left:0px;--awb-border-radius-top-right:0px;--awb-border-radius-bottom-right:0px;--awb-border-radius-bottom-left:0px;--awb-flex-wrap:wrap;\" ><div class=\"fusion-builder-row fusion-row fusion-flex-align-items-stretch fusion-flex-content-wrap\" style=\"max-width:calc( 1232px + 0px );margin-left: calc(-0px \/ 2 );margin-right: calc(-0px \/ 2 );\"><div class=\"fusion-layout-column fusion_builder_column fusion-builder-column-2 fusion_builder_column_1_1 1_1 fusion-flex-column\" style=\"--awb-bg-size:cover;--awb-width-large:100%;--awb-margin-top-large:0px;--awb-spacing-right-large:0px;--awb-margin-bottom-large:0px;--awb-spacing-left-large:0px;--awb-width-medium:100%;--awb-order-medium:0;--awb-spacing-right-medium:0px;--awb-spacing-left-medium:0px;--awb-width-small:100%;--awb-order-small:0;--awb-spacing-right-small:0px;--awb-spacing-left-small:0px;\" data-scroll-devices=\"small-visibility,medium-visibility,large-visibility\"><div class=\"fusion-column-wrapper fusion-column-has-shadow fusion-flex-justify-content-flex-start fusion-content-layout-column\"><div class=\"fusion-text fusion-text-2 auto-sections\"><p>Esta associa\u00e7\u00e3o est\u00e1 envolvida em muitos aspectos da vida no parque de campismo. Desde recomenda\u00e7\u00f5es sobre aspectos operacionais e a introdu\u00e7\u00e3o de cartas comportamentais at\u00e9 \u00e0 cria\u00e7\u00e3o de servi\u00e7os inovadores, nomeadamente nos dom\u00ednios web e digital. A associa\u00e7\u00e3o Ouest Normandie Camping tamb\u00e9m criou um portal de reservas para permitir aos internautas comparar facilmente os diferentes parques de campismo da Normandia e escolher o que mais lhes conv\u00e9m, nomeadamente atrav\u00e9s de um mapa interativo que apresenta todos os parques de campismo membros da associa\u00e7\u00e3o, o seu n\u00famero de estrelas, instala\u00e7\u00f5es e principais actividades tur\u00edsticas e locais pr\u00f3ximos.  <\/p>\n<p>Para mais informa\u00e7\u00f5es, visita o s\u00edtio oficial da associa\u00e7\u00e3o Ouest <strong><a href=\"https:\/\/www.normandie-camping.com\/\" target=\"_blank\" rel=\"noopener noreferrer\">Campismo da Normandia<\/a><\/strong>.<\/p>\n<h2 class=\"has-shape\">Outros parceiros do Roseraie d&#8217;Omaha<\/h2>\n<p>S\u00edtios Web de outros estabelecimentos de alojamento ao ar livre na Baixa e na Alta Normandia:<\/p>\n<p><a href=\"https:\/\/www.camping-calvados-normandie.fr\/pt-pt\/parque-de-campismo-lez-eaux\/\" target=\"_blank\" rel=\"noopener noreferrer\"><strong>Parque de campismo Castel Ch\u00e2teau de Lez-Eaux<\/strong><\/a>240 Avenue de Lez-Eaux, 50380 Saint-Aubin-des-Pr\u00e9aux<\/p>\n<p><a href=\"https:\/\/www.camping-calvados-normandie.fr\/pt-pt\/ideias-de-ferias-no-bocage-da-normandia\/\" target=\"_blank\" rel=\"noopener noreferrer\"><strong>Camping l&#8217;Escapade<\/strong><\/a>, L&#8217;\u00c9glise, 14490 Cahagnolles<\/p>\n<p><strong><a href=\"https:\/\/www.camping-calvados-normandie.fr\/pt-pt\/camping-lesperance\/\" target=\"_blank\" rel=\"noopener noreferrer\">Camping l&#8217;Esp\u00e9rance<\/a><\/strong>36 Rue de la Gamburie, 50580 Denneville<\/p>\n<p><a href=\"https:\/\/www.camping-calvados-normandie.fr\/pt-pt\/vitamina-para-campismo\/\" target=\"_blank\" rel=\"noopener noreferrer\"><strong>Parque de campismo Vitamina<\/strong><\/a>865 Chemin des Vertus, 76550 Saint-Aubin-sur-Scie<\/p>\n<p>S\u00edtios Web fora da associa\u00e7\u00e3o Ouest Normandie Camping mas parceiros do estabelecimento Roseraie d&#8217;Omaha:<\/p>\n<p><a href=\"https:\/\/www.camping-calvados-normandie.fr\/pt-pt\/arcachon-ferias\/\" target=\"_blank\" rel=\"noopener noreferrer\"><strong>Arcachon F\u00e9rias<\/strong><\/a><\/p>\n<\/div><\/div><\/div><\/div><\/div><\/p>\n","protected":false},"excerpt":{"rendered":"","protected":false},"author":2,"featured_media":0,"parent":0,"menu_order":0,"comment_status":"closed","ping_status":"closed","template":"100-width.php","meta":{"_acf_changed":false,"_monsterinsights_skip_tracking":false,"_monsterinsights_sitenote_active":false,"_monsterinsights_sitenote_note":"","_monsterinsights_sitenote_category":0,"footnotes":""},"categories":[],"class_list":["post-7415","page","type-page","status-publish","hentry"],"acf":[],"yoast_head":"<!-- This site is optimized with the Yoast SEO plugin v26.9 - https:\/\/yoast.com\/product\/yoast-seo-wordpress\/ -->\n<title>Acampamento Ouest Normandie - Camping La Roseraie D&#039;Omaha<\/title>\n<meta name=\"robots\" content=\"index, follow, max-snippet:-1, max-image-preview:large, max-video-preview:-1\" \/>\n<link rel=\"canonical\" href=\"https:\/\/www.camping-calvados-normandie.fr\/pt-pt\/acampamento-ouest-normandie\/\" \/>\n<meta property=\"og:locale\" content=\"pt_PT\" \/>\n<meta property=\"og:type\" content=\"article\" \/>\n<meta property=\"og:title\" content=\"Acampamento Ouest Normandie - Camping La Roseraie D&#039;Omaha\" \/>\n<meta property=\"og:url\" content=\"https:\/\/www.camping-calvados-normandie.fr\/pt-pt\/acampamento-ouest-normandie\/\" \/>\n<meta property=\"og:site_name\" content=\"Camping La Roseraie D&#039;Omaha\" \/>\n<meta property=\"article:modified_time\" content=\"2025-08-18T13:23:48+00:00\" \/>\n<meta name=\"twitter:card\" content=\"summary_large_image\" \/>\n<meta name=\"twitter:label1\" content=\"Tempo estimado de leitura\" \/>\n\t<meta name=\"twitter:data1\" content=\"18 minutos\" \/>\n<script type=\"application\/ld+json\" class=\"yoast-schema-graph\">{\"@context\":\"https:\/\/schema.org\",\"@graph\":[{\"@type\":\"WebPage\",\"@id\":\"https:\/\/www.camping-calvados-normandie.fr\/pt-pt\/acampamento-ouest-normandie\/\",\"url\":\"https:\/\/www.camping-calvados-normandie.fr\/pt-pt\/acampamento-ouest-normandie\/\",\"name\":\"Acampamento Ouest Normandie - Camping La Roseraie D&#039;Omaha\",\"isPartOf\":{\"@id\":\"https:\/\/www.camping-calvados-normandie.fr\/pt-pt\/#website\"},\"datePublished\":\"2025-08-18T13:19:11+00:00\",\"dateModified\":\"2025-08-18T13:23:48+00:00\",\"breadcrumb\":{\"@id\":\"https:\/\/www.camping-calvados-normandie.fr\/pt-pt\/acampamento-ouest-normandie\/#breadcrumb\"},\"inLanguage\":\"pt-PT\",\"potentialAction\":[{\"@type\":\"ReadAction\",\"target\":[\"https:\/\/www.camping-calvados-normandie.fr\/pt-pt\/acampamento-ouest-normandie\/\"]}]},{\"@type\":\"BreadcrumbList\",\"@id\":\"https:\/\/www.camping-calvados-normandie.fr\/pt-pt\/acampamento-ouest-normandie\/#breadcrumb\",\"itemListElement\":[{\"@type\":\"ListItem\",\"position\":1,\"name\":\"Accueil\",\"item\":\"https:\/\/www.camping-calvados-normandie.fr\/pt-pt\/\"},{\"@type\":\"ListItem\",\"position\":2,\"name\":\"Acampamento Ouest Normandie\"}]},{\"@type\":\"WebSite\",\"@id\":\"https:\/\/www.camping-calvados-normandie.fr\/pt-pt\/#website\",\"url\":\"https:\/\/www.camping-calvados-normandie.fr\/pt-pt\/\",\"name\":\"Camping La Roseraie D&#039;Omaha\",\"description\":\"\",\"potentialAction\":[{\"@type\":\"SearchAction\",\"target\":{\"@type\":\"EntryPoint\",\"urlTemplate\":\"https:\/\/www.camping-calvados-normandie.fr\/pt-pt\/?s={search_term_string}\"},\"query-input\":{\"@type\":\"PropertyValueSpecification\",\"valueRequired\":true,\"valueName\":\"search_term_string\"}}],\"inLanguage\":\"pt-PT\"}]}<\/script>\n<!-- \/ Yoast SEO plugin. -->","yoast_head_json":{"title":"Acampamento Ouest Normandie - Camping La Roseraie D&#039;Omaha","robots":{"index":"index","follow":"follow","max-snippet":"max-snippet:-1","max-image-preview":"max-image-preview:large","max-video-preview":"max-video-preview:-1"},"canonical":"https:\/\/www.camping-calvados-normandie.fr\/pt-pt\/acampamento-ouest-normandie\/","og_locale":"pt_PT","og_type":"article","og_title":"Acampamento Ouest Normandie - Camping La Roseraie D&#039;Omaha","og_url":"https:\/\/www.camping-calvados-normandie.fr\/pt-pt\/acampamento-ouest-normandie\/","og_site_name":"Camping La Roseraie D&#039;Omaha","article_modified_time":"2025-08-18T13:23:48+00:00","twitter_card":"summary_large_image","twitter_misc":{"Tempo estimado de leitura":"18 minutos"},"schema":{"@context":"https:\/\/schema.org","@graph":[{"@type":"WebPage","@id":"https:\/\/www.camping-calvados-normandie.fr\/pt-pt\/acampamento-ouest-normandie\/","url":"https:\/\/www.camping-calvados-normandie.fr\/pt-pt\/acampamento-ouest-normandie\/","name":"Acampamento Ouest Normandie - Camping La Roseraie D&#039;Omaha","isPartOf":{"@id":"https:\/\/www.camping-calvados-normandie.fr\/pt-pt\/#website"},"datePublished":"2025-08-18T13:19:11+00:00","dateModified":"2025-08-18T13:23:48+00:00","breadcrumb":{"@id":"https:\/\/www.camping-calvados-normandie.fr\/pt-pt\/acampamento-ouest-normandie\/#breadcrumb"},"inLanguage":"pt-PT","potentialAction":[{"@type":"ReadAction","target":["https:\/\/www.camping-calvados-normandie.fr\/pt-pt\/acampamento-ouest-normandie\/"]}]},{"@type":"BreadcrumbList","@id":"https:\/\/www.camping-calvados-normandie.fr\/pt-pt\/acampamento-ouest-normandie\/#breadcrumb","itemListElement":[{"@type":"ListItem","position":1,"name":"Accueil","item":"https:\/\/www.camping-calvados-normandie.fr\/pt-pt\/"},{"@type":"ListItem","position":2,"name":"Acampamento Ouest Normandie"}]},{"@type":"WebSite","@id":"https:\/\/www.camping-calvados-normandie.fr\/pt-pt\/#website","url":"https:\/\/www.camping-calvados-normandie.fr\/pt-pt\/","name":"Camping La Roseraie D&#039;Omaha","description":"","potentialAction":[{"@type":"SearchAction","target":{"@type":"EntryPoint","urlTemplate":"https:\/\/www.camping-calvados-normandie.fr\/pt-pt\/?s={search_term_string}"},"query-input":{"@type":"PropertyValueSpecification","valueRequired":true,"valueName":"search_term_string"}}],"inLanguage":"pt-PT"}]}},"_links":{"self":[{"href":"https:\/\/www.camping-calvados-normandie.fr\/pt-pt\/wp-json\/wp\/v2\/pages\/7415","targetHints":{"allow":["GET"]}}],"collection":[{"href":"https:\/\/www.camping-calvados-normandie.fr\/pt-pt\/wp-json\/wp\/v2\/pages"}],"about":[{"href":"https:\/\/www.camping-calvados-normandie.fr\/pt-pt\/wp-json\/wp\/v2\/types\/page"}],"author":[{"embeddable":true,"href":"https:\/\/www.camping-calvados-normandie.fr\/pt-pt\/wp-json\/wp\/v2\/users\/2"}],"replies":[{"embeddable":true,"href":"https:\/\/www.camping-calvados-normandie.fr\/pt-pt\/wp-json\/wp\/v2\/comments?post=7415"}],"version-history":[{"count":13,"href":"https:\/\/www.camping-calvados-normandie.fr\/pt-pt\/wp-json\/wp\/v2\/pages\/7415\/revisions"}],"predecessor-version":[{"id":9898,"href":"https:\/\/www.camping-calvados-normandie.fr\/pt-pt\/wp-json\/wp\/v2\/pages\/7415\/revisions\/9898"}],"wp:attachment":[{"href":"https:\/\/www.camping-calvados-normandie.fr\/pt-pt\/wp-json\/wp\/v2\/media?parent=7415"}],"wp:term":[{"taxonomy":"category","embeddable":true,"href":"https:\/\/www.camping-calvados-normandie.fr\/pt-pt\/wp-json\/wp\/v2\/categories?post=7415"}],"curies":[{"name":"wp","href":"https:\/\/api.w.org\/{rel}","templated":true}]}}