{"id":7028,"date":"2025-08-18T15:18:18","date_gmt":"2025-08-18T13:18:18","guid":{"rendered":"https:\/\/www.camping-calvados-normandie.fr\/mapa-do-sitio\/"},"modified":"2025-08-18T15:18:20","modified_gmt":"2025-08-18T13:18:20","slug":"mapa-do-sitio","status":"publish","type":"page","link":"https:\/\/www.camping-calvados-normandie.fr\/pt-pt\/mapa-do-sitio\/","title":{"rendered":"Mapa do s\u00edtio"},"content":{"rendered":"<p><div class=\"fusion-fullwidth fullwidth-box fusion-builder-row-1 fusion-flex-container has-pattern-background has-mask-background nonhundred-percent-fullwidth non-hundred-percent-height-scrolling\" style=\"--awb-border-radius-top-left:0px;--awb-border-radius-top-right:0px;--awb-border-radius-bottom-right:0px;--awb-border-radius-bottom-left:0px;--awb-margin-bottom:135px;--awb-margin-bottom-medium:75px;--awb-margin-top-small:-5px;--awb-margin-bottom-small:75px;--awb-flex-wrap:wrap;\" ><div class=\"fusion-builder-row fusion-row fusion-flex-align-items-flex-start fusion-flex-content-wrap\" style=\"max-width:calc( 1232px + 0px );margin-left: calc(-0px \/ 2 );margin-right: calc(-0px \/ 2 );\"><div class=\"fusion-layout-column fusion_builder_column fusion-builder-column-0 fusion_builder_column_1_2 1_2 fusion-flex-column\" style=\"--awb-bg-size:cover;--awb-width-large:50%;--awb-margin-top-large:0px;--awb-spacing-right-large:0px;--awb-margin-bottom-large:0px;--awb-spacing-left-large:0px;--awb-width-medium:50%;--awb-order-medium:0;--awb-spacing-right-medium:0px;--awb-spacing-left-medium:0px;--awb-width-small:100%;--awb-order-small:0;--awb-spacing-right-small:0px;--awb-spacing-left-small:28px;\" data-scroll-devices=\"small-visibility,medium-visibility,large-visibility\"><div class=\"fusion-column-wrapper fusion-column-has-shadow fusion-flex-justify-content-flex-start fusion-content-layout-column\"><div class=\"fusion-title title fusion-title-1 fusion-sep-none fusion-title-text fusion-title-size-one has-shape yellow\" style=\"--awb-margin-bottom-small:35px;\"><h1 class=\"fusion-title-heading title-heading-left\" style=\"margin:0;\">Mapa do s\u00edtio<\/h1><\/div><\/div><\/div><\/div><\/div><div class=\"fusion-fullwidth fullwidth-box fusion-builder-row-2 fusion-flex-container has-pattern-background has-mask-background nonhundred-percent-fullwidth non-hundred-percent-height-scrolling\" style=\"--awb-border-radius-top-left:0px;--awb-border-radius-top-right:0px;--awb-border-radius-bottom-right:0px;--awb-border-radius-bottom-left:0px;--awb-flex-wrap:wrap;\" ><div class=\"fusion-builder-row fusion-row fusion-flex-align-items-stretch fusion-flex-content-wrap\" style=\"max-width:calc( 1232px + 0px );margin-left: calc(-0px \/ 2 );margin-right: calc(-0px \/ 2 );\"><div class=\"fusion-layout-column fusion_builder_column fusion-builder-column-1 fusion_builder_column_1_1 1_1 fusion-flex-column\" style=\"--awb-bg-size:cover;--awb-width-large:100%;--awb-margin-top-large:0px;--awb-spacing-right-large:0px;--awb-margin-bottom-large:0px;--awb-spacing-left-large:0px;--awb-width-medium:100%;--awb-order-medium:0;--awb-spacing-right-medium:0px;--awb-spacing-left-medium:0px;--awb-width-small:100%;--awb-order-small:0;--awb-spacing-right-small:0px;--awb-spacing-left-small:0px;\" data-scroll-devices=\"small-visibility,medium-visibility,large-visibility\"><div class=\"fusion-column-wrapper fusion-column-has-shadow fusion-flex-justify-content-flex-start fusion-content-layout-column\"><div class=\"fusion-text fusion-text-1\"><p><strong><div class=\"wsp-container\"><h2 class=\"wsp-pages-title\">Pages<\/h2>\n<ul class=\"wsp-pages-list\">\n<li class=\"page_item page-item-10250 page_item_has_children\"><a href=\"https:\/\/www.camping-calvados-normandie.fr\/pt-pt\/a-regiao\/\">A regi\u00e3o<\/a>\n<ul class='children'>\n\t<li class=\"page_item page-item-9083\"><a href=\"https:\/\/www.camping-calvados-normandie.fr\/pt-pt\/a-regiao\/acampar-em-bessin\/\">Acampar em Bessin<\/a><\/li>\n\t<li class=\"page_item page-item-8978\"><a href=\"https:\/\/www.camping-calvados-normandie.fr\/pt-pt\/a-regiao\/arromanches-les-bains-um-lugar-emblematico-a-descobrir-perto-do-nosso-parque-de-campismo\/\">Arromanches-les-Bains, um lugar emblem\u00e1tico a descobrir perto do nosso parque de campismo<\/a><\/li>\n\t<li class=\"page_item page-item-9082 page_item_has_children\"><a href=\"https:\/\/www.camping-calvados-normandie.fr\/pt-pt\/a-regiao\/as-praias-de-desembarque\/\">As praias de desembarque<\/a>\n\t<ul class='children'>\n\t\t<li class=\"page_item page-item-8553\"><a href=\"https:\/\/www.camping-calvados-normandie.fr\/pt-pt\/a-regiao\/as-praias-de-desembarque\/juno-beach\/\">Juno Beach<\/a><\/li>\n\t\t<li class=\"page_item page-item-9211\"><a href=\"https:\/\/www.camping-calvados-normandie.fr\/pt-pt\/a-regiao\/as-praias-de-desembarque\/praia-da-espada\/\">Praia da Espada<\/a><\/li>\n\t\t<li class=\"page_item page-item-8660\"><a href=\"https:\/\/www.camping-calvados-normandie.fr\/pt-pt\/a-regiao\/as-praias-de-desembarque\/praia-de-omaha\/\">Praia de Omaha<\/a><\/li>\n\t\t<li class=\"page_item page-item-8610\"><a href=\"https:\/\/www.camping-calvados-normandie.fr\/pt-pt\/a-regiao\/as-praias-de-desembarque\/praia-de-ouro\/\">Praia de Ouro<\/a><\/li>\n\t\t<li class=\"page_item page-item-8602\"><a href=\"https:\/\/www.camping-calvados-normandie.fr\/pt-pt\/a-regiao\/as-praias-de-desembarque\/praia-de-utah\/\">Praia de Utah<\/a><\/li>\n\t<\/ul>\n<\/li>\n\t<li class=\"page_item page-item-5697\"><a href=\"https:\/\/www.camping-calvados-normandie.fr\/pt-pt\/a-regiao\/caen-cultura-historia-e-modo-de-vida-normando\/\">Caen: cultura, hist\u00f3ria e modo de vida normando<\/a><\/li>\n\t<li class=\"page_item page-item-5680\"><a href=\"https:\/\/www.camping-calvados-normandie.fr\/pt-pt\/a-regiao\/o-cotentin-uma-peninsula-selvagem-e-cheia-de-historia-para-explorares-a-partir-do-nosso-parque-de-campismo\/\">O Cotentin: uma pen\u00ednsula selvagem e cheia de hist\u00f3ria para explorares a partir do nosso parque de campismo<\/a><\/li>\n\t<li class=\"page_item page-item-6234\"><a href=\"https:\/\/www.camping-calvados-normandie.fr\/pt-pt\/a-regiao\/porto-em-bessin\/\">Porto em bessin<\/a><\/li>\n<\/ul>\n<\/li>\n<li class=\"page_item page-item-8087\"><a href=\"https:\/\/www.camping-calvados-normandie.fr\/pt-pt\/\">Acampamento 4* com piscina em Calvados, perto da praia de Omaha! &#8211; Parque de campismo La Roseraie d&#8217;Omaha<\/a><\/li>\n<li class=\"page_item page-item-7415\"><a href=\"https:\/\/www.camping-calvados-normandie.fr\/pt-pt\/acampamento-ouest-normandie\/\">Acampamento Ouest Normandie<\/a><\/li>\n<li class=\"page_item page-item-7490\"><a href=\"https:\/\/www.camping-calvados-normandie.fr\/pt-pt\/acesso\/\">Acesso<\/a><\/li>\n<li class=\"page_item page-item-7678 page_item_has_children\"><a href=\"https:\/\/www.camping-calvados-normandie.fr\/pt-pt\/alugueres\/\">Alugueres<\/a>\n<ul class='children'>\n\t<li class=\"page_item page-item-6911\"><a href=\"https:\/\/www.camping-calvados-normandie.fr\/pt-pt\/alugueres\/campo-para-tendas-ou-caravanas\/\">Campo para tendas ou caravanas<\/a><\/li>\n\t<li class=\"page_item page-item-9968\"><a href=\"https:\/\/www.camping-calvados-normandie.fr\/pt-pt\/alugueres\/casa-movel-moderna-4-6-p-tv\/\">Casa m\u00f3vel moderna 4\/6 p. + tv<\/a><\/li>\n\t<li class=\"page_item page-item-6541\"><a href=\"https:\/\/www.camping-calvados-normandie.fr\/pt-pt\/alugueres\/chale-de-campo-5-p-tv\/\">Chal\u00e9 de campo 5 p. + tv<\/a><\/li>\n\t<li class=\"page_item page-item-10044\"><a href=\"https:\/\/www.camping-calvados-normandie.fr\/pt-pt\/alugueres\/mobilhome-adaptada-4-6-pessoas-tv\/\">Mobilhome adaptada 4\/6 pessoas + tv<\/a><\/li>\n\t<li class=\"page_item page-item-10195\"><a href=\"https:\/\/www.camping-calvados-normandie.fr\/pt-pt\/alugueres\/mobilhome-cocoon-2-4-p-tv\/\">Mobilhome cocoon 2\/4 p. + tv<\/a><\/li>\n\t<li class=\"page_item page-item-6348\"><a href=\"https:\/\/www.camping-calvados-normandie.fr\/pt-pt\/alugueres\/mobilhome-design-4-pessoas\/\">Mobilhome design 4 pessoas.<\/a><\/li>\n\t<li class=\"page_item page-item-8881\"><a href=\"https:\/\/www.camping-calvados-normandie.fr\/pt-pt\/alugueres\/mobilhome-klassik-4-6-p-tv\/\">Mobilhome klassik 4\/6 p. + tv<\/a><\/li>\n\t<li class=\"page_item page-item-8807\"><a href=\"https:\/\/www.camping-calvados-normandie.fr\/pt-pt\/alugueres\/mobilhome-titan-10-pessoas-tv\/\">Mobilhome titan 10 pessoas + tv<\/a><\/li>\n\t<li class=\"page_item page-item-8916\"><a href=\"https:\/\/www.camping-calvados-normandie.fr\/pt-pt\/alugueres\/mobilhome-tribu-8-pessoas-tv\/\">Mobilhome tribu 8 pessoas + tv<\/a><\/li>\n\t<li class=\"page_item page-item-6910\"><a href=\"https:\/\/www.camping-calvados-normandie.fr\/pt-pt\/alugueres\/parques-de-campismo\/\">Parques de campismo<\/a><\/li>\n\t<li class=\"page_item page-item-6801\"><a href=\"https:\/\/www.camping-calvados-normandie.fr\/pt-pt\/alugueres\/tithome-adventure-4-5-pessoas-sem-instalacoes-sanitarias\/\">Tithome adventure 4\/5 pessoas. Sem instala\u00e7\u00f5es sanit\u00e1rias<\/a><\/li>\n<\/ul>\n<\/li>\n<li class=\"page_item page-item-6747\"><a href=\"https:\/\/www.camping-calvados-normandie.fr\/pt-pt\/arcachon-ferias\/\">Arcachon F\u00e9rias<\/a><\/li>\n<li class=\"page_item page-item-6673\"><a href=\"https:\/\/www.camping-calvados-normandie.fr\/pt-pt\/camping-lesperance\/\">Camping l&#8217;Esp\u00e9rance<\/a><\/li>\n<li class=\"page_item page-item-7674\"><a href=\"https:\/\/www.camping-calvados-normandie.fr\/pt-pt\/cookies\/\">Cookies<\/a><\/li>\n<li class=\"page_item page-item-9884\"><a href=\"https:\/\/www.camping-calvados-normandie.fr\/pt-pt\/ideias-de-ferias-no-bocage-da-normandia\/\">Ideias de f\u00e9rias no bocage da Normandia<\/a><\/li>\n<li class=\"page_item page-item-7590\"><a href=\"https:\/\/www.camping-calvados-normandie.fr\/pt-pt\/informacao-juridica\/\">Informa\u00e7\u00e3o jur\u00eddica<\/a><\/li>\n<li class=\"page_item page-item-7028\"><a href=\"https:\/\/www.camping-calvados-normandie.fr\/pt-pt\/mapa-do-sitio\/\">Mapa do s\u00edtio<\/a><\/li>\n<li class=\"page_item page-item-6560\"><a href=\"https:\/\/www.camping-calvados-normandie.fr\/pt-pt\/mobilhome-espaco-6-8-p-tv\/\">Mobilhome espa\u00e7o 6\/8 p. + tv<\/a><\/li>\n<li class=\"page_item page-item-8131 page_item_has_children\"><a href=\"https:\/\/www.camping-calvados-normandie.fr\/pt-pt\/o-parque-de-campismo\/\">O parque de campismo<\/a>\n<ul class='children'>\n\t<li class=\"page_item page-item-9000\"><a href=\"https:\/\/www.camping-calvados-normandie.fr\/pt-pt\/o-parque-de-campismo\/informacoes-praticas\/\">Informa\u00e7\u00f5es pr\u00e1ticas<\/a><\/li>\n<\/ul>\n<\/li>\n<li class=\"page_item page-item-7455\"><a href=\"https:\/\/www.camping-calvados-normandie.fr\/pt-pt\/parque-de-campismo-lez-eaux\/\">Parque de campismo Lez Eaux<\/a><\/li>\n<li class=\"page_item page-item-7589\"><a href=\"https:\/\/www.camping-calvados-normandie.fr\/pt-pt\/r-i\/\">R.I.<\/a><\/li>\n<li class=\"page_item page-item-8930\"><a href=\"https:\/\/www.camping-calvados-normandie.fr\/pt-pt\/servicos-e-lazer\/\">Servi\u00e7os e lazer<\/a><\/li>\n<li class=\"page_item page-item-6707\"><a href=\"https:\/\/www.camping-calvados-normandie.fr\/pt-pt\/tarifas\/\">Tarifas<\/a><\/li>\n<li class=\"page_item page-item-7673\"><a href=\"https:\/\/www.camping-calvados-normandie.fr\/pt-pt\/termos-e-condicoes-gerais\/\">TERMOS E CONDI\u00c7\u00d5ES GERAIS<\/a><\/li>\n<li class=\"page_item page-item-9885\"><a href=\"https:\/\/www.camping-calvados-normandie.fr\/pt-pt\/vitamina-para-campismo\/\">Vitamina para campismo<\/a><\/li>\n<\/ul>\n<\/div><\/strong><\/p>\n<\/div><\/div><\/div><\/div><\/div><\/p>\n","protected":false},"excerpt":{"rendered":"","protected":false},"author":2,"featured_media":0,"parent":0,"menu_order":0,"comment_status":"closed","ping_status":"closed","template":"100-width.php","meta":{"_acf_changed":false,"_monsterinsights_skip_tracking":false,"_monsterinsights_sitenote_active":false,"_monsterinsights_sitenote_note":"","_monsterinsights_sitenote_category":0,"footnotes":""},"categories":[],"class_list":["post-7028","page","type-page","status-publish","hentry"],"acf":[],"yoast_head":"<!-- This site is optimized with the Yoast SEO plugin v26.9 - https:\/\/yoast.com\/product\/yoast-seo-wordpress\/ -->\n<title>Mapa do s\u00edtio - Camping La Roseraie D&#039;Omaha<\/title>\n<meta name=\"robots\" content=\"noindex, follow\" \/>\n<meta property=\"og:locale\" content=\"pt_PT\" \/>\n<meta property=\"og:type\" content=\"article\" \/>\n<meta property=\"og:title\" content=\"Mapa do s\u00edtio - Camping La Roseraie D&#039;Omaha\" \/>\n<meta property=\"og:url\" content=\"https:\/\/www.camping-calvados-normandie.fr\/pt-pt\/mapa-do-sitio\/\" \/>\n<meta property=\"og:site_name\" content=\"Camping La Roseraie D&#039;Omaha\" \/>\n<meta property=\"article:modified_time\" content=\"2025-08-18T13:18:20+00:00\" \/>\n<meta name=\"twitter:card\" content=\"summary_large_image\" \/>\n<meta name=\"twitter:label1\" content=\"Tempo estimado de leitura\" \/>\n\t<meta name=\"twitter:data1\" content=\"12 minutos\" \/>\n<script type=\"application\/ld+json\" class=\"yoast-schema-graph\">{\"@context\":\"https:\/\/schema.org\",\"@graph\":[{\"@type\":\"WebPage\",\"@id\":\"https:\/\/www.camping-calvados-normandie.fr\/pt-pt\/mapa-do-sitio\/\",\"url\":\"https:\/\/www.camping-calvados-normandie.fr\/pt-pt\/mapa-do-sitio\/\",\"name\":\"Mapa do s\u00edtio - Camping La Roseraie D&#039;Omaha\",\"isPartOf\":{\"@id\":\"https:\/\/www.camping-calvados-normandie.fr\/pt-pt\/#website\"},\"datePublished\":\"2025-08-18T13:18:18+00:00\",\"dateModified\":\"2025-08-18T13:18:20+00:00\",\"breadcrumb\":{\"@id\":\"https:\/\/www.camping-calvados-normandie.fr\/pt-pt\/mapa-do-sitio\/#breadcrumb\"},\"inLanguage\":\"pt-PT\",\"potentialAction\":[{\"@type\":\"ReadAction\",\"target\":[\"https:\/\/www.camping-calvados-normandie.fr\/pt-pt\/mapa-do-sitio\/\"]}]},{\"@type\":\"BreadcrumbList\",\"@id\":\"https:\/\/www.camping-calvados-normandie.fr\/pt-pt\/mapa-do-sitio\/#breadcrumb\",\"itemListElement\":[{\"@type\":\"ListItem\",\"position\":1,\"name\":\"Accueil\",\"item\":\"https:\/\/www.camping-calvados-normandie.fr\/pt-pt\/\"},{\"@type\":\"ListItem\",\"position\":2,\"name\":\"Mapa do s\u00edtio\"}]},{\"@type\":\"WebSite\",\"@id\":\"https:\/\/www.camping-calvados-normandie.fr\/pt-pt\/#website\",\"url\":\"https:\/\/www.camping-calvados-normandie.fr\/pt-pt\/\",\"name\":\"Camping La Roseraie D&#039;Omaha\",\"description\":\"\",\"potentialAction\":[{\"@type\":\"SearchAction\",\"target\":{\"@type\":\"EntryPoint\",\"urlTemplate\":\"https:\/\/www.camping-calvados-normandie.fr\/pt-pt\/?s={search_term_string}\"},\"query-input\":{\"@type\":\"PropertyValueSpecification\",\"valueRequired\":true,\"valueName\":\"search_term_string\"}}],\"inLanguage\":\"pt-PT\"}]}<\/script>\n<!-- \/ Yoast SEO plugin. -->","yoast_head_json":{"title":"Mapa do s\u00edtio - Camping La Roseraie D&#039;Omaha","robots":{"index":"noindex","follow":"follow"},"og_locale":"pt_PT","og_type":"article","og_title":"Mapa do s\u00edtio - Camping La Roseraie D&#039;Omaha","og_url":"https:\/\/www.camping-calvados-normandie.fr\/pt-pt\/mapa-do-sitio\/","og_site_name":"Camping La Roseraie D&#039;Omaha","article_modified_time":"2025-08-18T13:18:20+00:00","twitter_card":"summary_large_image","twitter_misc":{"Tempo estimado de leitura":"12 minutos"},"schema":{"@context":"https:\/\/schema.org","@graph":[{"@type":"WebPage","@id":"https:\/\/www.camping-calvados-normandie.fr\/pt-pt\/mapa-do-sitio\/","url":"https:\/\/www.camping-calvados-normandie.fr\/pt-pt\/mapa-do-sitio\/","name":"Mapa do s\u00edtio - Camping La Roseraie D&#039;Omaha","isPartOf":{"@id":"https:\/\/www.camping-calvados-normandie.fr\/pt-pt\/#website"},"datePublished":"2025-08-18T13:18:18+00:00","dateModified":"2025-08-18T13:18:20+00:00","breadcrumb":{"@id":"https:\/\/www.camping-calvados-normandie.fr\/pt-pt\/mapa-do-sitio\/#breadcrumb"},"inLanguage":"pt-PT","potentialAction":[{"@type":"ReadAction","target":["https:\/\/www.camping-calvados-normandie.fr\/pt-pt\/mapa-do-sitio\/"]}]},{"@type":"BreadcrumbList","@id":"https:\/\/www.camping-calvados-normandie.fr\/pt-pt\/mapa-do-sitio\/#breadcrumb","itemListElement":[{"@type":"ListItem","position":1,"name":"Accueil","item":"https:\/\/www.camping-calvados-normandie.fr\/pt-pt\/"},{"@type":"ListItem","position":2,"name":"Mapa do s\u00edtio"}]},{"@type":"WebSite","@id":"https:\/\/www.camping-calvados-normandie.fr\/pt-pt\/#website","url":"https:\/\/www.camping-calvados-normandie.fr\/pt-pt\/","name":"Camping La Roseraie D&#039;Omaha","description":"","potentialAction":[{"@type":"SearchAction","target":{"@type":"EntryPoint","urlTemplate":"https:\/\/www.camping-calvados-normandie.fr\/pt-pt\/?s={search_term_string}"},"query-input":{"@type":"PropertyValueSpecification","valueRequired":true,"valueName":"search_term_string"}}],"inLanguage":"pt-PT"}]}},"_links":{"self":[{"href":"https:\/\/www.camping-calvados-normandie.fr\/pt-pt\/wp-json\/wp\/v2\/pages\/7028","targetHints":{"allow":["GET"]}}],"collection":[{"href":"https:\/\/www.camping-calvados-normandie.fr\/pt-pt\/wp-json\/wp\/v2\/pages"}],"about":[{"href":"https:\/\/www.camping-calvados-normandie.fr\/pt-pt\/wp-json\/wp\/v2\/types\/page"}],"author":[{"embeddable":true,"href":"https:\/\/www.camping-calvados-normandie.fr\/pt-pt\/wp-json\/wp\/v2\/users\/2"}],"replies":[{"embeddable":true,"href":"https:\/\/www.camping-calvados-normandie.fr\/pt-pt\/wp-json\/wp\/v2\/comments?post=7028"}],"version-history":[{"count":1,"href":"https:\/\/www.camping-calvados-normandie.fr\/pt-pt\/wp-json\/wp\/v2\/pages\/7028\/revisions"}],"predecessor-version":[{"id":7042,"href":"https:\/\/www.camping-calvados-normandie.fr\/pt-pt\/wp-json\/wp\/v2\/pages\/7028\/revisions\/7042"}],"wp:attachment":[{"href":"https:\/\/www.camping-calvados-normandie.fr\/pt-pt\/wp-json\/wp\/v2\/media?parent=7028"}],"wp:term":[{"taxonomy":"category","embeddable":true,"href":"https:\/\/www.camping-calvados-normandie.fr\/pt-pt\/wp-json\/wp\/v2\/categories?post=7028"}],"curies":[{"name":"wp","href":"https:\/\/api.w.org\/{rel}","templated":true}]}}