{"id":6747,"date":"2025-08-18T15:17:59","date_gmt":"2025-08-18T13:17:59","guid":{"rendered":"https:\/\/www.camping-calvados-normandie.fr\/arcachon-ferias\/"},"modified":"2025-08-18T15:18:06","modified_gmt":"2025-08-18T13:18:06","slug":"arcachon-ferias","status":"publish","type":"page","link":"https:\/\/www.camping-calvados-normandie.fr\/pt-pt\/arcachon-ferias\/","title":{"rendered":"Arcachon F\u00e9rias"},"content":{"rendered":"<p><div class=\"fusion-fullwidth fullwidth-box fusion-builder-row-1 fusion-flex-container has-pattern-background has-mask-background nonhundred-percent-fullwidth non-hundred-percent-height-scrolling\" style=\"--awb-border-radius-top-left:0px;--awb-border-radius-top-right:0px;--awb-border-radius-bottom-right:0px;--awb-border-radius-bottom-left:0px;--awb-margin-bottom:135px;--awb-margin-bottom-medium:75px;--awb-margin-top-small:-5px;--awb-margin-bottom-small:75px;--awb-flex-wrap:wrap;\" ><div class=\"fusion-builder-row fusion-row fusion-flex-align-items-flex-start fusion-flex-content-wrap\" style=\"max-width:calc( 1232px + 0px );margin-left: calc(-0px \/ 2 );margin-right: calc(-0px \/ 2 );\"><div class=\"fusion-layout-column fusion_builder_column fusion-builder-column-0 fusion_builder_column_1_2 1_2 fusion-flex-column\" style=\"--awb-bg-size:cover;--awb-width-large:50%;--awb-margin-top-large:0px;--awb-spacing-right-large:0px;--awb-margin-bottom-large:0px;--awb-spacing-left-large:0px;--awb-width-medium:50%;--awb-order-medium:0;--awb-spacing-right-medium:0px;--awb-spacing-left-medium:0px;--awb-width-small:100%;--awb-order-small:0;--awb-spacing-right-small:0px;--awb-spacing-left-small:28px;\" data-scroll-devices=\"small-visibility,medium-visibility,large-visibility\"><div class=\"fusion-column-wrapper fusion-column-has-shadow fusion-flex-justify-content-flex-start fusion-content-layout-column\"><div class=\"fusion-title title fusion-title-1 fusion-sep-none fusion-title-text fusion-title-size-one has-shape yellow\" style=\"--awb-margin-bottom:49px;--awb-margin-bottom-small:35px;\"><h1 class=\"fusion-title-heading title-heading-left\" style=\"margin:0;\">Hotel Spa na bacia de Arcachon<\/h1><\/div><div class=\"fusion-text fusion-text-1 fusion-text-no-margin\"><p>Quem nunca sonhou em ser mimado nas f\u00e9rias por uma equipa de especialistas em bem-estar?<\/p>\n<\/div><\/div><\/div><div class=\"fusion-layout-column fusion_builder_column fusion-builder-column-1 fusion_builder_column_1_2 1_2 fusion-flex-column\" style=\"--awb-bg-size:cover;--awb-width-large:50%;--awb-margin-top-large:0px;--awb-spacing-right-large:0px;--awb-margin-bottom-large:0px;--awb-spacing-left-large:96px;--awb-width-medium:50%;--awb-order-medium:0;--awb-spacing-right-medium:0px;--awb-spacing-left-medium:96px;--awb-width-small:100%;--awb-order-small:0;--awb-spacing-right-small:0px;--awb-spacing-left-small:0px;\" data-scroll-devices=\"small-visibility,medium-visibility,large-visibility\"><div class=\"fusion-column-wrapper fusion-column-has-shadow fusion-flex-justify-content-flex-start fusion-content-layout-column\"><div class=\"fusion-image-element \" style=\"--awb-aspect-ratio: 100 \/ 59;--awb-caption-title-font-family:var(--h2_typography-font-family);--awb-caption-title-font-weight:var(--h2_typography-font-weight);--awb-caption-title-font-style:var(--h2_typography-font-style);--awb-caption-title-size:var(--h2_typography-font-size);--awb-caption-title-transform:var(--h2_typography-text-transform);--awb-caption-title-line-height:var(--h2_typography-line-height);--awb-caption-title-letter-spacing:var(--h2_typography-letter-spacing);\"><span class=\" fusion-imageframe imageframe-none imageframe-1 hover-type-none has-aspect-ratio has-shape img__full\"><img decoding=\"async\" width=\"708\" height=\"670\" title=\"DJI_20240605092311_0047_D@2x\" src=\"https:\/\/www.camping-calvados-normandie.fr\/wp-content\/uploads\/DJI_20240605092311_0047_D@2x.jpg\" data-orig-src=\"https:\/\/www.camping-calvados-normandie.fr\/wp-content\/uploads\/DJI_20240605092311_0047_D@2x.jpg\" class=\"lazyload img-responsive wp-image-3694 img-with-aspect-ratio\" data-parent-fit=\"cover\" data-parent-container=\".fusion-image-element\" alt srcset=\"data:image\/svg+xml,%3Csvg%20xmlns%3D%27http%3A%2F%2Fwww.w3.org%2F2000%2Fsvg%27%20width%3D%27708%27%20height%3D%27670%27%20viewBox%3D%270%200%20708%20670%27%3E%3Crect%20width%3D%27708%27%20height%3D%27670%27%20fill-opacity%3D%220%22%2F%3E%3C%2Fsvg%3E\" data-srcset=\"https:\/\/www.camping-calvados-normandie.fr\/wp-content\/uploads\/DJI_20240605092311_0047_D@2x-200x189.jpg 200w, https:\/\/www.camping-calvados-normandie.fr\/wp-content\/uploads\/DJI_20240605092311_0047_D@2x-400x379.jpg 400w, https:\/\/www.camping-calvados-normandie.fr\/wp-content\/uploads\/DJI_20240605092311_0047_D@2x-600x568.jpg 600w, https:\/\/www.camping-calvados-normandie.fr\/wp-content\/uploads\/DJI_20240605092311_0047_D@2x.jpg 708w\" data-sizes=\"auto\" data-orig-sizes=\"(max-width: 800px) 100vw, 600px\" \/><\/span><\/div><\/div><\/div><\/div><\/div><div class=\"fusion-fullwidth fullwidth-box fusion-builder-row-2 fusion-flex-container has-pattern-background has-mask-background nonhundred-percent-fullwidth non-hundred-percent-height-scrolling\" style=\"--awb-border-radius-top-left:0px;--awb-border-radius-top-right:0px;--awb-border-radius-bottom-right:0px;--awb-border-radius-bottom-left:0px;--awb-flex-wrap:wrap;\" ><div class=\"fusion-builder-row fusion-row fusion-flex-align-items-stretch fusion-flex-content-wrap\" style=\"max-width:calc( 1232px + 0px );margin-left: calc(-0px \/ 2 );margin-right: calc(-0px \/ 2 );\"><div class=\"fusion-layout-column fusion_builder_column fusion-builder-column-2 fusion_builder_column_1_1 1_1 fusion-flex-column\" style=\"--awb-bg-size:cover;--awb-width-large:100%;--awb-margin-top-large:0px;--awb-spacing-right-large:0px;--awb-margin-bottom-large:0px;--awb-spacing-left-large:0px;--awb-width-medium:100%;--awb-order-medium:0;--awb-spacing-right-medium:0px;--awb-spacing-left-medium:0px;--awb-width-small:100%;--awb-order-small:0;--awb-spacing-right-small:0px;--awb-spacing-left-small:0px;\" data-scroll-devices=\"small-visibility,medium-visibility,large-visibility\"><div class=\"fusion-column-wrapper fusion-column-has-shadow fusion-flex-justify-content-flex-start fusion-content-layout-column\"><div class=\"fusion-text fusion-text-2\"><p>N\u00e3o h\u00e1 nada melhor do que o hotel Spa, uma mistura inteligente que combina as vantagens de ambas as f\u00f3rmulas. Para que possas desfrutar da tua estadia num <strong><a href=\"https:\/\/www.hotel-arcachon-camping.fr\/\" target=\"_blank\" rel=\"noopener noreferrer\">hotel em Arcachon<\/a><\/strong> com quartos espa\u00e7osos e todas as comodidades de um hotel de luxo, enquanto desfruta de tratamentos corporais e actividades de bem-estar para estimular o teu corpo. <\/p>\n<p>Existem v\u00e1rios pacotes dispon\u00edveis e est\u00e3o claramente detalhados no s\u00edtio Web de cada hotel que oferece esta solu\u00e7\u00e3o alternativa de f\u00e9rias. Alguns pacotes t\u00eam mesmo tudo inclu\u00eddo, o que significa que, uma vez definido o teu or\u00e7amento, tudo estar\u00e1 inclu\u00eddo, pelo que n\u00e3o ter\u00e1s de pensar em nada quando l\u00e1 chegares!<\/p>\n<\/div><div class=\"fusion-text fusion-text-3\"><p>A bacia de Arcachon oferece-te uma vasta escolha de actividades e de pontos de interesse. Quando estiveres no teu hotel, convidamos-te a pedir na rece\u00e7\u00e3o todas as dicas necess\u00e1rias para aproveitares ao m\u00e1ximo o encanto da cidade. <\/p>\n<p>Para uma estadia curta ou longa, a famosa Dune du Pilat ser\u00e1 sempre um ponto de passagem obrigat\u00f3rio: mundialmente conhecida, protegida e atualmente a maior duna da Europa. Oferece algumas das melhores vistas da paisagem circundante, bem como uma experi\u00eancia de caminhada, uma vez que a subida \u00e9 um pouco f\u00edsica: uma boa oportunidade para regressar ao hotel e desfrutar do Spa!<\/p>\n<\/div><div class=\"fusion-text fusion-text-4\"><p style=\"text-align: left;\">A bacia de Arcachon \u00e9 tamb\u00e9m conhecida pela sua gastronomia do sudoeste, bem como pelos seus restaurantes acolhedores e pelo ambiente t\u00edpico dos bairros antigos, que s\u00e3o \u00f3ptimos locais para passear.<\/p>\n<p style=\"text-align: left;\">Por fim, se gostas de relaxar, h\u00e1 muitas praias espalhadas ao longo da costa. O Oceano Atl\u00e2ntico e as suas \u00e1guas regeneradoras est\u00e3o \u00e0 tua espera! <\/p>\n<p style=\"text-align: left;\">Gra\u00e7as a Arcachon Vacances, compara hot\u00e9is no site do portal e depois reserva diretamente no site oficial do estabelecimento ou atrav\u00e9s da plataforma Booking (as liga\u00e7\u00f5es s\u00e3o fornecidas a partir do site). Desta forma, beneficia das garantias da Booking e das tarifas de aluguer diretas. <\/p>\n<\/div><\/div><\/div><\/div><\/div><\/p>\n","protected":false},"excerpt":{"rendered":"","protected":false},"author":2,"featured_media":0,"parent":0,"menu_order":0,"comment_status":"closed","ping_status":"closed","template":"100-width.php","meta":{"_acf_changed":false,"_monsterinsights_skip_tracking":false,"_monsterinsights_sitenote_active":false,"_monsterinsights_sitenote_note":"","_monsterinsights_sitenote_category":0,"footnotes":""},"categories":[],"class_list":["post-6747","page","type-page","status-publish","hentry"],"acf":[],"yoast_head":"<!-- This site is optimized with the Yoast SEO plugin v26.9 - https:\/\/yoast.com\/product\/yoast-seo-wordpress\/ -->\n<title>Arcachon F\u00e9rias - Camping La Roseraie D&#039;Omaha<\/title>\n<meta name=\"robots\" content=\"index, follow, max-snippet:-1, max-image-preview:large, max-video-preview:-1\" \/>\n<link rel=\"canonical\" href=\"https:\/\/www.camping-calvados-normandie.fr\/pt-pt\/arcachon-ferias\/\" \/>\n<meta property=\"og:locale\" content=\"pt_PT\" \/>\n<meta property=\"og:type\" content=\"article\" \/>\n<meta property=\"og:title\" content=\"Arcachon F\u00e9rias - Camping La Roseraie D&#039;Omaha\" \/>\n<meta property=\"og:url\" content=\"https:\/\/www.camping-calvados-normandie.fr\/pt-pt\/arcachon-ferias\/\" \/>\n<meta property=\"og:site_name\" content=\"Camping La Roseraie D&#039;Omaha\" \/>\n<meta property=\"article:modified_time\" content=\"2025-08-18T13:18:06+00:00\" \/>\n<meta name=\"twitter:card\" content=\"summary_large_image\" \/>\n<meta name=\"twitter:label1\" content=\"Tempo estimado de leitura\" \/>\n\t<meta name=\"twitter:data1\" content=\"19 minutos\" \/>\n<script type=\"application\/ld+json\" class=\"yoast-schema-graph\">{\"@context\":\"https:\/\/schema.org\",\"@graph\":[{\"@type\":\"WebPage\",\"@id\":\"https:\/\/www.camping-calvados-normandie.fr\/pt-pt\/arcachon-ferias\/\",\"url\":\"https:\/\/www.camping-calvados-normandie.fr\/pt-pt\/arcachon-ferias\/\",\"name\":\"Arcachon F\u00e9rias - Camping La Roseraie D&#039;Omaha\",\"isPartOf\":{\"@id\":\"https:\/\/www.camping-calvados-normandie.fr\/pt-pt\/#website\"},\"datePublished\":\"2025-08-18T13:17:59+00:00\",\"dateModified\":\"2025-08-18T13:18:06+00:00\",\"breadcrumb\":{\"@id\":\"https:\/\/www.camping-calvados-normandie.fr\/pt-pt\/arcachon-ferias\/#breadcrumb\"},\"inLanguage\":\"pt-PT\",\"potentialAction\":[{\"@type\":\"ReadAction\",\"target\":[\"https:\/\/www.camping-calvados-normandie.fr\/pt-pt\/arcachon-ferias\/\"]}]},{\"@type\":\"BreadcrumbList\",\"@id\":\"https:\/\/www.camping-calvados-normandie.fr\/pt-pt\/arcachon-ferias\/#breadcrumb\",\"itemListElement\":[{\"@type\":\"ListItem\",\"position\":1,\"name\":\"Accueil\",\"item\":\"https:\/\/www.camping-calvados-normandie.fr\/pt-pt\/\"},{\"@type\":\"ListItem\",\"position\":2,\"name\":\"Arcachon F\u00e9rias\"}]},{\"@type\":\"WebSite\",\"@id\":\"https:\/\/www.camping-calvados-normandie.fr\/pt-pt\/#website\",\"url\":\"https:\/\/www.camping-calvados-normandie.fr\/pt-pt\/\",\"name\":\"Camping La Roseraie D&#039;Omaha\",\"description\":\"\",\"potentialAction\":[{\"@type\":\"SearchAction\",\"target\":{\"@type\":\"EntryPoint\",\"urlTemplate\":\"https:\/\/www.camping-calvados-normandie.fr\/pt-pt\/?s={search_term_string}\"},\"query-input\":{\"@type\":\"PropertyValueSpecification\",\"valueRequired\":true,\"valueName\":\"search_term_string\"}}],\"inLanguage\":\"pt-PT\"}]}<\/script>\n<!-- \/ Yoast SEO plugin. -->","yoast_head_json":{"title":"Arcachon F\u00e9rias - Camping La Roseraie D&#039;Omaha","robots":{"index":"index","follow":"follow","max-snippet":"max-snippet:-1","max-image-preview":"max-image-preview:large","max-video-preview":"max-video-preview:-1"},"canonical":"https:\/\/www.camping-calvados-normandie.fr\/pt-pt\/arcachon-ferias\/","og_locale":"pt_PT","og_type":"article","og_title":"Arcachon F\u00e9rias - Camping La Roseraie D&#039;Omaha","og_url":"https:\/\/www.camping-calvados-normandie.fr\/pt-pt\/arcachon-ferias\/","og_site_name":"Camping La Roseraie D&#039;Omaha","article_modified_time":"2025-08-18T13:18:06+00:00","twitter_card":"summary_large_image","twitter_misc":{"Tempo estimado de leitura":"19 minutos"},"schema":{"@context":"https:\/\/schema.org","@graph":[{"@type":"WebPage","@id":"https:\/\/www.camping-calvados-normandie.fr\/pt-pt\/arcachon-ferias\/","url":"https:\/\/www.camping-calvados-normandie.fr\/pt-pt\/arcachon-ferias\/","name":"Arcachon F\u00e9rias - Camping La Roseraie D&#039;Omaha","isPartOf":{"@id":"https:\/\/www.camping-calvados-normandie.fr\/pt-pt\/#website"},"datePublished":"2025-08-18T13:17:59+00:00","dateModified":"2025-08-18T13:18:06+00:00","breadcrumb":{"@id":"https:\/\/www.camping-calvados-normandie.fr\/pt-pt\/arcachon-ferias\/#breadcrumb"},"inLanguage":"pt-PT","potentialAction":[{"@type":"ReadAction","target":["https:\/\/www.camping-calvados-normandie.fr\/pt-pt\/arcachon-ferias\/"]}]},{"@type":"BreadcrumbList","@id":"https:\/\/www.camping-calvados-normandie.fr\/pt-pt\/arcachon-ferias\/#breadcrumb","itemListElement":[{"@type":"ListItem","position":1,"name":"Accueil","item":"https:\/\/www.camping-calvados-normandie.fr\/pt-pt\/"},{"@type":"ListItem","position":2,"name":"Arcachon F\u00e9rias"}]},{"@type":"WebSite","@id":"https:\/\/www.camping-calvados-normandie.fr\/pt-pt\/#website","url":"https:\/\/www.camping-calvados-normandie.fr\/pt-pt\/","name":"Camping La Roseraie D&#039;Omaha","description":"","potentialAction":[{"@type":"SearchAction","target":{"@type":"EntryPoint","urlTemplate":"https:\/\/www.camping-calvados-normandie.fr\/pt-pt\/?s={search_term_string}"},"query-input":{"@type":"PropertyValueSpecification","valueRequired":true,"valueName":"search_term_string"}}],"inLanguage":"pt-PT"}]}},"_links":{"self":[{"href":"https:\/\/www.camping-calvados-normandie.fr\/pt-pt\/wp-json\/wp\/v2\/pages\/6747","targetHints":{"allow":["GET"]}}],"collection":[{"href":"https:\/\/www.camping-calvados-normandie.fr\/pt-pt\/wp-json\/wp\/v2\/pages"}],"about":[{"href":"https:\/\/www.camping-calvados-normandie.fr\/pt-pt\/wp-json\/wp\/v2\/types\/page"}],"author":[{"embeddable":true,"href":"https:\/\/www.camping-calvados-normandie.fr\/pt-pt\/wp-json\/wp\/v2\/users\/2"}],"replies":[{"embeddable":true,"href":"https:\/\/www.camping-calvados-normandie.fr\/pt-pt\/wp-json\/wp\/v2\/comments?post=6747"}],"version-history":[{"count":1,"href":"https:\/\/www.camping-calvados-normandie.fr\/pt-pt\/wp-json\/wp\/v2\/pages\/6747\/revisions"}],"predecessor-version":[{"id":6774,"href":"https:\/\/www.camping-calvados-normandie.fr\/pt-pt\/wp-json\/wp\/v2\/pages\/6747\/revisions\/6774"}],"wp:attachment":[{"href":"https:\/\/www.camping-calvados-normandie.fr\/pt-pt\/wp-json\/wp\/v2\/media?parent=6747"}],"wp:term":[{"taxonomy":"category","embeddable":true,"href":"https:\/\/www.camping-calvados-normandie.fr\/pt-pt\/wp-json\/wp\/v2\/categories?post=6747"}],"curies":[{"name":"wp","href":"https:\/\/api.w.org\/{rel}","templated":true}]}}