{"id":7746,"date":"2025-08-18T15:19:50","date_gmt":"2025-08-18T13:19:50","guid":{"rendered":"https:\/\/www.camping-calvados-normandie.fr\/biscotti\/"},"modified":"2025-08-18T15:19:54","modified_gmt":"2025-08-18T13:19:54","slug":"biscotti","status":"publish","type":"page","link":"https:\/\/www.camping-calvados-normandie.fr\/it\/biscotti\/","title":{"rendered":"Biscotti"},"content":{"rendered":"<p><div class=\"fusion-fullwidth fullwidth-box fusion-builder-row-1 fusion-flex-container has-pattern-background has-mask-background nonhundred-percent-fullwidth non-hundred-percent-height-scrolling\" style=\"--awb-border-radius-top-left:0px;--awb-border-radius-top-right:0px;--awb-border-radius-bottom-right:0px;--awb-border-radius-bottom-left:0px;--awb-margin-bottom:135px;--awb-margin-bottom-medium:75px;--awb-margin-top-small:-5px;--awb-margin-bottom-small:75px;--awb-flex-wrap:wrap;\" ><div class=\"fusion-builder-row fusion-row fusion-flex-align-items-flex-start fusion-flex-content-wrap\" style=\"max-width:calc( 1232px + 0px );margin-left: calc(-0px \/ 2 );margin-right: calc(-0px \/ 2 );\"><div class=\"fusion-layout-column fusion_builder_column fusion-builder-column-0 fusion_builder_column_1_2 1_2 fusion-flex-column\" style=\"--awb-bg-size:cover;--awb-width-large:50%;--awb-margin-top-large:0px;--awb-spacing-right-large:0px;--awb-margin-bottom-large:0px;--awb-spacing-left-large:0px;--awb-width-medium:50%;--awb-order-medium:0;--awb-spacing-right-medium:0px;--awb-spacing-left-medium:0px;--awb-width-small:100%;--awb-order-small:0;--awb-spacing-right-small:0px;--awb-spacing-left-small:28px;\" data-scroll-devices=\"small-visibility,medium-visibility,large-visibility\"><div class=\"fusion-column-wrapper fusion-column-has-shadow fusion-flex-justify-content-flex-start fusion-content-layout-column\"><div class=\"fusion-title title fusion-title-1 fusion-sep-none fusion-title-text fusion-title-size-one has-shape yellow\" style=\"--awb-margin-bottom-small:35px;\"><h1 class=\"fusion-title-heading title-heading-left\" style=\"margin:0;\">Biscotti<\/h1><\/div><\/div><\/div><div class=\"fusion-layout-column fusion_builder_column fusion-builder-column-1 fusion_builder_column_1_2 1_2 fusion-flex-column\" style=\"--awb-bg-size:cover;--awb-width-large:50%;--awb-margin-top-large:0px;--awb-spacing-right-large:0px;--awb-margin-bottom-large:0px;--awb-spacing-left-large:0px;--awb-width-medium:50%;--awb-order-medium:0;--awb-spacing-right-medium:0px;--awb-spacing-left-medium:0px;--awb-width-small:100%;--awb-order-small:0;--awb-spacing-right-small:0px;--awb-spacing-left-small:0px;\"><div class=\"fusion-column-wrapper fusion-column-has-shadow fusion-flex-justify-content-flex-start fusion-content-layout-column\"><\/div><\/div><\/div><\/div><div class=\"fusion-fullwidth fullwidth-box fusion-builder-row-2 fusion-flex-container has-pattern-background has-mask-background nonhundred-percent-fullwidth non-hundred-percent-height-scrolling\" style=\"--awb-border-radius-top-left:0px;--awb-border-radius-top-right:0px;--awb-border-radius-bottom-right:0px;--awb-border-radius-bottom-left:0px;--awb-flex-wrap:wrap;\" ><div class=\"fusion-builder-row fusion-row fusion-flex-align-items-stretch fusion-flex-content-wrap\" style=\"max-width:calc( 1232px + 0px );margin-left: calc(-0px \/ 2 );margin-right: calc(-0px \/ 2 );\"><div class=\"fusion-layout-column fusion_builder_column fusion-builder-column-2 fusion_builder_column_1_1 1_1 fusion-flex-column\" style=\"--awb-bg-size:cover;--awb-width-large:100%;--awb-margin-top-large:0px;--awb-spacing-right-large:0px;--awb-margin-bottom-large:0px;--awb-spacing-left-large:0px;--awb-width-medium:100%;--awb-order-medium:0;--awb-spacing-right-medium:0px;--awb-spacing-left-medium:0px;--awb-width-small:100%;--awb-order-small:0;--awb-spacing-right-small:0px;--awb-spacing-left-small:0px;\" data-scroll-devices=\"small-visibility,medium-visibility,large-visibility\"><div class=\"fusion-column-wrapper fusion-column-has-shadow fusion-flex-justify-content-flex-start fusion-content-layout-column\"><div class=\"fusion-text fusion-text-1 auto-sections\"><p>Per migliorare la tua esperienza di utente, questo sito web utilizza i cookie. Continuando la navigazione, accetti l&#8217;uso dei cookie su questo sito. <\/p>\n<p><strong>Nota sull&#8217;uso e l&#8217;impostazione dei cookie :<\/strong><\/p>\n<p>Al fine di migliorare la tua esperienza d&#8217;uso del nostro sito, potremmo inserire dei cookie nel tuo computer, cellulare o tablet quando lo visiti.<br \/>\nI cookie sono utilizzati per aiutarci a identificarti, a gestire le tue richieste in modo pi\u00f9 efficace, a ricordare le tue visite e a personalizzare le offerte che ti facciamo.<br \/>\nQuesta pagina ti offre una migliore comprensione del funzionamento dei cookie e di come utilizzare gli strumenti attuali per impostarne i parametri.<\/p>\n<p>&gt;  Che cos&#8217;\u00e8 un biscotto?<br \/>\nUn cookie \u00e8 un piccolo file di testo che viene inserito nel tuo computer quando visiti un sito web o visualizzi una pubblicit\u00e0. Il loro scopo principale \u00e8 quello di raccogliere informazioni sulla tua navigazione sui siti e di fornirti servizi personalizzati.<br \/>\nI cookie sono gestiti sul tuo computer dal tuo browser Internet. <\/p>\n<p>&gt;  I diversi trasmettitori<\/p>\n<p>&gt;&gt;  I nostri cookie<br \/>\nSi tratta di cookie che contengono il nostro indirizzo web (nome di dominio) www.roseraie-omaha.fr<br \/>\nSi tratta di cookie inseriti dal nostro sistema sul tuo terminale al fine di navigare sul nostro sito web e di ottimizzare e personalizzare i nostri servizi sul sito.<\/p>\n<p>&gt;&gt;  Cookie di terze parti<br \/>\nSi tratta di cookie inseriti da societ\u00e0 terze (ad esempio agenzie pubblicitarie o partner) al fine di identificare i tuoi centri di interesse attraverso i prodotti consultati o acquistati sul nostro sito e per personalizzare l&#8217;offerta pubblicitaria che ti viene inviata sul nostro sito o al di fuori di esso.<br \/>\nPossono essere depositati quando navighi sul nostro sito o quando clicchi sugli spazi pubblicitari del nostro sito.<br \/>\nNon abbiamo alcun controllo sui cookie inseriti dalle agenzie pubblicitarie, che agiscono per conto proprio.<br \/>\nNell&#8217;ambito delle nostre partnership pubblicitarie, potremmo trasmettere i dati relativi ai tuoi acquisti e ai prodotti consultati sul nostro sito a partner che agiscono per nostro conto. Ci assicuriamo che le aziende partner accettino di trattare le informazioni raccolte sul nostro sito esclusivamente per le nostre esigenze e in conformit\u00e0 alle nostre istruzioni, nel rispetto della legge francese sulla protezione dei dati del 6 gennaio 1978, e successive modifiche, e si impegnino a mettere in atto misure adeguate per garantire e proteggere la riservatezza dei dati. <\/p>\n<p>&gt;  I diversi tipi di cookie<\/p>\n<p>Sul nostro sito vengono utilizzati diversi tipi di cookie per scopi diversi.<br \/>\nAlcuni sono necessari per l&#8217;utilizzo del nostro sito, altri no.<\/p>\n<p>&gt;  Cookie strettamente necessari<br \/>\nSi tratta di cookie necessari per il funzionamento del nostro sito. Ti permettono di utilizzare le funzioni principali del nostro sito (ad esempio, l&#8217;utilizzo del carrello della spesa o l&#8217;accesso al tuo account). Senza questi cookie, non potrai utilizzare normalmente il nostro sito. Questi cookie sono inseriti da noi e riguardano esclusivamente il funzionamento del nostro sito.   <\/p>\n<p>&gt;  Cookie analitici<br \/>\nSi tratta di cookie che ci permettono di monitorare l&#8217;utilizzo e le prestazioni del nostro sito e di migliorarne il funzionamento (ad esempio, le pagine pi\u00f9 frequentemente consultate, le ricerche effettuate dagli utenti di Internet nel motore di ricerca Google, ecc.<br \/>\nSi tratta di cookie inseriti da noi.<\/p>\n<p>&gt;  Cookie funzionali<br \/>\nSi tratta di cookie che ci permettono di personalizzare la tua esperienza sul nostro sito (ad esempio ricordandoti gli ultimi articoli consultati, ricordandoti gli articoli presenti nel tuo carrello prima di continuare i tuoi acquisti). Ti permettono inoltre di usufruire di consigli personalizzati e di offerte promozionali basate sulla tua provenienza di navigazione (ad esempio se provieni da uno dei nostri siti partner). Possono anche essere utilizzati per fornirti le funzioni che hai richiesto (ad esempio, il mio negozio preferito, i miei consigli personalizzati, ecc.)  <\/p>\n<p>Si tratta di cookie inseriti da noi.<\/p>\n<p>&gt;  Cookie pubblicitari<br \/>\nSi tratta di cookie utilizzati per mostrarti pubblicit\u00e0 o inviarti informazioni personalizzate in base ai tuoi interessi sul nostro sito o al di fuori di esso mentre navighi su Internet. In particolare, vengono utilizzati per limitare il numero di volte in cui viene visualizzata una pubblicit\u00e0 e per aiutare a misurare l&#8217;efficacia di una campagna pubblicitaria. <\/p>\n<p>Il rifiuto di questi cookie pubblicitari non ha alcun impatto sull&#8217;utilizzo del nostro sito. Tuttavia, rifiutando i cookie pubblicitari non si interromper\u00e0 la pubblicit\u00e0 sul nostro sito o su Internet.<br \/>\nL&#8217;unico effetto sar\u00e0 la visualizzazione di pubblicit\u00e0 che non terr\u00e0 conto dei tuoi centri di interesse o delle tue preferenze.<br \/>\nQuesti cookie sono principalmente cookie di terze parti.<br \/>\nQuesti cookie dipendono principalmente da agenzie pubblicitarie. Non possiamo elencarli in modo esaustivo.  <\/p>\n<p>&gt;  Cookie e identificatori di macchina ai fini della sicurezza delle transazioni<br \/>\nTi informiamo che quando effettui un ordine, noi e\/o i nostri fornitori di servizi che agiscono per loro conto possiamo inserire dei cookie o raccogliere informazioni relative al tuo terminale, in particolare informazioni (attributi tecnici) necessarie per riconoscere l&#8217;apparecchiatura (computer, tablet o telefono cellulare) al fine di identificare la tua apparecchiatura ai fini della sicurezza delle transazioni (prevenzione del rischio di frode). A tal fine vengono utilizzati cookie o identificatori di macchina del tipo &#8220;impronta digitale&#8221;. L&#8217;utente viene informato di questa raccolta di informazioni relative al suo terminale al fine di costituire un identificatore di macchina tramite un banner non appena arriva sul sito. Continuando a fare acquisti sul nostro sito senza configurare la raccolta degli identificatori del tuo terminale, accetti la raccolta di queste informazioni e la creazione dell&#8217;identificatore.   <\/p>\n<p>&gt;  Accettare o rifiutare i cookie<\/p>\n<p>Hai a disposizione diversi modi per gestire i cookie.<\/p>\n<p>&gt;&gt;  Le impostazioni del tuo browser<br \/>\nPuoi scegliere di disattivare questi cookie in qualsiasi momento. Il tuo browser pu\u00f2 anche essere impostato in modo da avvisarti quando i cookie vengono installati sul tuo computer e chiederti di accettarli o meno. Puoi accettare o rifiutare i cookie di volta in volta o rifiutarli sistematicamente una volta per tutte.<br \/>\nTi ricordiamo che l&#8217;impostazione di questi parametri pu\u00f2 alterare le tue condizioni di accesso ai nostri servizi che richiedono l&#8217;uso di cookie.<br \/>\nSe il tuo browser \u00e8 configurato per rifiutare tutti i cookie, non potrai effettuare acquisti o usufruire delle funzioni essenziali del nostro sito, come la memorizzazione degli articoli nel carrello o la ricezione di consigli personalizzati. Al fine di gestire i cookie in modo pi\u00f9 conforme alle tue aspettative, ti invitiamo a configurare il tuo browser tenendo conto dello scopo dei cookie come sopra indicato.   <\/p>\n<p>&gt;&gt;  Come controllare o impedire la memorizzazione dei cookie:<br \/>\nLa configurazione di ogni browser \u00e8 diversa. \u00c8 descritta nel menu di aiuto del tuo browser, che ti indicher\u00e0 come modificare le tue preferenze sui cookie.<br \/>\nPuoi disabilitare i cookie seguendo le seguenti istruzioni:<br \/>\n1\/ se utilizzi Internet Explorer<br \/>\nIn Internet Explorer, clicca sul pulsante Strumenti e poi su Opzioni Internet.<br \/>\nNella scheda Generale, alla voce Cronologia di navigazione, clicca su Impostazioni.<br \/>\nClicca sul pulsante Visualizza file.<br \/>\nClicca sull&#8217;intestazione della colonna Nome per ordinare tutti i file in ordine alfabetico, quindi scorri l&#8217;elenco fino a visualizzare i file che iniziano con il prefisso &#8220;Cookie&#8221;. (tutti i cookie hanno questo prefisso e di solito contengono il nome del sito web che ha creato il cookie).<br \/>\nSeleziona il cookie o i cookie che contengono il nostro nome e cancellali<br \/>\nChiudi la finestra contenente l&#8217;elenco dei file, quindi clicca due volte su OK per tornare a Internet Explorer. <\/p>\n<p>2\/ se usi Firefox<\/p>\n<p>Vai alla scheda &#8220;Strumenti&#8221; del tuo browser e seleziona il menu &#8220;Opzioni&#8221;<br \/>\nNella finestra che appare, seleziona &#8220;Privacy&#8221; e clicca su &#8220;Mostra cookie&#8221;<br \/>\nIndividua i file contenenti il nostro nome, selezionali ed eliminali.<\/p>\n<p>3\/ se utilizzi il browser Safari<br \/>\nNel browser, scegli il menu Modifica &gt; Preferenze.<br \/>\nClicca su Sicurezza.<br \/>\nClicca su Mostra cookie.<br \/>\nSeleziona i cookie che contengono il nostro nome e clicca su Elimina o Elimina tutti.<br \/>\nUna volta eliminati i cookie, clicca su Fine.<\/p>\n<p>4\/ Se utilizzi il browser Google Chrome<br \/>\nClicca sull&#8217;icona del menu Strumenti.<br \/>\nSeleziona Opzioni.<br \/>\nClicca sulla scheda Opzioni avanzate e vai alla sezione &#8220;Riservatezza&#8221;.<br \/>\nClicca sul pulsante Mostra cookie.<br \/>\nIndividua i file contenenti il nostro nome, selezionali ed eliminali.<br \/>\nClicca su &#8220;Chiudi&#8221; per tornare al tuo browser.<\/p>\n<p>&gt;  Impostazione dei parametri su una piattaforma di gestione dei cookie<br \/>\nPuoi gestire i tuoi cookie visitando le piattaforme di gestione dei cookie offerte dai professionisti della pubblicit\u00e0.<\/p>\n<p>&gt;  Per maggiori informazioni sui cookie<br \/>\nhttp:\/\/www.aboutcookies.org\/<br \/>\nhttp:\/\/www.cnil.fr\/vos-droits\/vos-traces\/les-cookies\/<\/p>\n<\/div><\/div><\/div><\/div><\/div><\/p>\n","protected":false},"excerpt":{"rendered":"","protected":false},"author":2,"featured_media":0,"parent":0,"menu_order":0,"comment_status":"closed","ping_status":"closed","template":"100-width.php","meta":{"_acf_changed":false,"_monsterinsights_skip_tracking":false,"_monsterinsights_sitenote_active":false,"_monsterinsights_sitenote_note":"","_monsterinsights_sitenote_category":0,"footnotes":""},"categories":[],"class_list":["post-7746","page","type-page","status-publish","hentry"],"acf":[],"yoast_head":"<!-- This site is optimized with the Yoast SEO plugin v26.9 - https:\/\/yoast.com\/product\/yoast-seo-wordpress\/ -->\n<title>Biscotti - Camping La Roseraie D&#039;Omaha<\/title>\n<meta name=\"robots\" content=\"noindex, nofollow\" \/>\n<meta property=\"og:locale\" content=\"it_IT\" \/>\n<meta property=\"og:type\" content=\"article\" \/>\n<meta property=\"og:title\" content=\"Biscotti - Camping La Roseraie D&#039;Omaha\" \/>\n<meta property=\"og:url\" content=\"https:\/\/www.camping-calvados-normandie.fr\/it\/biscotti\/\" \/>\n<meta property=\"og:site_name\" content=\"Camping La Roseraie D&#039;Omaha\" \/>\n<meta property=\"article:modified_time\" content=\"2025-08-18T13:19:54+00:00\" \/>\n<meta name=\"twitter:card\" content=\"summary_large_image\" \/>\n<meta name=\"twitter:label1\" content=\"Tempo di lettura stimato\" \/>\n\t<meta name=\"twitter:data1\" content=\"21 minuti\" \/>\n<script type=\"application\/ld+json\" class=\"yoast-schema-graph\">{\"@context\":\"https:\/\/schema.org\",\"@graph\":[{\"@type\":\"WebPage\",\"@id\":\"https:\/\/www.camping-calvados-normandie.fr\/it\/biscotti\/\",\"url\":\"https:\/\/www.camping-calvados-normandie.fr\/it\/biscotti\/\",\"name\":\"Biscotti - Camping La Roseraie D&#039;Omaha\",\"isPartOf\":{\"@id\":\"https:\/\/www.camping-calvados-normandie.fr\/it\/#website\"},\"datePublished\":\"2025-08-18T13:19:50+00:00\",\"dateModified\":\"2025-08-18T13:19:54+00:00\",\"breadcrumb\":{\"@id\":\"https:\/\/www.camping-calvados-normandie.fr\/it\/biscotti\/#breadcrumb\"},\"inLanguage\":\"it-IT\",\"potentialAction\":[{\"@type\":\"ReadAction\",\"target\":[\"https:\/\/www.camping-calvados-normandie.fr\/it\/biscotti\/\"]}]},{\"@type\":\"BreadcrumbList\",\"@id\":\"https:\/\/www.camping-calvados-normandie.fr\/it\/biscotti\/#breadcrumb\",\"itemListElement\":[{\"@type\":\"ListItem\",\"position\":1,\"name\":\"Accueil\",\"item\":\"https:\/\/www.camping-calvados-normandie.fr\/it\/\"},{\"@type\":\"ListItem\",\"position\":2,\"name\":\"Biscotti\"}]},{\"@type\":\"WebSite\",\"@id\":\"https:\/\/www.camping-calvados-normandie.fr\/it\/#website\",\"url\":\"https:\/\/www.camping-calvados-normandie.fr\/it\/\",\"name\":\"Camping La Roseraie D&#039;Omaha\",\"description\":\"\",\"potentialAction\":[{\"@type\":\"SearchAction\",\"target\":{\"@type\":\"EntryPoint\",\"urlTemplate\":\"https:\/\/www.camping-calvados-normandie.fr\/it\/?s={search_term_string}\"},\"query-input\":{\"@type\":\"PropertyValueSpecification\",\"valueRequired\":true,\"valueName\":\"search_term_string\"}}],\"inLanguage\":\"it-IT\"}]}<\/script>\n<!-- \/ Yoast SEO plugin. -->","yoast_head_json":{"title":"Biscotti - Camping La Roseraie D&#039;Omaha","robots":{"index":"noindex","follow":"nofollow"},"og_locale":"it_IT","og_type":"article","og_title":"Biscotti - Camping La Roseraie D&#039;Omaha","og_url":"https:\/\/www.camping-calvados-normandie.fr\/it\/biscotti\/","og_site_name":"Camping La Roseraie D&#039;Omaha","article_modified_time":"2025-08-18T13:19:54+00:00","twitter_card":"summary_large_image","twitter_misc":{"Tempo di lettura stimato":"21 minuti"},"schema":{"@context":"https:\/\/schema.org","@graph":[{"@type":"WebPage","@id":"https:\/\/www.camping-calvados-normandie.fr\/it\/biscotti\/","url":"https:\/\/www.camping-calvados-normandie.fr\/it\/biscotti\/","name":"Biscotti - Camping La Roseraie D&#039;Omaha","isPartOf":{"@id":"https:\/\/www.camping-calvados-normandie.fr\/it\/#website"},"datePublished":"2025-08-18T13:19:50+00:00","dateModified":"2025-08-18T13:19:54+00:00","breadcrumb":{"@id":"https:\/\/www.camping-calvados-normandie.fr\/it\/biscotti\/#breadcrumb"},"inLanguage":"it-IT","potentialAction":[{"@type":"ReadAction","target":["https:\/\/www.camping-calvados-normandie.fr\/it\/biscotti\/"]}]},{"@type":"BreadcrumbList","@id":"https:\/\/www.camping-calvados-normandie.fr\/it\/biscotti\/#breadcrumb","itemListElement":[{"@type":"ListItem","position":1,"name":"Accueil","item":"https:\/\/www.camping-calvados-normandie.fr\/it\/"},{"@type":"ListItem","position":2,"name":"Biscotti"}]},{"@type":"WebSite","@id":"https:\/\/www.camping-calvados-normandie.fr\/it\/#website","url":"https:\/\/www.camping-calvados-normandie.fr\/it\/","name":"Camping La Roseraie D&#039;Omaha","description":"","potentialAction":[{"@type":"SearchAction","target":{"@type":"EntryPoint","urlTemplate":"https:\/\/www.camping-calvados-normandie.fr\/it\/?s={search_term_string}"},"query-input":{"@type":"PropertyValueSpecification","valueRequired":true,"valueName":"search_term_string"}}],"inLanguage":"it-IT"}]}},"_links":{"self":[{"href":"https:\/\/www.camping-calvados-normandie.fr\/it\/wp-json\/wp\/v2\/pages\/7746","targetHints":{"allow":["GET"]}}],"collection":[{"href":"https:\/\/www.camping-calvados-normandie.fr\/it\/wp-json\/wp\/v2\/pages"}],"about":[{"href":"https:\/\/www.camping-calvados-normandie.fr\/it\/wp-json\/wp\/v2\/types\/page"}],"author":[{"embeddable":true,"href":"https:\/\/www.camping-calvados-normandie.fr\/it\/wp-json\/wp\/v2\/users\/2"}],"replies":[{"embeddable":true,"href":"https:\/\/www.camping-calvados-normandie.fr\/it\/wp-json\/wp\/v2\/comments?post=7746"}],"version-history":[{"count":6,"href":"https:\/\/www.camping-calvados-normandie.fr\/it\/wp-json\/wp\/v2\/pages\/7746\/revisions"}],"predecessor-version":[{"id":7833,"href":"https:\/\/www.camping-calvados-normandie.fr\/it\/wp-json\/wp\/v2\/pages\/7746\/revisions\/7833"}],"wp:attachment":[{"href":"https:\/\/www.camping-calvados-normandie.fr\/it\/wp-json\/wp\/v2\/media?parent=7746"}],"wp:term":[{"taxonomy":"category","embeddable":true,"href":"https:\/\/www.camping-calvados-normandie.fr\/it\/wp-json\/wp\/v2\/categories?post=7746"}],"curies":[{"name":"wp","href":"https:\/\/api.w.org\/{rel}","templated":true}]}}