{"id":7607,"date":"2025-08-18T15:19:41","date_gmt":"2025-08-18T13:19:41","guid":{"rendered":"https:\/\/www.camping-calvados-normandie.fr\/informazioni-legali\/"},"modified":"2025-08-18T15:19:45","modified_gmt":"2025-08-18T13:19:45","slug":"informazioni-legali","status":"publish","type":"page","link":"https:\/\/www.camping-calvados-normandie.fr\/it\/informazioni-legali\/","title":{"rendered":"Informazioni legali"},"content":{"rendered":"<p><div class=\"fusion-fullwidth fullwidth-box fusion-builder-row-1 fusion-flex-container has-pattern-background has-mask-background nonhundred-percent-fullwidth non-hundred-percent-height-scrolling\" style=\"--awb-border-radius-top-left:0px;--awb-border-radius-top-right:0px;--awb-border-radius-bottom-right:0px;--awb-border-radius-bottom-left:0px;--awb-margin-bottom:135px;--awb-margin-bottom-medium:75px;--awb-margin-top-small:-5px;--awb-margin-bottom-small:75px;--awb-flex-wrap:wrap;\" ><div class=\"fusion-builder-row fusion-row fusion-flex-align-items-flex-start fusion-flex-content-wrap\" style=\"max-width:calc( 1232px + 0px );margin-left: calc(-0px \/ 2 );margin-right: calc(-0px \/ 2 );\"><div class=\"fusion-layout-column fusion_builder_column fusion-builder-column-0 fusion_builder_column_1_2 1_2 fusion-flex-column\" style=\"--awb-bg-size:cover;--awb-width-large:50%;--awb-margin-top-large:0px;--awb-spacing-right-large:0px;--awb-margin-bottom-large:0px;--awb-spacing-left-large:0px;--awb-width-medium:50%;--awb-order-medium:0;--awb-spacing-right-medium:0px;--awb-spacing-left-medium:0px;--awb-width-small:100%;--awb-order-small:0;--awb-spacing-right-small:0px;--awb-spacing-left-small:28px;\" data-scroll-devices=\"small-visibility,medium-visibility,large-visibility\"><div class=\"fusion-column-wrapper fusion-column-has-shadow fusion-flex-justify-content-flex-start fusion-content-layout-column\"><div class=\"fusion-title title fusion-title-1 fusion-sep-none fusion-title-text fusion-title-size-one has-shape yellow\" style=\"--awb-margin-bottom-small:35px;\"><h1 class=\"fusion-title-heading title-heading-left\" style=\"margin:0;\">Informazioni legali<\/h1><\/div><\/div><\/div><\/div><\/div><div class=\"fusion-fullwidth fullwidth-box fusion-builder-row-2 fusion-flex-container has-pattern-background has-mask-background nonhundred-percent-fullwidth non-hundred-percent-height-scrolling\" style=\"--awb-border-radius-top-left:0px;--awb-border-radius-top-right:0px;--awb-border-radius-bottom-right:0px;--awb-border-radius-bottom-left:0px;--awb-flex-wrap:wrap;\" ><div class=\"fusion-builder-row fusion-row fusion-flex-align-items-stretch fusion-flex-content-wrap\" style=\"max-width:calc( 1232px + 0px );margin-left: calc(-0px \/ 2 );margin-right: calc(-0px \/ 2 );\"><div class=\"fusion-layout-column fusion_builder_column fusion-builder-column-1 fusion_builder_column_1_1 1_1 fusion-flex-column\" style=\"--awb-bg-size:cover;--awb-width-large:100%;--awb-margin-top-large:0px;--awb-spacing-right-large:0px;--awb-margin-bottom-large:0px;--awb-spacing-left-large:0px;--awb-width-medium:100%;--awb-order-medium:0;--awb-spacing-right-medium:0px;--awb-spacing-left-medium:0px;--awb-width-small:100%;--awb-order-small:0;--awb-spacing-right-small:0px;--awb-spacing-left-small:0px;\" data-scroll-devices=\"small-visibility,medium-visibility,large-visibility\"><div class=\"fusion-column-wrapper fusion-column-has-shadow fusion-flex-justify-content-flex-start fusion-content-layout-column\"><div class=\"fusion-text fusion-text-1 auto-sections\"><h2 class=\"has-shape\">Definizioni<\/h2>\n<ul>\n<li>Editore del sito: proprietario e\/o azienda che ha implementato il software online.<\/li>\n<li>Responsabile della pubblicazione: Utente finale del software online (il proprietario o il gestore dell&#8217;entit\u00e0 presentata dal software online).<\/li>\n<li>Operatore del sito: utente finale del software online (il proprietario o il gestore dell&#8217;entit\u00e0 presentata dal software online).<\/li>\n<li>Il sito: risultato dell&#8217;utilizzo del software online.<\/li>\n<li>Webmaster: responsabile tecnico del software online per l&#8217;editore del sito e\/o per l&#8217;utente finale del software online.<\/li>\n<li>Utente del sito: utente di Internet che si collega via Internet e\/o consulta, utilizza&#8230; il software online.<\/li>\n<li>Hosting: spazio server dedicato connesso a Internet che rende il Sito disponibile e utilizzabile online.<\/li>\n<li>Software online: software prodotto e\/o implementato per conto del proprietario e\/o del gestore dell&#8217;entit\u00e0 presentata.<\/li>\n<\/ul>\n<h2 class=\"has-shape\">Informazioni legali<\/h2>\n<ul>\n<li>Direttore di pubblicazione :\n<ul>\n<li>Nome: SARL QUESAS &#8211; Camping la Roseraie d&#8217;Omaha<\/li>\n<li>Responsabile del sistema: Quentin Alves<\/li>\n<li>Indirizzo della sede legale: Lieu-dit le bourg, 14710 Surrain<\/li>\n<li>Tel. : (+33) 02.31.21.17.71<\/li>\n<li>E-mail: camping-laroseraie@orange.fr<\/li>\n<li>NUMERO DELLA SIRENA: 833 516 388<\/li>\n<li>Numero RCS: Caen 83351638800018<\/li>\n<li>IVA intracomunitaria: FR47833516388<\/li>\n<li>Capitale sociale: 10.000 euro<\/li>\n<\/ul>\n<\/li>\n<li>Editore e webmaster di siti web\n<ul>\n<li>Nome: Jordane Iadadaine<\/li>\n<li>Indirizzo: 146 rue basse, 14000 Caen<\/li>\n<li>Tel. : 06.59.76.11.24<\/li>\n<li>Mail: jordaneidn@gmail.com<\/li>\n<\/ul>\n<\/li>\n<li>Sviluppatore del sito\n<ul>\n<li>Nome: Th\u00e9o Ba\u00ebs<\/li>\n<li>Indirizzo: 229 rue Saint-Honor\u00e9, 75001, Parigi<\/li>\n<li>Tel. : 06.68.75.32.04<\/li>\n<\/ul>\n<\/li>\n<li>Hosting: OVH SAS, societ\u00e0 per azioni semplificata con capitale sociale di 10.069.020 euro, con sede legale in 2 rue Kellermann &#8211; 59100 Roubaix &#8211; Francia, registrata con il numero 424 761 419 RCS Lille M\u00e9tropole 424 761 419 00045<\/li>\n<\/ul>\n<h2 class=\"has-shape\">Propriet\u00e0 intellettuale e copyright \u00a9 :<\/h2>\n<p>L&#8217;intero sito \u00e8 soggetto alla legislazione francese e internazionale in materia di copyright e propriet\u00e0 intellettuale. Tutti i diritti di riproduzione sono riservati, anche per quanto riguarda i documenti iconografici e fotografici. Nessuna parte di questo Sito pu\u00f2 essere copiata, riprodotta, modificata, ripubblicata, caricata, distorta, trasmessa o distribuita in qualsiasi modo, su qualsiasi supporto, in tutto o in parte, senza la preventiva autorizzazione scritta dell&#8217;editore e del responsabile della pubblicazione del Sito, ad eccezione dell&#8217;uso strettamente riservato alla stampa e\/o a scopi privati e nel rispetto dei diritti di propriet\u00e0 intellettuale e di qualsiasi altro diritto di propriet\u00e0. Per quanto riguarda l&#8217;uso privato, sono consentite solo la copia e la trasmissione per uso personale, privato e non commerciale. Inoltre, ogni copia o utilizzo autorizzato di tutto o parte del contenuto di questo Sito, qualunque esso sia, deve essere effettuato senza distorsioni, modifiche o alterazioni di alcun tipo e deve riportare la seguente dicitura &#8220;COPYRIGHT SARL QUESAS &#8211; TUTTI I DIRITTI RISERVATI&#8221;, scritta in modo leggibile. In caso contrario, l&#8217;editore e\/o il responsabile della pubblicazione del Sito si riservano il diritto di intraprendere azioni legali contro qualsiasi atto di violazione dei loro diritti di propriet\u00e0 intellettuale.     <\/p>\n<h2 class=\"has-shape\">Politica dei link :<\/h2>\n<h3>Creazione di link al Sito<\/h3>\n<p>La creazione di un link ipertestuale che punta alla home page del Sito \u00e8 autorizzata, a condizione che il sito a cui punta il link si apra in un&#8217;altra finestra del browser. \u00c8 vietata la creazione di un link profondo al contenuto del Sito, diverso dalla home page, senza l&#8217;espresso consenso dell&#8217;editore del Sito. Le informazioni utilizzate devono essere utilizzate esclusivamente per uso personale; \u00e8 escluso qualsiasi uso a fini commerciali o pubblicitari. Nota bene! Questa autorizzazione non si applica ai siti web che diffondono informazioni di natura controversa, pornografica o xenofoba o che possono, in misura maggiore, offendere la sensibilit\u00e0 della maggioranza delle persone o la pubblica decenza. Per altri usi, consulta l&#8217;editore del Sito. Inoltre, per quanto riguarda i siti esterni che possono contenere collegamenti ipertestuali che puntano a questo Sito, in ogni caso n\u00e9 l&#8217;editore n\u00e9 il responsabile della pubblicazione possono essere ritenuti responsabili della mancata disponibilit\u00e0 di tali siti, n\u00e9 esaminano, controllano, approvano o sono responsabili del contenuto, della pubblicit\u00e0, dei prodotti o di altri elementi disponibili su o tramite tali siti.      <\/p>\n<h3>Link ad altri siti<\/h3>\n<p>L&#8217;editore e l&#8217;editore del Sito non possono essere ritenuti responsabili per i siti di terzi a cui l&#8217;utente pu\u00f2 accedere tramite il Sito. Non abbiamo modo di controllare il contenuto di questi siti terzi che, in ogni caso, rimangono totalmente indipendenti. Inoltre, l&#8217;esistenza di un link tra questo Sito e un sito di terzi non significa in alcun modo che approviamo il contenuto di tale sito e, a maggior ragione, l&#8217;uso che ne viene fatto. Inoltre, \u00e8 responsabilit\u00e0 dell&#8217;utente prendere le precauzioni necessarie per evitare qualsiasi contaminazione del proprio computer e del Sito da parte, in particolare, di uno o pi\u00f9 &#8220;virus&#8221;, &#8220;cavalli di Troia&#8221;, &#8220;worm&#8221;, &#8220;spyware&#8221; o qualsiasi altro &#8220;parassita&#8221; digitale.   <\/p>\n<h2 class=\"has-shape\">Informazioni nominative e non nominative, altre informazioni e protezione dei dati personali:<\/h2>\n<h3>Principi generali :<\/h3>\n<p>Su questo Sito non vengono raccolte informazioni personali senza che l&#8217;utente ne sia a conoscenza. I dati personali non vengono trasmessi a terzi che non siano partner e\/o che non siano stati approvati dall&#8217;editore o dal responsabile delle pubblicazioni del Sito. I dati personali raccolti sono necessari per elaborare le tue richieste nel modo pi\u00f9 rapido ed efficiente possibile. Ai sensi della legge francese sulla protezione dei dati personali n. 78-17 del 6 gennaio 1978, hai il diritto di accedere, modificare, rettificare e cancellare i dati personali che ti riguardano. Per farlo, \u00e8 sufficiente fare una richiesta utilizzando uno dei mezzi di contatto disponibili sulla home page di questo Sito (indirizzo postale, telefono, fax, ecc.) e in particolare tramite il modulo di contatto e-mail allegato a questo sito Internet.    <\/p>\n<h2 class=\"has-shape\">Principi operativi per gli strumenti di comunicazione del sito :<\/h2>\n<h3>Funzione Newsletter<\/h3>\n<p>Gli indirizzi elettronici registrati nell&#8217;ambito di questa funzione sono memorizzati al solo scopo di trasmettere, da parte del gestore e\/o dell&#8217;editore di questo Sito, informazioni di vario genere a persone fisiche o giuridiche che si sono iscritte con questo mezzo alla mailing list di questo Sito.<\/p>\n<h3>Moduli (&#8220;Ordine&#8221;, &#8220;Contattaci&#8221;, &#8220;Preventivo&#8221;, &#8220;Richiamo gratuito&#8221;, &#8220;Contattaci&#8221;, ecc.)<\/h3>\n<p>Le informazioni e gli indirizzi e-mail raccolti nell&#8217;ambito di questa funzione non vengono trasmessi a terzi e sono utilizzati esclusivamente per evadere le tue richieste con la massima qualit\u00e0 di servizio possibile.<\/p>\n<h3>Sistemi di messaggistica<\/h3>\n<p>Gli indirizzi e-mail raccolti tramite il sistema di messaggistica non saranno trasmessi a terzi. Non divulgheremo a terzi i dati personali dell&#8217;utente comunicati tramite il sistema di messaggistica elettronica collegato a questo Sito. Tutte le informazioni raccolte vengono utilizzate esclusivamente per rispondere all&#8217;utente nel modo pi\u00f9 efficiente possibile. Inoltre, questo Sito non \u00e8 destinato a ricevere informazioni riservate dall&#8217;utente. Di conseguenza, e ad eccezione dei dati personali di cui sopra, qualunque sia la forma delle informazioni che ci invii via e-mail, esse non saranno in alcun modo considerate riservate. Di conseguenza, il semplice fatto che tu ci invii queste informazioni ci d\u00e0 il diritto di utilizzarle, riprodurle, distribuirle, modificarle o trasmetterle allo scopo di elaborare la tua richiesta.     <\/p>\n<h2 class=\"has-shape\">Natura delle informazioni contenute nel Sito e limitazione di responsabilit\u00e0:<\/h2>\n<p>L&#8217;editore del sito e\/o il responsabile della pubblicazione del Sito si impegnano a garantire, al meglio delle loro possibilit\u00e0, l&#8217;accuratezza e l&#8217;aggiornamento di tutte le informazioni contenute e\/o diffuse tramite questo Sito, il cui contenuto si riservano di correggere in qualsiasi momento e senza preavviso. Tuttavia, l&#8217;editore e il responsabile della pubblicazione di questo Sito non possono garantire l&#8217;accuratezza, la precisione, l&#8217;aggiornamento o l&#8217;esaustivit\u00e0 delle informazioni rese disponibili su questo Sito. Di conseguenza, ad eccezione dei danni diretti derivanti da grave negligenza o dolo dell&#8217;editore o della persona responsabile della pubblicazione di questo Sito, essi declinano ogni responsabilit\u00e0:  <\/p>\n<ul>\n<li style=\"list-style-type: none;\">\n<ul>\n<li>Per qualsiasi imprecisione, inesattezza o omissione relativa alle informazioni disponibili su questo Sito,<\/li>\n<li>Per qualsiasi danno derivante da un&#8217;intrusione fraudolenta da parte di terzi che porti alla modifica delle informazioni o degli elementi resi disponibili su questo Sito,<\/li>\n<\/ul>\n<\/li>\n<\/ul>\n<p>E pi\u00f9 in generale per qualsiasi danno, diretto o indiretto, qualunque ne sia la causa, l&#8217;origine, la natura o le conseguenze, anche nel caso in cui l&#8217;editore e il responsabile della pubblicazione di questo Sito fossero stati avvisati della possibilit\u00e0 di tali danni, causati dall&#8217;accesso da parte di chiunque al Sito o dall&#8217;impossibilit\u00e0 di accedervi, dall&#8217;utilizzo del Sito, incluso qualsiasi deterioramento o virus che possa infettare il tuo computer o qualsiasi altra propriet\u00e0, e\/o dal credito dato a qualsiasi informazione proveniente direttamente o indirettamente da questo Sito.<\/p>\n<p>Il materiale contenuto in questo Sito o in qualsiasi altro Sito \u00e8 fornito &#8220;cos\u00ec com&#8217;\u00e8&#8221; senza alcun tipo di garanzia, n\u00e9 esplicita n\u00e9 implicita. L&#8217;editore e la persona responsabile della pubblicazione di questo Sito non offrono alcuna garanzia,<br \/>implicita o esplicita, relativa, senza limitazioni, al valore di mercato o all&#8217;idoneit\u00e0 per un determinato scopo. <\/p>\n<h2 class=\"has-shape\">Dati statistici :<\/h2>\n<p>Per poterti servire meglio, misuriamo il numero di pagine visualizzate, il numero di visite, nonch\u00e9 l&#8217;attivit\u00e0 dei visitatori sul Sito e la frequenza con cui ritornano. A tal fine utilizziamo la tecnologia &#8220;cookie&#8221;. I cookie utilizzati contengono: un identificativo unico generato in modo casuale e la data della tua ultima visita. L&#8217;utente pu\u00f2 rifiutare questi cookie o cancellarli senza che ci\u00f2 abbia alcun effetto sulla sua navigazione nel Sito. Infine, gli indirizzi IP relativi alle consultazioni effettuate e i &#8220;cookie&#8221; non vengono conservati oltre i periodi di conservazione legalmente consentiti dalla legge francese.    <\/p>\n<h2 class=\"has-shape\">Crediti<\/h2>\n<p>Crediti per le icone : <a href=\"https:\/\/www.flaticon.com\/\" target=\"_blank\" rel=\"noopener noreferrer\"><strong>www.flaticon.com<\/strong><\/a><\/p>\n<p>Implementazione, progettazione, produzione e manutenzione del sito: <a href=\"https:\/\/www.jordaneidn.fr\/\"><strong>Jordane Iadadaine<\/strong><\/a> &amp; <a href=\"https:\/\/theobaes.me\/\" target=\"_blank\" rel=\"noopener noreferrer\"><strong>Th\u00e9o Baes<\/strong><\/a><\/p>\n<\/div><\/div><\/div><\/div><\/div><\/p>\n","protected":false},"excerpt":{"rendered":"","protected":false},"author":2,"featured_media":0,"parent":0,"menu_order":0,"comment_status":"closed","ping_status":"closed","template":"100-width.php","meta":{"_acf_changed":false,"_monsterinsights_skip_tracking":false,"_monsterinsights_sitenote_active":false,"_monsterinsights_sitenote_note":"","_monsterinsights_sitenote_category":0,"footnotes":""},"categories":[],"class_list":["post-7607","page","type-page","status-publish","hentry"],"acf":[],"yoast_head":"<!-- This site is optimized with the Yoast SEO plugin v26.9 - https:\/\/yoast.com\/product\/yoast-seo-wordpress\/ -->\n<title>Informazioni legali - Camping La Roseraie D&#039;Omaha<\/title>\n<meta name=\"robots\" content=\"noindex, follow\" \/>\n<meta property=\"og:locale\" content=\"it_IT\" \/>\n<meta property=\"og:type\" content=\"article\" \/>\n<meta property=\"og:title\" content=\"Informazioni legali - Camping La Roseraie D&#039;Omaha\" \/>\n<meta property=\"og:url\" content=\"https:\/\/www.camping-calvados-normandie.fr\/it\/informazioni-legali\/\" \/>\n<meta property=\"og:site_name\" content=\"Camping La Roseraie D&#039;Omaha\" \/>\n<meta property=\"article:modified_time\" content=\"2025-08-18T13:19:45+00:00\" \/>\n<meta name=\"twitter:card\" content=\"summary_large_image\" \/>\n<meta name=\"twitter:label1\" content=\"Tempo di lettura stimato\" \/>\n\t<meta name=\"twitter:data1\" content=\"19 minuti\" \/>\n<script type=\"application\/ld+json\" class=\"yoast-schema-graph\">{\"@context\":\"https:\/\/schema.org\",\"@graph\":[{\"@type\":\"WebPage\",\"@id\":\"https:\/\/www.camping-calvados-normandie.fr\/it\/informazioni-legali\/\",\"url\":\"https:\/\/www.camping-calvados-normandie.fr\/it\/informazioni-legali\/\",\"name\":\"Informazioni legali - Camping La Roseraie D&#039;Omaha\",\"isPartOf\":{\"@id\":\"https:\/\/www.camping-calvados-normandie.fr\/it\/#website\"},\"datePublished\":\"2025-08-18T13:19:41+00:00\",\"dateModified\":\"2025-08-18T13:19:45+00:00\",\"breadcrumb\":{\"@id\":\"https:\/\/www.camping-calvados-normandie.fr\/it\/informazioni-legali\/#breadcrumb\"},\"inLanguage\":\"it-IT\",\"potentialAction\":[{\"@type\":\"ReadAction\",\"target\":[\"https:\/\/www.camping-calvados-normandie.fr\/it\/informazioni-legali\/\"]}]},{\"@type\":\"BreadcrumbList\",\"@id\":\"https:\/\/www.camping-calvados-normandie.fr\/it\/informazioni-legali\/#breadcrumb\",\"itemListElement\":[{\"@type\":\"ListItem\",\"position\":1,\"name\":\"Accueil\",\"item\":\"https:\/\/www.camping-calvados-normandie.fr\/it\/\"},{\"@type\":\"ListItem\",\"position\":2,\"name\":\"Informazioni legali\"}]},{\"@type\":\"WebSite\",\"@id\":\"https:\/\/www.camping-calvados-normandie.fr\/it\/#website\",\"url\":\"https:\/\/www.camping-calvados-normandie.fr\/it\/\",\"name\":\"Camping La Roseraie D&#039;Omaha\",\"description\":\"\",\"potentialAction\":[{\"@type\":\"SearchAction\",\"target\":{\"@type\":\"EntryPoint\",\"urlTemplate\":\"https:\/\/www.camping-calvados-normandie.fr\/it\/?s={search_term_string}\"},\"query-input\":{\"@type\":\"PropertyValueSpecification\",\"valueRequired\":true,\"valueName\":\"search_term_string\"}}],\"inLanguage\":\"it-IT\"}]}<\/script>\n<!-- \/ Yoast SEO plugin. -->","yoast_head_json":{"title":"Informazioni legali - Camping La Roseraie D&#039;Omaha","robots":{"index":"noindex","follow":"follow"},"og_locale":"it_IT","og_type":"article","og_title":"Informazioni legali - Camping La Roseraie D&#039;Omaha","og_url":"https:\/\/www.camping-calvados-normandie.fr\/it\/informazioni-legali\/","og_site_name":"Camping La Roseraie D&#039;Omaha","article_modified_time":"2025-08-18T13:19:45+00:00","twitter_card":"summary_large_image","twitter_misc":{"Tempo di lettura stimato":"19 minuti"},"schema":{"@context":"https:\/\/schema.org","@graph":[{"@type":"WebPage","@id":"https:\/\/www.camping-calvados-normandie.fr\/it\/informazioni-legali\/","url":"https:\/\/www.camping-calvados-normandie.fr\/it\/informazioni-legali\/","name":"Informazioni legali - Camping La Roseraie D&#039;Omaha","isPartOf":{"@id":"https:\/\/www.camping-calvados-normandie.fr\/it\/#website"},"datePublished":"2025-08-18T13:19:41+00:00","dateModified":"2025-08-18T13:19:45+00:00","breadcrumb":{"@id":"https:\/\/www.camping-calvados-normandie.fr\/it\/informazioni-legali\/#breadcrumb"},"inLanguage":"it-IT","potentialAction":[{"@type":"ReadAction","target":["https:\/\/www.camping-calvados-normandie.fr\/it\/informazioni-legali\/"]}]},{"@type":"BreadcrumbList","@id":"https:\/\/www.camping-calvados-normandie.fr\/it\/informazioni-legali\/#breadcrumb","itemListElement":[{"@type":"ListItem","position":1,"name":"Accueil","item":"https:\/\/www.camping-calvados-normandie.fr\/it\/"},{"@type":"ListItem","position":2,"name":"Informazioni legali"}]},{"@type":"WebSite","@id":"https:\/\/www.camping-calvados-normandie.fr\/it\/#website","url":"https:\/\/www.camping-calvados-normandie.fr\/it\/","name":"Camping La Roseraie D&#039;Omaha","description":"","potentialAction":[{"@type":"SearchAction","target":{"@type":"EntryPoint","urlTemplate":"https:\/\/www.camping-calvados-normandie.fr\/it\/?s={search_term_string}"},"query-input":{"@type":"PropertyValueSpecification","valueRequired":true,"valueName":"search_term_string"}}],"inLanguage":"it-IT"}]}},"_links":{"self":[{"href":"https:\/\/www.camping-calvados-normandie.fr\/it\/wp-json\/wp\/v2\/pages\/7607","targetHints":{"allow":["GET"]}}],"collection":[{"href":"https:\/\/www.camping-calvados-normandie.fr\/it\/wp-json\/wp\/v2\/pages"}],"about":[{"href":"https:\/\/www.camping-calvados-normandie.fr\/it\/wp-json\/wp\/v2\/types\/page"}],"author":[{"embeddable":true,"href":"https:\/\/www.camping-calvados-normandie.fr\/it\/wp-json\/wp\/v2\/users\/2"}],"replies":[{"embeddable":true,"href":"https:\/\/www.camping-calvados-normandie.fr\/it\/wp-json\/wp\/v2\/comments?post=7607"}],"version-history":[{"count":8,"href":"https:\/\/www.camping-calvados-normandie.fr\/it\/wp-json\/wp\/v2\/pages\/7607\/revisions"}],"predecessor-version":[{"id":7666,"href":"https:\/\/www.camping-calvados-normandie.fr\/it\/wp-json\/wp\/v2\/pages\/7607\/revisions\/7666"}],"wp:attachment":[{"href":"https:\/\/www.camping-calvados-normandie.fr\/it\/wp-json\/wp\/v2\/media?parent=7607"}],"wp:term":[{"taxonomy":"category","embeddable":true,"href":"https:\/\/www.camping-calvados-normandie.fr\/it\/wp-json\/wp\/v2\/categories?post=7607"}],"curies":[{"name":"wp","href":"https:\/\/api.w.org\/{rel}","templated":true}]}}