{"id":7605,"date":"2025-08-18T15:19:40","date_gmt":"2025-08-18T13:19:40","guid":{"rendered":"https:\/\/www.camping-calvados-normandie.fr\/r-i\/"},"modified":"2025-08-18T15:19:43","modified_gmt":"2025-08-18T13:19:43","slug":"r-i","status":"publish","type":"page","link":"https:\/\/www.camping-calvados-normandie.fr\/it\/r-i\/","title":{"rendered":"R.I."},"content":{"rendered":"<p><div class=\"fusion-fullwidth fullwidth-box fusion-builder-row-1 fusion-flex-container nonhundred-percent-fullwidth non-hundred-percent-height-scrolling\" style=\"--awb-border-radius-top-left:0px;--awb-border-radius-top-right:0px;--awb-border-radius-bottom-right:0px;--awb-border-radius-bottom-left:0px;--awb-padding-top:30px;--awb-flex-wrap:wrap;\" ><div class=\"fusion-builder-row fusion-row fusion-flex-align-items-flex-start fusion-flex-content-wrap\" style=\"max-width:calc( 1232px + 0px );margin-left: calc(-0px \/ 2 );margin-right: calc(-0px \/ 2 );\"><div class=\"fusion-layout-column fusion_builder_column fusion-builder-column-0 fusion_builder_column_1_1 1_1 fusion-flex-column\" style=\"--awb-bg-size:cover;--awb-width-large:100%;--awb-margin-top-large:0px;--awb-spacing-right-large:0px;--awb-margin-bottom-large:0px;--awb-spacing-left-large:0px;--awb-width-medium:100%;--awb-spacing-right-medium:0px;--awb-spacing-left-medium:0px;--awb-width-small:100%;--awb-spacing-right-small:0px;--awb-spacing-left-small:0px;\"><div class=\"fusion-column-wrapper fusion-column-has-shadow fusion-flex-justify-content-flex-start fusion-content-layout-column\"><div class=\"fusion-text fusion-text-1\"><h1 class=\"h1_separator\" style=\"text-transform: uppercase;\">R.I.<\/h1>\n<\/div><\/div><\/div><\/div><\/div><div class=\"fusion-fullwidth fullwidth-box fusion-builder-row-2 fusion-flex-container hundred-percent-fullwidth non-hundred-percent-height-scrolling\" style=\"--awb-border-radius-top-left:0px;--awb-border-radius-top-right:0px;--awb-border-radius-bottom-right:0px;--awb-border-radius-bottom-left:0px;--awb-padding-right:6%;--awb-padding-bottom:97px;--awb-padding-left:3%;--awb-flex-wrap:wrap;\" ><div class=\"fusion-builder-row fusion-row fusion-flex-align-items-stretch fusion-flex-content-wrap\" style=\"width:calc( 100% + 0px ) !important;max-width:calc( 100% + 0px ) !important;margin-left: calc(-0px \/ 2 );margin-right: calc(-0px \/ 2 );\"><div class=\"fusion-layout-column fusion_builder_column fusion-builder-column-1 fusion_builder_column_1_4 1_4 fusion-flex-column\" style=\"--awb-bg-size:cover;--awb-width-large:25%;--awb-margin-top-large:0px;--awb-spacing-right-large:calc( 0.04 * calc( 100% - 0 ) );--awb-margin-bottom-large:0px;--awb-spacing-left-large:0px;--awb-width-medium:25%;--awb-spacing-right-medium:calc( 0.04 * calc( 100% - 0 ) );--awb-spacing-left-medium:0px;--awb-width-small:100%;--awb-spacing-right-small:0px;--awb-spacing-left-small:0px;\"><div class=\"fusion-column-wrapper fusion-column-has-shadow fusion-flex-justify-content-flex-start fusion-content-layout-column\"><\/div><\/div><div class=\"fusion-layout-column fusion_builder_column fusion-builder-column-2 fusion_builder_column_2_3 2_3 fusion-flex-column\" style=\"--awb-padding-top:4%;--awb-bg-size:cover;--awb-width-large:66.666666666667%;--awb-margin-top-large:0px;--awb-spacing-right-large:0px;--awb-margin-bottom-large:0px;--awb-spacing-left-large:calc( 0.040000000000001 * calc( 100% - 0 ) );--awb-width-medium:66.666666666667%;--awb-spacing-right-medium:0px;--awb-spacing-left-medium:calc( 0.040000000000001 * calc( 100% - 0 ) );--awb-width-small:100%;--awb-spacing-right-small:0px;--awb-spacing-left-small:0px;\"><div class=\"fusion-column-wrapper fusion-column-has-shadow fusion-flex-justify-content-flex-start fusion-content-layout-column\"><div class=\"fusion-text fusion-text-2\"><h2>Condizioni generali di noleggio di una piazzola<\/h2>\n<p>Tutte le prenotazioni implicano l&#8217;accettazione delle regole e delle condizioni di seguito riportate.<\/p>\n<h3>I prezzi includono<\/h3>\n<p>Affitto di una piazzola, che sar\u00e0 messa a disposizione a partire dalle 14:00 del giorno di arrivo e dovr\u00e0 essere liberata entro le 12:00 del giorno di partenza. Accesso ai servizi igienici, alle aree gioco, al ping pong e alla piscina. Massimo 6 persone per piazzola. I prezzi non includono: tassa di soggiorno alla tariffa vigente (al giorno e per persona di et\u00e0 superiore ai 18 anni).   <\/p>\n<h3>Condizioni di prenotazione<\/h3>\n<p>Il pagamento di una caparra pari al 30% del costo totale del soggiorno. Il saldo del soggiorno e la tassa di soggiorno devono essere pagati entro e non oltre il giorno prima della partenza. <\/p>\n<h3>Cancellazione della prenotazione<\/h3>\n<p>Tutte le cancellazioni devono essere effettuate tramite lettera raccomandata. Per tutte le cancellazioni effettuate dall&#8217;inquilino meno di 45 giorni prima della data di arrivo, la caparra sar\u00e0 trattenuta dal campeggio. Una volta iniziato il soggiorno, la caparra rimane di propriet\u00e0 del campeggio. In caso di mancata presentazione, la piazzola verr\u00e0 trattenuta per le 24 ore successive alla data di arrivo prevista. In caso di mancata presentazione, la prenotazione sar\u00e0 cancellata e la caparra sar\u00e0 trattenuta dal campeggio. In tutti i casi di cancellazione, la caparra viene trattenuta dal campeggio. Possibilit\u00e0 di stipulare un&#8217;assicurazione per la cancellazione: 3% del costo totale del soggiorno.     <\/p>\n<h3>Animali<\/h3>\n<p>Gli animali domestici sono ammessi in campeggio, ma devono essere tenuti al guinzaglio e vaccinati. \u00c8 necessario presentare un certificato di vaccinazione aggiornato. Non possono essere lasciati in campeggio o chiusi negli alloggi in assenza del loro padrone. \u00c8 severamente vietato l&#8217;accesso ai servizi igienici e all&#8217;area giochi per bambini. I cani di prima e seconda categoria sono severamente vietati.<\/p>\n<\/div><div class=\"fusion-text fusion-text-3\"><h2>Condizioni generali di affitto di case mobili, chalet e g\u00eetes<\/h2>\n<p>Tutti gli affitti sono nominativi e non possono in nessun caso essere subaffittati. Per motivi di sicurezza, l&#8217;occupazione \u00e8 limitata a un massimo di 2-9 persone, a seconda del tipo di alloggio. Non saranno accettati minori non accompagnati. L&#8217;affittuario deve avere un&#8217;assicurazione di &#8220;responsabilit\u00e0 civile&#8221;.   <\/p>\n<h3>Tassa di soggiorno<\/h3>\n<p>Tassa di soggiorno in aggiunta al prezzo di affitto secondo la tariffa vigente (al giorno e per persona di et\u00e0 superiore ai 18 anni).<\/p>\n<h3>Prenotazioni<\/h3>\n<p>Vanno da sabato a sabato nei mesi di luglio e agosto. Arrivo a partire dalle 15:00, partenza entro le 10:00. Qualsiasi arrivo prima della data e dell&#8217;ora concordata comporter\u00e0 l&#8217;impossibilit\u00e0 di occupare l&#8217;alloggio affittato, a meno che non sia stato raggiunto un accordo scritto con la direzione del campeggio.  <\/p>\n<h3>Condizioni di pagamento<\/h3>\n<p>Le richieste di prenotazione devono essere accompagnate da un deposito del 30% del costo totale del soggiorno. Il saldo del soggiorno e il deposito di 200\u20ac devono essere pagati all&#8217;arrivo. La caparra ti sar\u00e0 restituita il giorno della partenza dopo il controllo dell&#8217;affitto. In caso di partenza al di fuori degli orari di apertura dell&#8217;ufficio, il deposito verr\u00e0 inviato per posta, al netto di eventuali detrazioni per danni o pulizie non effettuate, e dopo aver controllato l&#8217;inventario e la pulizia dell&#8217;alloggio, essendo la pulizia a carico dell&#8217;affittuario. Se l&#8217;inquilino non provvede, dovr\u00e0 pagare una somma forfettaria di 50\u20ac per le pulizie. L&#8217;inventario alla fine del periodo di locazione deve essere identico a quello dell&#8217;inizio del periodo di locazione e qualsiasi elemento mancante deve essere sostituito o pagato dall&#8217;inquilino.<br \/>\nCancellazione: Tutte le cancellazioni devono essere effettuate tramite lettera raccomandata. Per qualsiasi cancellazione richiesta dall&#8217;affittuario ed effettuata meno di 45 giorni prima della data di arrivo, il campeggio tratterr\u00e0 la caparra. L&#8217;importo totale del soggiorno sar\u00e0 trattenuto dal campeggio a soggiorno iniziato. In caso di mancata presentazione, l&#8217;importo dell&#8217;affitto sar\u00e0 trattenuto per le 24 ore successive alla data di arrivo prevista. In caso di mancata presentazione, la prenotazione sar\u00e0 annullata e la caparra sar\u00e0 trattenuta dal campeggio. In tutti i casi di cancellazione, la caparra viene trattenuta dal campeggio. \u00c8 possibile stipulare un&#8217;assicurazione contro la cancellazione (prima della data del soggiorno) per il 3% del costo totale del soggiorno. Non \u00e8 prevista alcuna riduzione in caso di arrivo posticipato o partenza anticipata per qualsiasi motivo.            <\/p>\n<h3>Visitatori<\/h3>\n<p>I visitatori sono ammessi dalle 10:00 alle 21:00 e devono registrarsi alla reception al momento dell&#8217;arrivo e pagare la quota prevista. Sono sotto la responsabilit\u00e0 dei campeggiatori che li accolgono e devono rispettare le regole. Il loro veicolo deve essere parcheggiato nel parcheggio esterno.  <\/p>\n<h3>Animali<\/h3>\n<p>I gatti non sono ammessi negli alloggi in affitto. \u00c8 ammesso un solo cane che sia stato vaccinato (esibire il certificato di vaccinazione) e che pesi meno di 6 kg. I cani devono essere sempre tenuti al guinzaglio e non devono essere lasciati soli nell&#8217;alloggio.<\/p>\n<\/div><\/div><\/div><\/div><\/div><\/p>\n","protected":false},"excerpt":{"rendered":"","protected":false},"author":2,"featured_media":0,"parent":0,"menu_order":0,"comment_status":"closed","ping_status":"closed","template":"100-width.php","meta":{"_acf_changed":false,"_monsterinsights_skip_tracking":false,"_monsterinsights_sitenote_active":false,"_monsterinsights_sitenote_note":"","_monsterinsights_sitenote_category":0,"footnotes":""},"categories":[],"class_list":["post-7605","page","type-page","status-publish","hentry"],"acf":[],"yoast_head":"<!-- This site is optimized with the Yoast SEO plugin v26.9 - https:\/\/yoast.com\/product\/yoast-seo-wordpress\/ -->\n<title>R.I. - Camping La Roseraie D&#039;Omaha<\/title>\n<meta name=\"robots\" content=\"index, follow, max-snippet:-1, max-image-preview:large, max-video-preview:-1\" \/>\n<link rel=\"canonical\" href=\"https:\/\/www.camping-calvados-normandie.fr\/it\/r-i\/\" \/>\n<meta property=\"og:locale\" content=\"it_IT\" \/>\n<meta property=\"og:type\" content=\"article\" \/>\n<meta property=\"og:title\" content=\"R.I. - Camping La Roseraie D&#039;Omaha\" \/>\n<meta property=\"og:url\" content=\"https:\/\/www.camping-calvados-normandie.fr\/it\/r-i\/\" \/>\n<meta property=\"og:site_name\" content=\"Camping La Roseraie D&#039;Omaha\" \/>\n<meta property=\"article:modified_time\" content=\"2025-08-18T13:19:43+00:00\" \/>\n<meta name=\"twitter:card\" content=\"summary_large_image\" \/>\n<meta name=\"twitter:label1\" content=\"Tempo di lettura stimato\" \/>\n\t<meta name=\"twitter:data1\" content=\"7 minuti\" \/>\n<script type=\"application\/ld+json\" class=\"yoast-schema-graph\">{\"@context\":\"https:\/\/schema.org\",\"@graph\":[{\"@type\":\"WebPage\",\"@id\":\"https:\/\/www.camping-calvados-normandie.fr\/it\/r-i\/\",\"url\":\"https:\/\/www.camping-calvados-normandie.fr\/it\/r-i\/\",\"name\":\"R.I. - Camping La Roseraie D&#039;Omaha\",\"isPartOf\":{\"@id\":\"https:\/\/www.camping-calvados-normandie.fr\/it\/#website\"},\"datePublished\":\"2025-08-18T13:19:40+00:00\",\"dateModified\":\"2025-08-18T13:19:43+00:00\",\"breadcrumb\":{\"@id\":\"https:\/\/www.camping-calvados-normandie.fr\/it\/r-i\/#breadcrumb\"},\"inLanguage\":\"it-IT\",\"potentialAction\":[{\"@type\":\"ReadAction\",\"target\":[\"https:\/\/www.camping-calvados-normandie.fr\/it\/r-i\/\"]}]},{\"@type\":\"BreadcrumbList\",\"@id\":\"https:\/\/www.camping-calvados-normandie.fr\/it\/r-i\/#breadcrumb\",\"itemListElement\":[{\"@type\":\"ListItem\",\"position\":1,\"name\":\"Accueil\",\"item\":\"https:\/\/www.camping-calvados-normandie.fr\/it\/\"},{\"@type\":\"ListItem\",\"position\":2,\"name\":\"R.I.\"}]},{\"@type\":\"WebSite\",\"@id\":\"https:\/\/www.camping-calvados-normandie.fr\/it\/#website\",\"url\":\"https:\/\/www.camping-calvados-normandie.fr\/it\/\",\"name\":\"Camping La Roseraie D&#039;Omaha\",\"description\":\"\",\"potentialAction\":[{\"@type\":\"SearchAction\",\"target\":{\"@type\":\"EntryPoint\",\"urlTemplate\":\"https:\/\/www.camping-calvados-normandie.fr\/it\/?s={search_term_string}\"},\"query-input\":{\"@type\":\"PropertyValueSpecification\",\"valueRequired\":true,\"valueName\":\"search_term_string\"}}],\"inLanguage\":\"it-IT\"}]}<\/script>\n<!-- \/ Yoast SEO plugin. -->","yoast_head_json":{"title":"R.I. - Camping La Roseraie D&#039;Omaha","robots":{"index":"index","follow":"follow","max-snippet":"max-snippet:-1","max-image-preview":"max-image-preview:large","max-video-preview":"max-video-preview:-1"},"canonical":"https:\/\/www.camping-calvados-normandie.fr\/it\/r-i\/","og_locale":"it_IT","og_type":"article","og_title":"R.I. - Camping La Roseraie D&#039;Omaha","og_url":"https:\/\/www.camping-calvados-normandie.fr\/it\/r-i\/","og_site_name":"Camping La Roseraie D&#039;Omaha","article_modified_time":"2025-08-18T13:19:43+00:00","twitter_card":"summary_large_image","twitter_misc":{"Tempo di lettura stimato":"7 minuti"},"schema":{"@context":"https:\/\/schema.org","@graph":[{"@type":"WebPage","@id":"https:\/\/www.camping-calvados-normandie.fr\/it\/r-i\/","url":"https:\/\/www.camping-calvados-normandie.fr\/it\/r-i\/","name":"R.I. - Camping La Roseraie D&#039;Omaha","isPartOf":{"@id":"https:\/\/www.camping-calvados-normandie.fr\/it\/#website"},"datePublished":"2025-08-18T13:19:40+00:00","dateModified":"2025-08-18T13:19:43+00:00","breadcrumb":{"@id":"https:\/\/www.camping-calvados-normandie.fr\/it\/r-i\/#breadcrumb"},"inLanguage":"it-IT","potentialAction":[{"@type":"ReadAction","target":["https:\/\/www.camping-calvados-normandie.fr\/it\/r-i\/"]}]},{"@type":"BreadcrumbList","@id":"https:\/\/www.camping-calvados-normandie.fr\/it\/r-i\/#breadcrumb","itemListElement":[{"@type":"ListItem","position":1,"name":"Accueil","item":"https:\/\/www.camping-calvados-normandie.fr\/it\/"},{"@type":"ListItem","position":2,"name":"R.I."}]},{"@type":"WebSite","@id":"https:\/\/www.camping-calvados-normandie.fr\/it\/#website","url":"https:\/\/www.camping-calvados-normandie.fr\/it\/","name":"Camping La Roseraie D&#039;Omaha","description":"","potentialAction":[{"@type":"SearchAction","target":{"@type":"EntryPoint","urlTemplate":"https:\/\/www.camping-calvados-normandie.fr\/it\/?s={search_term_string}"},"query-input":{"@type":"PropertyValueSpecification","valueRequired":true,"valueName":"search_term_string"}}],"inLanguage":"it-IT"}]}},"_links":{"self":[{"href":"https:\/\/www.camping-calvados-normandie.fr\/it\/wp-json\/wp\/v2\/pages\/7605","targetHints":{"allow":["GET"]}}],"collection":[{"href":"https:\/\/www.camping-calvados-normandie.fr\/it\/wp-json\/wp\/v2\/pages"}],"about":[{"href":"https:\/\/www.camping-calvados-normandie.fr\/it\/wp-json\/wp\/v2\/types\/page"}],"author":[{"embeddable":true,"href":"https:\/\/www.camping-calvados-normandie.fr\/it\/wp-json\/wp\/v2\/users\/2"}],"replies":[{"embeddable":true,"href":"https:\/\/www.camping-calvados-normandie.fr\/it\/wp-json\/wp\/v2\/comments?post=7605"}],"version-history":[{"count":6,"href":"https:\/\/www.camping-calvados-normandie.fr\/it\/wp-json\/wp\/v2\/pages\/7605\/revisions"}],"predecessor-version":[{"id":7645,"href":"https:\/\/www.camping-calvados-normandie.fr\/it\/wp-json\/wp\/v2\/pages\/7605\/revisions\/7645"}],"wp:attachment":[{"href":"https:\/\/www.camping-calvados-normandie.fr\/it\/wp-json\/wp\/v2\/media?parent=7605"}],"wp:term":[{"taxonomy":"category","embeddable":true,"href":"https:\/\/www.camping-calvados-normandie.fr\/it\/wp-json\/wp\/v2\/categories?post=7605"}],"curies":[{"name":"wp","href":"https:\/\/api.w.org\/{rel}","templated":true}]}}