{"id":6675,"date":"2025-08-18T15:17:52","date_gmt":"2025-08-18T13:17:52","guid":{"rendered":"https:\/\/www.camping-calvados-normandie.fr\/campeggio-ouest-normandie\/"},"modified":"2025-08-18T15:23:49","modified_gmt":"2025-08-18T13:23:49","slug":"campeggio-ouest-normandie","status":"publish","type":"page","link":"https:\/\/www.camping-calvados-normandie.fr\/it\/campeggio-ouest-normandie\/","title":{"rendered":"Campeggio Ouest Normandie"},"content":{"rendered":"<p><div class=\"fusion-fullwidth fullwidth-box fusion-builder-row-1 fusion-flex-container has-pattern-background has-mask-background nonhundred-percent-fullwidth non-hundred-percent-height-scrolling\" style=\"--awb-border-radius-top-left:0px;--awb-border-radius-top-right:0px;--awb-border-radius-bottom-right:0px;--awb-border-radius-bottom-left:0px;--awb-margin-bottom:135px;--awb-margin-bottom-medium:75px;--awb-margin-top-small:-5px;--awb-margin-bottom-small:75px;--awb-flex-wrap:wrap;\" ><div class=\"fusion-builder-row fusion-row fusion-flex-align-items-flex-start fusion-flex-content-wrap\" style=\"max-width:calc( 1232px + 0px );margin-left: calc(-0px \/ 2 );margin-right: calc(-0px \/ 2 );\"><div class=\"fusion-layout-column fusion_builder_column fusion-builder-column-0 fusion_builder_column_1_2 1_2 fusion-flex-column\" style=\"--awb-bg-size:cover;--awb-width-large:50%;--awb-margin-top-large:0px;--awb-spacing-right-large:0px;--awb-margin-bottom-large:0px;--awb-spacing-left-large:0px;--awb-width-medium:50%;--awb-order-medium:0;--awb-spacing-right-medium:0px;--awb-spacing-left-medium:0px;--awb-width-small:100%;--awb-order-small:0;--awb-spacing-right-small:0px;--awb-spacing-left-small:28px;\" data-scroll-devices=\"small-visibility,medium-visibility,large-visibility\"><div class=\"fusion-column-wrapper fusion-column-has-shadow fusion-flex-justify-content-flex-start fusion-content-layout-column\"><div class=\"fusion-title title fusion-title-1 fusion-sep-none fusion-title-text fusion-title-size-one has-shape yellow\" style=\"--awb-margin-bottom:49px;--awb-margin-bottom-small:35px;\"><h1 class=\"fusion-title-heading title-heading-left\" style=\"margin:0;\">Campeggio Ouest Normandie<\/h1><\/div><div class=\"fusion-text fusion-text-1\"><p>Il campeggio 4 stelle La Roseraie d&#8217;Omaha, vicino alla spiaggia di Omaha, \u00e8 membro dell&#8217;associazione di campeggi Ouest Normandie Camping in Normandia. Lo scopo di questa associazione \u00e8 quello di aiutare i campeggi indipendenti della regione a lavorare insieme per migliorare la qualit\u00e0 dei servizi offerti ai loro clienti.<\/p>\n<\/div><\/div><\/div><div class=\"fusion-layout-column fusion_builder_column fusion-builder-column-1 fusion_builder_column_1_2 1_2 fusion-flex-column\" style=\"--awb-bg-size:cover;--awb-width-large:50%;--awb-margin-top-large:0px;--awb-spacing-right-large:0px;--awb-margin-bottom-large:0px;--awb-spacing-left-large:96px;--awb-width-medium:50%;--awb-order-medium:0;--awb-spacing-right-medium:0px;--awb-spacing-left-medium:96px;--awb-width-small:100%;--awb-order-small:0;--awb-spacing-right-small:0px;--awb-spacing-left-small:0px;\" data-scroll-devices=\"small-visibility,medium-visibility,large-visibility\"><div class=\"fusion-column-wrapper fusion-column-has-shadow fusion-flex-justify-content-flex-start fusion-content-layout-column\"><div class=\"fusion-image-element \" style=\"--awb-aspect-ratio: 100 \/ 59;--awb-caption-title-font-family:var(--h2_typography-font-family);--awb-caption-title-font-weight:var(--h2_typography-font-weight);--awb-caption-title-font-style:var(--h2_typography-font-style);--awb-caption-title-size:var(--h2_typography-font-size);--awb-caption-title-transform:var(--h2_typography-text-transform);--awb-caption-title-line-height:var(--h2_typography-line-height);--awb-caption-title-letter-spacing:var(--h2_typography-letter-spacing);\"><span class=\" fusion-imageframe imageframe-none imageframe-1 hover-type-none has-aspect-ratio has-shape img__full\"><img decoding=\"async\" width=\"708\" height=\"670\" title=\"DJI_20240605092311_0047_D@2x\" src=\"https:\/\/www.camping-calvados-normandie.fr\/wp-content\/uploads\/DJI_20240605092311_0047_D@2x.jpg\" data-orig-src=\"https:\/\/www.camping-calvados-normandie.fr\/wp-content\/uploads\/DJI_20240605092311_0047_D@2x.jpg\" class=\"lazyload img-responsive wp-image-3694 img-with-aspect-ratio\" data-parent-fit=\"cover\" data-parent-container=\".fusion-image-element\" alt srcset=\"data:image\/svg+xml,%3Csvg%20xmlns%3D%27http%3A%2F%2Fwww.w3.org%2F2000%2Fsvg%27%20width%3D%27708%27%20height%3D%27670%27%20viewBox%3D%270%200%20708%20670%27%3E%3Crect%20width%3D%27708%27%20height%3D%27670%27%20fill-opacity%3D%220%22%2F%3E%3C%2Fsvg%3E\" data-srcset=\"https:\/\/www.camping-calvados-normandie.fr\/wp-content\/uploads\/DJI_20240605092311_0047_D@2x-200x189.jpg 200w, https:\/\/www.camping-calvados-normandie.fr\/wp-content\/uploads\/DJI_20240605092311_0047_D@2x-400x379.jpg 400w, https:\/\/www.camping-calvados-normandie.fr\/wp-content\/uploads\/DJI_20240605092311_0047_D@2x-600x568.jpg 600w, https:\/\/www.camping-calvados-normandie.fr\/wp-content\/uploads\/DJI_20240605092311_0047_D@2x.jpg 708w\" data-sizes=\"auto\" data-orig-sizes=\"(max-width: 800px) 100vw, 600px\" \/><\/span><\/div><\/div><\/div><\/div><\/div><div class=\"fusion-fullwidth fullwidth-box fusion-builder-row-2 fusion-flex-container has-pattern-background has-mask-background nonhundred-percent-fullwidth non-hundred-percent-height-scrolling\" style=\"--awb-border-radius-top-left:0px;--awb-border-radius-top-right:0px;--awb-border-radius-bottom-right:0px;--awb-border-radius-bottom-left:0px;--awb-flex-wrap:wrap;\" ><div class=\"fusion-builder-row fusion-row fusion-flex-align-items-stretch fusion-flex-content-wrap\" style=\"max-width:calc( 1232px + 0px );margin-left: calc(-0px \/ 2 );margin-right: calc(-0px \/ 2 );\"><div class=\"fusion-layout-column fusion_builder_column fusion-builder-column-2 fusion_builder_column_1_1 1_1 fusion-flex-column\" style=\"--awb-bg-size:cover;--awb-width-large:100%;--awb-margin-top-large:0px;--awb-spacing-right-large:0px;--awb-margin-bottom-large:0px;--awb-spacing-left-large:0px;--awb-width-medium:100%;--awb-order-medium:0;--awb-spacing-right-medium:0px;--awb-spacing-left-medium:0px;--awb-width-small:100%;--awb-order-small:0;--awb-spacing-right-small:0px;--awb-spacing-left-small:0px;\" data-scroll-devices=\"small-visibility,medium-visibility,large-visibility\"><div class=\"fusion-column-wrapper fusion-column-has-shadow fusion-flex-justify-content-flex-start fusion-content-layout-column\"><div class=\"fusion-text fusion-text-2 auto-sections\"><p>Questa associazione \u00e8 coinvolta in molti aspetti della vita in campeggio. Si va dalle raccomandazioni sugli aspetti operativi e l&#8217;introduzione di carte comportamentali alla creazione di servizi innovativi, soprattutto in ambito web e digitale. L&#8217;associazione Camping Ouest Normandie ha anche creato un portale di prenotazione per consentire agli utenti di internet di confrontare facilmente i diversi campeggi della Normandia e di scegliere quello pi\u00f9 adatto a loro, in particolare attraverso una mappa interattiva che elenca tutti i campeggi membri dell&#8217;associazione, il loro numero di stelle, le strutture e le principali attivit\u00e0 turistiche e i siti vicini.  <\/p>\n<p>Per saperne di pi\u00f9, visita il sito ufficiale dell&#8217;associazione Ouest <strong><a href=\"https:\/\/www.normandie-camping.com\/\" target=\"_blank\" rel=\"noopener noreferrer\">Campeggio Normandie<\/a><\/strong>.<\/p>\n<h2 class=\"has-shape\">Altri partner della Roseraie d&#8217;Omaha<\/h2>\n<p>Siti web di altre strutture ricettive all&#8217;aperto in Bassa e Alta Normandia:<\/p>\n<p><a href=\"https:\/\/www.camping-calvados-normandie.fr\/it\/campeggio-lez-eaux\/\" target=\"_blank\" rel=\"noopener noreferrer\"><strong>Campeggio Castel Ch\u00e2teau de Lez-Eaux<\/strong><\/a>240 Avenue de Lez-Eaux, 50380 Saint-Aubin-des-Pr\u00e9aux<\/p>\n<p><a href=\"https:\/\/www.camping-calvados-normandie.fr\/it\/idee-di-vacanza-nel-bocage-della-normandia\/\" target=\"_blank\" rel=\"noopener noreferrer\"><strong>Campeggio l&#8217;Escapade<\/strong><\/a>, L&#8217;\u00c9glise, 14490 Cahagnolles<\/p>\n<p><strong><a href=\"https:\/\/www.camping-calvados-normandie.fr\/it\/campeggio-lesperance\/\" target=\"_blank\" rel=\"noopener noreferrer\">Campeggio l&#8217;Esp\u00e9rance<\/a><\/strong>36 Rue de la Gamburie, 50580 Denneville<\/p>\n<p><a href=\"https:\/\/www.camping-calvados-normandie.fr\/it\/campeggio-vitamina\/\" target=\"_blank\" rel=\"noopener noreferrer\"><strong>Campeggio Vitamin<\/strong><\/a>865 Chemin des Vertus, 76550 Saint-Aubin-sur-Scie<\/p>\n<p>Siti web esterni all&#8217;associazione Camping Ouest Normandie ma partner della Roseraie d&#8217;Omaha:<\/p>\n<p><a href=\"https:\/\/www.camping-calvados-normandie.fr\/it\/vacanze-arcachon\/\" target=\"_blank\" rel=\"noopener noreferrer\"><strong>Vacanze Arcachon<\/strong><\/a><\/p>\n<\/div><\/div><\/div><\/div><\/div><\/p>\n","protected":false},"excerpt":{"rendered":"","protected":false},"author":2,"featured_media":0,"parent":0,"menu_order":0,"comment_status":"closed","ping_status":"closed","template":"100-width.php","meta":{"_acf_changed":false,"_monsterinsights_skip_tracking":false,"_monsterinsights_sitenote_active":false,"_monsterinsights_sitenote_note":"","_monsterinsights_sitenote_category":0,"footnotes":""},"categories":[],"class_list":["post-6675","page","type-page","status-publish","hentry"],"acf":[],"yoast_head":"<!-- This site is optimized with the Yoast SEO plugin v26.9 - https:\/\/yoast.com\/product\/yoast-seo-wordpress\/ -->\n<title>Campeggio Ouest Normandie - Camping La Roseraie D&#039;Omaha<\/title>\n<meta name=\"robots\" content=\"index, follow, max-snippet:-1, max-image-preview:large, max-video-preview:-1\" \/>\n<link rel=\"canonical\" href=\"https:\/\/www.camping-calvados-normandie.fr\/it\/campeggio-ouest-normandie\/\" \/>\n<meta property=\"og:locale\" content=\"it_IT\" \/>\n<meta property=\"og:type\" content=\"article\" \/>\n<meta property=\"og:title\" content=\"Campeggio Ouest Normandie - Camping La Roseraie D&#039;Omaha\" \/>\n<meta property=\"og:url\" content=\"https:\/\/www.camping-calvados-normandie.fr\/it\/campeggio-ouest-normandie\/\" \/>\n<meta property=\"og:site_name\" content=\"Camping La Roseraie D&#039;Omaha\" \/>\n<meta property=\"article:modified_time\" content=\"2025-08-18T13:23:49+00:00\" \/>\n<meta name=\"twitter:card\" content=\"summary_large_image\" \/>\n<meta name=\"twitter:label1\" content=\"Tempo di lettura stimato\" \/>\n\t<meta name=\"twitter:data1\" content=\"17 minuti\" \/>\n<script type=\"application\/ld+json\" class=\"yoast-schema-graph\">{\"@context\":\"https:\/\/schema.org\",\"@graph\":[{\"@type\":\"WebPage\",\"@id\":\"https:\/\/www.camping-calvados-normandie.fr\/it\/campeggio-ouest-normandie\/\",\"url\":\"https:\/\/www.camping-calvados-normandie.fr\/it\/campeggio-ouest-normandie\/\",\"name\":\"Campeggio Ouest Normandie - Camping La Roseraie D&#039;Omaha\",\"isPartOf\":{\"@id\":\"https:\/\/www.camping-calvados-normandie.fr\/it\/#website\"},\"datePublished\":\"2025-08-18T13:17:52+00:00\",\"dateModified\":\"2025-08-18T13:23:49+00:00\",\"breadcrumb\":{\"@id\":\"https:\/\/www.camping-calvados-normandie.fr\/it\/campeggio-ouest-normandie\/#breadcrumb\"},\"inLanguage\":\"it-IT\",\"potentialAction\":[{\"@type\":\"ReadAction\",\"target\":[\"https:\/\/www.camping-calvados-normandie.fr\/it\/campeggio-ouest-normandie\/\"]}]},{\"@type\":\"BreadcrumbList\",\"@id\":\"https:\/\/www.camping-calvados-normandie.fr\/it\/campeggio-ouest-normandie\/#breadcrumb\",\"itemListElement\":[{\"@type\":\"ListItem\",\"position\":1,\"name\":\"Accueil\",\"item\":\"https:\/\/www.camping-calvados-normandie.fr\/it\/\"},{\"@type\":\"ListItem\",\"position\":2,\"name\":\"Campeggio Ouest Normandie\"}]},{\"@type\":\"WebSite\",\"@id\":\"https:\/\/www.camping-calvados-normandie.fr\/it\/#website\",\"url\":\"https:\/\/www.camping-calvados-normandie.fr\/it\/\",\"name\":\"Camping La Roseraie D&#039;Omaha\",\"description\":\"\",\"potentialAction\":[{\"@type\":\"SearchAction\",\"target\":{\"@type\":\"EntryPoint\",\"urlTemplate\":\"https:\/\/www.camping-calvados-normandie.fr\/it\/?s={search_term_string}\"},\"query-input\":{\"@type\":\"PropertyValueSpecification\",\"valueRequired\":true,\"valueName\":\"search_term_string\"}}],\"inLanguage\":\"it-IT\"}]}<\/script>\n<!-- \/ Yoast SEO plugin. -->","yoast_head_json":{"title":"Campeggio Ouest Normandie - Camping La Roseraie D&#039;Omaha","robots":{"index":"index","follow":"follow","max-snippet":"max-snippet:-1","max-image-preview":"max-image-preview:large","max-video-preview":"max-video-preview:-1"},"canonical":"https:\/\/www.camping-calvados-normandie.fr\/it\/campeggio-ouest-normandie\/","og_locale":"it_IT","og_type":"article","og_title":"Campeggio Ouest Normandie - Camping La Roseraie D&#039;Omaha","og_url":"https:\/\/www.camping-calvados-normandie.fr\/it\/campeggio-ouest-normandie\/","og_site_name":"Camping La Roseraie D&#039;Omaha","article_modified_time":"2025-08-18T13:23:49+00:00","twitter_card":"summary_large_image","twitter_misc":{"Tempo di lettura stimato":"17 minuti"},"schema":{"@context":"https:\/\/schema.org","@graph":[{"@type":"WebPage","@id":"https:\/\/www.camping-calvados-normandie.fr\/it\/campeggio-ouest-normandie\/","url":"https:\/\/www.camping-calvados-normandie.fr\/it\/campeggio-ouest-normandie\/","name":"Campeggio Ouest Normandie - Camping La Roseraie D&#039;Omaha","isPartOf":{"@id":"https:\/\/www.camping-calvados-normandie.fr\/it\/#website"},"datePublished":"2025-08-18T13:17:52+00:00","dateModified":"2025-08-18T13:23:49+00:00","breadcrumb":{"@id":"https:\/\/www.camping-calvados-normandie.fr\/it\/campeggio-ouest-normandie\/#breadcrumb"},"inLanguage":"it-IT","potentialAction":[{"@type":"ReadAction","target":["https:\/\/www.camping-calvados-normandie.fr\/it\/campeggio-ouest-normandie\/"]}]},{"@type":"BreadcrumbList","@id":"https:\/\/www.camping-calvados-normandie.fr\/it\/campeggio-ouest-normandie\/#breadcrumb","itemListElement":[{"@type":"ListItem","position":1,"name":"Accueil","item":"https:\/\/www.camping-calvados-normandie.fr\/it\/"},{"@type":"ListItem","position":2,"name":"Campeggio Ouest Normandie"}]},{"@type":"WebSite","@id":"https:\/\/www.camping-calvados-normandie.fr\/it\/#website","url":"https:\/\/www.camping-calvados-normandie.fr\/it\/","name":"Camping La Roseraie D&#039;Omaha","description":"","potentialAction":[{"@type":"SearchAction","target":{"@type":"EntryPoint","urlTemplate":"https:\/\/www.camping-calvados-normandie.fr\/it\/?s={search_term_string}"},"query-input":{"@type":"PropertyValueSpecification","valueRequired":true,"valueName":"search_term_string"}}],"inLanguage":"it-IT"}]}},"_links":{"self":[{"href":"https:\/\/www.camping-calvados-normandie.fr\/it\/wp-json\/wp\/v2\/pages\/6675","targetHints":{"allow":["GET"]}}],"collection":[{"href":"https:\/\/www.camping-calvados-normandie.fr\/it\/wp-json\/wp\/v2\/pages"}],"about":[{"href":"https:\/\/www.camping-calvados-normandie.fr\/it\/wp-json\/wp\/v2\/types\/page"}],"author":[{"embeddable":true,"href":"https:\/\/www.camping-calvados-normandie.fr\/it\/wp-json\/wp\/v2\/users\/2"}],"replies":[{"embeddable":true,"href":"https:\/\/www.camping-calvados-normandie.fr\/it\/wp-json\/wp\/v2\/comments?post=6675"}],"version-history":[{"count":7,"href":"https:\/\/www.camping-calvados-normandie.fr\/it\/wp-json\/wp\/v2\/pages\/6675\/revisions"}],"predecessor-version":[{"id":9913,"href":"https:\/\/www.camping-calvados-normandie.fr\/it\/wp-json\/wp\/v2\/pages\/6675\/revisions\/9913"}],"wp:attachment":[{"href":"https:\/\/www.camping-calvados-normandie.fr\/it\/wp-json\/wp\/v2\/media?parent=6675"}],"wp:term":[{"taxonomy":"category","embeddable":true,"href":"https:\/\/www.camping-calvados-normandie.fr\/it\/wp-json\/wp\/v2\/categories?post=6675"}],"curies":[{"name":"wp","href":"https:\/\/api.w.org\/{rel}","templated":true}]}}