{"id":10203,"date":"2025-08-18T15:24:18","date_gmt":"2025-08-18T13:24:18","guid":{"rendered":"https:\/\/www.camping-calvados-normandie.fr\/termini-e-condizioni-generali\/"},"modified":"2025-08-18T15:24:27","modified_gmt":"2025-08-18T13:24:27","slug":"termini-e-condizioni-generali","status":"publish","type":"page","link":"https:\/\/www.camping-calvados-normandie.fr\/it\/termini-e-condizioni-generali\/","title":{"rendered":"TERMINI E CONDIZIONI GENERALI"},"content":{"rendered":"<p><div class=\"fusion-fullwidth fullwidth-box fusion-builder-row-1 fusion-flex-container has-pattern-background has-mask-background nonhundred-percent-fullwidth non-hundred-percent-height-scrolling\" style=\"--awb-border-radius-top-left:0px;--awb-border-radius-top-right:0px;--awb-border-radius-bottom-right:0px;--awb-border-radius-bottom-left:0px;--awb-margin-bottom:135px;--awb-margin-bottom-medium:75px;--awb-margin-top-small:-5px;--awb-margin-bottom-small:75px;--awb-flex-wrap:wrap;\" ><div class=\"fusion-builder-row fusion-row fusion-flex-align-items-flex-start fusion-flex-content-wrap\" style=\"max-width:calc( 1232px + 0px );margin-left: calc(-0px \/ 2 );margin-right: calc(-0px \/ 2 );\"><div class=\"fusion-layout-column fusion_builder_column fusion-builder-column-0 fusion_builder_column_1_2 1_2 fusion-flex-column\" style=\"--awb-bg-size:cover;--awb-width-large:50%;--awb-margin-top-large:0px;--awb-spacing-right-large:0px;--awb-margin-bottom-large:0px;--awb-spacing-left-large:0px;--awb-width-medium:50%;--awb-order-medium:0;--awb-spacing-right-medium:0px;--awb-spacing-left-medium:0px;--awb-width-small:100%;--awb-order-small:0;--awb-spacing-right-small:0px;--awb-spacing-left-small:28px;\" data-scroll-devices=\"small-visibility,medium-visibility,large-visibility\"><div class=\"fusion-column-wrapper fusion-column-has-shadow fusion-flex-justify-content-flex-start fusion-content-layout-column\"><div class=\"fusion-title title fusion-title-1 fusion-sep-none fusion-title-text fusion-title-size-one has-shape yellow\" style=\"--awb-margin-bottom-small:35px;\"><h1 class=\"fusion-title-heading title-heading-left\" style=\"margin:0;\"><p>Condizioni generali di vendita<br \/>\ne noleggio di case mobili e chalet<\/p><\/h1><\/div><\/div><\/div><div class=\"fusion-layout-column fusion_builder_column fusion-builder-column-1 fusion_builder_column_1_2 1_2 fusion-flex-column\" style=\"--awb-bg-size:cover;--awb-width-large:50%;--awb-margin-top-large:0px;--awb-spacing-right-large:0px;--awb-margin-bottom-large:0px;--awb-spacing-left-large:0px;--awb-width-medium:50%;--awb-order-medium:0;--awb-spacing-right-medium:0px;--awb-spacing-left-medium:0px;--awb-width-small:100%;--awb-order-small:0;--awb-spacing-right-small:0px;--awb-spacing-left-small:0px;\"><div class=\"fusion-column-wrapper fusion-column-has-shadow fusion-flex-justify-content-flex-start fusion-content-layout-column\"><div class=\"fusion-image-element \" style=\"--awb-aspect-ratio: 100 \/ 59;--awb-caption-title-font-family:var(--h2_typography-font-family);--awb-caption-title-font-weight:var(--h2_typography-font-weight);--awb-caption-title-font-style:var(--h2_typography-font-style);--awb-caption-title-size:var(--h2_typography-font-size);--awb-caption-title-transform:var(--h2_typography-text-transform);--awb-caption-title-line-height:var(--h2_typography-line-height);--awb-caption-title-letter-spacing:var(--h2_typography-letter-spacing);\"><span class=\" fusion-imageframe imageframe-none imageframe-1 hover-type-none has-aspect-ratio has-shape img__full\"><img decoding=\"async\" width=\"708\" height=\"670\" title=\"DJI_20240605092311_0047_D@2x\" src=\"https:\/\/www.camping-calvados-normandie.fr\/wp-content\/uploads\/DJI_20240605092311_0047_D@2x.jpg\" data-orig-src=\"https:\/\/www.camping-calvados-normandie.fr\/wp-content\/uploads\/DJI_20240605092311_0047_D@2x.jpg\" class=\"lazyload img-responsive wp-image-3694 img-with-aspect-ratio\" data-parent-fit=\"cover\" data-parent-container=\".fusion-image-element\" alt srcset=\"data:image\/svg+xml,%3Csvg%20xmlns%3D%27http%3A%2F%2Fwww.w3.org%2F2000%2Fsvg%27%20width%3D%27708%27%20height%3D%27670%27%20viewBox%3D%270%200%20708%20670%27%3E%3Crect%20width%3D%27708%27%20height%3D%27670%27%20fill-opacity%3D%220%22%2F%3E%3C%2Fsvg%3E\" data-srcset=\"https:\/\/www.camping-calvados-normandie.fr\/wp-content\/uploads\/DJI_20240605092311_0047_D@2x-200x189.jpg 200w, https:\/\/www.camping-calvados-normandie.fr\/wp-content\/uploads\/DJI_20240605092311_0047_D@2x-400x379.jpg 400w, https:\/\/www.camping-calvados-normandie.fr\/wp-content\/uploads\/DJI_20240605092311_0047_D@2x-600x568.jpg 600w, https:\/\/www.camping-calvados-normandie.fr\/wp-content\/uploads\/DJI_20240605092311_0047_D@2x.jpg 708w\" data-sizes=\"auto\" data-orig-sizes=\"(max-width: 800px) 100vw, 708px\" \/><\/span><\/div><\/div><\/div><\/div><\/div><div class=\"fusion-fullwidth fullwidth-box fusion-builder-row-2 fusion-flex-container has-pattern-background has-mask-background nonhundred-percent-fullwidth non-hundred-percent-height-scrolling\" style=\"--awb-border-radius-top-left:0px;--awb-border-radius-top-right:0px;--awb-border-radius-bottom-right:0px;--awb-border-radius-bottom-left:0px;--awb-flex-wrap:wrap;\" ><div class=\"fusion-builder-row fusion-row fusion-flex-align-items-stretch fusion-flex-content-wrap\" style=\"max-width:calc( 1232px + 0px );margin-left: calc(-0px \/ 2 );margin-right: calc(-0px \/ 2 );\"><div class=\"fusion-layout-column fusion_builder_column fusion-builder-column-2 fusion_builder_column_1_1 1_1 fusion-flex-column\" style=\"--awb-padding-top:4%;--awb-bg-size:cover;--awb-width-large:100%;--awb-margin-top-large:0px;--awb-spacing-right-large:0px;--awb-margin-bottom-large:0px;--awb-spacing-left-large:0px;--awb-width-medium:100%;--awb-spacing-right-medium:0px;--awb-spacing-left-medium:0px;--awb-width-small:100%;--awb-spacing-right-small:0px;--awb-spacing-left-small:0px;\"><div class=\"fusion-column-wrapper fusion-column-has-shadow fusion-flex-justify-content-flex-start fusion-content-layout-column\"><div class=\"fusion-text fusion-text-1 auto-sections\"><h2 class=\"has-shape\">TERMINI E CONDIZIONI GENERALI PER IL NOLEGGIO DELLE PIAZZOLE<\/h2>\n<ul>\n<li>Tutte le prenotazioni implicano l&#8217;accettazione delle regole e delle condizioni di seguito riportate.<\/li>\n<li>I prezzi includono: l&#8217;affitto di una piazzola, che sar\u00e0 messa a disposizione a partire dalle 14:00 del giorno di arrivo e dovr\u00e0 essere liberata entro le 12:00 del giorno di partenza. Accesso ai servizi igienici, alle aree gioco, al ping pong e alla piscina. Massimo 6 persone per piazzola. I prezzi non includono: tassa di soggiorno alla tariffa vigente (al giorno e per persona di et\u00e0 superiore ai 18 anni).   <\/li>\n<li>Condizioni di prenotazione: pagamento di una caparra pari al 30% del costo totale del soggiorno. Il saldo del soggiorno e la tassa di soggiorno devono essere pagati entro e non oltre il giorno prima della partenza. <\/li>\n<li>Cancellazione della prenotazione: tutte le cancellazioni devono essere effettuate tramite lettera raccomandata. Per tutte le cancellazioni effettuate dall&#8217;inquilino meno di 45 giorni prima della data di arrivo, la caparra sar\u00e0 trattenuta dal campeggio. La caparra sar\u00e0 trattenuta dal campeggio una volta iniziato il soggiorno. In caso di mancata presentazione, la piazzola verr\u00e0 trattenuta per le 24 ore successive alla data di arrivo prevista. In caso di mancata presentazione, la prenotazione sar\u00e0 annullata e la caparra sar\u00e0 trattenuta dal campeggio. In tutti i casi di cancellazione, la caparra viene trattenuta dal campeggio. Possibilit\u00e0 di stipulare un&#8217;assicurazione per la cancellazione: 3% del costo totale del soggiorno.     <\/li>\n<li>Animali domestici: gli animali domestici sono i benvenuti nel campeggio, ma devono essere tenuti al guinzaglio e vaccinati. \u00c8 necessario presentare un certificato di vaccinazione aggiornato. Non possono essere lasciati in campeggio o chiusi negli alloggi in assenza del loro padrone. \u00c8 severamente vietato l&#8217;accesso ai servizi igienici e all&#8217;area giochi per bambini. I cani di prima e seconda categoria sono severamente vietati.    <\/li>\n<\/ul>\n<h2 class=\"has-shape\">CONDIZIONI GENERALI DI AFFITTO DI CASE MOBILI, CHALET E G\u00ceTES<\/h2>\n<ul>\n<li>Tutti gli affitti sono nominativi e non possono in nessun caso essere subaffittati. Per motivi di sicurezza, l&#8217;occupazione \u00e8 limitata a un massimo di 2-9 persone, a seconda del tipo di alloggio. Non saranno accettati minori non accompagnati. L&#8217;affittuario deve avere un&#8217;assicurazione di &#8220;responsabilit\u00e0 civile&#8221;.   <\/li>\n<li>Tassa di soggiorno in aggiunta al prezzo di affitto secondo la tariffa vigente (al giorno e per persona di et\u00e0 superiore ai 18 anni).<\/li>\n<li>Prenotazioni: da sabato a sabato in luglio e agosto. Arrivo a partire dalle 15:00, partenza entro le 10:00. Qualsiasi arrivo prima della data e dell&#8217;ora concordata comporter\u00e0 l&#8217;impossibilit\u00e0 di occupare l&#8217;alloggio affittato, a meno che non sia stato raggiunto un accordo scritto con la direzione del campeggio.  <\/li>\n<li>Condizioni di pagamento: la richiesta di prenotazione deve essere accompagnata da un acconto del 30% del costo totale del soggiorno. Il saldo del soggiorno e il deposito di 270\u20ac (in due assegni) o 200\u20ac (con carta di credito) devono essere versati all&#8217;arrivo. La caparra ti verr\u00e0 restituita il giorno della partenza dopo il controllo della propriet\u00e0 in affitto. In caso di partenza al di fuori degli orari di apertura dell&#8217;ufficio, il deposito verr\u00e0 inviato per posta al netto di eventuali detrazioni per danni o pulizie non effettuate e dopo aver verificato l&#8217;inventario e la pulizia dell&#8217;alloggio, essendo la pulizia a carico dell&#8217;affittuario. Se l&#8217;inquilino non provvede, dovr\u00e0 pagare una somma forfettaria di 50\u20ac per le pulizie. L&#8217;inventario alla fine del periodo di locazione deve essere identico a quello dell&#8217;inizio del periodo di locazione e gli oggetti mancanti devono essere sostituiti o pagati dall&#8217;inquilino.     <\/li>\n<li>Cancellazione: tutte le cancellazioni devono essere effettuate tramite lettera raccomandata. Per qualsiasi cancellazione richiesta dall&#8217;inquilino ed effettuata meno di 45 giorni prima della data di arrivo, il campeggio tratterr\u00e0 la caparra. L&#8217;importo totale del soggiorno sar\u00e0 trattenuto dal campeggio a soggiorno iniziato. In caso di mancata presentazione, l&#8217;importo dell&#8217;affitto sar\u00e0 trattenuto per le 24 ore successive alla data di arrivo prevista. In caso di mancata presentazione, la prenotazione sar\u00e0 annullata e la caparra sar\u00e0 trattenuta dal campeggio. In tutti i casi di cancellazione, la caparra viene trattenuta dal campeggio. \u00c8 possibile stipulare un&#8217;assicurazione per la cancellazione (prima della data del soggiorno) al 3% del costo totale del soggiorno. Non \u00e8 previsto alcuno sconto in caso di arrivo posticipato o partenza anticipata per qualsiasi motivo.       <\/li>\n<li>Visitatori: I visitatori sono ammessi dalle 10:00 alle 21:00 e devono registrarsi alla reception al loro arrivo e pagare la quota prevista. Sono sotto la responsabilit\u00e0 dei campeggiatori che li accolgono e devono rispettare le regole. Il loro veicolo deve essere parcheggiato nel parcheggio esterno.  <\/li>\n<li>Animali domestici: i gatti non sono ammessi negli alloggi in affitto. \u00c8 ammesso un solo cane che sia stato vaccinato (esibire il certificato di vaccinazione) e che pesi meno di 6 kg. I cani devono essere tenuti sempre al guinzaglio e non devono essere lasciati soli nell&#8217;alloggio. <\/li>\n<\/ul>\n<p>Ai sensi dell&#8217;articolo L. 152-1 del Codice del Consumo francese, puoi contattare gratuitamente il servizio di mediazione CM2C via e-mail: <u>https:\/\/cm2c.net\/declarer-un-litige.php<\/u> o per posta: CM2C, 14 rue Saint Jean 75017 Paris.<\/p>\n<\/div><\/div><\/div><\/div><\/div><\/p>\n","protected":false},"excerpt":{"rendered":"","protected":false},"author":2,"featured_media":0,"parent":0,"menu_order":0,"comment_status":"closed","ping_status":"closed","template":"100-width.php","meta":{"_acf_changed":false,"_monsterinsights_skip_tracking":false,"_monsterinsights_sitenote_active":false,"_monsterinsights_sitenote_note":"","_monsterinsights_sitenote_category":0,"footnotes":""},"categories":[],"class_list":["post-10203","page","type-page","status-publish","hentry"],"acf":[],"yoast_head":"<!-- This site is optimized with the Yoast SEO plugin v26.9 - https:\/\/yoast.com\/product\/yoast-seo-wordpress\/ -->\n<title>TERMINI E CONDIZIONI GENERALI - Camping La Roseraie D&#039;Omaha<\/title>\n<meta name=\"robots\" content=\"index, follow, max-snippet:-1, max-image-preview:large, max-video-preview:-1\" \/>\n<link rel=\"canonical\" href=\"https:\/\/www.camping-calvados-normandie.fr\/it\/termini-e-condizioni-generali\/\" \/>\n<meta property=\"og:locale\" content=\"it_IT\" \/>\n<meta property=\"og:type\" content=\"article\" \/>\n<meta property=\"og:title\" content=\"TERMINI E CONDIZIONI GENERALI - Camping La Roseraie D&#039;Omaha\" \/>\n<meta property=\"og:url\" content=\"https:\/\/www.camping-calvados-normandie.fr\/it\/termini-e-condizioni-generali\/\" \/>\n<meta property=\"og:site_name\" content=\"Camping La Roseraie D&#039;Omaha\" \/>\n<meta property=\"article:modified_time\" content=\"2025-08-18T13:24:27+00:00\" \/>\n<meta name=\"twitter:card\" content=\"summary_large_image\" \/>\n<meta name=\"twitter:label1\" content=\"Tempo di lettura stimato\" \/>\n\t<meta name=\"twitter:data1\" content=\"18 minuti\" \/>\n<script type=\"application\/ld+json\" class=\"yoast-schema-graph\">{\"@context\":\"https:\/\/schema.org\",\"@graph\":[{\"@type\":\"WebPage\",\"@id\":\"https:\/\/www.camping-calvados-normandie.fr\/it\/termini-e-condizioni-generali\/\",\"url\":\"https:\/\/www.camping-calvados-normandie.fr\/it\/termini-e-condizioni-generali\/\",\"name\":\"TERMINI E CONDIZIONI GENERALI - Camping La Roseraie D&#039;Omaha\",\"isPartOf\":{\"@id\":\"https:\/\/www.camping-calvados-normandie.fr\/it\/#website\"},\"datePublished\":\"2025-08-18T13:24:18+00:00\",\"dateModified\":\"2025-08-18T13:24:27+00:00\",\"breadcrumb\":{\"@id\":\"https:\/\/www.camping-calvados-normandie.fr\/it\/termini-e-condizioni-generali\/#breadcrumb\"},\"inLanguage\":\"it-IT\",\"potentialAction\":[{\"@type\":\"ReadAction\",\"target\":[\"https:\/\/www.camping-calvados-normandie.fr\/it\/termini-e-condizioni-generali\/\"]}]},{\"@type\":\"BreadcrumbList\",\"@id\":\"https:\/\/www.camping-calvados-normandie.fr\/it\/termini-e-condizioni-generali\/#breadcrumb\",\"itemListElement\":[{\"@type\":\"ListItem\",\"position\":1,\"name\":\"Accueil\",\"item\":\"https:\/\/www.camping-calvados-normandie.fr\/it\/\"},{\"@type\":\"ListItem\",\"position\":2,\"name\":\"TERMINI E CONDIZIONI GENERALI\"}]},{\"@type\":\"WebSite\",\"@id\":\"https:\/\/www.camping-calvados-normandie.fr\/it\/#website\",\"url\":\"https:\/\/www.camping-calvados-normandie.fr\/it\/\",\"name\":\"Camping La Roseraie D&#039;Omaha\",\"description\":\"\",\"potentialAction\":[{\"@type\":\"SearchAction\",\"target\":{\"@type\":\"EntryPoint\",\"urlTemplate\":\"https:\/\/www.camping-calvados-normandie.fr\/it\/?s={search_term_string}\"},\"query-input\":{\"@type\":\"PropertyValueSpecification\",\"valueRequired\":true,\"valueName\":\"search_term_string\"}}],\"inLanguage\":\"it-IT\"}]}<\/script>\n<!-- \/ Yoast SEO plugin. -->","yoast_head_json":{"title":"TERMINI E CONDIZIONI GENERALI - Camping La Roseraie D&#039;Omaha","robots":{"index":"index","follow":"follow","max-snippet":"max-snippet:-1","max-image-preview":"max-image-preview:large","max-video-preview":"max-video-preview:-1"},"canonical":"https:\/\/www.camping-calvados-normandie.fr\/it\/termini-e-condizioni-generali\/","og_locale":"it_IT","og_type":"article","og_title":"TERMINI E CONDIZIONI GENERALI - Camping La Roseraie D&#039;Omaha","og_url":"https:\/\/www.camping-calvados-normandie.fr\/it\/termini-e-condizioni-generali\/","og_site_name":"Camping La Roseraie D&#039;Omaha","article_modified_time":"2025-08-18T13:24:27+00:00","twitter_card":"summary_large_image","twitter_misc":{"Tempo di lettura stimato":"18 minuti"},"schema":{"@context":"https:\/\/schema.org","@graph":[{"@type":"WebPage","@id":"https:\/\/www.camping-calvados-normandie.fr\/it\/termini-e-condizioni-generali\/","url":"https:\/\/www.camping-calvados-normandie.fr\/it\/termini-e-condizioni-generali\/","name":"TERMINI E CONDIZIONI GENERALI - Camping La Roseraie D&#039;Omaha","isPartOf":{"@id":"https:\/\/www.camping-calvados-normandie.fr\/it\/#website"},"datePublished":"2025-08-18T13:24:18+00:00","dateModified":"2025-08-18T13:24:27+00:00","breadcrumb":{"@id":"https:\/\/www.camping-calvados-normandie.fr\/it\/termini-e-condizioni-generali\/#breadcrumb"},"inLanguage":"it-IT","potentialAction":[{"@type":"ReadAction","target":["https:\/\/www.camping-calvados-normandie.fr\/it\/termini-e-condizioni-generali\/"]}]},{"@type":"BreadcrumbList","@id":"https:\/\/www.camping-calvados-normandie.fr\/it\/termini-e-condizioni-generali\/#breadcrumb","itemListElement":[{"@type":"ListItem","position":1,"name":"Accueil","item":"https:\/\/www.camping-calvados-normandie.fr\/it\/"},{"@type":"ListItem","position":2,"name":"TERMINI E CONDIZIONI GENERALI"}]},{"@type":"WebSite","@id":"https:\/\/www.camping-calvados-normandie.fr\/it\/#website","url":"https:\/\/www.camping-calvados-normandie.fr\/it\/","name":"Camping La Roseraie D&#039;Omaha","description":"","potentialAction":[{"@type":"SearchAction","target":{"@type":"EntryPoint","urlTemplate":"https:\/\/www.camping-calvados-normandie.fr\/it\/?s={search_term_string}"},"query-input":{"@type":"PropertyValueSpecification","valueRequired":true,"valueName":"search_term_string"}}],"inLanguage":"it-IT"}]}},"_links":{"self":[{"href":"https:\/\/www.camping-calvados-normandie.fr\/it\/wp-json\/wp\/v2\/pages\/10203","targetHints":{"allow":["GET"]}}],"collection":[{"href":"https:\/\/www.camping-calvados-normandie.fr\/it\/wp-json\/wp\/v2\/pages"}],"about":[{"href":"https:\/\/www.camping-calvados-normandie.fr\/it\/wp-json\/wp\/v2\/types\/page"}],"author":[{"embeddable":true,"href":"https:\/\/www.camping-calvados-normandie.fr\/it\/wp-json\/wp\/v2\/users\/2"}],"replies":[{"embeddable":true,"href":"https:\/\/www.camping-calvados-normandie.fr\/it\/wp-json\/wp\/v2\/comments?post=10203"}],"version-history":[{"count":12,"href":"https:\/\/www.camping-calvados-normandie.fr\/it\/wp-json\/wp\/v2\/pages\/10203\/revisions"}],"predecessor-version":[{"id":10404,"href":"https:\/\/www.camping-calvados-normandie.fr\/it\/wp-json\/wp\/v2\/pages\/10203\/revisions\/10404"}],"wp:attachment":[{"href":"https:\/\/www.camping-calvados-normandie.fr\/it\/wp-json\/wp\/v2\/media?parent=10203"}],"wp:term":[{"taxonomy":"category","embeddable":true,"href":"https:\/\/www.camping-calvados-normandie.fr\/it\/wp-json\/wp\/v2\/categories?post=10203"}],"curies":[{"name":"wp","href":"https:\/\/api.w.org\/{rel}","templated":true}]}}