{"id":7763,"date":"2025-08-18T15:19:52","date_gmt":"2025-08-18T13:19:52","guid":{"rendered":"https:\/\/www.camping-calvados-normandie.fr\/cookies\/"},"modified":"2025-08-18T15:19:54","modified_gmt":"2025-08-18T13:19:54","slug":"cookies","status":"publish","type":"page","link":"https:\/\/www.camping-calvados-normandie.fr\/es\/cookies\/","title":{"rendered":"Cookies"},"content":{"rendered":"<p><div class=\"fusion-fullwidth fullwidth-box fusion-builder-row-1 fusion-flex-container has-pattern-background has-mask-background nonhundred-percent-fullwidth non-hundred-percent-height-scrolling\" style=\"--awb-border-radius-top-left:0px;--awb-border-radius-top-right:0px;--awb-border-radius-bottom-right:0px;--awb-border-radius-bottom-left:0px;--awb-margin-bottom:135px;--awb-margin-bottom-medium:75px;--awb-margin-top-small:-5px;--awb-margin-bottom-small:75px;--awb-flex-wrap:wrap;\" ><div class=\"fusion-builder-row fusion-row fusion-flex-align-items-flex-start fusion-flex-content-wrap\" style=\"max-width:calc( 1232px + 0px );margin-left: calc(-0px \/ 2 );margin-right: calc(-0px \/ 2 );\"><div class=\"fusion-layout-column fusion_builder_column fusion-builder-column-0 fusion_builder_column_1_2 1_2 fusion-flex-column\" style=\"--awb-bg-size:cover;--awb-width-large:50%;--awb-margin-top-large:0px;--awb-spacing-right-large:0px;--awb-margin-bottom-large:0px;--awb-spacing-left-large:0px;--awb-width-medium:50%;--awb-order-medium:0;--awb-spacing-right-medium:0px;--awb-spacing-left-medium:0px;--awb-width-small:100%;--awb-order-small:0;--awb-spacing-right-small:0px;--awb-spacing-left-small:28px;\" data-scroll-devices=\"small-visibility,medium-visibility,large-visibility\"><div class=\"fusion-column-wrapper fusion-column-has-shadow fusion-flex-justify-content-flex-start fusion-content-layout-column\"><div class=\"fusion-title title fusion-title-1 fusion-sep-none fusion-title-text fusion-title-size-one has-shape yellow\" style=\"--awb-margin-bottom-small:35px;\"><h1 class=\"fusion-title-heading title-heading-left\" style=\"margin:0;\">Cookies<\/h1><\/div><\/div><\/div><div class=\"fusion-layout-column fusion_builder_column fusion-builder-column-1 fusion_builder_column_1_2 1_2 fusion-flex-column\" style=\"--awb-bg-size:cover;--awb-width-large:50%;--awb-margin-top-large:0px;--awb-spacing-right-large:0px;--awb-margin-bottom-large:0px;--awb-spacing-left-large:0px;--awb-width-medium:50%;--awb-order-medium:0;--awb-spacing-right-medium:0px;--awb-spacing-left-medium:0px;--awb-width-small:100%;--awb-order-small:0;--awb-spacing-right-small:0px;--awb-spacing-left-small:0px;\"><div class=\"fusion-column-wrapper fusion-column-has-shadow fusion-flex-justify-content-flex-start fusion-content-layout-column\"><\/div><\/div><\/div><\/div><div class=\"fusion-fullwidth fullwidth-box fusion-builder-row-2 fusion-flex-container has-pattern-background has-mask-background nonhundred-percent-fullwidth non-hundred-percent-height-scrolling\" style=\"--awb-border-radius-top-left:0px;--awb-border-radius-top-right:0px;--awb-border-radius-bottom-right:0px;--awb-border-radius-bottom-left:0px;--awb-flex-wrap:wrap;\" ><div class=\"fusion-builder-row fusion-row fusion-flex-align-items-stretch fusion-flex-content-wrap\" style=\"max-width:calc( 1232px + 0px );margin-left: calc(-0px \/ 2 );margin-right: calc(-0px \/ 2 );\"><div class=\"fusion-layout-column fusion_builder_column fusion-builder-column-2 fusion_builder_column_1_1 1_1 fusion-flex-column\" style=\"--awb-bg-size:cover;--awb-width-large:100%;--awb-margin-top-large:0px;--awb-spacing-right-large:0px;--awb-margin-bottom-large:0px;--awb-spacing-left-large:0px;--awb-width-medium:100%;--awb-order-medium:0;--awb-spacing-right-medium:0px;--awb-spacing-left-medium:0px;--awb-width-small:100%;--awb-order-small:0;--awb-spacing-right-small:0px;--awb-spacing-left-small:0px;\" data-scroll-devices=\"small-visibility,medium-visibility,large-visibility\"><div class=\"fusion-column-wrapper fusion-column-has-shadow fusion-flex-justify-content-flex-start fusion-content-layout-column\"><div class=\"fusion-text fusion-text-1 auto-sections\"><p>Para mejorar tu experiencia de usuario, este sitio web utiliza cookies. Al continuar navegando, aceptas el uso de cookies en este sitio. <\/p>\n<p><strong>Nota sobre el uso y la configuraci\u00f3n de las Cookies :<\/strong><\/p>\n<p>Con el fin de mejorar tu experiencia de uso de nuestro sitio, podemos colocar cookies en tu ordenador, tel\u00e9fono m\u00f3vil o tableta cuando lo visites.<br \/>\nLas cookies se utilizan para ayudarnos a identificarte, gestionar tus solicitudes de forma m\u00e1s eficaz, recordar tus visitas y personalizar las ofertas que te hacemos.<br \/>\nEsta p\u00e1gina te permite comprender mejor c\u00f3mo funcionan las cookies y c\u00f3mo utilizar las herramientas actuales para configurar sus par\u00e1metros.<\/p>\n<p>&gt;  \u00bfQu\u00e9 es una galleta?<br \/>\nUna cookie es un peque\u00f1o archivo de texto que se almacena en tu ordenador cuando visitas un sitio web o ves un anuncio. Su finalidad principal es recopilar informaci\u00f3n sobre tu navegaci\u00f3n en los sitios y ofrecerte servicios personalizados.<br \/>\nLas cookies son gestionadas en tu ordenador por tu navegador de Internet. <\/p>\n<p>&gt;  Los diferentes transmisores<\/p>\n<p>&gt;&gt;  Nuestras cookies<br \/>\nSon cookies que contienen nuestra direcci\u00f3n web (nombre de dominio) www.roseraie-omaha.fr<br \/>\nSon cookies que nuestro sistema coloca en tu terminal con el fin de navegar por nuestro sitio web y optimizar y personalizar nuestros servicios en el sitio.<\/p>\n<p>&gt;&gt;  Cookies de terceros<br \/>\nSe trata de cookies colocadas por terceras empresas (por ejemplo, agencias de publicidad o socios) para identificar tus centros de inter\u00e9s a trav\u00e9s de los productos consultados o comprados en nuestro sitio y personalizar la oferta publicitaria que se te env\u00eda en nuestro sitio o fuera de \u00e9l.<br \/>\nPueden depositarse cuando navegas por nuestro sitio o cuando haces clic en los espacios publicitarios de nuestro sitio.<br \/>\nNo tenemos control sobre las cookies colocadas por las agencias de publicidad, que act\u00faan en su propio nombre.<br \/>\nEn el marco de nuestras asociaciones publicitarias, podemos transmitir datos relativos a tus compras y a los productos consultados en nuestro sitio a empresas asociadas que act\u00faan en nuestro nombre. Nos aseguramos de que las empresas asociadas se comprometen a tratar la informaci\u00f3n recogida en nuestro sitio exclusivamente para nuestras necesidades y de acuerdo con nuestras instrucciones, de conformidad con la Ley francesa de Protecci\u00f3n de Datos de 6 de enero de 1978, en su versi\u00f3n modificada, y se comprometen a aplicar las medidas adecuadas para asegurar y proteger la confidencialidad de los datos. <\/p>\n<p>&gt;  Los diferentes tipos de cookies<\/p>\n<p>En nuestro sitio web se utilizan diferentes tipos de cookies con distintos fines.<br \/>\nAlgunas son necesarias para que utilices nuestro sitio web, otras no.<\/p>\n<p>&gt;  Cookies estrictamente necesarias<br \/>\nSon cookies necesarias para el funcionamiento de nuestro sitio. Te permiten utilizar las principales funciones de nuestro sitio (por ejemplo, utilizar la cesta de la compra o acceder a tu cuenta). Sin estas cookies, no podr\u00e1s utilizar nuestro sitio con normalidad. Estas cookies las colocamos nosotros y s\u00f3lo se refieren al funcionamiento de nuestro sitio.   <\/p>\n<p>&gt;  Cookies anal\u00edticas<br \/>\nSe trata de cookies que nos permiten controlar el uso y el rendimiento de nuestro sitio y mejorar su funcionamiento (por ejemplo, las p\u00e1ginas m\u00e1s consultadas, las b\u00fasquedas de los internautas en el motor de b\u00fasqueda de Google, etc.).<br \/>\nSe trata de cookies colocadas por nosotros.<\/p>\n<p>&gt;  Cookies funcionales<br \/>\nSon cookies que nos permiten personalizar tu experiencia en nuestro sitio (por ejemplo, recordarte los \u00faltimos art\u00edculos consultados, recordar los art\u00edculos de tu cesta antes de continuar tus compras). Tambi\u00e9n te permiten beneficiarte de nuestros consejos personalizados y ofertas promocionales basadas en tu origen de navegaci\u00f3n (por ejemplo, si vienes de uno de nuestros sitios asociados). Tambi\u00e9n pueden utilizarse para ofrecerte funciones que hayas solicitado (por ejemplo, mi tienda favorita, mis consejos personalizados, etc.).  <\/p>\n<p>Se trata de cookies colocadas por nosotros.<\/p>\n<p>&gt;  Cookies publicitarias<br \/>\nSon cookies que se utilizan para mostrarte anuncios o enviarte informaci\u00f3n adaptada a tus intereses dentro o fuera de nuestro sitio mientras navegas por Internet. En particular, se utilizan para limitar el n\u00famero de veces que ves un anuncio y para ayudar a medir la eficacia de una campa\u00f1a publicitaria. <\/p>\n<p>Rechazar estas cookies publicitarias no tiene ning\u00fan impacto en el uso de nuestro sitio. Sin embargo, rechazar las cookies publicitarias no detendr\u00e1 la publicidad en nuestro sitio o en Internet.<br \/>\nEl \u00fanico efecto ser\u00e1 mostrar publicidad que no tenga en cuenta tus centros de inter\u00e9s o tus preferencias.<br \/>\nEstas cookies son principalmente cookies de terceros.<br \/>\nEstas cookies dependen principalmente de agencias de publicidad. No podemos enumerarlas exhaustivamente.  <\/p>\n<p>&gt;  Cookies e identificadores de m\u00e1quina con el fin de asegurar las transacciones<br \/>\nTe informamos de que cuando realizas un pedido, nosotros y\/o nuestros proveedores de servicios que act\u00faan en su nombre podemos colocar cookies o recoger informaci\u00f3n relativa a tu terminal, en particular informaci\u00f3n (atributos t\u00e9cnicos) necesaria para reconocer el equipo (ordenador, tableta o tel\u00e9fono m\u00f3vil) con el fin de identificar tu equipo con el fin de asegurar las transacciones (prevenir el riesgo de fraude). Para ello se utilizan cookies o identificadores de m\u00e1quina del tipo \u00abhuella dactilar\u00bb. Se te informa de esta recogida de informaci\u00f3n relativa a tu terminal para constituir un identificador de m\u00e1quina mediante un banner en cuanto llegas al sitio. Al continuar tus compras en nuestro sitio sin configurar la recogida de tus identificadores de m\u00e1quina, aceptas la recogida de esta informaci\u00f3n y la creaci\u00f3n del identificador.   <\/p>\n<p>&gt;  Aceptar o rechazar cookies<\/p>\n<p>Tienes varias formas de gestionar las cookies.<\/p>\n<p>&gt;&gt;  Configuraci\u00f3n de tu navegador<br \/>\nPuedes optar por desactivar estas cookies en cualquier momento. Tambi\u00e9n puedes configurar tu navegador para que te avise cuando se instalen cookies en tu ordenador y te pida que las aceptes o no. Puedes aceptar o rechazar las cookies caso por caso o rechazarlas sistem\u00e1ticamente de una vez por todas.<br \/>\nTe recordamos que la configuraci\u00f3n de estos par\u00e1metros puede alterar tus condiciones de acceso a nuestros servicios que requieren el uso de cookies.<br \/>\nSi tu navegador est\u00e1 configurado para rechazar todas las cookies, no podr\u00e1s realizar compras ni aprovechar funciones esenciales de nuestro sitio, como almacenar art\u00edculos en tu cesta o recibir recomendaciones personalizadas. Para que la gesti\u00f3n de las cookies se ajuste m\u00e1s a tus expectativas, te invitamos a configurar tu navegador teniendo en cuenta la finalidad de las cookies mencionada anteriormente.   <\/p>\n<p>&gt;&gt;  C\u00f3mo controlar o impedir el almacenamiento de cookies:<br \/>\nLa configuraci\u00f3n de cada navegador es diferente. Se describe en el men\u00fa de ayuda de tu navegador, que te indicar\u00e1 c\u00f3mo modificar tus preferencias de cookies.<br \/>\nPuedes desactivar las cookies siguiendo las siguientes instrucciones:<br \/>\n1\/ si utilizas Internet Explorer<br \/>\nEn Internet Explorer, haz clic en el bot\u00f3n Herramientas y, a continuaci\u00f3n, en Opciones de Internet.<br \/>\nEn la pesta\u00f1a General, en Historial de navegaci\u00f3n, haz clic en Configuraci\u00f3n.<br \/>\nPulsa el bot\u00f3n Ver archivos.<br \/>\nHaz clic en el encabezamiento de la columna Nombre para ordenar todos los archivos por orden alfab\u00e9tico y, a continuaci\u00f3n, despl\u00e1zate por la lista hasta que veas los archivos que empiezan por el prefijo \u00abCookie\u00bb. (todas las cookies tienen este prefijo y suelen contener el nombre del sitio web que cre\u00f3 la cookie).<br \/>\nSelecciona la cookie o cookies que contengan nuestro nombre y elim\u00ednalas<br \/>\nCierra la ventana que contiene la lista de archivos y, a continuaci\u00f3n, haz clic dos veces en Aceptar para volver a Internet Explorer. <\/p>\n<p>2\/ si utilizas Firefox<\/p>\n<p>Ve a la pesta\u00f1a \u00abHerramientas\u00bb de tu navegador y selecciona el men\u00fa \u00abOpciones\u00bb<br \/>\nEn la ventana que aparece, selecciona \u00abPrivacidad\u00bb y haz clic en \u00abMostrar cookies\u00bb<br \/>\nLocaliza los archivos que contengan nuestro nombre, selecci\u00f3nalos y elim\u00ednalos.<\/p>\n<p>3\/ si utilizas el navegador Safari<br \/>\nEn tu navegador, elige el men\u00fa Edici\u00f3n &gt; Preferencias.<br \/>\nHaz clic en Seguridad.<br \/>\nHaz clic en Mostrar cookies.<br \/>\nSelecciona las cookies que contengan nuestro nombre y haz clic en Eliminar o Eliminar todas.<br \/>\nUna vez que hayas eliminado las cookies, haz clic en Listo.<\/p>\n<p>4\/ Si utilizas el navegador Google Chrome<br \/>\nHaz clic en el icono del men\u00fa Herramientas.<br \/>\nSelecciona Opciones.<br \/>\nHaz clic en la pesta\u00f1a Opciones avanzadas y ve a la secci\u00f3n \u00abConfidencialidad\u00bb.<br \/>\nHaz clic en el bot\u00f3n Mostrar cookies.<br \/>\nLocaliza los archivos que contengan nuestro nombre, selecci\u00f3nalos y elim\u00ednalos.<br \/>\nHaz clic en \u00abCerrar\u00bb para volver a tu navegador.<\/p>\n<p>&gt;  Parametrizaci\u00f3n en una plataforma de gesti\u00f3n de cookies<br \/>\nPuedes gestionar tus cookies visitando las plataformas de gesti\u00f3n de cookies que ofrecen los profesionales de la publicidad.<\/p>\n<p>&gt;  Para m\u00e1s informaci\u00f3n sobre las cookies<br \/>\nhttp:\/\/www.aboutcookies.org\/<br \/>\nhttp:\/\/www.cnil.fr\/vos-droits\/vos-traces\/les-cookies\/<\/p>\n<\/div><\/div><\/div><\/div><\/div><\/p>\n","protected":false},"excerpt":{"rendered":"","protected":false},"author":2,"featured_media":0,"parent":0,"menu_order":0,"comment_status":"closed","ping_status":"closed","template":"100-width.php","meta":{"_acf_changed":false,"_monsterinsights_skip_tracking":false,"_monsterinsights_sitenote_active":false,"_monsterinsights_sitenote_note":"","_monsterinsights_sitenote_category":0,"footnotes":""},"categories":[],"class_list":["post-7763","page","type-page","status-publish","hentry"],"acf":[],"yoast_head":"<!-- This site is optimized with the Yoast SEO plugin v26.9 - https:\/\/yoast.com\/product\/yoast-seo-wordpress\/ -->\n<title>Cookies - Camping La Roseraie D&#039;Omaha<\/title>\n<meta name=\"robots\" content=\"noindex, nofollow\" \/>\n<meta property=\"og:locale\" content=\"es_ES\" \/>\n<meta property=\"og:type\" content=\"article\" \/>\n<meta property=\"og:title\" content=\"Cookies - Camping La Roseraie D&#039;Omaha\" \/>\n<meta property=\"og:url\" content=\"https:\/\/www.camping-calvados-normandie.fr\/es\/cookies\/\" \/>\n<meta property=\"og:site_name\" content=\"Camping La Roseraie D&#039;Omaha\" \/>\n<meta property=\"article:modified_time\" content=\"2025-08-18T13:19:54+00:00\" \/>\n<meta name=\"twitter:card\" content=\"summary_large_image\" \/>\n<meta name=\"twitter:label1\" content=\"Tiempo de lectura\" \/>\n\t<meta name=\"twitter:data1\" content=\"21 minutos\" \/>\n<script type=\"application\/ld+json\" class=\"yoast-schema-graph\">{\"@context\":\"https:\/\/schema.org\",\"@graph\":[{\"@type\":\"WebPage\",\"@id\":\"https:\/\/www.camping-calvados-normandie.fr\/es\/cookies\/\",\"url\":\"https:\/\/www.camping-calvados-normandie.fr\/es\/cookies\/\",\"name\":\"Cookies - Camping La Roseraie D&#039;Omaha\",\"isPartOf\":{\"@id\":\"https:\/\/www.camping-calvados-normandie.fr\/es\/#website\"},\"datePublished\":\"2025-08-18T13:19:52+00:00\",\"dateModified\":\"2025-08-18T13:19:54+00:00\",\"breadcrumb\":{\"@id\":\"https:\/\/www.camping-calvados-normandie.fr\/es\/cookies\/#breadcrumb\"},\"inLanguage\":\"es\",\"potentialAction\":[{\"@type\":\"ReadAction\",\"target\":[\"https:\/\/www.camping-calvados-normandie.fr\/es\/cookies\/\"]}]},{\"@type\":\"BreadcrumbList\",\"@id\":\"https:\/\/www.camping-calvados-normandie.fr\/es\/cookies\/#breadcrumb\",\"itemListElement\":[{\"@type\":\"ListItem\",\"position\":1,\"name\":\"Accueil\",\"item\":\"https:\/\/www.camping-calvados-normandie.fr\/es\/\"},{\"@type\":\"ListItem\",\"position\":2,\"name\":\"Cookies\"}]},{\"@type\":\"WebSite\",\"@id\":\"https:\/\/www.camping-calvados-normandie.fr\/es\/#website\",\"url\":\"https:\/\/www.camping-calvados-normandie.fr\/es\/\",\"name\":\"Camping La Roseraie D&#039;Omaha\",\"description\":\"\",\"potentialAction\":[{\"@type\":\"SearchAction\",\"target\":{\"@type\":\"EntryPoint\",\"urlTemplate\":\"https:\/\/www.camping-calvados-normandie.fr\/es\/?s={search_term_string}\"},\"query-input\":{\"@type\":\"PropertyValueSpecification\",\"valueRequired\":true,\"valueName\":\"search_term_string\"}}],\"inLanguage\":\"es\"}]}<\/script>\n<!-- \/ Yoast SEO plugin. -->","yoast_head_json":{"title":"Cookies - Camping La Roseraie D&#039;Omaha","robots":{"index":"noindex","follow":"nofollow"},"og_locale":"es_ES","og_type":"article","og_title":"Cookies - Camping La Roseraie D&#039;Omaha","og_url":"https:\/\/www.camping-calvados-normandie.fr\/es\/cookies\/","og_site_name":"Camping La Roseraie D&#039;Omaha","article_modified_time":"2025-08-18T13:19:54+00:00","twitter_card":"summary_large_image","twitter_misc":{"Tiempo de lectura":"21 minutos"},"schema":{"@context":"https:\/\/schema.org","@graph":[{"@type":"WebPage","@id":"https:\/\/www.camping-calvados-normandie.fr\/es\/cookies\/","url":"https:\/\/www.camping-calvados-normandie.fr\/es\/cookies\/","name":"Cookies - Camping La Roseraie D&#039;Omaha","isPartOf":{"@id":"https:\/\/www.camping-calvados-normandie.fr\/es\/#website"},"datePublished":"2025-08-18T13:19:52+00:00","dateModified":"2025-08-18T13:19:54+00:00","breadcrumb":{"@id":"https:\/\/www.camping-calvados-normandie.fr\/es\/cookies\/#breadcrumb"},"inLanguage":"es","potentialAction":[{"@type":"ReadAction","target":["https:\/\/www.camping-calvados-normandie.fr\/es\/cookies\/"]}]},{"@type":"BreadcrumbList","@id":"https:\/\/www.camping-calvados-normandie.fr\/es\/cookies\/#breadcrumb","itemListElement":[{"@type":"ListItem","position":1,"name":"Accueil","item":"https:\/\/www.camping-calvados-normandie.fr\/es\/"},{"@type":"ListItem","position":2,"name":"Cookies"}]},{"@type":"WebSite","@id":"https:\/\/www.camping-calvados-normandie.fr\/es\/#website","url":"https:\/\/www.camping-calvados-normandie.fr\/es\/","name":"Camping La Roseraie D&#039;Omaha","description":"","potentialAction":[{"@type":"SearchAction","target":{"@type":"EntryPoint","urlTemplate":"https:\/\/www.camping-calvados-normandie.fr\/es\/?s={search_term_string}"},"query-input":{"@type":"PropertyValueSpecification","valueRequired":true,"valueName":"search_term_string"}}],"inLanguage":"es"}]}},"_links":{"self":[{"href":"https:\/\/www.camping-calvados-normandie.fr\/es\/wp-json\/wp\/v2\/pages\/7763","targetHints":{"allow":["GET"]}}],"collection":[{"href":"https:\/\/www.camping-calvados-normandie.fr\/es\/wp-json\/wp\/v2\/pages"}],"about":[{"href":"https:\/\/www.camping-calvados-normandie.fr\/es\/wp-json\/wp\/v2\/types\/page"}],"author":[{"embeddable":true,"href":"https:\/\/www.camping-calvados-normandie.fr\/es\/wp-json\/wp\/v2\/users\/2"}],"replies":[{"embeddable":true,"href":"https:\/\/www.camping-calvados-normandie.fr\/es\/wp-json\/wp\/v2\/comments?post=7763"}],"version-history":[{"count":4,"href":"https:\/\/www.camping-calvados-normandie.fr\/es\/wp-json\/wp\/v2\/pages\/7763\/revisions"}],"predecessor-version":[{"id":7834,"href":"https:\/\/www.camping-calvados-normandie.fr\/es\/wp-json\/wp\/v2\/pages\/7763\/revisions\/7834"}],"wp:attachment":[{"href":"https:\/\/www.camping-calvados-normandie.fr\/es\/wp-json\/wp\/v2\/media?parent=7763"}],"wp:term":[{"taxonomy":"category","embeddable":true,"href":"https:\/\/www.camping-calvados-normandie.fr\/es\/wp-json\/wp\/v2\/categories?post=7763"}],"curies":[{"name":"wp","href":"https:\/\/api.w.org\/{rel}","templated":true}]}}