{"id":7626,"date":"2025-08-18T15:19:42","date_gmt":"2025-08-18T13:19:42","guid":{"rendered":"https:\/\/www.camping-calvados-normandie.fr\/informacion-legal\/"},"modified":"2025-08-18T15:19:45","modified_gmt":"2025-08-18T13:19:45","slug":"informacion-legal","status":"publish","type":"page","link":"https:\/\/www.camping-calvados-normandie.fr\/es\/informacion-legal\/","title":{"rendered":"Informaci\u00f3n legal"},"content":{"rendered":"<p><div class=\"fusion-fullwidth fullwidth-box fusion-builder-row-1 fusion-flex-container has-pattern-background has-mask-background nonhundred-percent-fullwidth non-hundred-percent-height-scrolling\" style=\"--awb-border-radius-top-left:0px;--awb-border-radius-top-right:0px;--awb-border-radius-bottom-right:0px;--awb-border-radius-bottom-left:0px;--awb-margin-bottom:135px;--awb-margin-bottom-medium:75px;--awb-margin-top-small:-5px;--awb-margin-bottom-small:75px;--awb-flex-wrap:wrap;\" ><div class=\"fusion-builder-row fusion-row fusion-flex-align-items-flex-start fusion-flex-content-wrap\" style=\"max-width:calc( 1232px + 0px );margin-left: calc(-0px \/ 2 );margin-right: calc(-0px \/ 2 );\"><div class=\"fusion-layout-column fusion_builder_column fusion-builder-column-0 fusion_builder_column_1_2 1_2 fusion-flex-column\" style=\"--awb-bg-size:cover;--awb-width-large:50%;--awb-margin-top-large:0px;--awb-spacing-right-large:0px;--awb-margin-bottom-large:0px;--awb-spacing-left-large:0px;--awb-width-medium:50%;--awb-order-medium:0;--awb-spacing-right-medium:0px;--awb-spacing-left-medium:0px;--awb-width-small:100%;--awb-order-small:0;--awb-spacing-right-small:0px;--awb-spacing-left-small:28px;\" data-scroll-devices=\"small-visibility,medium-visibility,large-visibility\"><div class=\"fusion-column-wrapper fusion-column-has-shadow fusion-flex-justify-content-flex-start fusion-content-layout-column\"><div class=\"fusion-title title fusion-title-1 fusion-sep-none fusion-title-text fusion-title-size-one has-shape yellow\" style=\"--awb-margin-bottom-small:35px;\"><h1 class=\"fusion-title-heading title-heading-left\" style=\"margin:0;\">Informaci\u00f3n legal<\/h1><\/div><\/div><\/div><\/div><\/div><div class=\"fusion-fullwidth fullwidth-box fusion-builder-row-2 fusion-flex-container has-pattern-background has-mask-background nonhundred-percent-fullwidth non-hundred-percent-height-scrolling\" style=\"--awb-border-radius-top-left:0px;--awb-border-radius-top-right:0px;--awb-border-radius-bottom-right:0px;--awb-border-radius-bottom-left:0px;--awb-flex-wrap:wrap;\" ><div class=\"fusion-builder-row fusion-row fusion-flex-align-items-stretch fusion-flex-content-wrap\" style=\"max-width:calc( 1232px + 0px );margin-left: calc(-0px \/ 2 );margin-right: calc(-0px \/ 2 );\"><div class=\"fusion-layout-column fusion_builder_column fusion-builder-column-1 fusion_builder_column_1_1 1_1 fusion-flex-column\" style=\"--awb-bg-size:cover;--awb-width-large:100%;--awb-margin-top-large:0px;--awb-spacing-right-large:0px;--awb-margin-bottom-large:0px;--awb-spacing-left-large:0px;--awb-width-medium:100%;--awb-order-medium:0;--awb-spacing-right-medium:0px;--awb-spacing-left-medium:0px;--awb-width-small:100%;--awb-order-small:0;--awb-spacing-right-small:0px;--awb-spacing-left-small:0px;\" data-scroll-devices=\"small-visibility,medium-visibility,large-visibility\"><div class=\"fusion-column-wrapper fusion-column-has-shadow fusion-flex-justify-content-flex-start fusion-content-layout-column\"><div class=\"fusion-text fusion-text-1 auto-sections\"><h2 class=\"has-shape\">Definiciones<\/h2>\n<ul>\n<li>Editor del sitio: Propietario y\/o empresa que ha implantado el software en l\u00ednea.<\/li>\n<li>Gestor de la publicaci\u00f3n: Usuario final del software online (el propietario o gestor de la entidad presentada por el software online).<\/li>\n<li>Operador del sitio: Usuario final del software online (el propietario o gestor de la entidad presentada por el software online).<\/li>\n<li>El Sitio: Resultado de utilizar el software online.<\/li>\n<li>Webmaster: Responsable t\u00e9cnico del software en l\u00ednea para el editor del Sitio y\/o el usuario final del software en l\u00ednea.<\/li>\n<li>Usuario del sitio: internauta que se conecta a trav\u00e9s de Internet y\/o consulta, utiliza&#8230; el software en l\u00ednea.<\/li>\n<li>Alojamiento: Espacio de servidor dedicado conectado a Internet y que hace que el Sitio est\u00e9 disponible y utilizable en l\u00ednea.<\/li>\n<li>Software en l\u00ednea: Software producido y\/o implementado por cuenta del propietario y\/o gestor de la entidad presentada.<\/li>\n<\/ul>\n<h2 class=\"has-shape\">Informaci\u00f3n legal<\/h2>\n<ul>\n<li>Director de la publicaci\u00f3n :\n<ul>\n<li>Nombre: SARL QUESAS &#8211; Camping la Roseraie d&#8217;Omaha<\/li>\n<li>Responsable del sistema: Quentin Alves<\/li>\n<li>Domicilio social: Lieu-dit le bourg, 14710 Surrain<\/li>\n<li>Tel. : (+33) 02.31.21.17.71<\/li>\n<li>Correo electr\u00f3nico: camping-laroseraie@orange.fr<\/li>\n<li>N\u00daMERO DE SIRENA: 833 516 388<\/li>\n<li>N\u00famero RCS: Caen 83351638800018<\/li>\n<li>IVA intracomunitario: FR47833516388<\/li>\n<li>Capital social: 10.000<\/li>\n<\/ul>\n<\/li>\n<li>Editor del sitio web y webmaster\n<ul>\n<li>Nombre: Jordane Iadadaine<\/li>\n<li>Direcci\u00f3n: 146 rue basse, 14000 Caen<\/li>\n<li>Tel. : 06.59.76.11.24<\/li>\n<li>Correo electr\u00f3nico: jordaneidn@gmail.com<\/li>\n<\/ul>\n<\/li>\n<li>Desarrollador del sitio\n<ul>\n<li>Nombre: Th\u00e9o Ba\u00ebs<\/li>\n<li>Direcci\u00f3n: 229 rue Saint-Honor\u00e9, 75001, Par\u00eds<\/li>\n<li>Tel. : 06.68.75.32.04<\/li>\n<\/ul>\n<\/li>\n<li>Alojamiento: OVH SAS, sociedad por acciones simplificada con un capital social de 10.069.020 euros, con domicilio social en 2 rue Kellermann &#8211; 59100 Roubaix &#8211; Francia, registrada con el n\u00famero 424 761 419 RCS Lille M\u00e9tropole 424 761 419 00045<\/li>\n<\/ul>\n<h2 class=\"has-shape\">Propiedad intelectual y derechos de autor \u00a9 :<\/h2>\n<p>El conjunto de este Sitio est\u00e1 sujeto a la legislaci\u00f3n francesa e internacional sobre derechos de autor y propiedad intelectual. Quedan reservados todos los derechos de reproducci\u00f3n, incluidos los documentos iconogr\u00e1ficos y fotogr\u00e1ficos. Ninguna parte de este Sitio Web puede ser copiada, reproducida, modificada, republicada, cargada, distorsionada, transmitida o distribuida de ninguna manera, en ning\u00fan soporte, en su totalidad o en parte, sin la autorizaci\u00f3n previa por escrito del editor y responsable de la publicaci\u00f3n del Sitio Web, a excepci\u00f3n del uso estrictamente para fines de prensa y\/o privados y siempre que se respeten los derechos de propiedad intelectual y cualquier otro derecho de propiedad. En cuanto al uso privado, s\u00f3lo se permite la copia y transmisi\u00f3n para uso personal, privado y no comercial. Adem\u00e1s, cada copia o utilizaci\u00f3n autorizada de todo o parte del contenido de este Sitio, sea cual sea, debe realizarse sin distorsi\u00f3n, modificaci\u00f3n o alteraci\u00f3n de ning\u00fan tipo, y debe incluir la siguiente menci\u00f3n \u00abCOPYRIGHT SARL QUESAS &#8211; TODOS LOS DERECHOS RESERVADOS\u00bb, escrita de forma legible. En su defecto, el editor y\/o el responsable de la publicaci\u00f3n del Sitio se reservan el derecho de emprender acciones legales contra cualquier acto de violaci\u00f3n de sus derechos de propiedad intelectual.     <\/p>\n<h2 class=\"has-shape\">Pol\u00edtica de enlaces :<\/h2>\n<h3>Crear enlaces al Sitio<\/h3>\n<p>Se autoriza la creaci\u00f3n de un enlace de hipertexto que apunte a la p\u00e1gina de inicio del Sitio, siempre que el sitio al que apunte el enlace se abra en otra ventana del navegador. La creaci\u00f3n de un enlace profundo al contenido del Sitio, distinto de la p\u00e1gina de inicio, est\u00e1 prohibida sin el acuerdo expreso del editor del Sitio. La informaci\u00f3n utilizada debe ser exclusivamente para uso personal; se excluye cualquier uso con fines comerciales o publicitarios. \u00a1Atenci\u00f3n! Esta autorizaci\u00f3n no se aplica a los sitios web que difundan informaci\u00f3n de car\u00e1cter pol\u00e9mico, pornogr\u00e1fico, xen\u00f3fobo o que, en mayor medida, pueda herir la sensibilidad de la mayor\u00eda de las personas o atentar contra la decencia p\u00fablica. Para otros usos, consulta al editor del Sitio. Adem\u00e1s, con respecto a los sitios externos que puedan contener enlaces de hipertexto que apunten a este Sitio, en cualquier caso, ni el editor ni el gestor de la publicaci\u00f3n pueden ser considerados responsables de la indisponibilidad de dichos sitios, ni examinan, controlan, aprueban o son responsables del contenido, publicidad, productos u otros elementos disponibles en o a trav\u00e9s de estos sitios.      <\/p>\n<h3>Enlaces a otros sitios<\/h3>\n<p>El editor y redactor del Sitio no se hace responsable de los sitios de terceros a los que puedas acceder a trav\u00e9s de este Sitio. No tenemos ning\u00fan medio de controlar el contenido de estos sitios de terceros que, en cualquier caso, siguen siendo totalmente independientes. Adem\u00e1s, la existencia de un enlace entre este Sitio y un sitio de terceros no significa en modo alguno que aprobemos en modo alguno el contenido de este sitio y, a fortiori, el uso que pueda hacerse del mismo. Adem\u00e1s, es responsabilidad tuya tomar las precauciones necesarias para evitar cualquier contaminaci\u00f3n de tu equipo inform\u00e1tico y del Sitio por, en particular, uno o varios \u00abvirus\u00bb, \u00abcaballos de Troya\u00bb, \u00abgusanos\u00bb, \u00abprogramas esp\u00eda\u00bb o cualquier otro \u00abpar\u00e1sito\u00bb digital.   <\/p>\n<h2 class=\"has-shape\">Informaci\u00f3n nominativa y no nominativa, otra informaci\u00f3n y protecci\u00f3n de datos personales:<\/h2>\n<h3>Principios generales :<\/h3>\n<p>En este Sitio no se recoge ninguna informaci\u00f3n personal sin tu conocimiento. No se transmite ninguna informaci\u00f3n personal a terceros que no sean socios y\/o que no hayan sido aprobados por el editor o el responsable de publicaci\u00f3n del Sitio. Los datos personales recogidos son necesarios para procesar tus solicitudes de la forma m\u00e1s r\u00e1pida y eficaz posible. De conformidad con la Ley francesa de Protecci\u00f3n de Datos n\u00ba 78-17 de 06 de enero de 1978, tienes derecho a acceder, modificar, rectificar y suprimir los datos personales que te conciernan. Para ello, s\u00f3lo tienes que presentar una solicitud utilizando uno de los medios de contacto disponibles en la p\u00e1gina de inicio de este Sitio (direcci\u00f3n postal, tel\u00e9fono, fax, etc.) y, en particular, a trav\u00e9s del formulario de contacto por correo electr\u00f3nico adjunto a este sitio de Internet.    <\/p>\n<h2 class=\"has-shape\">Principios de funcionamiento de las herramientas de comunicaci\u00f3n del sitio :<\/h2>\n<h3>Funci\u00f3n Bolet\u00edn<\/h3>\n<p>Las direcciones electr\u00f3nicas registradas en el contexto de esta funci\u00f3n se almacenan con el \u00fanico fin de la transmisi\u00f3n, por parte del operador y\/o editor de este Sitio, de informaci\u00f3n de diversa \u00edndole a las personas f\u00edsicas o jur\u00eddicas que se hayan suscrito por este medio a la lista de correo de este Sitio.<\/p>\n<h3>Formularios (\u00abPedido\u00bb, \u00abContacto\u00bb, \u00abPresupuesto\u00bb, \u00abLlamada gratuita\u00bb, \u00abContacto\u00bb, etc.)<\/h3>\n<p>La informaci\u00f3n y las direcciones de correo electr\u00f3nico recogidas como parte de esta funci\u00f3n no se transmiten a terceros y se utilizan \u00fanicamente para procesar tus solicitudes con la mayor calidad de servicio posible.<\/p>\n<h3>Sistemas de mensajer\u00eda<\/h3>\n<p>Las direcciones de correo electr\u00f3nico recogidas a trav\u00e9s del sistema de mensajer\u00eda no se transmitir\u00e1n a terceros. No divulgaremos a terceros ning\u00fan dato personal que te concierna y que puedas comunicar mediante el sistema de mensajer\u00eda electr\u00f3nica vinculado a este Sitio. Toda la informaci\u00f3n recopilada se utiliza \u00fanicamente con el fin de responderte con la mayor eficacia posible. Adem\u00e1s, este Sitio no est\u00e1 destinado a recibir de ti informaci\u00f3n confidencial. En consecuencia, y a excepci\u00f3n de los datos personales mencionados anteriormente, cualquiera que sea la forma de la informaci\u00f3n que nos env\u00edes por correo electr\u00f3nico, no se considerar\u00e1 confidencial en modo alguno. En consecuencia, el mero hecho de que nos env\u00edes esta informaci\u00f3n nos da derecho a utilizarla, reproducirla, distribuirla, modificarla o transmitirla con el fin de tramitar tu solicitud.     <\/p>\n<h2 class=\"has-shape\">Naturaleza de la informaci\u00f3n contenida en este Sitio y limitaci\u00f3n de responsabilidad:<\/h2>\n<p>El editor y\/o el responsable de la publicaci\u00f3n de este Sitio se esfuerzan por garantizar, en la medida de sus posibilidades, la exactitud y actualizaci\u00f3n de toda la informaci\u00f3n contenida y\/o difundida a trav\u00e9s de este Sitio, cuyo contenido se reservan el derecho de corregir en cualquier momento y sin previo aviso. Sin embargo, el editor y el responsable de la publicaci\u00f3n de este Sitio no pueden garantizar la exactitud, precisi\u00f3n, actualizaci\u00f3n o exhaustividad de la informaci\u00f3n puesta a disposici\u00f3n en este Sitio. En consecuencia, y a excepci\u00f3n de los da\u00f1os directos resultantes de negligencia grave o dolo por parte del editor o del responsable de la publicaci\u00f3n de este Sitio, declinan toda responsabilidad:  <\/p>\n<ul>\n<li style=\"list-style-type: none;\">\n<ul>\n<li>Por cualquier imprecisi\u00f3n, inexactitud u omisi\u00f3n relativa a la informaci\u00f3n disponible en este Sitio,<\/li>\n<li>Por cualquier da\u00f1o resultante de la intrusi\u00f3n fraudulenta de un tercero que provoque la modificaci\u00f3n de la informaci\u00f3n o de los elementos puestos a disposici\u00f3n en este Sitio,<\/li>\n<\/ul>\n<\/li>\n<\/ul>\n<p>Y, de forma m\u00e1s general, por cualquier da\u00f1o, directo o indirecto, cualquiera que sea su causa, origen, naturaleza o consecuencias, incluso si el editor y el responsable de la publicaci\u00f3n de este Sitio hubieran sido advertidos de la posibilidad de tales da\u00f1os, causados por el acceso de cualquier persona al Sitio o la imposibilidad de acceder a \u00e9l, el uso del Sitio, incluido cualquier deterioro o virus que pudiera infectar tu equipo inform\u00e1tico o cualquier otro bien, y\/o el cr\u00e9dito otorgado a cualquier informaci\u00f3n procedente directa o indirectamente de este Sitio.<\/p>\n<p>El material de este Sitio o de cualquier otro Sitio se proporciona \u00abtal cual\u00bb, sin garant\u00eda de ning\u00fan tipo, ni expresa ni impl\u00edcita. El editor y la persona responsable de la publicaci\u00f3n de este Sitio no ofrecen ninguna garant\u00eda,<br \/>impl\u00edcita o expl\u00edcita, relativa, sin limitaci\u00f3n, a su valor de mercado o a su idoneidad para un fin determinado. <\/p>\n<h2 class=\"has-shape\">Datos estad\u00edsticos :<\/h2>\n<p>Para servirte mejor, medimos el n\u00famero de p\u00e1ginas vistas, el n\u00famero de visitas, as\u00ed como la actividad de los visitantes en el Sitio y la frecuencia con la que vuelven. Para ello utilizamos la tecnolog\u00eda \u00abcookie\u00bb. Las cookies utilizadas contienen: un identificador \u00fanico generado aleatoriamente y la fecha de tu \u00faltima visita. Puedes rechazar estas cookies o eliminarlas sin que ello afecte a tu navegaci\u00f3n por el Sitio. Por \u00faltimo, las direcciones IP relativas a las consultas realizadas, as\u00ed como las \u00abcookies\u00bb, no se conservan m\u00e1s all\u00e1 de los plazos de conservaci\u00f3n legalmente permitidos por la legislaci\u00f3n francesa.    <\/p>\n<h2 class=\"has-shape\">Cr\u00e9ditos<\/h2>\n<p>Cr\u00e9ditos de los iconos : <a href=\"https:\/\/www.flaticon.com\/\" target=\"_blank\" rel=\"noopener noreferrer\"><strong>www.flaticon.com<\/strong><\/a><\/p>\n<p>Implementaci\u00f3n, dise\u00f1o, producci\u00f3n y mantenimiento del sitio : <a href=\"https:\/\/www.jordaneidn.fr\/\"><strong>Jordane Iadadaine<\/strong><\/a> &amp; <a href=\"https:\/\/theobaes.me\/\" target=\"_blank\" rel=\"noopener noreferrer\"><strong>Th\u00e9o Baes<\/strong><\/a><\/p>\n<\/div><\/div><\/div><\/div><\/div><\/p>\n","protected":false},"excerpt":{"rendered":"","protected":false},"author":2,"featured_media":0,"parent":0,"menu_order":0,"comment_status":"closed","ping_status":"closed","template":"100-width.php","meta":{"_acf_changed":false,"_monsterinsights_skip_tracking":false,"_monsterinsights_sitenote_active":false,"_monsterinsights_sitenote_note":"","_monsterinsights_sitenote_category":0,"footnotes":""},"categories":[],"class_list":["post-7626","page","type-page","status-publish","hentry"],"acf":[],"yoast_head":"<!-- This site is optimized with the Yoast SEO plugin v26.9 - https:\/\/yoast.com\/product\/yoast-seo-wordpress\/ -->\n<title>Informaci\u00f3n legal - Camping La Roseraie D&#039;Omaha<\/title>\n<meta name=\"robots\" content=\"noindex, follow\" \/>\n<meta property=\"og:locale\" content=\"es_ES\" \/>\n<meta property=\"og:type\" content=\"article\" \/>\n<meta property=\"og:title\" content=\"Informaci\u00f3n legal - Camping La Roseraie D&#039;Omaha\" \/>\n<meta property=\"og:url\" content=\"https:\/\/www.camping-calvados-normandie.fr\/es\/informacion-legal\/\" \/>\n<meta property=\"og:site_name\" content=\"Camping La Roseraie D&#039;Omaha\" \/>\n<meta property=\"article:modified_time\" content=\"2025-08-18T13:19:45+00:00\" \/>\n<meta name=\"twitter:card\" content=\"summary_large_image\" \/>\n<meta name=\"twitter:label1\" content=\"Tiempo de lectura\" \/>\n\t<meta name=\"twitter:data1\" content=\"21 minutos\" \/>\n<script type=\"application\/ld+json\" class=\"yoast-schema-graph\">{\"@context\":\"https:\/\/schema.org\",\"@graph\":[{\"@type\":\"WebPage\",\"@id\":\"https:\/\/www.camping-calvados-normandie.fr\/es\/informacion-legal\/\",\"url\":\"https:\/\/www.camping-calvados-normandie.fr\/es\/informacion-legal\/\",\"name\":\"Informaci\u00f3n legal - Camping La Roseraie D&#039;Omaha\",\"isPartOf\":{\"@id\":\"https:\/\/www.camping-calvados-normandie.fr\/es\/#website\"},\"datePublished\":\"2025-08-18T13:19:42+00:00\",\"dateModified\":\"2025-08-18T13:19:45+00:00\",\"breadcrumb\":{\"@id\":\"https:\/\/www.camping-calvados-normandie.fr\/es\/informacion-legal\/#breadcrumb\"},\"inLanguage\":\"es\",\"potentialAction\":[{\"@type\":\"ReadAction\",\"target\":[\"https:\/\/www.camping-calvados-normandie.fr\/es\/informacion-legal\/\"]}]},{\"@type\":\"BreadcrumbList\",\"@id\":\"https:\/\/www.camping-calvados-normandie.fr\/es\/informacion-legal\/#breadcrumb\",\"itemListElement\":[{\"@type\":\"ListItem\",\"position\":1,\"name\":\"Accueil\",\"item\":\"https:\/\/www.camping-calvados-normandie.fr\/es\/\"},{\"@type\":\"ListItem\",\"position\":2,\"name\":\"Informaci\u00f3n legal\"}]},{\"@type\":\"WebSite\",\"@id\":\"https:\/\/www.camping-calvados-normandie.fr\/es\/#website\",\"url\":\"https:\/\/www.camping-calvados-normandie.fr\/es\/\",\"name\":\"Camping La Roseraie D&#039;Omaha\",\"description\":\"\",\"potentialAction\":[{\"@type\":\"SearchAction\",\"target\":{\"@type\":\"EntryPoint\",\"urlTemplate\":\"https:\/\/www.camping-calvados-normandie.fr\/es\/?s={search_term_string}\"},\"query-input\":{\"@type\":\"PropertyValueSpecification\",\"valueRequired\":true,\"valueName\":\"search_term_string\"}}],\"inLanguage\":\"es\"}]}<\/script>\n<!-- \/ Yoast SEO plugin. -->","yoast_head_json":{"title":"Informaci\u00f3n legal - Camping La Roseraie D&#039;Omaha","robots":{"index":"noindex","follow":"follow"},"og_locale":"es_ES","og_type":"article","og_title":"Informaci\u00f3n legal - Camping La Roseraie D&#039;Omaha","og_url":"https:\/\/www.camping-calvados-normandie.fr\/es\/informacion-legal\/","og_site_name":"Camping La Roseraie D&#039;Omaha","article_modified_time":"2025-08-18T13:19:45+00:00","twitter_card":"summary_large_image","twitter_misc":{"Tiempo de lectura":"21 minutos"},"schema":{"@context":"https:\/\/schema.org","@graph":[{"@type":"WebPage","@id":"https:\/\/www.camping-calvados-normandie.fr\/es\/informacion-legal\/","url":"https:\/\/www.camping-calvados-normandie.fr\/es\/informacion-legal\/","name":"Informaci\u00f3n legal - Camping La Roseraie D&#039;Omaha","isPartOf":{"@id":"https:\/\/www.camping-calvados-normandie.fr\/es\/#website"},"datePublished":"2025-08-18T13:19:42+00:00","dateModified":"2025-08-18T13:19:45+00:00","breadcrumb":{"@id":"https:\/\/www.camping-calvados-normandie.fr\/es\/informacion-legal\/#breadcrumb"},"inLanguage":"es","potentialAction":[{"@type":"ReadAction","target":["https:\/\/www.camping-calvados-normandie.fr\/es\/informacion-legal\/"]}]},{"@type":"BreadcrumbList","@id":"https:\/\/www.camping-calvados-normandie.fr\/es\/informacion-legal\/#breadcrumb","itemListElement":[{"@type":"ListItem","position":1,"name":"Accueil","item":"https:\/\/www.camping-calvados-normandie.fr\/es\/"},{"@type":"ListItem","position":2,"name":"Informaci\u00f3n legal"}]},{"@type":"WebSite","@id":"https:\/\/www.camping-calvados-normandie.fr\/es\/#website","url":"https:\/\/www.camping-calvados-normandie.fr\/es\/","name":"Camping La Roseraie D&#039;Omaha","description":"","potentialAction":[{"@type":"SearchAction","target":{"@type":"EntryPoint","urlTemplate":"https:\/\/www.camping-calvados-normandie.fr\/es\/?s={search_term_string}"},"query-input":{"@type":"PropertyValueSpecification","valueRequired":true,"valueName":"search_term_string"}}],"inLanguage":"es"}]}},"_links":{"self":[{"href":"https:\/\/www.camping-calvados-normandie.fr\/es\/wp-json\/wp\/v2\/pages\/7626","targetHints":{"allow":["GET"]}}],"collection":[{"href":"https:\/\/www.camping-calvados-normandie.fr\/es\/wp-json\/wp\/v2\/pages"}],"about":[{"href":"https:\/\/www.camping-calvados-normandie.fr\/es\/wp-json\/wp\/v2\/types\/page"}],"author":[{"embeddable":true,"href":"https:\/\/www.camping-calvados-normandie.fr\/es\/wp-json\/wp\/v2\/users\/2"}],"replies":[{"embeddable":true,"href":"https:\/\/www.camping-calvados-normandie.fr\/es\/wp-json\/wp\/v2\/comments?post=7626"}],"version-history":[{"count":6,"href":"https:\/\/www.camping-calvados-normandie.fr\/es\/wp-json\/wp\/v2\/pages\/7626\/revisions"}],"predecessor-version":[{"id":7667,"href":"https:\/\/www.camping-calvados-normandie.fr\/es\/wp-json\/wp\/v2\/pages\/7626\/revisions\/7667"}],"wp:attachment":[{"href":"https:\/\/www.camping-calvados-normandie.fr\/es\/wp-json\/wp\/v2\/media?parent=7626"}],"wp:term":[{"taxonomy":"category","embeddable":true,"href":"https:\/\/www.camping-calvados-normandie.fr\/es\/wp-json\/wp\/v2\/categories?post=7626"}],"curies":[{"name":"wp","href":"https:\/\/api.w.org\/{rel}","templated":true}]}}