{"id":7619,"date":"2025-08-18T15:19:41","date_gmt":"2025-08-18T13:19:41","guid":{"rendered":"https:\/\/www.camping-calvados-normandie.fr\/r-i\/"},"modified":"2025-08-18T15:19:43","modified_gmt":"2025-08-18T13:19:43","slug":"r-i","status":"publish","type":"page","link":"https:\/\/www.camping-calvados-normandie.fr\/es\/r-i\/","title":{"rendered":"R.I."},"content":{"rendered":"<p><div class=\"fusion-fullwidth fullwidth-box fusion-builder-row-1 fusion-flex-container nonhundred-percent-fullwidth non-hundred-percent-height-scrolling\" style=\"--awb-border-radius-top-left:0px;--awb-border-radius-top-right:0px;--awb-border-radius-bottom-right:0px;--awb-border-radius-bottom-left:0px;--awb-padding-top:30px;--awb-flex-wrap:wrap;\" ><div class=\"fusion-builder-row fusion-row fusion-flex-align-items-flex-start fusion-flex-content-wrap\" style=\"max-width:calc( 1232px + 0px );margin-left: calc(-0px \/ 2 );margin-right: calc(-0px \/ 2 );\"><div class=\"fusion-layout-column fusion_builder_column fusion-builder-column-0 fusion_builder_column_1_1 1_1 fusion-flex-column\" style=\"--awb-bg-size:cover;--awb-width-large:100%;--awb-margin-top-large:0px;--awb-spacing-right-large:0px;--awb-margin-bottom-large:0px;--awb-spacing-left-large:0px;--awb-width-medium:100%;--awb-spacing-right-medium:0px;--awb-spacing-left-medium:0px;--awb-width-small:100%;--awb-spacing-right-small:0px;--awb-spacing-left-small:0px;\"><div class=\"fusion-column-wrapper fusion-column-has-shadow fusion-flex-justify-content-flex-start fusion-content-layout-column\"><div class=\"fusion-text fusion-text-1\"><h1 class=\"h1_separator\" style=\"text-transform: uppercase;\">R.I.<\/h1>\n<\/div><\/div><\/div><\/div><\/div><div class=\"fusion-fullwidth fullwidth-box fusion-builder-row-2 fusion-flex-container hundred-percent-fullwidth non-hundred-percent-height-scrolling\" style=\"--awb-border-radius-top-left:0px;--awb-border-radius-top-right:0px;--awb-border-radius-bottom-right:0px;--awb-border-radius-bottom-left:0px;--awb-padding-right:6%;--awb-padding-bottom:97px;--awb-padding-left:3%;--awb-flex-wrap:wrap;\" ><div class=\"fusion-builder-row fusion-row fusion-flex-align-items-stretch fusion-flex-content-wrap\" style=\"width:calc( 100% + 0px ) !important;max-width:calc( 100% + 0px ) !important;margin-left: calc(-0px \/ 2 );margin-right: calc(-0px \/ 2 );\"><div class=\"fusion-layout-column fusion_builder_column fusion-builder-column-1 fusion_builder_column_1_4 1_4 fusion-flex-column\" style=\"--awb-bg-size:cover;--awb-width-large:25%;--awb-margin-top-large:0px;--awb-spacing-right-large:calc( 0.04 * calc( 100% - 0 ) );--awb-margin-bottom-large:0px;--awb-spacing-left-large:0px;--awb-width-medium:25%;--awb-spacing-right-medium:calc( 0.04 * calc( 100% - 0 ) );--awb-spacing-left-medium:0px;--awb-width-small:100%;--awb-spacing-right-small:0px;--awb-spacing-left-small:0px;\"><div class=\"fusion-column-wrapper fusion-column-has-shadow fusion-flex-justify-content-flex-start fusion-content-layout-column\"><\/div><\/div><div class=\"fusion-layout-column fusion_builder_column fusion-builder-column-2 fusion_builder_column_2_3 2_3 fusion-flex-column\" style=\"--awb-padding-top:4%;--awb-bg-size:cover;--awb-width-large:66.666666666667%;--awb-margin-top-large:0px;--awb-spacing-right-large:0px;--awb-margin-bottom-large:0px;--awb-spacing-left-large:calc( 0.040000000000001 * calc( 100% - 0 ) );--awb-width-medium:66.666666666667%;--awb-spacing-right-medium:0px;--awb-spacing-left-medium:calc( 0.040000000000001 * calc( 100% - 0 ) );--awb-width-small:100%;--awb-spacing-right-small:0px;--awb-spacing-left-small:0px;\"><div class=\"fusion-column-wrapper fusion-column-has-shadow fusion-flex-justify-content-flex-start fusion-content-layout-column\"><div class=\"fusion-text fusion-text-2\"><h2>Condiciones generales de alquiler de una parcela<\/h2>\n<p>Toda reserva implica la aceptaci\u00f3n de las normas y condiciones que figuran a continuaci\u00f3n.<\/p>\n<h3>Los precios incluyen<\/h3>\n<p>Alquiler de una parcela, que se pondr\u00e1 a tu disposici\u00f3n a partir de las 14 h del d\u00eda de tu llegada y deber\u00e1 quedar libre antes de las 12 h del d\u00eda de tu partida. Acceso a los aseos, zonas de juegos, tenis de mesa y zona de piscina. M\u00e1ximo 6 personas por parcela. Los precios no incluyen: tasa tur\u00edstica al tipo vigente (por d\u00eda y por persona mayor de 18 a\u00f1os).   <\/p>\n<h3>Condiciones de reserva<\/h3>\n<p>Pago de un dep\u00f3sito del 30% del coste total de la estancia. El saldo de la estancia y la tasa tur\u00edstica deben abonarse a m\u00e1s tardar el d\u00eda anterior a la salida. <\/p>\n<h3>Anulaci\u00f3n de la reserva<\/h3>\n<p>Todas las cancelaciones deben hacerse por carta certificada. Para todas las cancelaciones hechas por el inquilino con menos de 45 d\u00edas de antelaci\u00f3n a la fecha de llegada, el camping retendr\u00e1 la fianza. La fianza seguir\u00e1 siendo propiedad del camping una vez iniciada la estancia. En caso de no presentarse, la parcela se conservar\u00e1 durante las 24 horas siguientes a la fecha prevista de llegada. Si no hay noticias tuyas, se anular\u00e1 la reserva y el camping retendr\u00e1 la fianza. En todos los casos de anulaci\u00f3n, el camping retendr\u00e1 la fianza. Posibilidad de contratar un seguro de cancelaci\u00f3n: 3% del coste total de la estancia.     <\/p>\n<h3>Animales<\/h3>\n<p>Se admiten mascotas en el camping, pero deben ir con correa y estar vacunadas. Debe presentarse un certificado de vacunaci\u00f3n actualizado. No deben permanecer en el camping ni encerrados en el alojamiento en ausencia de su amo. Tienen estrictamente prohibido el acceso a los aseos y a la zona de juegos infantiles. Los perros de 1\u00aa y 2\u00aa categor\u00eda est\u00e1n estrictamente prohibidos.<\/p>\n<\/div><div class=\"fusion-text fusion-text-3\"><h2>Condiciones generales de alquiler de casas m\u00f3viles, chalets y casas rurales<\/h2>\n<p>Todos los alquileres son nominativos y en ning\u00fan caso pueden subarrendarse. Por razones de seguridad, la ocupaci\u00f3n est\u00e1 limitada a un m\u00e1ximo de 2 a 9 personas, seg\u00fan el tipo de alojamiento. No se aceptar\u00e1n menores no acompa\u00f1ados. El inquilino debe tener un seguro de \u00abresponsabilidad civil\u00bb.   <\/p>\n<h3>Tasa tur\u00edstica<\/h3>\n<p>Tasa tur\u00edstica adicional al precio del alquiler seg\u00fan la tarifa vigente (por d\u00eda y por persona mayor de 18 a\u00f1os).<\/p>\n<h3>Reservas<\/h3>\n<p>Funcionan de s\u00e1bado a s\u00e1bado en julio y agosto. Llegada a partir de las 15 h, salida antes de las 10 h. Cualquier llegada antes de la fecha y hora acordadas supondr\u00e1 que el veraneante no podr\u00e1 ocupar el alojamiento alquilado, salvo acuerdo previo por escrito con la direcci\u00f3n del camping.  <\/p>\n<h3>Condiciones de pago<\/h3>\n<p>Las solicitudes de reserva deben ir acompa\u00f1adas de un dep\u00f3sito del 30% del coste total de la estancia. El saldo de la estancia y una fianza de 200 euros deben abonarse a la llegada. La fianza se te devolver\u00e1 el d\u00eda de salida, una vez comprobado el alquiler. En caso de salida fuera de las horas de apertura de la oficina, la fianza se enviar\u00e1 por correo, descontando las posibles deducciones por da\u00f1os o limpieza no efectuada, y tras comprobar el inventario y la limpieza del alojamiento, siendo la limpieza responsabilidad del inquilino. En su defecto, el inquilino deber\u00e1 abonar un importe global de limpieza de 50 euros. El inventario al final del periodo de alquiler debe ser id\u00e9ntico al del principio, y cualquier art\u00edculo que falte debe ser sustituido o pagado por el inquilino.<br \/>\nCancelaci\u00f3n: Todas las cancelaciones deben hacerse por carta certificada. Para cualquier cancelaci\u00f3n solicitada por el inquilino y efectuada con menos de 45 d\u00edas de antelaci\u00f3n a la fecha de llegada, el camping retendr\u00e1 el dep\u00f3sito. El camping retendr\u00e1 el importe total de la estancia una vez iniciada \u00e9sta. En caso de no presentarse, el importe del alquiler se retendr\u00e1 durante las 24 horas siguientes a la fecha de llegada prevista. Si no recibes noticias tuyas, se anular\u00e1 la reserva y el camping retendr\u00e1 la fianza. En todos los casos de anulaci\u00f3n, el camping retendr\u00e1 la fianza. Es posible contratar un seguro de cancelaci\u00f3n (antes de la fecha de la estancia) por un 3% del coste total de la estancia. No se conceder\u00e1 ning\u00fan descuento por llegada tard\u00eda o salida anticipada por ning\u00fan motivo.            <\/p>\n<h3>Visitantes<\/h3>\n<p>Los visitantes son admitidos de 10.00 a 21.00 h y deben registrarse en recepci\u00f3n a su llegada y abonar la tasa correspondiente. Est\u00e1n bajo la responsabilidad de los campistas que los reciben y deben respetar las normas. Su veh\u00edculo debe aparcarse en el aparcamiento exterior.  <\/p>\n<h3>Animales<\/h3>\n<p>No se admiten gatos en los alojamientos de alquiler. S\u00f3lo se admite un perro si est\u00e1 vacunado (mostrar certificado de vacunaci\u00f3n) y pesa menos de 6 kg. Los perros deben ir siempre con correa y no deben quedarse solos en el alojamiento.<\/p>\n<\/div><\/div><\/div><\/div><\/div><\/p>\n","protected":false},"excerpt":{"rendered":"","protected":false},"author":2,"featured_media":0,"parent":0,"menu_order":0,"comment_status":"closed","ping_status":"closed","template":"100-width.php","meta":{"_acf_changed":false,"_monsterinsights_skip_tracking":false,"_monsterinsights_sitenote_active":false,"_monsterinsights_sitenote_note":"","_monsterinsights_sitenote_category":0,"footnotes":""},"categories":[],"class_list":["post-7619","page","type-page","status-publish","hentry"],"acf":[],"yoast_head":"<!-- This site is optimized with the Yoast SEO plugin v26.9 - https:\/\/yoast.com\/product\/yoast-seo-wordpress\/ -->\n<title>R.I. - Camping La Roseraie D&#039;Omaha<\/title>\n<meta name=\"robots\" content=\"index, follow, max-snippet:-1, max-image-preview:large, max-video-preview:-1\" \/>\n<link rel=\"canonical\" href=\"https:\/\/www.camping-calvados-normandie.fr\/es\/r-i\/\" \/>\n<meta property=\"og:locale\" content=\"es_ES\" \/>\n<meta property=\"og:type\" content=\"article\" \/>\n<meta property=\"og:title\" content=\"R.I. - Camping La Roseraie D&#039;Omaha\" \/>\n<meta property=\"og:url\" content=\"https:\/\/www.camping-calvados-normandie.fr\/es\/r-i\/\" \/>\n<meta property=\"og:site_name\" content=\"Camping La Roseraie D&#039;Omaha\" \/>\n<meta property=\"article:modified_time\" content=\"2025-08-18T13:19:43+00:00\" \/>\n<meta name=\"twitter:card\" content=\"summary_large_image\" \/>\n<meta name=\"twitter:label1\" content=\"Tiempo de lectura\" \/>\n\t<meta name=\"twitter:data1\" content=\"7 minutos\" \/>\n<script type=\"application\/ld+json\" class=\"yoast-schema-graph\">{\"@context\":\"https:\/\/schema.org\",\"@graph\":[{\"@type\":\"WebPage\",\"@id\":\"https:\/\/www.camping-calvados-normandie.fr\/es\/r-i\/\",\"url\":\"https:\/\/www.camping-calvados-normandie.fr\/es\/r-i\/\",\"name\":\"R.I. - Camping La Roseraie D&#039;Omaha\",\"isPartOf\":{\"@id\":\"https:\/\/www.camping-calvados-normandie.fr\/es\/#website\"},\"datePublished\":\"2025-08-18T13:19:41+00:00\",\"dateModified\":\"2025-08-18T13:19:43+00:00\",\"breadcrumb\":{\"@id\":\"https:\/\/www.camping-calvados-normandie.fr\/es\/r-i\/#breadcrumb\"},\"inLanguage\":\"es\",\"potentialAction\":[{\"@type\":\"ReadAction\",\"target\":[\"https:\/\/www.camping-calvados-normandie.fr\/es\/r-i\/\"]}]},{\"@type\":\"BreadcrumbList\",\"@id\":\"https:\/\/www.camping-calvados-normandie.fr\/es\/r-i\/#breadcrumb\",\"itemListElement\":[{\"@type\":\"ListItem\",\"position\":1,\"name\":\"Accueil\",\"item\":\"https:\/\/www.camping-calvados-normandie.fr\/es\/\"},{\"@type\":\"ListItem\",\"position\":2,\"name\":\"R.I.\"}]},{\"@type\":\"WebSite\",\"@id\":\"https:\/\/www.camping-calvados-normandie.fr\/es\/#website\",\"url\":\"https:\/\/www.camping-calvados-normandie.fr\/es\/\",\"name\":\"Camping La Roseraie D&#039;Omaha\",\"description\":\"\",\"potentialAction\":[{\"@type\":\"SearchAction\",\"target\":{\"@type\":\"EntryPoint\",\"urlTemplate\":\"https:\/\/www.camping-calvados-normandie.fr\/es\/?s={search_term_string}\"},\"query-input\":{\"@type\":\"PropertyValueSpecification\",\"valueRequired\":true,\"valueName\":\"search_term_string\"}}],\"inLanguage\":\"es\"}]}<\/script>\n<!-- \/ Yoast SEO plugin. -->","yoast_head_json":{"title":"R.I. - Camping La Roseraie D&#039;Omaha","robots":{"index":"index","follow":"follow","max-snippet":"max-snippet:-1","max-image-preview":"max-image-preview:large","max-video-preview":"max-video-preview:-1"},"canonical":"https:\/\/www.camping-calvados-normandie.fr\/es\/r-i\/","og_locale":"es_ES","og_type":"article","og_title":"R.I. - Camping La Roseraie D&#039;Omaha","og_url":"https:\/\/www.camping-calvados-normandie.fr\/es\/r-i\/","og_site_name":"Camping La Roseraie D&#039;Omaha","article_modified_time":"2025-08-18T13:19:43+00:00","twitter_card":"summary_large_image","twitter_misc":{"Tiempo de lectura":"7 minutos"},"schema":{"@context":"https:\/\/schema.org","@graph":[{"@type":"WebPage","@id":"https:\/\/www.camping-calvados-normandie.fr\/es\/r-i\/","url":"https:\/\/www.camping-calvados-normandie.fr\/es\/r-i\/","name":"R.I. - Camping La Roseraie D&#039;Omaha","isPartOf":{"@id":"https:\/\/www.camping-calvados-normandie.fr\/es\/#website"},"datePublished":"2025-08-18T13:19:41+00:00","dateModified":"2025-08-18T13:19:43+00:00","breadcrumb":{"@id":"https:\/\/www.camping-calvados-normandie.fr\/es\/r-i\/#breadcrumb"},"inLanguage":"es","potentialAction":[{"@type":"ReadAction","target":["https:\/\/www.camping-calvados-normandie.fr\/es\/r-i\/"]}]},{"@type":"BreadcrumbList","@id":"https:\/\/www.camping-calvados-normandie.fr\/es\/r-i\/#breadcrumb","itemListElement":[{"@type":"ListItem","position":1,"name":"Accueil","item":"https:\/\/www.camping-calvados-normandie.fr\/es\/"},{"@type":"ListItem","position":2,"name":"R.I."}]},{"@type":"WebSite","@id":"https:\/\/www.camping-calvados-normandie.fr\/es\/#website","url":"https:\/\/www.camping-calvados-normandie.fr\/es\/","name":"Camping La Roseraie D&#039;Omaha","description":"","potentialAction":[{"@type":"SearchAction","target":{"@type":"EntryPoint","urlTemplate":"https:\/\/www.camping-calvados-normandie.fr\/es\/?s={search_term_string}"},"query-input":{"@type":"PropertyValueSpecification","valueRequired":true,"valueName":"search_term_string"}}],"inLanguage":"es"}]}},"_links":{"self":[{"href":"https:\/\/www.camping-calvados-normandie.fr\/es\/wp-json\/wp\/v2\/pages\/7619","targetHints":{"allow":["GET"]}}],"collection":[{"href":"https:\/\/www.camping-calvados-normandie.fr\/es\/wp-json\/wp\/v2\/pages"}],"about":[{"href":"https:\/\/www.camping-calvados-normandie.fr\/es\/wp-json\/wp\/v2\/types\/page"}],"author":[{"embeddable":true,"href":"https:\/\/www.camping-calvados-normandie.fr\/es\/wp-json\/wp\/v2\/users\/2"}],"replies":[{"embeddable":true,"href":"https:\/\/www.camping-calvados-normandie.fr\/es\/wp-json\/wp\/v2\/comments?post=7619"}],"version-history":[{"count":4,"href":"https:\/\/www.camping-calvados-normandie.fr\/es\/wp-json\/wp\/v2\/pages\/7619\/revisions"}],"predecessor-version":[{"id":7646,"href":"https:\/\/www.camping-calvados-normandie.fr\/es\/wp-json\/wp\/v2\/pages\/7619\/revisions\/7646"}],"wp:attachment":[{"href":"https:\/\/www.camping-calvados-normandie.fr\/es\/wp-json\/wp\/v2\/media?parent=7619"}],"wp:term":[{"taxonomy":"category","embeddable":true,"href":"https:\/\/www.camping-calvados-normandie.fr\/es\/wp-json\/wp\/v2\/categories?post=7619"}],"curies":[{"name":"wp","href":"https:\/\/api.w.org\/{rel}","templated":true}]}}