{"id":7427,"date":"2025-08-18T15:19:13","date_gmt":"2025-08-18T13:19:13","guid":{"rendered":"https:\/\/www.camping-calvados-normandie.fr\/vitamina-de-camping\/"},"modified":"2025-08-18T15:19:16","modified_gmt":"2025-08-18T13:19:16","slug":"vitamina-de-camping","status":"publish","type":"page","link":"https:\/\/www.camping-calvados-normandie.fr\/es\/vitamina-de-camping\/","title":{"rendered":"Vitamina de camping"},"content":{"rendered":"<p><div class=\"fusion-fullwidth fullwidth-box fusion-builder-row-1 fusion-flex-container has-pattern-background has-mask-background nonhundred-percent-fullwidth non-hundred-percent-height-scrolling\" style=\"--awb-border-radius-top-left:0px;--awb-border-radius-top-right:0px;--awb-border-radius-bottom-right:0px;--awb-border-radius-bottom-left:0px;--awb-margin-bottom:135px;--awb-margin-bottom-medium:75px;--awb-margin-top-small:-5px;--awb-margin-bottom-small:75px;--awb-flex-wrap:wrap;\" ><div class=\"fusion-builder-row fusion-row fusion-flex-align-items-flex-start fusion-flex-content-wrap\" style=\"max-width:calc( 1232px + 0px );margin-left: calc(-0px \/ 2 );margin-right: calc(-0px \/ 2 );\"><div class=\"fusion-layout-column fusion_builder_column fusion-builder-column-0 fusion_builder_column_1_2 1_2 fusion-flex-column\" style=\"--awb-bg-size:cover;--awb-width-large:50%;--awb-margin-top-large:0px;--awb-spacing-right-large:0px;--awb-margin-bottom-large:0px;--awb-spacing-left-large:0px;--awb-width-medium:50%;--awb-order-medium:0;--awb-spacing-right-medium:0px;--awb-spacing-left-medium:0px;--awb-width-small:100%;--awb-order-small:0;--awb-spacing-right-small:0px;--awb-spacing-left-small:28px;\" data-scroll-devices=\"small-visibility,medium-visibility,large-visibility\"><div class=\"fusion-column-wrapper fusion-column-has-shadow fusion-flex-justify-content-flex-start fusion-content-layout-column\"><div class=\"fusion-title title fusion-title-1 fusion-sep-none fusion-title-text fusion-title-size-one has-shape yellow\" style=\"--awb-margin-bottom:49px;--awb-margin-bottom-small:35px;\"><h1 class=\"fusion-title-heading title-heading-left\" style=\"margin:0;\">Establecimiento de 3 estrellas en Alta Normand\u00eda<\/h1><\/div><div class=\"fusion-text fusion-text-1\"><p>Confort, ocio, autocuidado y forma f\u00edsica, idealmente situado en el coraz\u00f3n de la <a href=\"https:\/\/www.camping-vitamin.com\/\" target=\"_blank\" rel=\"noopener noreferrer\">Alta Normand\u00eda , el Camping Vitamin,<\/a> en la comuna de Saint-Aubin-sur-Scie, a las afueras de Dieppe, lo tiene todo para ser considerado uno de los campings m\u00e1s agradables de la regi\u00f3n. Situado cerca de las principales atracciones tur\u00edsticas de la regi\u00f3n, incluido el magn\u00edfico litoral por el que es famosa la zona, como los acantilados de Etretat, el camping goza de una ubicaci\u00f3n ideal para visitar la Alta Normand\u00eda gracias a su acceso directo al mar (a menos de 3 km) y a su proximidad a grandes ciudades como Rouen y Le Havre.<\/p>\n<\/div><\/div><\/div><div class=\"fusion-layout-column fusion_builder_column fusion-builder-column-1 fusion_builder_column_1_2 1_2 fusion-flex-column\" style=\"--awb-bg-size:cover;--awb-width-large:50%;--awb-margin-top-large:0px;--awb-spacing-right-large:0px;--awb-margin-bottom-large:0px;--awb-spacing-left-large:96px;--awb-width-medium:50%;--awb-order-medium:0;--awb-spacing-right-medium:0px;--awb-spacing-left-medium:96px;--awb-width-small:100%;--awb-order-small:0;--awb-spacing-right-small:0px;--awb-spacing-left-small:0px;\" data-scroll-devices=\"small-visibility,medium-visibility,large-visibility\"><div class=\"fusion-column-wrapper fusion-column-has-shadow fusion-flex-justify-content-flex-start fusion-content-layout-column\"><div class=\"fusion-image-element \" style=\"--awb-aspect-ratio: 100 \/ 59;--awb-caption-title-font-family:var(--h2_typography-font-family);--awb-caption-title-font-weight:var(--h2_typography-font-weight);--awb-caption-title-font-style:var(--h2_typography-font-style);--awb-caption-title-size:var(--h2_typography-font-size);--awb-caption-title-transform:var(--h2_typography-text-transform);--awb-caption-title-line-height:var(--h2_typography-line-height);--awb-caption-title-letter-spacing:var(--h2_typography-letter-spacing);\"><span class=\" fusion-imageframe imageframe-none imageframe-1 hover-type-none has-aspect-ratio has-shape img__full\"><img decoding=\"async\" width=\"708\" height=\"670\" title=\"DJI_20240605092311_0047_D@2x\" src=\"https:\/\/www.camping-calvados-normandie.fr\/wp-content\/uploads\/DJI_20240605092311_0047_D@2x.jpg\" data-orig-src=\"https:\/\/www.camping-calvados-normandie.fr\/wp-content\/uploads\/DJI_20240605092311_0047_D@2x.jpg\" class=\"lazyload img-responsive wp-image-3694 img-with-aspect-ratio\" data-parent-fit=\"cover\" data-parent-container=\".fusion-image-element\" alt srcset=\"data:image\/svg+xml,%3Csvg%20xmlns%3D%27http%3A%2F%2Fwww.w3.org%2F2000%2Fsvg%27%20width%3D%27708%27%20height%3D%27670%27%20viewBox%3D%270%200%20708%20670%27%3E%3Crect%20width%3D%27708%27%20height%3D%27670%27%20fill-opacity%3D%220%22%2F%3E%3C%2Fsvg%3E\" data-srcset=\"https:\/\/www.camping-calvados-normandie.fr\/wp-content\/uploads\/DJI_20240605092311_0047_D@2x-200x189.jpg 200w, https:\/\/www.camping-calvados-normandie.fr\/wp-content\/uploads\/DJI_20240605092311_0047_D@2x-400x379.jpg 400w, https:\/\/www.camping-calvados-normandie.fr\/wp-content\/uploads\/DJI_20240605092311_0047_D@2x-600x568.jpg 600w, https:\/\/www.camping-calvados-normandie.fr\/wp-content\/uploads\/DJI_20240605092311_0047_D@2x.jpg 708w\" data-sizes=\"auto\" data-orig-sizes=\"(max-width: 800px) 100vw, 600px\" \/><\/span><\/div><\/div><\/div><\/div><\/div><div class=\"fusion-fullwidth fullwidth-box fusion-builder-row-2 fusion-flex-container has-pattern-background has-mask-background nonhundred-percent-fullwidth non-hundred-percent-height-scrolling\" style=\"--awb-border-radius-top-left:0px;--awb-border-radius-top-right:0px;--awb-border-radius-bottom-right:0px;--awb-border-radius-bottom-left:0px;--awb-flex-wrap:wrap;\" ><div class=\"fusion-builder-row fusion-row fusion-flex-align-items-stretch fusion-flex-content-wrap\" style=\"max-width:calc( 1232px + 0px );margin-left: calc(-0px \/ 2 );margin-right: calc(-0px \/ 2 );\"><div class=\"fusion-layout-column fusion_builder_column fusion-builder-column-2 fusion_builder_column_1_1 1_1 fusion-flex-column\" style=\"--awb-bg-size:cover;--awb-width-large:100%;--awb-margin-top-large:0px;--awb-spacing-right-large:0px;--awb-margin-bottom-large:0px;--awb-spacing-left-large:0px;--awb-width-medium:100%;--awb-order-medium:0;--awb-spacing-right-medium:0px;--awb-spacing-left-medium:0px;--awb-width-small:100%;--awb-order-small:0;--awb-spacing-right-small:0px;--awb-spacing-left-small:0px;\" data-scroll-devices=\"small-visibility,medium-visibility,large-visibility\"><div class=\"fusion-column-wrapper fusion-column-has-shadow fusion-flex-justify-content-flex-start fusion-content-layout-column\"><div class=\"fusion-text fusion-text-2\"><p>Aut\u00e9ntico complejo para unas relajantes vacaciones en familia, el camping est\u00e1 idealmente dise\u00f1ado para que t\u00fa y tus hijos aprovech\u00e9is al m\u00e1ximo los tesoros de la regi\u00f3n mientras viv\u00eds en un entorno confortable. Durante toda la temporada, de marzo a septiembre, podr\u00e1s disfrutar de una zona de piscina cubierta climatizada a 28 grados, con piscina de balneoterapia y cascada, ideal para un ba\u00f1o relajante. Tambi\u00e9n hay una zona de toboganes y juegos acu\u00e1ticos para los m\u00e1s peque\u00f1os. Tambi\u00e9n en el exterior, durante la temporada alta de julio y agosto, encontrar\u00e1s una gran piscina que tambi\u00e9n es accesible para los m\u00e1s peque\u00f1os gracias a su zona equipada con juegos acu\u00e1ticos y toboganes.   <\/p>\n<p>El confort es la consigna en el Camping Vitamina, y lo sentir\u00e1s a\u00fan m\u00e1s cuando descubras las parcelas para tiendas\/caravanas\/autocaravanas y mobil homes\/chalets de alto nivel a disposici\u00f3n de todos. Por s\u00f3lo unas decenas de euros, podr\u00e1s aprovechar las amplias y verdes parcelas repartidas por todo el camping para disfrutar al m\u00e1ximo de tu estancia, ya sea en tienda, caravana o autocaravana, con poco que ver aparte de la naturaleza. <\/p>\n<p>Para estancias m\u00e1s largas, te invitamos a descubrir la amplia oferta de mobil-homes del Camping Vitamina, con alojamiento para 4 a 6 personas en condiciones muy agradables. Tambi\u00e9n puedes optar por un chal\u00e9 para 5 personas. Disponibles de s\u00e1bado a s\u00e1bado o de domingo a domingo, se pedir\u00e1 una fianza a la llegada.  <\/p>\n<p>Con un entorno muy agradable a precios razonables en general, el camping Vitamin har\u00e1 las delicias de grandes y peque\u00f1os con su amplia oferta de actividades y animaciones, as\u00ed como sus espacios acu\u00e1ticos y de relajaci\u00f3n, como el rinc\u00f3n Bienestar con su sala de masajes para relajarse y su sala de fitness para ponerse en forma. Por eso, no es casualidad que este camping tenga una categor\u00eda de 4 estrellas y haya sido galardonado con el sello \u00abNormandie Qualit\u00e9 Tourisme\u00bb. <\/p>\n<p>El equipo del camping Vitamina<\/p>\n<\/div><\/div><\/div><\/div><\/div><\/p>\n","protected":false},"excerpt":{"rendered":"","protected":false},"author":2,"featured_media":0,"parent":0,"menu_order":0,"comment_status":"closed","ping_status":"closed","template":"100-width.php","meta":{"_acf_changed":false,"_monsterinsights_skip_tracking":false,"_monsterinsights_sitenote_active":false,"_monsterinsights_sitenote_note":"","_monsterinsights_sitenote_category":0,"footnotes":""},"categories":[],"class_list":["post-7427","page","type-page","status-publish","hentry"],"acf":[],"yoast_head":"<!-- This site is optimized with the Yoast SEO plugin v26.9 - https:\/\/yoast.com\/product\/yoast-seo-wordpress\/ -->\n<title>Vitamina de camping - Camping La Roseraie D&#039;Omaha<\/title>\n<meta name=\"robots\" content=\"index, follow, max-snippet:-1, max-image-preview:large, max-video-preview:-1\" \/>\n<link rel=\"canonical\" href=\"https:\/\/www.camping-calvados-normandie.fr\/es\/vitamina-de-camping\/\" \/>\n<meta property=\"og:locale\" content=\"es_ES\" \/>\n<meta property=\"og:type\" content=\"article\" \/>\n<meta property=\"og:title\" content=\"Vitamina de camping - Camping La Roseraie D&#039;Omaha\" \/>\n<meta property=\"og:url\" content=\"https:\/\/www.camping-calvados-normandie.fr\/es\/vitamina-de-camping\/\" \/>\n<meta property=\"og:site_name\" content=\"Camping La Roseraie D&#039;Omaha\" \/>\n<meta property=\"article:modified_time\" content=\"2025-08-18T13:19:16+00:00\" \/>\n<meta name=\"twitter:card\" content=\"summary_large_image\" \/>\n<meta name=\"twitter:label1\" content=\"Tiempo de lectura\" \/>\n\t<meta name=\"twitter:data1\" content=\"19 minutos\" \/>\n<script type=\"application\/ld+json\" class=\"yoast-schema-graph\">{\"@context\":\"https:\/\/schema.org\",\"@graph\":[{\"@type\":\"WebPage\",\"@id\":\"https:\/\/www.camping-calvados-normandie.fr\/es\/vitamina-de-camping\/\",\"url\":\"https:\/\/www.camping-calvados-normandie.fr\/es\/vitamina-de-camping\/\",\"name\":\"Vitamina de camping - Camping La Roseraie D&#039;Omaha\",\"isPartOf\":{\"@id\":\"https:\/\/www.camping-calvados-normandie.fr\/es\/#website\"},\"datePublished\":\"2025-08-18T13:19:13+00:00\",\"dateModified\":\"2025-08-18T13:19:16+00:00\",\"breadcrumb\":{\"@id\":\"https:\/\/www.camping-calvados-normandie.fr\/es\/vitamina-de-camping\/#breadcrumb\"},\"inLanguage\":\"es\",\"potentialAction\":[{\"@type\":\"ReadAction\",\"target\":[\"https:\/\/www.camping-calvados-normandie.fr\/es\/vitamina-de-camping\/\"]}]},{\"@type\":\"BreadcrumbList\",\"@id\":\"https:\/\/www.camping-calvados-normandie.fr\/es\/vitamina-de-camping\/#breadcrumb\",\"itemListElement\":[{\"@type\":\"ListItem\",\"position\":1,\"name\":\"Accueil\",\"item\":\"https:\/\/www.camping-calvados-normandie.fr\/es\/\"},{\"@type\":\"ListItem\",\"position\":2,\"name\":\"Vitamina de camping\"}]},{\"@type\":\"WebSite\",\"@id\":\"https:\/\/www.camping-calvados-normandie.fr\/es\/#website\",\"url\":\"https:\/\/www.camping-calvados-normandie.fr\/es\/\",\"name\":\"Camping La Roseraie D&#039;Omaha\",\"description\":\"\",\"potentialAction\":[{\"@type\":\"SearchAction\",\"target\":{\"@type\":\"EntryPoint\",\"urlTemplate\":\"https:\/\/www.camping-calvados-normandie.fr\/es\/?s={search_term_string}\"},\"query-input\":{\"@type\":\"PropertyValueSpecification\",\"valueRequired\":true,\"valueName\":\"search_term_string\"}}],\"inLanguage\":\"es\"}]}<\/script>\n<!-- \/ Yoast SEO plugin. -->","yoast_head_json":{"title":"Vitamina de camping - Camping La Roseraie D&#039;Omaha","robots":{"index":"index","follow":"follow","max-snippet":"max-snippet:-1","max-image-preview":"max-image-preview:large","max-video-preview":"max-video-preview:-1"},"canonical":"https:\/\/www.camping-calvados-normandie.fr\/es\/vitamina-de-camping\/","og_locale":"es_ES","og_type":"article","og_title":"Vitamina de camping - Camping La Roseraie D&#039;Omaha","og_url":"https:\/\/www.camping-calvados-normandie.fr\/es\/vitamina-de-camping\/","og_site_name":"Camping La Roseraie D&#039;Omaha","article_modified_time":"2025-08-18T13:19:16+00:00","twitter_card":"summary_large_image","twitter_misc":{"Tiempo de lectura":"19 minutos"},"schema":{"@context":"https:\/\/schema.org","@graph":[{"@type":"WebPage","@id":"https:\/\/www.camping-calvados-normandie.fr\/es\/vitamina-de-camping\/","url":"https:\/\/www.camping-calvados-normandie.fr\/es\/vitamina-de-camping\/","name":"Vitamina de camping - Camping La Roseraie D&#039;Omaha","isPartOf":{"@id":"https:\/\/www.camping-calvados-normandie.fr\/es\/#website"},"datePublished":"2025-08-18T13:19:13+00:00","dateModified":"2025-08-18T13:19:16+00:00","breadcrumb":{"@id":"https:\/\/www.camping-calvados-normandie.fr\/es\/vitamina-de-camping\/#breadcrumb"},"inLanguage":"es","potentialAction":[{"@type":"ReadAction","target":["https:\/\/www.camping-calvados-normandie.fr\/es\/vitamina-de-camping\/"]}]},{"@type":"BreadcrumbList","@id":"https:\/\/www.camping-calvados-normandie.fr\/es\/vitamina-de-camping\/#breadcrumb","itemListElement":[{"@type":"ListItem","position":1,"name":"Accueil","item":"https:\/\/www.camping-calvados-normandie.fr\/es\/"},{"@type":"ListItem","position":2,"name":"Vitamina de camping"}]},{"@type":"WebSite","@id":"https:\/\/www.camping-calvados-normandie.fr\/es\/#website","url":"https:\/\/www.camping-calvados-normandie.fr\/es\/","name":"Camping La Roseraie D&#039;Omaha","description":"","potentialAction":[{"@type":"SearchAction","target":{"@type":"EntryPoint","urlTemplate":"https:\/\/www.camping-calvados-normandie.fr\/es\/?s={search_term_string}"},"query-input":{"@type":"PropertyValueSpecification","valueRequired":true,"valueName":"search_term_string"}}],"inLanguage":"es"}]}},"_links":{"self":[{"href":"https:\/\/www.camping-calvados-normandie.fr\/es\/wp-json\/wp\/v2\/pages\/7427","targetHints":{"allow":["GET"]}}],"collection":[{"href":"https:\/\/www.camping-calvados-normandie.fr\/es\/wp-json\/wp\/v2\/pages"}],"about":[{"href":"https:\/\/www.camping-calvados-normandie.fr\/es\/wp-json\/wp\/v2\/types\/page"}],"author":[{"embeddable":true,"href":"https:\/\/www.camping-calvados-normandie.fr\/es\/wp-json\/wp\/v2\/users\/2"}],"replies":[{"embeddable":true,"href":"https:\/\/www.camping-calvados-normandie.fr\/es\/wp-json\/wp\/v2\/comments?post=7427"}],"version-history":[{"count":1,"href":"https:\/\/www.camping-calvados-normandie.fr\/es\/wp-json\/wp\/v2\/pages\/7427\/revisions"}],"predecessor-version":[{"id":7444,"href":"https:\/\/www.camping-calvados-normandie.fr\/es\/wp-json\/wp\/v2\/pages\/7427\/revisions\/7444"}],"wp:attachment":[{"href":"https:\/\/www.camping-calvados-normandie.fr\/es\/wp-json\/wp\/v2\/media?parent=7427"}],"wp:term":[{"taxonomy":"category","embeddable":true,"href":"https:\/\/www.camping-calvados-normandie.fr\/es\/wp-json\/wp\/v2\/categories?post=7427"}],"curies":[{"name":"wp","href":"https:\/\/api.w.org\/{rel}","templated":true}]}}