{"id":9879,"date":"2025-08-18T15:23:40","date_gmt":"2025-08-18T13:23:40","guid":{"rendered":"https:\/\/www.camping-calvados-normandie.fr\/campingplatz-lesperance\/"},"modified":"2025-08-18T15:23:43","modified_gmt":"2025-08-18T13:23:43","slug":"campingplatz-lesperance","status":"publish","type":"page","link":"https:\/\/www.camping-calvados-normandie.fr\/de\/campingplatz-lesperance\/","title":{"rendered":"Campingplatz l&#8217;Esp\u00e9rance"},"content":{"rendered":"<p><div class=\"fusion-fullwidth fullwidth-box fusion-builder-row-1 fusion-flex-container has-pattern-background has-mask-background nonhundred-percent-fullwidth non-hundred-percent-height-scrolling\" style=\"--awb-border-radius-top-left:0px;--awb-border-radius-top-right:0px;--awb-border-radius-bottom-right:0px;--awb-border-radius-bottom-left:0px;--awb-margin-bottom:135px;--awb-margin-bottom-medium:75px;--awb-margin-top-small:-5px;--awb-margin-bottom-small:75px;--awb-flex-wrap:wrap;\" ><div class=\"fusion-builder-row fusion-row fusion-flex-align-items-flex-start fusion-flex-content-wrap\" style=\"max-width:calc( 1232px + 0px );margin-left: calc(-0px \/ 2 );margin-right: calc(-0px \/ 2 );\"><div class=\"fusion-layout-column fusion_builder_column fusion-builder-column-0 fusion_builder_column_1_2 1_2 fusion-flex-column\" style=\"--awb-bg-size:cover;--awb-width-large:50%;--awb-margin-top-large:0px;--awb-spacing-right-large:0px;--awb-margin-bottom-large:0px;--awb-spacing-left-large:0px;--awb-width-medium:50%;--awb-order-medium:0;--awb-spacing-right-medium:0px;--awb-spacing-left-medium:0px;--awb-width-small:100%;--awb-order-small:0;--awb-spacing-right-small:0px;--awb-spacing-left-small:28px;\" data-scroll-devices=\"small-visibility,medium-visibility,large-visibility\"><div class=\"fusion-column-wrapper fusion-column-has-shadow fusion-flex-justify-content-flex-start fusion-content-layout-column\"><div class=\"fusion-title title fusion-title-1 fusion-sep-none fusion-title-text fusion-title-size-one has-shape yellow\" style=\"--awb-margin-bottom:49px;--awb-margin-bottom-small:35px;\"><h1 class=\"fusion-title-heading title-heading-left\" style=\"margin:0;\"><p>Der Komfort eines Drei-Sterne-Hotels<br \/>\nf\u00fcr Ihren Urlaub<\/p><\/h1><\/div><div class=\"fusion-text fusion-text-1\"><p>Im Dorf Denneville, einer kleinen Gemeinde am Meer im S\u00fcdwesten von Cotentin, liegt der Campingplatz Esp\u00e9rance. <strong><a href=\"https:\/\/www.camping-esperance.fr\/\" target=\"_blank\" rel=\"noopener noreferrer\">3-Sterne-Campingplatz L&#8217;Esp\u00e9rance Manche<\/a><\/strong>. Unsere Anlage ist seit ihrer Gr\u00fcndung ein Familienabenteuer, das sich bis heute fortsetzt. Der Campingplatz wurde 1974 auf zwei Mielles-Parzellen (sandige D\u00fcnenlandschaft) gegr\u00fcndet und wurde zun\u00e4chst mit zwei Sternen f\u00fcr 100 Stellpl\u00e4tze klassifiziert.<\/p>\n<\/div><\/div><\/div><div class=\"fusion-layout-column fusion_builder_column fusion-builder-column-1 fusion_builder_column_1_2 1_2 fusion-flex-column\" style=\"--awb-bg-size:cover;--awb-width-large:50%;--awb-margin-top-large:0px;--awb-spacing-right-large:0px;--awb-margin-bottom-large:0px;--awb-spacing-left-large:96px;--awb-width-medium:50%;--awb-order-medium:0;--awb-spacing-right-medium:0px;--awb-spacing-left-medium:96px;--awb-width-small:100%;--awb-order-small:0;--awb-spacing-right-small:0px;--awb-spacing-left-small:0px;\" data-scroll-devices=\"small-visibility,medium-visibility,large-visibility\"><div class=\"fusion-column-wrapper fusion-column-has-shadow fusion-flex-justify-content-flex-start fusion-content-layout-column\"><div class=\"fusion-image-element \" style=\"--awb-aspect-ratio: 100 \/ 59;--awb-caption-title-font-family:var(--h2_typography-font-family);--awb-caption-title-font-weight:var(--h2_typography-font-weight);--awb-caption-title-font-style:var(--h2_typography-font-style);--awb-caption-title-size:var(--h2_typography-font-size);--awb-caption-title-transform:var(--h2_typography-text-transform);--awb-caption-title-line-height:var(--h2_typography-line-height);--awb-caption-title-letter-spacing:var(--h2_typography-letter-spacing);\"><span class=\" fusion-imageframe imageframe-none imageframe-1 hover-type-none has-aspect-ratio has-shape img__full\"><img decoding=\"async\" width=\"708\" height=\"670\" title=\"DJI_20240605092311_0047_D@2x\" src=\"https:\/\/www.camping-calvados-normandie.fr\/wp-content\/uploads\/DJI_20240605092311_0047_D@2x.jpg\" data-orig-src=\"https:\/\/www.camping-calvados-normandie.fr\/wp-content\/uploads\/DJI_20240605092311_0047_D@2x.jpg\" class=\"lazyload img-responsive wp-image-3694 img-with-aspect-ratio\" data-parent-fit=\"cover\" data-parent-container=\".fusion-image-element\" alt srcset=\"data:image\/svg+xml,%3Csvg%20xmlns%3D%27http%3A%2F%2Fwww.w3.org%2F2000%2Fsvg%27%20width%3D%27708%27%20height%3D%27670%27%20viewBox%3D%270%200%20708%20670%27%3E%3Crect%20width%3D%27708%27%20height%3D%27670%27%20fill-opacity%3D%220%22%2F%3E%3C%2Fsvg%3E\" data-srcset=\"https:\/\/www.camping-calvados-normandie.fr\/wp-content\/uploads\/DJI_20240605092311_0047_D@2x-200x189.jpg 200w, https:\/\/www.camping-calvados-normandie.fr\/wp-content\/uploads\/DJI_20240605092311_0047_D@2x-400x379.jpg 400w, https:\/\/www.camping-calvados-normandie.fr\/wp-content\/uploads\/DJI_20240605092311_0047_D@2x-600x568.jpg 600w, https:\/\/www.camping-calvados-normandie.fr\/wp-content\/uploads\/DJI_20240605092311_0047_D@2x.jpg 708w\" data-sizes=\"auto\" data-orig-sizes=\"(max-width: 800px) 100vw, 600px\" \/><\/span><\/div><\/div><\/div><\/div><\/div><div class=\"fusion-fullwidth fullwidth-box fusion-builder-row-2 fusion-flex-container has-pattern-background has-mask-background nonhundred-percent-fullwidth non-hundred-percent-height-scrolling\" style=\"--awb-border-radius-top-left:0px;--awb-border-radius-top-right:0px;--awb-border-radius-bottom-right:0px;--awb-border-radius-bottom-left:0px;--awb-flex-wrap:wrap;\" ><div class=\"fusion-builder-row fusion-row fusion-flex-align-items-stretch fusion-flex-content-wrap\" style=\"max-width:calc( 1232px + 0px );margin-left: calc(-0px \/ 2 );margin-right: calc(-0px \/ 2 );\"><div class=\"fusion-layout-column fusion_builder_column fusion-builder-column-2 fusion_builder_column_1_1 1_1 fusion-flex-column\" style=\"--awb-bg-size:cover;--awb-width-large:100%;--awb-margin-top-large:0px;--awb-spacing-right-large:0px;--awb-margin-bottom-large:0px;--awb-spacing-left-large:0px;--awb-width-medium:100%;--awb-order-medium:0;--awb-spacing-right-medium:0px;--awb-spacing-left-medium:0px;--awb-width-small:100%;--awb-order-small:0;--awb-spacing-right-small:0px;--awb-spacing-left-small:0px;\" data-scroll-devices=\"small-visibility,medium-visibility,large-visibility\"><div class=\"fusion-column-wrapper fusion-column-has-shadow fusion-flex-justify-content-flex-start fusion-content-layout-column\"><div class=\"fusion-text fusion-text-2\"><p>Das Ergebnis vieler Bem\u00fchungen und Zeit ist ein 3 Hektar gro\u00dfer Park mit B\u00e4umen und 132 Stellpl\u00e4tzen, die mit 3 Sternen klassifiziert sind. Der Campingplatz verf\u00fcgt \u00fcber Komfort- und Freizeiteinrichtungen wie z.B. ein beheiztes Schwimmbad, einen Spielplatz, Minigolf, ein Bar-Restaurant, Wifi auf dem gesamten Campingplatz und einen neu renovierten und vergr\u00f6\u00dferten Sanit\u00e4rbereich, der den Zugangsnormen f\u00fcr Personen mit eingeschr\u00e4nkter Mobilit\u00e4t entspricht. Hier findet jeder die passende Unterkunft: Stellpl\u00e4tze f\u00fcr Wohnwagen, Zelte oder Wohnmobile f\u00fcr einige, Vermietung von Mobilheimen, Bungalows, Coco-Sweats oder Sahari Lodges Zelten f\u00fcr andere. <\/p>\n<p>Auf dem Campingplatz L&#8217;Esp\u00e9rance herrscht eine famili\u00e4re Atmosph\u00e4re und es ist uns eine Freude, jedes Jahr unsere treuen Kunden zu begr\u00fc\u00dfen, aber auch neue G\u00e4ste, die das Departement Manche und unser Freilufthotel kennen lernen m\u00f6chten. Sch\u00f6ne Landschaften, in denen die Natur bewusst gesch\u00fctzt wurde, erwarten Sie, wenn Sie sich f\u00fcr ein Wochenende oder einen Urlaub in diesem Teil der Normandie entscheiden. <\/p>\n<p>Weit weg vom L\u00e4rm der St\u00e4dte und Stra\u00dfen liegt der Campingplatz 400 Meter von einem riesigen Sandstrand entfernt, der von zwei H\u00e4fen, darunter der bemerkenswerte Hafen von Portbail, und gro\u00dfen, gesch\u00fctzten D\u00fcnenmassiven, die Denneville Plage umrahmen, begrenzt wird. Dies macht den Ort zu einem idealen Urlaubsziel f\u00fcr Naturliebhaber, die sich erholen m\u00f6chten. Die Kinder werden von den Animationen profitieren und die Liebhaber eines dynamischeren Urlaubs k\u00f6nnen sich dank der hochwertigen Einrichtungen an der C\u00f4te des Isles den Freuden des Strandsegelns, des Windsurfens, des Buggykitens, der Jolle oder des Katamarans hingeben.<\/p>\n<\/div><\/div><\/div><\/div><\/div><\/p>\n","protected":false},"excerpt":{"rendered":"","protected":false},"author":2,"featured_media":0,"parent":0,"menu_order":0,"comment_status":"closed","ping_status":"closed","template":"100-width.php","meta":{"_acf_changed":false,"_monsterinsights_skip_tracking":false,"_monsterinsights_sitenote_active":false,"_monsterinsights_sitenote_note":"","_monsterinsights_sitenote_category":0,"footnotes":""},"categories":[],"class_list":["post-9879","page","type-page","status-publish","hentry"],"acf":[],"yoast_head":"<!-- This site is optimized with the Yoast SEO plugin v26.9 - https:\/\/yoast.com\/product\/yoast-seo-wordpress\/ -->\n<title>Campingplatz l&#039;Esp\u00e9rance - Camping La Roseraie D&#039;Omaha<\/title>\n<meta name=\"robots\" content=\"index, follow, max-snippet:-1, max-image-preview:large, max-video-preview:-1\" \/>\n<link rel=\"canonical\" href=\"https:\/\/www.camping-calvados-normandie.fr\/de\/campingplatz-lesperance\/\" \/>\n<meta property=\"og:locale\" content=\"de_DE\" \/>\n<meta property=\"og:type\" content=\"article\" \/>\n<meta property=\"og:title\" content=\"Campingplatz l&#039;Esp\u00e9rance - Camping La Roseraie D&#039;Omaha\" \/>\n<meta property=\"og:url\" content=\"https:\/\/www.camping-calvados-normandie.fr\/de\/campingplatz-lesperance\/\" \/>\n<meta property=\"og:site_name\" content=\"Camping La Roseraie D&#039;Omaha\" \/>\n<meta property=\"article:modified_time\" content=\"2025-08-18T13:23:43+00:00\" \/>\n<meta name=\"twitter:card\" content=\"summary_large_image\" \/>\n<meta name=\"twitter:label1\" content=\"Gesch\u00e4tzte Lesezeit\" \/>\n\t<meta name=\"twitter:data1\" content=\"18\u00a0Minuten\" \/>\n<script type=\"application\/ld+json\" class=\"yoast-schema-graph\">{\"@context\":\"https:\/\/schema.org\",\"@graph\":[{\"@type\":\"WebPage\",\"@id\":\"https:\/\/www.camping-calvados-normandie.fr\/de\/campingplatz-lesperance\/\",\"url\":\"https:\/\/www.camping-calvados-normandie.fr\/de\/campingplatz-lesperance\/\",\"name\":\"Campingplatz l'Esp\u00e9rance - Camping La Roseraie D&#039;Omaha\",\"isPartOf\":{\"@id\":\"https:\/\/www.camping-calvados-normandie.fr\/de\/#website\"},\"datePublished\":\"2025-08-18T13:23:40+00:00\",\"dateModified\":\"2025-08-18T13:23:43+00:00\",\"breadcrumb\":{\"@id\":\"https:\/\/www.camping-calvados-normandie.fr\/de\/campingplatz-lesperance\/#breadcrumb\"},\"inLanguage\":\"de\",\"potentialAction\":[{\"@type\":\"ReadAction\",\"target\":[\"https:\/\/www.camping-calvados-normandie.fr\/de\/campingplatz-lesperance\/\"]}]},{\"@type\":\"BreadcrumbList\",\"@id\":\"https:\/\/www.camping-calvados-normandie.fr\/de\/campingplatz-lesperance\/#breadcrumb\",\"itemListElement\":[{\"@type\":\"ListItem\",\"position\":1,\"name\":\"Accueil\",\"item\":\"https:\/\/www.camping-calvados-normandie.fr\/de\/\"},{\"@type\":\"ListItem\",\"position\":2,\"name\":\"Campingplatz l&#8217;Esp\u00e9rance\"}]},{\"@type\":\"WebSite\",\"@id\":\"https:\/\/www.camping-calvados-normandie.fr\/de\/#website\",\"url\":\"https:\/\/www.camping-calvados-normandie.fr\/de\/\",\"name\":\"Camping La Roseraie D&#039;Omaha\",\"description\":\"\",\"potentialAction\":[{\"@type\":\"SearchAction\",\"target\":{\"@type\":\"EntryPoint\",\"urlTemplate\":\"https:\/\/www.camping-calvados-normandie.fr\/de\/?s={search_term_string}\"},\"query-input\":{\"@type\":\"PropertyValueSpecification\",\"valueRequired\":true,\"valueName\":\"search_term_string\"}}],\"inLanguage\":\"de\"}]}<\/script>\n<!-- \/ Yoast SEO plugin. -->","yoast_head_json":{"title":"Campingplatz l'Esp\u00e9rance - Camping La Roseraie D&#039;Omaha","robots":{"index":"index","follow":"follow","max-snippet":"max-snippet:-1","max-image-preview":"max-image-preview:large","max-video-preview":"max-video-preview:-1"},"canonical":"https:\/\/www.camping-calvados-normandie.fr\/de\/campingplatz-lesperance\/","og_locale":"de_DE","og_type":"article","og_title":"Campingplatz l'Esp\u00e9rance - Camping La Roseraie D&#039;Omaha","og_url":"https:\/\/www.camping-calvados-normandie.fr\/de\/campingplatz-lesperance\/","og_site_name":"Camping La Roseraie D&#039;Omaha","article_modified_time":"2025-08-18T13:23:43+00:00","twitter_card":"summary_large_image","twitter_misc":{"Gesch\u00e4tzte Lesezeit":"18\u00a0Minuten"},"schema":{"@context":"https:\/\/schema.org","@graph":[{"@type":"WebPage","@id":"https:\/\/www.camping-calvados-normandie.fr\/de\/campingplatz-lesperance\/","url":"https:\/\/www.camping-calvados-normandie.fr\/de\/campingplatz-lesperance\/","name":"Campingplatz l'Esp\u00e9rance - Camping La Roseraie D&#039;Omaha","isPartOf":{"@id":"https:\/\/www.camping-calvados-normandie.fr\/de\/#website"},"datePublished":"2025-08-18T13:23:40+00:00","dateModified":"2025-08-18T13:23:43+00:00","breadcrumb":{"@id":"https:\/\/www.camping-calvados-normandie.fr\/de\/campingplatz-lesperance\/#breadcrumb"},"inLanguage":"de","potentialAction":[{"@type":"ReadAction","target":["https:\/\/www.camping-calvados-normandie.fr\/de\/campingplatz-lesperance\/"]}]},{"@type":"BreadcrumbList","@id":"https:\/\/www.camping-calvados-normandie.fr\/de\/campingplatz-lesperance\/#breadcrumb","itemListElement":[{"@type":"ListItem","position":1,"name":"Accueil","item":"https:\/\/www.camping-calvados-normandie.fr\/de\/"},{"@type":"ListItem","position":2,"name":"Campingplatz l&#8217;Esp\u00e9rance"}]},{"@type":"WebSite","@id":"https:\/\/www.camping-calvados-normandie.fr\/de\/#website","url":"https:\/\/www.camping-calvados-normandie.fr\/de\/","name":"Camping La Roseraie D&#039;Omaha","description":"","potentialAction":[{"@type":"SearchAction","target":{"@type":"EntryPoint","urlTemplate":"https:\/\/www.camping-calvados-normandie.fr\/de\/?s={search_term_string}"},"query-input":{"@type":"PropertyValueSpecification","valueRequired":true,"valueName":"search_term_string"}}],"inLanguage":"de"}]}},"_links":{"self":[{"href":"https:\/\/www.camping-calvados-normandie.fr\/de\/wp-json\/wp\/v2\/pages\/9879","targetHints":{"allow":["GET"]}}],"collection":[{"href":"https:\/\/www.camping-calvados-normandie.fr\/de\/wp-json\/wp\/v2\/pages"}],"about":[{"href":"https:\/\/www.camping-calvados-normandie.fr\/de\/wp-json\/wp\/v2\/types\/page"}],"author":[{"embeddable":true,"href":"https:\/\/www.camping-calvados-normandie.fr\/de\/wp-json\/wp\/v2\/users\/2"}],"replies":[{"embeddable":true,"href":"https:\/\/www.camping-calvados-normandie.fr\/de\/wp-json\/wp\/v2\/comments?post=9879"}],"version-history":[{"count":1,"href":"https:\/\/www.camping-calvados-normandie.fr\/de\/wp-json\/wp\/v2\/pages\/9879\/revisions"}],"predecessor-version":[{"id":9883,"href":"https:\/\/www.camping-calvados-normandie.fr\/de\/wp-json\/wp\/v2\/pages\/9879\/revisions\/9883"}],"wp:attachment":[{"href":"https:\/\/www.camping-calvados-normandie.fr\/de\/wp-json\/wp\/v2\/media?parent=9879"}],"wp:term":[{"taxonomy":"category","embeddable":true,"href":"https:\/\/www.camping-calvados-normandie.fr\/de\/wp-json\/wp\/v2\/categories?post=9879"}],"curies":[{"name":"wp","href":"https:\/\/api.w.org\/{rel}","templated":true}]}}