{"id":7824,"date":"2025-08-18T15:19:53","date_gmt":"2025-08-18T13:19:53","guid":{"rendered":"https:\/\/www.camping-calvados-normandie.fr\/cookies\/"},"modified":"2025-08-18T15:19:54","modified_gmt":"2025-08-18T13:19:54","slug":"cookies","status":"publish","type":"page","link":"https:\/\/www.camping-calvados-normandie.fr\/de\/cookies\/","title":{"rendered":"Cookies"},"content":{"rendered":"<p><div class=\"fusion-fullwidth fullwidth-box fusion-builder-row-1 fusion-flex-container has-pattern-background has-mask-background nonhundred-percent-fullwidth non-hundred-percent-height-scrolling\" style=\"--awb-border-radius-top-left:0px;--awb-border-radius-top-right:0px;--awb-border-radius-bottom-right:0px;--awb-border-radius-bottom-left:0px;--awb-margin-bottom:135px;--awb-margin-bottom-medium:75px;--awb-margin-top-small:-5px;--awb-margin-bottom-small:75px;--awb-flex-wrap:wrap;\" ><div class=\"fusion-builder-row fusion-row fusion-flex-align-items-flex-start fusion-flex-content-wrap\" style=\"max-width:calc( 1232px + 0px );margin-left: calc(-0px \/ 2 );margin-right: calc(-0px \/ 2 );\"><div class=\"fusion-layout-column fusion_builder_column fusion-builder-column-0 fusion_builder_column_1_2 1_2 fusion-flex-column\" style=\"--awb-bg-size:cover;--awb-width-large:50%;--awb-margin-top-large:0px;--awb-spacing-right-large:0px;--awb-margin-bottom-large:0px;--awb-spacing-left-large:0px;--awb-width-medium:50%;--awb-order-medium:0;--awb-spacing-right-medium:0px;--awb-spacing-left-medium:0px;--awb-width-small:100%;--awb-order-small:0;--awb-spacing-right-small:0px;--awb-spacing-left-small:28px;\" data-scroll-devices=\"small-visibility,medium-visibility,large-visibility\"><div class=\"fusion-column-wrapper fusion-column-has-shadow fusion-flex-justify-content-flex-start fusion-content-layout-column\"><div class=\"fusion-title title fusion-title-1 fusion-sep-none fusion-title-text fusion-title-size-one has-shape yellow\" style=\"--awb-margin-bottom-small:35px;\"><h1 class=\"fusion-title-heading title-heading-left\" style=\"margin:0;\">Cookies<\/h1><\/div><\/div><\/div><div class=\"fusion-layout-column fusion_builder_column fusion-builder-column-1 fusion_builder_column_1_2 1_2 fusion-flex-column\" style=\"--awb-bg-size:cover;--awb-width-large:50%;--awb-margin-top-large:0px;--awb-spacing-right-large:0px;--awb-margin-bottom-large:0px;--awb-spacing-left-large:0px;--awb-width-medium:50%;--awb-order-medium:0;--awb-spacing-right-medium:0px;--awb-spacing-left-medium:0px;--awb-width-small:100%;--awb-order-small:0;--awb-spacing-right-small:0px;--awb-spacing-left-small:0px;\"><div class=\"fusion-column-wrapper fusion-column-has-shadow fusion-flex-justify-content-flex-start fusion-content-layout-column\"><\/div><\/div><\/div><\/div><div class=\"fusion-fullwidth fullwidth-box fusion-builder-row-2 fusion-flex-container has-pattern-background has-mask-background nonhundred-percent-fullwidth non-hundred-percent-height-scrolling\" style=\"--awb-border-radius-top-left:0px;--awb-border-radius-top-right:0px;--awb-border-radius-bottom-right:0px;--awb-border-radius-bottom-left:0px;--awb-flex-wrap:wrap;\" ><div class=\"fusion-builder-row fusion-row fusion-flex-align-items-stretch fusion-flex-content-wrap\" style=\"max-width:calc( 1232px + 0px );margin-left: calc(-0px \/ 2 );margin-right: calc(-0px \/ 2 );\"><div class=\"fusion-layout-column fusion_builder_column fusion-builder-column-2 fusion_builder_column_1_1 1_1 fusion-flex-column\" style=\"--awb-bg-size:cover;--awb-width-large:100%;--awb-margin-top-large:0px;--awb-spacing-right-large:0px;--awb-margin-bottom-large:0px;--awb-spacing-left-large:0px;--awb-width-medium:100%;--awb-order-medium:0;--awb-spacing-right-medium:0px;--awb-spacing-left-medium:0px;--awb-width-small:100%;--awb-order-small:0;--awb-spacing-right-small:0px;--awb-spacing-left-small:0px;\" data-scroll-devices=\"small-visibility,medium-visibility,large-visibility\"><div class=\"fusion-column-wrapper fusion-column-has-shadow fusion-flex-justify-content-flex-start fusion-content-layout-column\"><div class=\"fusion-text fusion-text-1 auto-sections\"><p>Um Ihre Benutzererfahrung zu verbessern, verwendet diese Website Cookies. Wenn Sie Ihre Navigation fortsetzen, stimmen Sie der Verwendung von Cookies auf dieser Website zu. <\/p>\n<p><strong>Hinweis zur Verwendung und Einstellung von Cookies :<\/strong><\/p>\n<p>Um Ihre Erfahrung bei der Nutzung unserer Website zu verbessern, k\u00f6nnen wir w\u00e4hrend des Besuchs Cookies auf Ihrem Computer, Mobiltelefon oder Tablet-PC ablegen.<br \/>\nWir verwenden Cookies unter anderem, um Sie zu identifizieren, Ihre Anfragen besser zu verwalten, Ihre Besuche zu speichern und die Angebote, die wir Ihnen anbieten, zu personalisieren.<br \/>\nAuf dieser Seite k\u00f6nnen Sie besser verstehen, wie Cookies funktionieren und wie Sie die aktuellen Tools verwenden k\u00f6nnen, um sie zu parametrieren.<\/p>\n<p>&gt;  Was ist ein Cookie?<br \/>\nEin Cookie ist eine kleine Textdatei, die auf Ihrem Computer abgelegt wird, wenn Sie eine Website besuchen oder eine Werbung ansehen. Sie dienen insbesondere dazu, Informationen \u00fcber Ihre Navigation auf den Websites zu sammeln und Ihnen personalisierte Dienste anzubieten.<br \/>\nAuf Ihrem Computer werden die Cookies von Ihrem Internetbrowser verwaltet. <\/p>\n<p>&gt;  Die verschiedenen Sender<\/p>\n<p>&gt;&gt;  Unsere Cookies<br \/>\nDies sind Cookies, die unsere Webadresse (Domainname) enthalten www.roseraie-omaha.fr<br \/>\nDies sind Cookies, die von unserem System auf Ihrem Endger\u00e4t abgelegt werden, um die Navigation auf unserer Website zu erm\u00f6glichen und um unsere Dienstleistungen auf der Website zu optimieren und zu personalisieren.<\/p>\n<p>&gt;&gt;  Cookies von Dritten<br \/>\nDies sind Cookies, die von Dritten (z.B. Werbeagenturen oder Partnern) hinterlegt werden, um Ihre Interessensgebiete anhand der Produkte zu identifizieren, die Sie auf unserer Website ansehen oder kaufen, und um das Werbeangebot, das Ihnen auf unserer Website oder au\u00dferhalb unserer Website unterbreitet wird, zu personalisieren.<br \/>\nSie k\u00f6nnen beim Surfen auf unserer Website oder beim Klicken auf die Werbefl\u00e4chen auf unserer Website abgelegt werden.<br \/>\nWir haben keine Kontrolle \u00fcber die Cookies, die von den Werbeagenturen, die auf eigene Rechnung handeln, abgelegt werden.<br \/>\nIm Rahmen von Werbepartnerschaften kann es vorkommen, dass wir Daten \u00fcber Ihre Eink\u00e4ufe und die auf unserer Website besuchten Produkte an Partnerunternehmen weitergeben, die in unserem Auftrag handeln. Wir sorgen daf\u00fcr, dass die Partnerunternehmen die auf unserer Website gesammelten Informationen ausschlie\u00dflich f\u00fcr unsere Zwecke und gem\u00e4\u00df unseren Anweisungen verarbeiten, unter Einhaltung des Gesetzes &#8222;Informatique et Libert\u00e9s&#8220; vom 6. Januar 1978 in der ge\u00e4nderten Fassung, und verpflichten sich, geeignete Ma\u00dfnahmen zur Sicherung und zum Schutz der Vertraulichkeit der Daten zu ergreifen. <\/p>\n<p>&gt;  Die verschiedenen Arten von Cookies<\/p>\n<p>Auf unserer Website werden verschiedene Arten von Cookies verwendet, die unterschiedlichen Zwecken dienen.<br \/>\nEinige sind f\u00fcr Ihre Nutzung unserer Website erforderlich, andere nicht.<\/p>\n<p>&gt;  Notwendige Cookies<br \/>\nDies sind Cookies, die f\u00fcr den Betrieb unserer Website notwendig sind. Sie erm\u00f6glichen es Ihnen, die wichtigsten Funktionen unserer Website zu nutzen (z. B. die Nutzung des Warenkorbs oder den Zugang zu Ihrem Konto). Ohne diese Cookies k\u00f6nnen Sie unsere Website nicht normal nutzen. Es handelt sich hierbei um von uns hinterlegte Cookies, die nur f\u00fcr die Funktion unserer Website relevant sind.   <\/p>\n<p>&gt;  Analytische Cookies<br \/>\nDies sind Cookies, die es uns erm\u00f6glichen, die Nutzung und Leistung unserer Website zu ermitteln und ihre Funktionsweise zu verbessern (z. B. die am h\u00e4ufigsten aufgerufenen Seiten, Suchanfragen von Nutzern in der Google-Suchmaschine usw.).<br \/>\nDies sind Cookies, die von uns hinterlegt werden.<\/p>\n<p>&gt;  Funktionale Cookies<br \/>\nDies sind Cookies, die es uns erm\u00f6glichen, Ihre Erfahrung auf unserer Website zu personalisieren (z.B. Sie an die zuletzt besuchten Elemente zu erinnern, die Artikel in Ihrem Einkaufswagen zu speichern, bevor Sie Ihren Einkauf fortsetzen). Sie erm\u00f6glichen es Ihnen auch, von unseren personalisierten Empfehlungen und Werbeangeboten zu profitieren, die auf Ihrem Surfverhalten basieren (z.B. wenn Sie von unseren Partnerseiten kommen). Sie k\u00f6nnen auch verwendet werden, um Ihnen Funktionen zur Verf\u00fcgung zu stellen, die Sie angefordert haben (z.B. mein Lieblingsgesch\u00e4ft, meine pers\u00f6nliche Beratung&#8230;).  <\/p>\n<p>Hierbei handelt es sich um Cookies, die von uns abgelegt werden.<\/p>\n<p>&gt;  Werbe-Cookies<br \/>\nDies sind Cookies, die verwendet werden, um Ihnen Werbung oder Informationen anzuzeigen, die auf Ihre Interessen auf unserer Website oder au\u00dferhalb unserer Website zugeschnitten sind, w\u00e4hrend Sie im Internet surfen. Sie werden insbesondere verwendet, um die Anzahl der Anzeigen zu begrenzen, die Sie sehen, und um die Effektivit\u00e4t einer Werbekampagne zu messen. <\/p>\n<p>Die Ablehnung dieser Werbe-Cookies hat keine Auswirkungen auf die Nutzung unserer Website. Die Ablehnung von Werbe-Cookies f\u00fchrt jedoch nicht dazu, dass keine Werbung mehr auf unserer Website oder im Internet angezeigt wird.<br \/>\nDies hat lediglich zur Folge, dass Werbung angezeigt wird, die Ihre Interessen oder Vorlieben nicht ber\u00fccksichtigt.<br \/>\nBei diesen Cookies handelt es sich haupts\u00e4chlich um Cookies von Dritten.<br \/>\nDiese Cookies h\u00e4ngen haupts\u00e4chlich von den Werbeagenturen ab. Wir k\u00f6nnen diese Cookies nicht vollst\u00e4ndig auflisten.  <\/p>\n<p>&gt;  Cookies und Maschinenidentifikatoren zur Sicherung von Transaktionen<br \/>\nWir informieren Sie, dass wir und\/oder unsere in ihrem Auftrag handelnden Dienstleister w\u00e4hrend Ihrer Bestellung Cookies hinterlegen oder Informationen \u00fcber Ihr Endger\u00e4t sammeln k\u00f6nnen, insbesondere Informationen (technische Attribute), die f\u00fcr die Erkennung von Ger\u00e4ten (Computer, Tablet oder Mobiltelefon) erforderlich sind, um die Identifizierung Ihres Ger\u00e4ts zur Sicherung von Transaktionen (Vermeidung von Betrugsrisiken) zu erm\u00f6glichen. Zu diesem Zweck werden Cookies oder Maschinenkennungen vom Typ &#8222;Fingerabdruck&#8220; verwendet. Sie werden \u00fcber diese Sammlung von Informationen \u00fcber Ihr Endger\u00e4t zur Bildung eines Maschinenidentifikators durch einen Banner informiert, sobald Sie auf die Website kommen. Wenn Sie Ihre Eink\u00e4ufe auf unserer Website fortsetzen, ohne die Erfassung Ihrer Maschinen-IDs einzustellen, erkl\u00e4ren Sie sich mit der Erfassung dieser Informationen und der Erstellung der Maschinen-ID einverstanden.   <\/p>\n<p>&gt;  Cookies akzeptieren oder ablehnen<\/p>\n<p>Sie haben verschiedene M\u00f6glichkeiten, Cookies zu verwalten.<\/p>\n<p>&gt;&gt;  Die Einstellung Ihres Internetbrowsers<br \/>\nSie k\u00f6nnen jederzeit entscheiden, ob Sie diese Cookies deaktivieren m\u00f6chten. Ihr Browser kann auch so eingestellt werden, dass er Sie \u00fcber Cookies informiert, die auf Ihrem Computer abgelegt werden, und Sie auffordert, diese zu akzeptieren oder abzulehnen. Sie k\u00f6nnen Cookies von Fall zu Fall annehmen oder ablehnen oder sie ein f\u00fcr alle Mal systematisch ablehnen.<br \/>\nWir weisen Sie darauf hin, dass die Einstellung Ihre Zugangsbedingungen zu unseren Diensten, die Cookies erfordern, \u00e4ndern kann.<br \/>\nWenn Ihr Browser so eingestellt ist, dass er alle Cookies ablehnt, k\u00f6nnen Sie keine Eink\u00e4ufe t\u00e4tigen oder wesentliche Funktionen unserer Website nutzen, wie z.B. Artikel in Ihrem Warenkorb speichern oder personalisierte Empfehlungen erhalten. Um die Cookies so zu verwalten, dass sie Ihren Erwartungen entsprechen, bitten wir Sie, Ihren Browser so einzustellen, dass er den Zweck der Cookies, wie oben beschrieben, ber\u00fccksichtigt.   <\/p>\n<p>&gt;&gt;  Wie Sie das Speichern von Cookies kontrollieren oder verhindern k\u00f6nnen:<br \/>\nDie Konfiguration jedes Browsers ist unterschiedlich. Sie wird im Hilfemen\u00fc Ihres Browsers beschrieben, wo Sie erfahren k\u00f6nnen, wie Sie Ihre W\u00fcnsche bez\u00fcglich der Cookies \u00e4ndern k\u00f6nnen.<br \/>\nSie k\u00f6nnen Cookies deaktivieren, indem Sie die Anweisungen wie folgt befolgen:<br \/>\n1\/ wenn Sie den Internet Explorer Browser verwenden<br \/>\nKlicken Sie im Internet Explorer auf die Schaltfl\u00e4che Extras und dann auf Internetoptionen.<br \/>\nKlicken Sie auf der Registerkarte Allgemein unter Browserverlauf auf Einstellungen.<br \/>\nKlicken Sie auf die Schaltfl\u00e4che Dateien anzeigen.<br \/>\nKlicken Sie auf die Spalten\u00fcberschrift Name, um alle Dateien in alphabetischer Reihenfolge zu sortieren, und gehen Sie dann durch die Liste, bis Sie Dateien sehen, die mit dem Pr\u00e4fix &#8222;Cookie&#8220; beginnen. (Alle Cookies haben dieses Pr\u00e4fix und enthalten normalerweise den Namen der Website, die den Cookie erstellt hat).<br \/>\nW\u00e4hlen Sie den oder die Cookies, die unseren Namen enthalten und l\u00f6schen Sie sie<br \/>\nSchlie\u00dfen Sie das Fenster mit der Liste der Dateien und klicken Sie zweimal auf OK, um zum Internet Explorer zur\u00fcckzukehren. <\/p>\n<p>2\/ wenn Sie den Firefox-Browser verwenden<\/p>\n<p>Gehen Sie auf die Registerkarte &#8222;Extras&#8220; des Browsers und w\u00e4hlen Sie das Men\u00fc &#8222;Optionen&#8220;<br \/>\nW\u00e4hlen Sie im angezeigten Fenster &#8222;Datenschutz&#8220; und klicken Sie auf &#8222;Cookies anzeigen&#8220;<br \/>\nSuchen Sie nach Dateien, die unseren Namen enthalten, w\u00e4hlen Sie sie aus und l\u00f6schen Sie sie.<\/p>\n<p>3\/ wenn Sie den Safari-Browser verwenden<br \/>\nW\u00e4hlen Sie in Ihrem Browser das Men\u00fc Bearbeiten &gt; Einstellungen.<br \/>\nKlicken Sie auf Sicherheit.<br \/>\nKlicken Sie auf Cookies anzeigen.<br \/>\nW\u00e4hlen Sie die Cookies, die unseren Namen enthalten, und klicken Sie auf L\u00f6schen oder Alle l\u00f6schen.<br \/>\nKlicken Sie nach dem L\u00f6schen der Cookies auf Fertig.<\/p>\n<p>4\/ wenn Sie den Browser Google Chrome verwenden<br \/>\nKlicken Sie auf das Symbol im Men\u00fc Extras.<br \/>\nW\u00e4hlen Sie Optionen.<br \/>\nKlicken Sie auf die Registerkarte Erweiterte Optionen und gehen Sie zum Abschnitt &#8222;Datenschutz&#8220;.<br \/>\nKlicken Sie auf die Schaltfl\u00e4che Cookies anzeigen.<br \/>\nSuchen Sie nach Dateien, die unseren Namen enthalten, w\u00e4hlen Sie sie aus und l\u00f6schen Sie sie.<br \/>\nKlicken Sie auf &#8222;Schlie\u00dfen&#8220;, um zu Ihrem Browser zur\u00fcckzukehren.<\/p>\n<p>&gt;<br \/>\nSie k\u00f6nnen Ihre Cookies verwalten, indem Sie die Plattformen zur Verwaltung von Cookies besuchen, die von Werbefachleuten angeboten werden.<\/p>\n<p>&gt;  F\u00fcr weitere Informationen \u00fcber Cookies<br \/>\nhttp:\/\/www.aboutcookies.org\/<br \/>\nhttp:\/\/www.cnil.fr\/vos-droits\/vos-traces\/les-cookies\/<\/p>\n<\/div><\/div><\/div><\/div><\/div><\/p>\n","protected":false},"excerpt":{"rendered":"","protected":false},"author":2,"featured_media":0,"parent":0,"menu_order":0,"comment_status":"closed","ping_status":"closed","template":"100-width.php","meta":{"_acf_changed":false,"_monsterinsights_skip_tracking":false,"_monsterinsights_sitenote_active":false,"_monsterinsights_sitenote_note":"","_monsterinsights_sitenote_category":0,"footnotes":""},"categories":[],"class_list":["post-7824","page","type-page","status-publish","hentry"],"acf":[],"yoast_head":"<!-- This site is optimized with the Yoast SEO plugin v26.9 - https:\/\/yoast.com\/product\/yoast-seo-wordpress\/ -->\n<title>Cookies - Camping La Roseraie D&#039;Omaha<\/title>\n<meta name=\"robots\" content=\"noindex, nofollow\" \/>\n<meta property=\"og:locale\" content=\"de_DE\" \/>\n<meta property=\"og:type\" content=\"article\" \/>\n<meta property=\"og:title\" content=\"Cookies - Camping La Roseraie D&#039;Omaha\" \/>\n<meta property=\"og:url\" content=\"https:\/\/www.camping-calvados-normandie.fr\/de\/cookies\/\" \/>\n<meta property=\"og:site_name\" content=\"Camping La Roseraie D&#039;Omaha\" \/>\n<meta property=\"article:modified_time\" content=\"2025-08-18T13:19:54+00:00\" \/>\n<meta name=\"twitter:card\" content=\"summary_large_image\" \/>\n<meta name=\"twitter:label1\" content=\"Gesch\u00e4tzte Lesezeit\" \/>\n\t<meta name=\"twitter:data1\" content=\"21\u00a0Minuten\" \/>\n<script type=\"application\/ld+json\" class=\"yoast-schema-graph\">{\"@context\":\"https:\/\/schema.org\",\"@graph\":[{\"@type\":\"WebPage\",\"@id\":\"https:\/\/www.camping-calvados-normandie.fr\/de\/cookies\/\",\"url\":\"https:\/\/www.camping-calvados-normandie.fr\/de\/cookies\/\",\"name\":\"Cookies - Camping La Roseraie D&#039;Omaha\",\"isPartOf\":{\"@id\":\"https:\/\/www.camping-calvados-normandie.fr\/de\/#website\"},\"datePublished\":\"2025-08-18T13:19:53+00:00\",\"dateModified\":\"2025-08-18T13:19:54+00:00\",\"breadcrumb\":{\"@id\":\"https:\/\/www.camping-calvados-normandie.fr\/de\/cookies\/#breadcrumb\"},\"inLanguage\":\"de\",\"potentialAction\":[{\"@type\":\"ReadAction\",\"target\":[\"https:\/\/www.camping-calvados-normandie.fr\/de\/cookies\/\"]}]},{\"@type\":\"BreadcrumbList\",\"@id\":\"https:\/\/www.camping-calvados-normandie.fr\/de\/cookies\/#breadcrumb\",\"itemListElement\":[{\"@type\":\"ListItem\",\"position\":1,\"name\":\"Accueil\",\"item\":\"https:\/\/www.camping-calvados-normandie.fr\/de\/\"},{\"@type\":\"ListItem\",\"position\":2,\"name\":\"Cookies\"}]},{\"@type\":\"WebSite\",\"@id\":\"https:\/\/www.camping-calvados-normandie.fr\/de\/#website\",\"url\":\"https:\/\/www.camping-calvados-normandie.fr\/de\/\",\"name\":\"Camping La Roseraie D&#039;Omaha\",\"description\":\"\",\"potentialAction\":[{\"@type\":\"SearchAction\",\"target\":{\"@type\":\"EntryPoint\",\"urlTemplate\":\"https:\/\/www.camping-calvados-normandie.fr\/de\/?s={search_term_string}\"},\"query-input\":{\"@type\":\"PropertyValueSpecification\",\"valueRequired\":true,\"valueName\":\"search_term_string\"}}],\"inLanguage\":\"de\"}]}<\/script>\n<!-- \/ Yoast SEO plugin. -->","yoast_head_json":{"title":"Cookies - Camping La Roseraie D&#039;Omaha","robots":{"index":"noindex","follow":"nofollow"},"og_locale":"de_DE","og_type":"article","og_title":"Cookies - Camping La Roseraie D&#039;Omaha","og_url":"https:\/\/www.camping-calvados-normandie.fr\/de\/cookies\/","og_site_name":"Camping La Roseraie D&#039;Omaha","article_modified_time":"2025-08-18T13:19:54+00:00","twitter_card":"summary_large_image","twitter_misc":{"Gesch\u00e4tzte Lesezeit":"21\u00a0Minuten"},"schema":{"@context":"https:\/\/schema.org","@graph":[{"@type":"WebPage","@id":"https:\/\/www.camping-calvados-normandie.fr\/de\/cookies\/","url":"https:\/\/www.camping-calvados-normandie.fr\/de\/cookies\/","name":"Cookies - Camping La Roseraie D&#039;Omaha","isPartOf":{"@id":"https:\/\/www.camping-calvados-normandie.fr\/de\/#website"},"datePublished":"2025-08-18T13:19:53+00:00","dateModified":"2025-08-18T13:19:54+00:00","breadcrumb":{"@id":"https:\/\/www.camping-calvados-normandie.fr\/de\/cookies\/#breadcrumb"},"inLanguage":"de","potentialAction":[{"@type":"ReadAction","target":["https:\/\/www.camping-calvados-normandie.fr\/de\/cookies\/"]}]},{"@type":"BreadcrumbList","@id":"https:\/\/www.camping-calvados-normandie.fr\/de\/cookies\/#breadcrumb","itemListElement":[{"@type":"ListItem","position":1,"name":"Accueil","item":"https:\/\/www.camping-calvados-normandie.fr\/de\/"},{"@type":"ListItem","position":2,"name":"Cookies"}]},{"@type":"WebSite","@id":"https:\/\/www.camping-calvados-normandie.fr\/de\/#website","url":"https:\/\/www.camping-calvados-normandie.fr\/de\/","name":"Camping La Roseraie D&#039;Omaha","description":"","potentialAction":[{"@type":"SearchAction","target":{"@type":"EntryPoint","urlTemplate":"https:\/\/www.camping-calvados-normandie.fr\/de\/?s={search_term_string}"},"query-input":{"@type":"PropertyValueSpecification","valueRequired":true,"valueName":"search_term_string"}}],"inLanguage":"de"}]}},"_links":{"self":[{"href":"https:\/\/www.camping-calvados-normandie.fr\/de\/wp-json\/wp\/v2\/pages\/7824","targetHints":{"allow":["GET"]}}],"collection":[{"href":"https:\/\/www.camping-calvados-normandie.fr\/de\/wp-json\/wp\/v2\/pages"}],"about":[{"href":"https:\/\/www.camping-calvados-normandie.fr\/de\/wp-json\/wp\/v2\/types\/page"}],"author":[{"embeddable":true,"href":"https:\/\/www.camping-calvados-normandie.fr\/de\/wp-json\/wp\/v2\/users\/2"}],"replies":[{"embeddable":true,"href":"https:\/\/www.camping-calvados-normandie.fr\/de\/wp-json\/wp\/v2\/comments?post=7824"}],"version-history":[{"count":2,"href":"https:\/\/www.camping-calvados-normandie.fr\/de\/wp-json\/wp\/v2\/pages\/7824\/revisions"}],"predecessor-version":[{"id":7835,"href":"https:\/\/www.camping-calvados-normandie.fr\/de\/wp-json\/wp\/v2\/pages\/7824\/revisions\/7835"}],"wp:attachment":[{"href":"https:\/\/www.camping-calvados-normandie.fr\/de\/wp-json\/wp\/v2\/media?parent=7824"}],"wp:term":[{"taxonomy":"category","embeddable":true,"href":"https:\/\/www.camping-calvados-normandie.fr\/de\/wp-json\/wp\/v2\/categories?post=7824"}],"curies":[{"name":"wp","href":"https:\/\/api.w.org\/{rel}","templated":true}]}}