{"id":7647,"date":"2025-08-18T15:19:43","date_gmt":"2025-08-18T13:19:43","guid":{"rendered":"https:\/\/www.camping-calvados-normandie.fr\/rechtliche-hinweise\/"},"modified":"2025-08-18T15:19:45","modified_gmt":"2025-08-18T13:19:45","slug":"rechtliche-hinweise","status":"publish","type":"page","link":"https:\/\/www.camping-calvados-normandie.fr\/de\/rechtliche-hinweise\/","title":{"rendered":"Rechtliche Hinweise"},"content":{"rendered":"<p><div class=\"fusion-fullwidth fullwidth-box fusion-builder-row-1 fusion-flex-container has-pattern-background has-mask-background nonhundred-percent-fullwidth non-hundred-percent-height-scrolling\" style=\"--awb-border-radius-top-left:0px;--awb-border-radius-top-right:0px;--awb-border-radius-bottom-right:0px;--awb-border-radius-bottom-left:0px;--awb-margin-bottom:135px;--awb-margin-bottom-medium:75px;--awb-margin-top-small:-5px;--awb-margin-bottom-small:75px;--awb-flex-wrap:wrap;\" ><div class=\"fusion-builder-row fusion-row fusion-flex-align-items-flex-start fusion-flex-content-wrap\" style=\"max-width:calc( 1232px + 0px );margin-left: calc(-0px \/ 2 );margin-right: calc(-0px \/ 2 );\"><div class=\"fusion-layout-column fusion_builder_column fusion-builder-column-0 fusion_builder_column_1_2 1_2 fusion-flex-column\" style=\"--awb-bg-size:cover;--awb-width-large:50%;--awb-margin-top-large:0px;--awb-spacing-right-large:0px;--awb-margin-bottom-large:0px;--awb-spacing-left-large:0px;--awb-width-medium:50%;--awb-order-medium:0;--awb-spacing-right-medium:0px;--awb-spacing-left-medium:0px;--awb-width-small:100%;--awb-order-small:0;--awb-spacing-right-small:0px;--awb-spacing-left-small:28px;\" data-scroll-devices=\"small-visibility,medium-visibility,large-visibility\"><div class=\"fusion-column-wrapper fusion-column-has-shadow fusion-flex-justify-content-flex-start fusion-content-layout-column\"><div class=\"fusion-title title fusion-title-1 fusion-sep-none fusion-title-text fusion-title-size-one has-shape yellow\" style=\"--awb-margin-bottom-small:35px;\"><h1 class=\"fusion-title-heading title-heading-left\" style=\"margin:0;\">Rechtliche Hinweise<\/h1><\/div><\/div><\/div><\/div><\/div><div class=\"fusion-fullwidth fullwidth-box fusion-builder-row-2 fusion-flex-container has-pattern-background has-mask-background nonhundred-percent-fullwidth non-hundred-percent-height-scrolling\" style=\"--awb-border-radius-top-left:0px;--awb-border-radius-top-right:0px;--awb-border-radius-bottom-right:0px;--awb-border-radius-bottom-left:0px;--awb-flex-wrap:wrap;\" ><div class=\"fusion-builder-row fusion-row fusion-flex-align-items-stretch fusion-flex-content-wrap\" style=\"max-width:calc( 1232px + 0px );margin-left: calc(-0px \/ 2 );margin-right: calc(-0px \/ 2 );\"><div class=\"fusion-layout-column fusion_builder_column fusion-builder-column-1 fusion_builder_column_1_1 1_1 fusion-flex-column\" style=\"--awb-bg-size:cover;--awb-width-large:100%;--awb-margin-top-large:0px;--awb-spacing-right-large:0px;--awb-margin-bottom-large:0px;--awb-spacing-left-large:0px;--awb-width-medium:100%;--awb-order-medium:0;--awb-spacing-right-medium:0px;--awb-spacing-left-medium:0px;--awb-width-small:100%;--awb-order-small:0;--awb-spacing-right-small:0px;--awb-spacing-left-small:0px;\" data-scroll-devices=\"small-visibility,medium-visibility,large-visibility\"><div class=\"fusion-column-wrapper fusion-column-has-shadow fusion-flex-justify-content-flex-start fusion-content-layout-column\"><div class=\"fusion-text fusion-text-1 auto-sections\"><h2 class=\"has-shape\">Definitionen<\/h2>\n<ul>\n<li>Herausgeber der Website: Der Eigent\u00fcmer und\/oder das Unternehmen, das die Online-Software implementiert hat.<\/li>\n<li>Publikationsdirektor: Endnutzer der Online-Software (der Eigent\u00fcmer oder Manager des Unternehmens, das durch die Online-Software dargestellt wird).<\/li>\n<li>Website-Betreiber: Endnutzer der Online-Software (der Eigent\u00fcmer oder Manager des Unternehmens, das durch die Online-Software dargestellt wird).<\/li>\n<li>Die Website: Ergebnis der Nutzung der Online-Software.<\/li>\n<li>Webmaster: Der technische Verantwortliche f\u00fcr die Online-Software beim Herausgeber der Website und\/oder beim Endbenutzer der Online-Software.<\/li>\n<li>Nutzer der Website: Internetnutzer, der sich \u00fcber das Internet einloggt und\/oder die Online-Software aufruft, nutzt.<\/li>\n<li>Hosting: Dedizierter Serverraum, der mit dem Internet verbunden ist und die Website online verf\u00fcgbar und nutzbar macht.<\/li>\n<li>Online-Software: Software, die im Auftrag des Eigent\u00fcmers und\/oder des Managers der pr\u00e4sentierten Einheit produziert und\/oder implementiert wird.<\/li>\n<\/ul>\n<h2 class=\"has-shape\">Rechtliche Hinweise<\/h2>\n<ul>\n<li>Leiter der Ver\u00f6ffentlichung :\n<ul>\n<li>Name: SARL QUESAS &#8211; Camping la Roseraie d&#8217;Omaha<\/li>\n<li>Systembetreuer: Quentin Alves<\/li>\n<li>Adresse des eingetragenen Sitzes: Lieu-dit le bourg, 14710 Surrain<\/li>\n<li>Tel. : (+33) 02.31.21.17.71<\/li>\n<li>E-Mail: camping-laroseraie@orange.fr<\/li>\n<li>SIREN: 833 516 388<\/li>\n<li>Handelsregister-Nr.: Caen 83351638800018<\/li>\n<li>Intrakommunale Mehrwertsteuer: FR47833516388<\/li>\n<li>Gesellschaftskapital: 10.000 \u20ac<\/li>\n<\/ul>\n<\/li>\n<li>Herausgeber und Webmaster der Website\n<ul>\n<li>Name: Jordane Iadadaine<\/li>\n<li>Adresse: 146 Rue basse, 14000 Caen<\/li>\n<li>Tel. : 06.59.76.11.24<\/li>\n<li>Mail: jordaneidn@gmail.com<\/li>\n<\/ul>\n<\/li>\n<li>Entwickler der Website\n<ul>\n<li>Name: Th\u00e9o Ba\u00ebs<\/li>\n<li>Adresse: 229 rue Saint-Honor\u00e9, 75001, Paris<\/li>\n<li>Tel. : 06.68.75.32.04<\/li>\n<\/ul>\n<\/li>\n<li>Hosting: OVH SAS, Soci\u00e9t\u00e9 par Actions Simplifi\u00e9e mit einem Kapital von 10 069 020 \u20ac mit Sitz in 2 rue Kellermann &#8211; 59100 Roubaix &#8211; Frankreich, registriert unter der Nummer 424 761 419 RCS Lille M\u00e9tropole 424 761 419 00045.<\/li>\n<\/ul>\n<h2 class=\"has-shape\">Geistiges Eigentum und Copyright \u00a9 :<\/h2>\n<p>Die gesamte Website unterliegt den franz\u00f6sischen und internationalen Gesetzen \u00fcber das Urheberrecht und das geistige Eigentum. Alle Rechte der Vervielf\u00e4ltigung sind vorbehalten, einschlie\u00dflich der ikonographischen und fotografischen Dokumente. Kein Bestandteil dieser Website darf ohne vorherige schriftliche Genehmigung des Herausgebers und des Verantwortlichen f\u00fcr die Ver\u00f6ffentlichung der Website kopiert, reproduziert, ge\u00e4ndert, wiederver\u00f6ffentlicht, geladen, verf\u00e4lscht, \u00fcbertragen oder in irgendeiner Weise verteilt werden, unabh\u00e4ngig vom Medium, teilweise oder vollst\u00e4ndig, mit Ausnahme einer strikten Nutzung f\u00fcr Pressezwecke und\/oder private Zwecke und vorbehaltlich der Einhaltung der Rechte an geistigem Eigentum und aller anderen Eigentumsrechte. Was die private Nutzung anbelangt, so sind nur das Kopieren und die \u00dcbertragung f\u00fcr den pers\u00f6nlichen, privaten und nicht kommerziellen Gebrauch zul\u00e4ssig. Dar\u00fcber hinaus muss jede Kopie oder genehmigte Nutzung des gesamten oder eines Teils des Inhalts dieser Website, gleich welcher Art, ohne Entstellung, Modifizierung oder Ver\u00e4nderung in irgendeiner Weise erfolgen und den folgenden Vermerk enthalten: &#8222;COPYRIGHT SARL QUESAS &#8211; TOUS DROITS RESERV\u00c9S&#8220;, leserlich geschrieben. Andernfalls behalten sich der Herausgeber und\/oder der Verantwortliche f\u00fcr die Ver\u00f6ffentlichung der Website das Recht vor, gegen jede Verletzung ihrer geistigen Eigentumsrechte vorzugehen.     <\/p>\n<h2 class=\"has-shape\">Link-Politik :<\/h2>\n<h3>Erstellung von Links zur Website<\/h3>\n<p>Die Einrichtung eines Hypertext-Links zur Homepage der Website ist gestattet, sofern die Website, auf die der Link verweist, in einem anderen Browserfenster ge\u00f6ffnet wird. Ohne die ausdr\u00fcckliche Zustimmung des Herausgebers der Website ist die Erstellung von Deep Links zu anderen Inhalten der Website als der Startseite untersagt. Die verwendeten Informationen d\u00fcrfen nur f\u00fcr pers\u00f6nliche Zwecke genutzt werden; eine Nutzung f\u00fcr kommerzielle oder Werbezwecke ist ausgeschlossen. Es ist wichtig! Diese Genehmigung gilt nicht f\u00fcr Websites, die polemische, pornografische, fremdenfeindliche Informationen verbreiten oder die in gr\u00f6\u00dferem Umfang die Sensibilit\u00e4t der meisten Menschen und die guten Sitten verletzen k\u00f6nnen. F\u00fcr andere Verwendungszwecke wenden Sie sich bitte an den Herausgeber der Website. In Bezug auf externe Websites, die Hyperlinks zu dieser Website enthalten k\u00f6nnen, k\u00f6nnen weder der Herausgeber noch der Verantwortliche f\u00fcr die Ver\u00f6ffentlichung in jedem Fall f\u00fcr die Nichtverf\u00fcgbarkeit solcher Websites haftbar gemacht werden, noch pr\u00fcfen, kontrollieren oder billigen sie Inhalte, Werbung, Produkte oder andere Elemente, die auf oder \u00fcber diese Websites verf\u00fcgbar sind.      <\/p>\n<h3>Links zu anderen Websites<\/h3>\n<p>Der Herausgeber und der Leiter der Ver\u00f6ffentlichung der Website haften nicht f\u00fcr Websites Dritter, auf die Sie \u00fcber diese Website zugreifen k\u00f6nnen. Wir haben keine M\u00f6glichkeit, den Inhalt dieser Websites Dritter zu kontrollieren, die in jedem Fall v\u00f6llig unabh\u00e4ngig sind. Dar\u00fcber hinaus bedeutet die Existenz eines Links zwischen dieser Website und einer Website Dritter keinesfalls, dass wir den Inhalt dieser Website in irgendeiner Weise billigen, und erst recht nicht die Nutzung dieser Website. Dar\u00fcber hinaus obliegt es Ihnen, die notwendigen Vorsichtsma\u00dfnahmen zu ergreifen, um eine Kontamination Ihrer Computerausr\u00fcstung sowie der Website durch einen oder mehrere &#8222;Viren&#8220;, &#8222;Trojaner&#8220;, &#8222;W\u00fcrmer&#8220;, &#8222;Spyware&#8220; oder andere digitale &#8222;Parasiten&#8220; zu vermeiden.   <\/p>\n<h2 class=\"has-shape\">Namentliche Informationen, nicht namentliche Informationen, sonstige Informationen und Schutz personenbezogener Daten :<\/h2>\n<h3>Allgemeine Grunds\u00e4tze :<\/h3>\n<p>Auf dieser Website werden ohne Ihr Wissen keine pers\u00f6nlichen Informationen gesammelt. Es werden keine personenbezogenen Daten an Dritte weitergegeben, die nicht Partner und\/oder nicht vom Herausgeber oder Publikationsleiter der Website zertifiziert sind. Die gesammelten pers\u00f6nlichen Daten sind notwendig, um Ihre Anfragen in der bestm\u00f6glichen Qualit\u00e4t und Geschwindigkeit zu bearbeiten. Gem\u00e4\u00df dem Gesetz Nr. 78-17 vom 6. Januar 1978 \u00fcber Informatik, Dateien und Freiheiten haben Sie das Recht, auf die Sie betreffenden pers\u00f6nlichen Daten zuzugreifen, sie zu \u00e4ndern, zu berichtigen und zu l\u00f6schen. Hierzu gen\u00fcgt es, einen entsprechenden Antrag zu stellen, indem Sie eine der auf der Startseite dieser Website verf\u00fcgbaren Kontaktm\u00f6glichkeiten nutzen (Postanschrift, Telefon, Fax usw.) und insbesondere \u00fcber das dieser Website beigef\u00fcgte E-Mail-Kontaktformular.    <\/p>\n<h2 class=\"has-shape\">Funktionsprinzipien der Kommunikationstools der Website :<\/h2>\n<h3>Funktion &#8222;Newsletter&#8220;<\/h3>\n<p>Die im Rahmen dieser Funktion registrierten E-Mail-Adressen werden ausschlie\u00dflich zum Zweck der \u00dcbermittlung von Informationen verschiedener Art durch den Betreiber und\/oder Herausgeber dieser Website an nat\u00fcrliche oder juristische Personen, die sich auf diese Weise in die Mailingliste dieser Website eingetragen haben, gespeichert.<\/p>\n<h3>Formulare (&#8222;Bestellen&#8220;, &#8222;Kontakt&#8220;, &#8222;Angebot&#8220;, &#8222;Kostenloser R\u00fcckruf&#8220;, &#8222;Kontakt&#8220; usw.).<\/h3>\n<p>Die im Rahmen dieser Funktion gesammelten Informationen und E-Mail-Adressen werden nicht an Dritte weitergegeben oder \u00fcbertragen und dienen ausschlie\u00dflich dazu, Ihre Anfragen mit maximaler Servicequalit\u00e4t zu bearbeiten.<\/p>\n<h3>Nachrichtensysteme<\/h3>\n<p>Die \u00fcber die E-Mail gesammelten E-Mail-Adressen werden nicht an Dritte abgetreten oder weitergegeben. Wir werden Ihre personenbezogenen Daten, die Sie \u00fcber die E-Mail auf dieser Website zur Verf\u00fcgung stellen, nicht an Dritte weitergeben. Alle gesammelten Informationen werden ausschlie\u00dflich dazu verwendet, Ihnen so effizient wie m\u00f6glich zu antworten. Dar\u00fcber hinaus ist diese Website nicht dazu bestimmt, von Ihnen vertrauliche Informationen zu erhalten. Folglich und mit Ausnahme der oben genannten pers\u00f6nlichen Daten werden die Informationen, die Sie uns per E-Mail \u00fcbermitteln, unabh\u00e4ngig von ihrer Form in keinem Fall als vertraulich betrachtet. Folglich verleiht uns die einfache \u00dcbermittlung durch Sie das Recht, diese Daten zu verwenden, zu vervielf\u00e4ltigen, zu verbreiten, zu \u00e4ndern oder zu \u00fcbermitteln, um Ihre Anfrage zu bearbeiten.     <\/p>\n<h2 class=\"has-shape\">Art der auf dieser Website enthaltenen Informationen und Haftungsbeschr\u00e4nkung :<\/h2>\n<p>Der Herausgeber der Website und\/oder der Verantwortliche f\u00fcr die Ver\u00f6ffentlichung der Website bem\u00fchen sich nach besten Kr\u00e4ften um die Richtigkeit und Aktualit\u00e4t aller Informationen, die auf dieser Website enthalten sind und\/oder \u00fcber diese Website verbreitet werden, und behalten sich das Recht vor, den Inhalt dieser Website jederzeit und ohne Vorank\u00fcndigung zu korrigieren. Der Herausgeber und der Verantwortliche f\u00fcr die Ver\u00f6ffentlichung dieser Website k\u00f6nnen jedoch keine Garantie f\u00fcr die Richtigkeit, Genauigkeit, Aktualit\u00e4t oder Vollst\u00e4ndigkeit der auf dieser Website zur Verf\u00fcgung gestellten Informationen \u00fcbernehmen. Aus diesem Grund und mit Ausnahme von direkten Sch\u00e4den, die durch Vorsatz oder grobe Fahrl\u00e4ssigkeit des Herausgebers oder des Verantwortlichen f\u00fcr die Ver\u00f6ffentlichung dieser Website verursacht werden, lehnen diese jede Haftung ab:  <\/p>\n<ul>\n<li style=\"list-style-type: none;\">\n<ul>\n<li>F\u00fcr Ungenauigkeiten, Unrichtigkeiten oder Auslassungen in Bezug auf die auf dieser Website verf\u00fcgbaren Informationen,<\/li>\n<li>F\u00fcr Sch\u00e4den, die aus einem betr\u00fcgerischen Eindringen Dritter resultieren, das zu einer \u00c4nderung der Informationen oder Elemente gef\u00fchrt hat, die auf dieser Website zur Verf\u00fcgung gestellt werden,<\/li>\n<\/ul>\n<\/li>\n<\/ul>\n<p>Und ganz allgemein f\u00fcr alle direkten oder indirekten Sch\u00e4den, ungeachtet ihrer Ursachen, Urspr\u00fcnge, Natur oder Folgen, selbst wenn der Herausgeber und der Verantwortliche f\u00fcr die Ver\u00f6ffentlichung dieser Website auf die M\u00f6glichkeit solcher Sch\u00e4den hingewiesen wurden, die durch den Zugriff einer Person auf die Website oder die Unm\u00f6glichkeit des Zugriffs, die Nutzung der Website, einschlie\u00dflich aller Sch\u00e4den oder Viren, die Ihre Computerausr\u00fcstung oder jedes andere Gut infizieren k\u00f6nnten, und\/oder durch den Glauben an Informationen, die direkt oder indirekt von dieser Website stammen, verursacht werden.<\/p>\n<p>Die Materialien auf dieser oder einer anderen Website werden &#8222;wie besehen&#8220; und ohne jegliche Garantie, sei sie implizit oder explizit, zur Verf\u00fcgung gestellt. Der Herausgeber und der Verantwortliche f\u00fcr die Ver\u00f6ffentlichung dieser Website geben keine Garantien,<br \/>weder implizit noch explizit, in Bezug auf die Marktf\u00e4higkeit oder die Eignung f\u00fcr einen bestimmten Zweck, ohne Einschr\u00e4nkung. <\/p>\n<h2 class=\"has-shape\">Statistische Daten :<\/h2>\n<p>Um Ihnen einen besseren Service bieten zu k\u00f6nnen, messen wir die Anzahl der Seitenaufrufe, die Anzahl der Besuche, die Aktivit\u00e4t der Besucher auf der Website und die H\u00e4ufigkeit ihrer R\u00fcckkehr. Zu diesem Zweck verwenden wir die &#8222;Cookie&#8220;-Technologie. Die verwendeten Cookies enthalten: eine zuf\u00e4llig generierte, eindeutige Kennung und das Datum Ihres letzten Besuchs. Sie k\u00f6nnen diese Cookies ablehnen oder l\u00f6schen, ohne dass dies einen Einfluss auf Ihre Navigation auf der Website hat. Schlie\u00dflich werden die IP-Adressen der erfolgten Besuche und die &#8222;Cookies&#8220; nicht \u00fcber die nach franz\u00f6sischem Recht zul\u00e4ssige Aufbewahrungsdauer hinaus gespeichert.    <\/p>\n<h2 class=\"has-shape\">Kredite<\/h2>\n<p>Kredite f\u00fcr Symbole : <a href=\"https:\/\/www.flaticon.com\/\" target=\"_blank\" rel=\"noopener noreferrer\"><strong>www.flaticon.com<\/strong><\/a><\/p>\n<p>Umsetzung, Konzeption, Realisierung und Wartung der Website : <a href=\"https:\/\/www.jordaneidn.fr\/\"><strong>Jordane Iadadaine<\/strong><\/a> &amp; <a href=\"https:\/\/theobaes.me\/\" target=\"_blank\" rel=\"noopener noreferrer\"><strong>Th\u00e9o Baes<\/strong><\/a><\/p>\n<\/div><\/div><\/div><\/div><\/div><\/p>\n","protected":false},"excerpt":{"rendered":"","protected":false},"author":2,"featured_media":0,"parent":0,"menu_order":0,"comment_status":"closed","ping_status":"closed","template":"100-width.php","meta":{"_acf_changed":false,"_monsterinsights_skip_tracking":false,"_monsterinsights_sitenote_active":false,"_monsterinsights_sitenote_note":"","_monsterinsights_sitenote_category":0,"footnotes":""},"categories":[],"class_list":["post-7647","page","type-page","status-publish","hentry"],"acf":[],"yoast_head":"<!-- This site is optimized with the Yoast SEO plugin v26.9 - https:\/\/yoast.com\/product\/yoast-seo-wordpress\/ -->\n<title>Rechtliche Hinweise - Camping La Roseraie D&#039;Omaha<\/title>\n<meta name=\"robots\" content=\"noindex, follow\" \/>\n<meta property=\"og:locale\" content=\"de_DE\" \/>\n<meta property=\"og:type\" content=\"article\" \/>\n<meta property=\"og:title\" content=\"Rechtliche Hinweise - Camping La Roseraie D&#039;Omaha\" \/>\n<meta property=\"og:url\" content=\"https:\/\/www.camping-calvados-normandie.fr\/de\/rechtliche-hinweise\/\" \/>\n<meta property=\"og:site_name\" content=\"Camping La Roseraie D&#039;Omaha\" \/>\n<meta property=\"article:modified_time\" content=\"2025-08-18T13:19:45+00:00\" \/>\n<meta name=\"twitter:card\" content=\"summary_large_image\" \/>\n<meta name=\"twitter:label1\" content=\"Gesch\u00e4tzte Lesezeit\" \/>\n\t<meta name=\"twitter:data1\" content=\"20\u00a0Minuten\" \/>\n<script type=\"application\/ld+json\" class=\"yoast-schema-graph\">{\"@context\":\"https:\/\/schema.org\",\"@graph\":[{\"@type\":\"WebPage\",\"@id\":\"https:\/\/www.camping-calvados-normandie.fr\/de\/rechtliche-hinweise\/\",\"url\":\"https:\/\/www.camping-calvados-normandie.fr\/de\/rechtliche-hinweise\/\",\"name\":\"Rechtliche Hinweise - Camping La Roseraie D&#039;Omaha\",\"isPartOf\":{\"@id\":\"https:\/\/www.camping-calvados-normandie.fr\/de\/#website\"},\"datePublished\":\"2025-08-18T13:19:43+00:00\",\"dateModified\":\"2025-08-18T13:19:45+00:00\",\"breadcrumb\":{\"@id\":\"https:\/\/www.camping-calvados-normandie.fr\/de\/rechtliche-hinweise\/#breadcrumb\"},\"inLanguage\":\"de\",\"potentialAction\":[{\"@type\":\"ReadAction\",\"target\":[\"https:\/\/www.camping-calvados-normandie.fr\/de\/rechtliche-hinweise\/\"]}]},{\"@type\":\"BreadcrumbList\",\"@id\":\"https:\/\/www.camping-calvados-normandie.fr\/de\/rechtliche-hinweise\/#breadcrumb\",\"itemListElement\":[{\"@type\":\"ListItem\",\"position\":1,\"name\":\"Accueil\",\"item\":\"https:\/\/www.camping-calvados-normandie.fr\/de\/\"},{\"@type\":\"ListItem\",\"position\":2,\"name\":\"Rechtliche Hinweise\"}]},{\"@type\":\"WebSite\",\"@id\":\"https:\/\/www.camping-calvados-normandie.fr\/de\/#website\",\"url\":\"https:\/\/www.camping-calvados-normandie.fr\/de\/\",\"name\":\"Camping La Roseraie D&#039;Omaha\",\"description\":\"\",\"potentialAction\":[{\"@type\":\"SearchAction\",\"target\":{\"@type\":\"EntryPoint\",\"urlTemplate\":\"https:\/\/www.camping-calvados-normandie.fr\/de\/?s={search_term_string}\"},\"query-input\":{\"@type\":\"PropertyValueSpecification\",\"valueRequired\":true,\"valueName\":\"search_term_string\"}}],\"inLanguage\":\"de\"}]}<\/script>\n<!-- \/ Yoast SEO plugin. -->","yoast_head_json":{"title":"Rechtliche Hinweise - Camping La Roseraie D&#039;Omaha","robots":{"index":"noindex","follow":"follow"},"og_locale":"de_DE","og_type":"article","og_title":"Rechtliche Hinweise - Camping La Roseraie D&#039;Omaha","og_url":"https:\/\/www.camping-calvados-normandie.fr\/de\/rechtliche-hinweise\/","og_site_name":"Camping La Roseraie D&#039;Omaha","article_modified_time":"2025-08-18T13:19:45+00:00","twitter_card":"summary_large_image","twitter_misc":{"Gesch\u00e4tzte Lesezeit":"20\u00a0Minuten"},"schema":{"@context":"https:\/\/schema.org","@graph":[{"@type":"WebPage","@id":"https:\/\/www.camping-calvados-normandie.fr\/de\/rechtliche-hinweise\/","url":"https:\/\/www.camping-calvados-normandie.fr\/de\/rechtliche-hinweise\/","name":"Rechtliche Hinweise - Camping La Roseraie D&#039;Omaha","isPartOf":{"@id":"https:\/\/www.camping-calvados-normandie.fr\/de\/#website"},"datePublished":"2025-08-18T13:19:43+00:00","dateModified":"2025-08-18T13:19:45+00:00","breadcrumb":{"@id":"https:\/\/www.camping-calvados-normandie.fr\/de\/rechtliche-hinweise\/#breadcrumb"},"inLanguage":"de","potentialAction":[{"@type":"ReadAction","target":["https:\/\/www.camping-calvados-normandie.fr\/de\/rechtliche-hinweise\/"]}]},{"@type":"BreadcrumbList","@id":"https:\/\/www.camping-calvados-normandie.fr\/de\/rechtliche-hinweise\/#breadcrumb","itemListElement":[{"@type":"ListItem","position":1,"name":"Accueil","item":"https:\/\/www.camping-calvados-normandie.fr\/de\/"},{"@type":"ListItem","position":2,"name":"Rechtliche Hinweise"}]},{"@type":"WebSite","@id":"https:\/\/www.camping-calvados-normandie.fr\/de\/#website","url":"https:\/\/www.camping-calvados-normandie.fr\/de\/","name":"Camping La Roseraie D&#039;Omaha","description":"","potentialAction":[{"@type":"SearchAction","target":{"@type":"EntryPoint","urlTemplate":"https:\/\/www.camping-calvados-normandie.fr\/de\/?s={search_term_string}"},"query-input":{"@type":"PropertyValueSpecification","valueRequired":true,"valueName":"search_term_string"}}],"inLanguage":"de"}]}},"_links":{"self":[{"href":"https:\/\/www.camping-calvados-normandie.fr\/de\/wp-json\/wp\/v2\/pages\/7647","targetHints":{"allow":["GET"]}}],"collection":[{"href":"https:\/\/www.camping-calvados-normandie.fr\/de\/wp-json\/wp\/v2\/pages"}],"about":[{"href":"https:\/\/www.camping-calvados-normandie.fr\/de\/wp-json\/wp\/v2\/types\/page"}],"author":[{"embeddable":true,"href":"https:\/\/www.camping-calvados-normandie.fr\/de\/wp-json\/wp\/v2\/users\/2"}],"replies":[{"embeddable":true,"href":"https:\/\/www.camping-calvados-normandie.fr\/de\/wp-json\/wp\/v2\/comments?post=7647"}],"version-history":[{"count":4,"href":"https:\/\/www.camping-calvados-normandie.fr\/de\/wp-json\/wp\/v2\/pages\/7647\/revisions"}],"predecessor-version":[{"id":7668,"href":"https:\/\/www.camping-calvados-normandie.fr\/de\/wp-json\/wp\/v2\/pages\/7647\/revisions\/7668"}],"wp:attachment":[{"href":"https:\/\/www.camping-calvados-normandie.fr\/de\/wp-json\/wp\/v2\/media?parent=7647"}],"wp:term":[{"taxonomy":"category","embeddable":true,"href":"https:\/\/www.camping-calvados-normandie.fr\/de\/wp-json\/wp\/v2\/categories?post=7647"}],"curies":[{"name":"wp","href":"https:\/\/api.w.org\/{rel}","templated":true}]}}