{"id":7449,"date":"2025-08-18T15:19:14","date_gmt":"2025-08-18T13:19:14","guid":{"rendered":"https:\/\/www.camping-calvados-normandie.fr\/campingplatz-vitamin\/"},"modified":"2025-08-18T15:19:16","modified_gmt":"2025-08-18T13:19:16","slug":"campingplatz-vitamin","status":"publish","type":"page","link":"https:\/\/www.camping-calvados-normandie.fr\/de\/campingplatz-vitamin\/","title":{"rendered":"Campingplatz Vitamin"},"content":{"rendered":"<p><div class=\"fusion-fullwidth fullwidth-box fusion-builder-row-1 fusion-flex-container has-pattern-background has-mask-background nonhundred-percent-fullwidth non-hundred-percent-height-scrolling\" style=\"--awb-border-radius-top-left:0px;--awb-border-radius-top-right:0px;--awb-border-radius-bottom-right:0px;--awb-border-radius-bottom-left:0px;--awb-margin-bottom:135px;--awb-margin-bottom-medium:75px;--awb-margin-top-small:-5px;--awb-margin-bottom-small:75px;--awb-flex-wrap:wrap;\" ><div class=\"fusion-builder-row fusion-row fusion-flex-align-items-flex-start fusion-flex-content-wrap\" style=\"max-width:calc( 1232px + 0px );margin-left: calc(-0px \/ 2 );margin-right: calc(-0px \/ 2 );\"><div class=\"fusion-layout-column fusion_builder_column fusion-builder-column-0 fusion_builder_column_1_2 1_2 fusion-flex-column\" style=\"--awb-bg-size:cover;--awb-width-large:50%;--awb-margin-top-large:0px;--awb-spacing-right-large:0px;--awb-margin-bottom-large:0px;--awb-spacing-left-large:0px;--awb-width-medium:50%;--awb-order-medium:0;--awb-spacing-right-medium:0px;--awb-spacing-left-medium:0px;--awb-width-small:100%;--awb-order-small:0;--awb-spacing-right-small:0px;--awb-spacing-left-small:28px;\" data-scroll-devices=\"small-visibility,medium-visibility,large-visibility\"><div class=\"fusion-column-wrapper fusion-column-has-shadow fusion-flex-justify-content-flex-start fusion-content-layout-column\"><div class=\"fusion-title title fusion-title-1 fusion-sep-none fusion-title-text fusion-title-size-one has-shape yellow\" style=\"--awb-margin-bottom:49px;--awb-margin-bottom-small:35px;\"><h1 class=\"fusion-title-heading title-heading-left\" style=\"margin:0;\">3-Sterne-Hotel in der Haute Normandie<\/h1><\/div><div class=\"fusion-text fusion-text-1\"><p>Komfort, Freizeit, K\u00f6rperpflege und Fitness, ideale Lage im Herzen der <a href=\"https:\/\/www.camping-vitamin.com\/\" target=\"_blank\" rel=\"noopener noreferrer\">Haute-Normandie, der Campingplatz Vitamin<\/a> in der Gemeinde Saint-Aubin-sur-Scie vor den Toren von Dieppe hat alle Tr\u00fcmpfe in der Hand, um als einer der angenehmsten Campingpl\u00e4tze der Region angesehen zu werden. Der Campingplatz liegt in der N\u00e4he der wichtigsten touristischen Attraktionen der Region, wie z.B. der wundersch\u00f6nen K\u00fcstenlinie, f\u00fcr die die Region bekannt ist, wie z.B. die Klippen von Etretat.<\/p>\n<\/div><\/div><\/div><div class=\"fusion-layout-column fusion_builder_column fusion-builder-column-1 fusion_builder_column_1_2 1_2 fusion-flex-column\" style=\"--awb-bg-size:cover;--awb-width-large:50%;--awb-margin-top-large:0px;--awb-spacing-right-large:0px;--awb-margin-bottom-large:0px;--awb-spacing-left-large:96px;--awb-width-medium:50%;--awb-order-medium:0;--awb-spacing-right-medium:0px;--awb-spacing-left-medium:96px;--awb-width-small:100%;--awb-order-small:0;--awb-spacing-right-small:0px;--awb-spacing-left-small:0px;\" data-scroll-devices=\"small-visibility,medium-visibility,large-visibility\"><div class=\"fusion-column-wrapper fusion-column-has-shadow fusion-flex-justify-content-flex-start fusion-content-layout-column\"><div class=\"fusion-image-element \" style=\"--awb-aspect-ratio: 100 \/ 59;--awb-caption-title-font-family:var(--h2_typography-font-family);--awb-caption-title-font-weight:var(--h2_typography-font-weight);--awb-caption-title-font-style:var(--h2_typography-font-style);--awb-caption-title-size:var(--h2_typography-font-size);--awb-caption-title-transform:var(--h2_typography-text-transform);--awb-caption-title-line-height:var(--h2_typography-line-height);--awb-caption-title-letter-spacing:var(--h2_typography-letter-spacing);\"><span class=\" fusion-imageframe imageframe-none imageframe-1 hover-type-none has-aspect-ratio has-shape img__full\"><img decoding=\"async\" width=\"708\" height=\"670\" title=\"DJI_20240605092311_0047_D@2x\" src=\"https:\/\/www.camping-calvados-normandie.fr\/wp-content\/uploads\/DJI_20240605092311_0047_D@2x.jpg\" data-orig-src=\"https:\/\/www.camping-calvados-normandie.fr\/wp-content\/uploads\/DJI_20240605092311_0047_D@2x.jpg\" class=\"lazyload img-responsive wp-image-3694 img-with-aspect-ratio\" data-parent-fit=\"cover\" data-parent-container=\".fusion-image-element\" alt srcset=\"data:image\/svg+xml,%3Csvg%20xmlns%3D%27http%3A%2F%2Fwww.w3.org%2F2000%2Fsvg%27%20width%3D%27708%27%20height%3D%27670%27%20viewBox%3D%270%200%20708%20670%27%3E%3Crect%20width%3D%27708%27%20height%3D%27670%27%20fill-opacity%3D%220%22%2F%3E%3C%2Fsvg%3E\" data-srcset=\"https:\/\/www.camping-calvados-normandie.fr\/wp-content\/uploads\/DJI_20240605092311_0047_D@2x-200x189.jpg 200w, https:\/\/www.camping-calvados-normandie.fr\/wp-content\/uploads\/DJI_20240605092311_0047_D@2x-400x379.jpg 400w, https:\/\/www.camping-calvados-normandie.fr\/wp-content\/uploads\/DJI_20240605092311_0047_D@2x-600x568.jpg 600w, https:\/\/www.camping-calvados-normandie.fr\/wp-content\/uploads\/DJI_20240605092311_0047_D@2x.jpg 708w\" data-sizes=\"auto\" data-orig-sizes=\"(max-width: 800px) 100vw, 600px\" \/><\/span><\/div><\/div><\/div><\/div><\/div><div class=\"fusion-fullwidth fullwidth-box fusion-builder-row-2 fusion-flex-container has-pattern-background has-mask-background nonhundred-percent-fullwidth non-hundred-percent-height-scrolling\" style=\"--awb-border-radius-top-left:0px;--awb-border-radius-top-right:0px;--awb-border-radius-bottom-right:0px;--awb-border-radius-bottom-left:0px;--awb-flex-wrap:wrap;\" ><div class=\"fusion-builder-row fusion-row fusion-flex-align-items-stretch fusion-flex-content-wrap\" style=\"max-width:calc( 1232px + 0px );margin-left: calc(-0px \/ 2 );margin-right: calc(-0px \/ 2 );\"><div class=\"fusion-layout-column fusion_builder_column fusion-builder-column-2 fusion_builder_column_1_1 1_1 fusion-flex-column\" style=\"--awb-bg-size:cover;--awb-width-large:100%;--awb-margin-top-large:0px;--awb-spacing-right-large:0px;--awb-margin-bottom-large:0px;--awb-spacing-left-large:0px;--awb-width-medium:100%;--awb-order-medium:0;--awb-spacing-right-medium:0px;--awb-spacing-left-medium:0px;--awb-width-small:100%;--awb-order-small:0;--awb-spacing-right-small:0px;--awb-spacing-left-small:0px;\" data-scroll-devices=\"small-visibility,medium-visibility,large-visibility\"><div class=\"fusion-column-wrapper fusion-column-has-shadow fusion-flex-justify-content-flex-start fusion-content-layout-column\"><div class=\"fusion-text fusion-text-2\"><p>Der Campingplatz ist ein echter Komplex f\u00fcr einen erholsamen Familienurlaub und wurde so konzipiert, dass Sie und Ihre Kinder die Sch\u00e4tze der Region genie\u00dfen k\u00f6nnen, w\u00e4hrend Sie in einem Raum mit Komfort leben. Sie k\u00f6nnen die ganze Saison \u00fcber, von M\u00e4rz bis September, von einem \u00fcberdachten und auf 28 Grad beheizten Wasserbereich profitieren, der \u00fcber ein Schwimmbecken mit Balneo und Wasserfall verf\u00fcgt, ideal f\u00fcr eine entspannende Schwimmsession. Es gibt auch eine Rutsche und Wasserspiele f\u00fcr die Kleinsten. Auch im Au\u00dfenbereich gibt es w\u00e4hrend der Hochsaison im Juli und August ein gro\u00dfes Schwimmbecken mit Wasserspielen und Rutschen f\u00fcr die Kleinsten.   <\/p>\n<p>Komfort ist das Schl\u00fcsselwort auf dem Campingplatz Vitamin und dies wird besonders deutlich, wenn Sie die Zelt-\/Wohnwagen-\/Wohnmobilstellpl\u00e4tze und die hochwertigen, f\u00fcr alle zug\u00e4nglichen Mobilheime\/Chalets entdecken, die Ihnen hier zur Verf\u00fcgung stehen. F\u00fcr ein paar Dutzend Euro erhalten Sie weitl\u00e4ufige und gr\u00fcne Stellpl\u00e4tze auf dem gesamten Campingplatz, so dass Sie Ihren Aufenthalt in Zelten, Wohnwagen oder Wohnmobilen genie\u00dfen k\u00f6nnen, ohne dass die Natur im Vordergrund steht. <\/p>\n<p>F\u00fcr einen l\u00e4ngeren Aufenthalt bietet Ihnen der Campingplatz Vitamin eine gro\u00dfe Auswahl an Mobilheimen f\u00fcr 4 bis 6 Personen unter sehr angenehmen Bedingungen. Sie k\u00f6nnen sich auch f\u00fcr ein Chalet f\u00fcr 5 Personen entscheiden. Verf\u00fcgbar von Samstag bis Samstag oder von Sonntag bis Sonntag, eine Kaution wird bei Ihrer Ankunft verlangt.  <\/p>\n<p>Der Campingplatz Vitamin bietet einen angenehmen Lebensraum zu g\u00fcnstigen Preisen und begeistert Jung und Alt mit seinem breiten Angebot an Aktivit\u00e4ten und Animationen sowie Wasser- und Entspannungsbereichen wie dem Wellnessbereich mit Massageraum zum Entspannen und dem Fitnessraum zum Fitnesstraining. Es ist also kein Zufall, dass dieser Campingplatz mit 4 Sternen bewertet wurde und das G\u00fctesiegel &#8222;Normandie Qualit\u00e9 Tourisme&#8220; besitzt. <\/p>\n<p>Die Teams des Campingplatzes Vitamin<\/p>\n<\/div><\/div><\/div><\/div><\/div><\/p>\n","protected":false},"excerpt":{"rendered":"","protected":false},"author":2,"featured_media":0,"parent":0,"menu_order":0,"comment_status":"closed","ping_status":"closed","template":"100-width.php","meta":{"_acf_changed":false,"_monsterinsights_skip_tracking":false,"_monsterinsights_sitenote_active":false,"_monsterinsights_sitenote_note":"","_monsterinsights_sitenote_category":0,"footnotes":""},"categories":[],"class_list":["post-7449","page","type-page","status-publish","hentry"],"acf":[],"yoast_head":"<!-- This site is optimized with the Yoast SEO plugin v26.9 - https:\/\/yoast.com\/product\/yoast-seo-wordpress\/ -->\n<title>Campingplatz Vitamin - Camping La Roseraie D&#039;Omaha<\/title>\n<meta name=\"robots\" content=\"index, follow, max-snippet:-1, max-image-preview:large, max-video-preview:-1\" \/>\n<link rel=\"canonical\" href=\"https:\/\/www.camping-calvados-normandie.fr\/de\/campingplatz-vitamin\/\" \/>\n<meta property=\"og:locale\" content=\"de_DE\" \/>\n<meta property=\"og:type\" content=\"article\" \/>\n<meta property=\"og:title\" content=\"Campingplatz Vitamin - Camping La Roseraie D&#039;Omaha\" \/>\n<meta property=\"og:url\" content=\"https:\/\/www.camping-calvados-normandie.fr\/de\/campingplatz-vitamin\/\" \/>\n<meta property=\"og:site_name\" content=\"Camping La Roseraie D&#039;Omaha\" \/>\n<meta property=\"article:modified_time\" content=\"2025-08-18T13:19:16+00:00\" \/>\n<meta name=\"twitter:card\" content=\"summary_large_image\" \/>\n<meta name=\"twitter:label1\" content=\"Gesch\u00e4tzte Lesezeit\" \/>\n\t<meta name=\"twitter:data1\" content=\"18\u00a0Minuten\" \/>\n<script type=\"application\/ld+json\" class=\"yoast-schema-graph\">{\"@context\":\"https:\/\/schema.org\",\"@graph\":[{\"@type\":\"WebPage\",\"@id\":\"https:\/\/www.camping-calvados-normandie.fr\/de\/campingplatz-vitamin\/\",\"url\":\"https:\/\/www.camping-calvados-normandie.fr\/de\/campingplatz-vitamin\/\",\"name\":\"Campingplatz Vitamin - Camping La Roseraie D&#039;Omaha\",\"isPartOf\":{\"@id\":\"https:\/\/www.camping-calvados-normandie.fr\/de\/#website\"},\"datePublished\":\"2025-08-18T13:19:14+00:00\",\"dateModified\":\"2025-08-18T13:19:16+00:00\",\"breadcrumb\":{\"@id\":\"https:\/\/www.camping-calvados-normandie.fr\/de\/campingplatz-vitamin\/#breadcrumb\"},\"inLanguage\":\"de\",\"potentialAction\":[{\"@type\":\"ReadAction\",\"target\":[\"https:\/\/www.camping-calvados-normandie.fr\/de\/campingplatz-vitamin\/\"]}]},{\"@type\":\"BreadcrumbList\",\"@id\":\"https:\/\/www.camping-calvados-normandie.fr\/de\/campingplatz-vitamin\/#breadcrumb\",\"itemListElement\":[{\"@type\":\"ListItem\",\"position\":1,\"name\":\"Accueil\",\"item\":\"https:\/\/www.camping-calvados-normandie.fr\/de\/\"},{\"@type\":\"ListItem\",\"position\":2,\"name\":\"Campingplatz Vitamin\"}]},{\"@type\":\"WebSite\",\"@id\":\"https:\/\/www.camping-calvados-normandie.fr\/de\/#website\",\"url\":\"https:\/\/www.camping-calvados-normandie.fr\/de\/\",\"name\":\"Camping La Roseraie D&#039;Omaha\",\"description\":\"\",\"potentialAction\":[{\"@type\":\"SearchAction\",\"target\":{\"@type\":\"EntryPoint\",\"urlTemplate\":\"https:\/\/www.camping-calvados-normandie.fr\/de\/?s={search_term_string}\"},\"query-input\":{\"@type\":\"PropertyValueSpecification\",\"valueRequired\":true,\"valueName\":\"search_term_string\"}}],\"inLanguage\":\"de\"}]}<\/script>\n<!-- \/ Yoast SEO plugin. -->","yoast_head_json":{"title":"Campingplatz Vitamin - Camping La Roseraie D&#039;Omaha","robots":{"index":"index","follow":"follow","max-snippet":"max-snippet:-1","max-image-preview":"max-image-preview:large","max-video-preview":"max-video-preview:-1"},"canonical":"https:\/\/www.camping-calvados-normandie.fr\/de\/campingplatz-vitamin\/","og_locale":"de_DE","og_type":"article","og_title":"Campingplatz Vitamin - Camping La Roseraie D&#039;Omaha","og_url":"https:\/\/www.camping-calvados-normandie.fr\/de\/campingplatz-vitamin\/","og_site_name":"Camping La Roseraie D&#039;Omaha","article_modified_time":"2025-08-18T13:19:16+00:00","twitter_card":"summary_large_image","twitter_misc":{"Gesch\u00e4tzte Lesezeit":"18\u00a0Minuten"},"schema":{"@context":"https:\/\/schema.org","@graph":[{"@type":"WebPage","@id":"https:\/\/www.camping-calvados-normandie.fr\/de\/campingplatz-vitamin\/","url":"https:\/\/www.camping-calvados-normandie.fr\/de\/campingplatz-vitamin\/","name":"Campingplatz Vitamin - Camping La Roseraie D&#039;Omaha","isPartOf":{"@id":"https:\/\/www.camping-calvados-normandie.fr\/de\/#website"},"datePublished":"2025-08-18T13:19:14+00:00","dateModified":"2025-08-18T13:19:16+00:00","breadcrumb":{"@id":"https:\/\/www.camping-calvados-normandie.fr\/de\/campingplatz-vitamin\/#breadcrumb"},"inLanguage":"de","potentialAction":[{"@type":"ReadAction","target":["https:\/\/www.camping-calvados-normandie.fr\/de\/campingplatz-vitamin\/"]}]},{"@type":"BreadcrumbList","@id":"https:\/\/www.camping-calvados-normandie.fr\/de\/campingplatz-vitamin\/#breadcrumb","itemListElement":[{"@type":"ListItem","position":1,"name":"Accueil","item":"https:\/\/www.camping-calvados-normandie.fr\/de\/"},{"@type":"ListItem","position":2,"name":"Campingplatz Vitamin"}]},{"@type":"WebSite","@id":"https:\/\/www.camping-calvados-normandie.fr\/de\/#website","url":"https:\/\/www.camping-calvados-normandie.fr\/de\/","name":"Camping La Roseraie D&#039;Omaha","description":"","potentialAction":[{"@type":"SearchAction","target":{"@type":"EntryPoint","urlTemplate":"https:\/\/www.camping-calvados-normandie.fr\/de\/?s={search_term_string}"},"query-input":{"@type":"PropertyValueSpecification","valueRequired":true,"valueName":"search_term_string"}}],"inLanguage":"de"}]}},"_links":{"self":[{"href":"https:\/\/www.camping-calvados-normandie.fr\/de\/wp-json\/wp\/v2\/pages\/7449","targetHints":{"allow":["GET"]}}],"collection":[{"href":"https:\/\/www.camping-calvados-normandie.fr\/de\/wp-json\/wp\/v2\/pages"}],"about":[{"href":"https:\/\/www.camping-calvados-normandie.fr\/de\/wp-json\/wp\/v2\/types\/page"}],"author":[{"embeddable":true,"href":"https:\/\/www.camping-calvados-normandie.fr\/de\/wp-json\/wp\/v2\/users\/2"}],"replies":[{"embeddable":true,"href":"https:\/\/www.camping-calvados-normandie.fr\/de\/wp-json\/wp\/v2\/comments?post=7449"}],"version-history":[{"count":1,"href":"https:\/\/www.camping-calvados-normandie.fr\/de\/wp-json\/wp\/v2\/pages\/7449\/revisions"}],"predecessor-version":[{"id":7454,"href":"https:\/\/www.camping-calvados-normandie.fr\/de\/wp-json\/wp\/v2\/pages\/7449\/revisions\/7454"}],"wp:attachment":[{"href":"https:\/\/www.camping-calvados-normandie.fr\/de\/wp-json\/wp\/v2\/media?parent=7449"}],"wp:term":[{"taxonomy":"category","embeddable":true,"href":"https:\/\/www.camping-calvados-normandie.fr\/de\/wp-json\/wp\/v2\/categories?post=7449"}],"curies":[{"name":"wp","href":"https:\/\/api.w.org\/{rel}","templated":true}]}}