{"id":10231,"date":"2025-08-18T15:24:20","date_gmt":"2025-08-18T13:24:20","guid":{"rendered":"https:\/\/www.camping-calvados-normandie.fr\/agb\/"},"modified":"2025-08-18T15:24:27","modified_gmt":"2025-08-18T13:24:27","slug":"agb","status":"publish","type":"page","link":"https:\/\/www.camping-calvados-normandie.fr\/de\/agb\/","title":{"rendered":"AGB"},"content":{"rendered":"<p><div class=\"fusion-fullwidth fullwidth-box fusion-builder-row-1 fusion-flex-container has-pattern-background has-mask-background nonhundred-percent-fullwidth non-hundred-percent-height-scrolling\" style=\"--awb-border-radius-top-left:0px;--awb-border-radius-top-right:0px;--awb-border-radius-bottom-right:0px;--awb-border-radius-bottom-left:0px;--awb-margin-bottom:135px;--awb-margin-bottom-medium:75px;--awb-margin-top-small:-5px;--awb-margin-bottom-small:75px;--awb-flex-wrap:wrap;\" ><div class=\"fusion-builder-row fusion-row fusion-flex-align-items-flex-start fusion-flex-content-wrap\" style=\"max-width:calc( 1232px + 0px );margin-left: calc(-0px \/ 2 );margin-right: calc(-0px \/ 2 );\"><div class=\"fusion-layout-column fusion_builder_column fusion-builder-column-0 fusion_builder_column_1_2 1_2 fusion-flex-column\" style=\"--awb-bg-size:cover;--awb-width-large:50%;--awb-margin-top-large:0px;--awb-spacing-right-large:0px;--awb-margin-bottom-large:0px;--awb-spacing-left-large:0px;--awb-width-medium:50%;--awb-order-medium:0;--awb-spacing-right-medium:0px;--awb-spacing-left-medium:0px;--awb-width-small:100%;--awb-order-small:0;--awb-spacing-right-small:0px;--awb-spacing-left-small:28px;\" data-scroll-devices=\"small-visibility,medium-visibility,large-visibility\"><div class=\"fusion-column-wrapper fusion-column-has-shadow fusion-flex-justify-content-flex-start fusion-content-layout-column\"><div class=\"fusion-title title fusion-title-1 fusion-sep-none fusion-title-text fusion-title-size-one has-shape yellow\" style=\"--awb-margin-bottom-small:35px;\"><h1 class=\"fusion-title-heading title-heading-left\" style=\"margin:0;\"><p>Allgemeine Gesch\u00e4ftsbedingungen<br \/>\nund Vermietung von Mobilheimen und Chalets<\/p><\/h1><\/div><\/div><\/div><div class=\"fusion-layout-column fusion_builder_column fusion-builder-column-1 fusion_builder_column_1_2 1_2 fusion-flex-column\" style=\"--awb-bg-size:cover;--awb-width-large:50%;--awb-margin-top-large:0px;--awb-spacing-right-large:0px;--awb-margin-bottom-large:0px;--awb-spacing-left-large:0px;--awb-width-medium:50%;--awb-order-medium:0;--awb-spacing-right-medium:0px;--awb-spacing-left-medium:0px;--awb-width-small:100%;--awb-order-small:0;--awb-spacing-right-small:0px;--awb-spacing-left-small:0px;\"><div class=\"fusion-column-wrapper fusion-column-has-shadow fusion-flex-justify-content-flex-start fusion-content-layout-column\"><div class=\"fusion-image-element \" style=\"--awb-aspect-ratio: 100 \/ 59;--awb-caption-title-font-family:var(--h2_typography-font-family);--awb-caption-title-font-weight:var(--h2_typography-font-weight);--awb-caption-title-font-style:var(--h2_typography-font-style);--awb-caption-title-size:var(--h2_typography-font-size);--awb-caption-title-transform:var(--h2_typography-text-transform);--awb-caption-title-line-height:var(--h2_typography-line-height);--awb-caption-title-letter-spacing:var(--h2_typography-letter-spacing);\"><span class=\" fusion-imageframe imageframe-none imageframe-1 hover-type-none has-aspect-ratio has-shape img__full\"><img decoding=\"async\" width=\"708\" height=\"670\" title=\"DJI_20240605092311_0047_D@2x\" src=\"https:\/\/www.camping-calvados-normandie.fr\/wp-content\/uploads\/DJI_20240605092311_0047_D@2x.jpg\" data-orig-src=\"https:\/\/www.camping-calvados-normandie.fr\/wp-content\/uploads\/DJI_20240605092311_0047_D@2x.jpg\" class=\"lazyload img-responsive wp-image-3694 img-with-aspect-ratio\" data-parent-fit=\"cover\" data-parent-container=\".fusion-image-element\" alt srcset=\"data:image\/svg+xml,%3Csvg%20xmlns%3D%27http%3A%2F%2Fwww.w3.org%2F2000%2Fsvg%27%20width%3D%27708%27%20height%3D%27670%27%20viewBox%3D%270%200%20708%20670%27%3E%3Crect%20width%3D%27708%27%20height%3D%27670%27%20fill-opacity%3D%220%22%2F%3E%3C%2Fsvg%3E\" data-srcset=\"https:\/\/www.camping-calvados-normandie.fr\/wp-content\/uploads\/DJI_20240605092311_0047_D@2x-200x189.jpg 200w, https:\/\/www.camping-calvados-normandie.fr\/wp-content\/uploads\/DJI_20240605092311_0047_D@2x-400x379.jpg 400w, https:\/\/www.camping-calvados-normandie.fr\/wp-content\/uploads\/DJI_20240605092311_0047_D@2x-600x568.jpg 600w, https:\/\/www.camping-calvados-normandie.fr\/wp-content\/uploads\/DJI_20240605092311_0047_D@2x.jpg 708w\" data-sizes=\"auto\" data-orig-sizes=\"(max-width: 800px) 100vw, 708px\" \/><\/span><\/div><\/div><\/div><\/div><\/div><div class=\"fusion-fullwidth fullwidth-box fusion-builder-row-2 fusion-flex-container has-pattern-background has-mask-background nonhundred-percent-fullwidth non-hundred-percent-height-scrolling\" style=\"--awb-border-radius-top-left:0px;--awb-border-radius-top-right:0px;--awb-border-radius-bottom-right:0px;--awb-border-radius-bottom-left:0px;--awb-flex-wrap:wrap;\" ><div class=\"fusion-builder-row fusion-row fusion-flex-align-items-stretch fusion-flex-content-wrap\" style=\"max-width:calc( 1232px + 0px );margin-left: calc(-0px \/ 2 );margin-right: calc(-0px \/ 2 );\"><div class=\"fusion-layout-column fusion_builder_column fusion-builder-column-2 fusion_builder_column_1_1 1_1 fusion-flex-column\" style=\"--awb-padding-top:4%;--awb-bg-size:cover;--awb-width-large:100%;--awb-margin-top-large:0px;--awb-spacing-right-large:0px;--awb-margin-bottom-large:0px;--awb-spacing-left-large:0px;--awb-width-medium:100%;--awb-spacing-right-medium:0px;--awb-spacing-left-medium:0px;--awb-width-small:100%;--awb-spacing-right-small:0px;--awb-spacing-left-small:0px;\"><div class=\"fusion-column-wrapper fusion-column-has-shadow fusion-flex-justify-content-flex-start fusion-content-layout-column\"><div class=\"fusion-text fusion-text-1 auto-sections\"><h2 class=\"has-shape\">ALLGEMEINE MIETBEDINGUNGEN F\u00dcR STELLPL\u00c4TZE<\/h2>\n<ul>\n<li>Jede Buchung setzt die Annahme der Hausordnung und der nachstehenden Bedingungen voraus.<\/li>\n<li>Die Preise beinhalten: die Miete eines Stellplatzes, der Ihnen am Tag Ihrer Ankunft ab 14.00 Uhr zur Verf\u00fcgung steht und am Tag Ihrer Abreise bis 12.00 Uhr verlassen werden muss. Zugang zu den Sanit\u00e4ranlagen, Spielpl\u00e4tzen, Tischtennis, Poolbereich. Maximal 6 Personen pro Stellplatz. Die Preise beinhalten nicht: Kurtaxe gem\u00e4\u00df dem g\u00fcltigen Tarif (pro Tag und pro Person \u00fcber 18 Jahre).   <\/li>\n<li>Buchungsbedingungen: Eine Anzahlung von 30% des Gesamtpreises. Der Restbetrag und die Kurtaxe sind sp\u00e4testens am Tag vor der Abreise zu zahlen. <\/li>\n<li>Stornierung der Buchung: Stornierungen m\u00fcssen per Einschreiben erfolgen. Bei Stornierungen, die weniger als 45 Tage vor dem Ankunftsdatum erfolgen, wird die Anzahlung vom Campingplatz einbehalten. Die Anzahlung verbleibt beim Campingplatz, wenn der Aufenthalt begonnen hat. Bei Nichtanreise wird der Stellplatz 24 Stunden nach dem geplanten Ankunftsdatum einbehalten. Wenn Sie sich nicht melden, wird die Reservierung storniert und die Anzahlung wird vom Campingplatz einbehalten. In allen F\u00e4llen der Stornierung wird die Anzahlung vom Campingplatz einbehalten. Es besteht die M\u00f6glichkeit, eine Reiser\u00fccktrittsversicherung abzuschlie\u00dfen: 3% des Gesamtbetrags f\u00fcr den Aufenthalt.     <\/li>\n<li>Haustiere: Haustiere sind auf dem Campingplatz erlaubt, m\u00fcssen jedoch an der Leine gehalten werden und geimpft sein. Die Vorlage eines aktuellen Impfpasses ist obligatorisch. Sie d\u00fcrfen nicht auf dem Platz zur\u00fcckgelassen oder in der Unterkunft eingesperrt werden, wenn ihr Besitzer nicht anwesend ist. Der Zugang zu den Sanit\u00e4ranlagen und dem Kinderspielplatz ist ihnen strengstens untersagt. Hunde der Kategorien 1 und 2 sind strengstens verboten.    <\/li>\n<\/ul>\n<h2 class=\"has-shape\">ALLGEMEINE MIETBEDINGUNGEN F\u00dcR MOBILHEIME, CHALETS UND G\u00ceTES<\/h2>\n<ul>\n<li>Jede Vermietung ist namentlich und kann unter keinen Umst\u00e4nden weitervermietet werden. Aus Sicherheitsgr\u00fcnden ist die Belegung des Mietobjekts auf 2 bis 9 Personen begrenzt, je nach Art des Mietobjekts. Unbegleitete Minderj\u00e4hrige werden nicht akzeptiert. Der Mieter muss eine Haftpflichtversicherung abschlie\u00dfen.   <\/li>\n<li>Kurtaxe zus\u00e4tzlich zum Mietpreis gem\u00e4\u00df dem g\u00fcltigen Tarif (pro Tag und pro Person \u00fcber 18 Jahre).<\/li>\n<li>Reservierungen: im Juli und August von Samstag bis Samstag. Anreise ab 15.00 Uhr, Abreise vor 10.00 Uhr. Bei Ankunft vor dem vereinbarten Datum und der vereinbarten Uhrzeit kann der Urlauber die gebuchte Unterkunft nicht beziehen, es sei denn, es wurde vorher schriftlich mit der Direktion des Campingplatzes vereinbart.  <\/li>\n<li>Zahlungsbedingungen: Mit der Buchungsanfrage muss eine Anzahlung von 30% des Gesamtpreises geleistet werden. Der Restbetrag sowie eine Kaution von \u20ac 270 (in zwei Schecks) oder \u20ac 200 (per Kreditkarte) sind bei Ihrer Ankunft zu zahlen. Die Kaution wird Ihnen am Tag der Abreise nach Kontrolle des Mietobjekts zur\u00fcckerstattet. Bei Abreise au\u00dferhalb der \u00d6ffnungszeiten des B\u00fcros wird die Kaution per Post zur\u00fcckgeschickt, abz\u00fcglich der Abz\u00fcge f\u00fcr festgestellte Sch\u00e4den oder nicht durchgef\u00fchrte Reinigung und nach \u00dcberpr\u00fcfung des Inventars und der Sauberkeit des Mietobjekts, wobei der Mieter f\u00fcr die Reinigung verantwortlich ist. Andernfalls muss der Mieter einen Pauschalbetrag von 50\u20ac f\u00fcr die Reinigung zahlen. Das Inventar am Ende des Mietverh\u00e4ltnisses muss mit dem Inventar am Anfang des Mietverh\u00e4ltnisses identisch sein, fehlende Gegenst\u00e4nde m\u00fcssen ersetzt oder vom Mieter bezahlt werden.     <\/li>\n<li>Stornierung: Jede Stornierung muss per Einschreiben erfolgen. Bei einer vom Mieter gew\u00fcnschten Stornierung, die weniger als 45 Tage vor dem Ankunftsdatum erfolgt, wird die Anzahlung vom Campingplatz einbehalten. Der Gesamtbetrag des Aufenthalts wird vom Campingplatz einbehalten, wenn der Aufenthalt begonnen hat. Bei Nichtanreise wird der Mietpreis f\u00fcr 24 Stunden nach dem Ankunftsdatum einbehalten. Wenn Sie sich nicht melden, wird die Reservierung storniert und die Anzahlung verbleibt beim Campingplatz. In allen F\u00e4llen der Stornierung wird die Anzahlung vom Campingplatz einbehalten. Es besteht die M\u00f6glichkeit, eine Reiser\u00fccktrittsversicherung abzuschlie\u00dfen (vor dem Datum des Aufenthalts), die 3% des Gesamtbetrages des Aufenthalts ausmacht. Bei versp\u00e4teter Anreise oder vorzeitiger Abreise aus irgendeinem Grund wird kein Preisnachlass gew\u00e4hrt.       <\/li>\n<li>Besucher: Besucher sind von 10.00 bis 21.00 Uhr zugelassen und m\u00fcssen sich bei ihrer Ankunft an der Rezeption anmelden und den g\u00fcltigen Tarif bezahlen. Sie stehen unter der Verantwortung der Camper, die sie empfangen und m\u00fcssen sich an die Regeln halten. Ihr Fahrzeug muss auf dem Au\u00dfenparkplatz abgestellt werden.  <\/li>\n<li>Haustiere: In den Unterk\u00fcnften sind Katzen nicht erlaubt, nur ein Hund ist erlaubt, wenn er geimpft ist (Impfpass vorlegen) und weniger als 6 kg wiegt. Es muss immer an der Leine gehalten werden und darf nicht allein in der Unterkunft bleiben. <\/li>\n<\/ul>\n<p>Gem\u00e4\u00df Artikel L. 152-1 des Verbraucherschutzgesetzes k\u00f6nnen Sie sich kostenlos an den CM2C-Schlichtungsdienst wenden, zu dem wir geh\u00f6ren, und zwar auf elektronischem Wege: https: <u>\/\/cm2c.net\/declarer-un-litige.php<\/u> oder auf dem Postweg: CM2C, 14 rue Saint Jean 75017 Paris.<\/p>\n<\/div><\/div><\/div><\/div><\/div><\/p>\n","protected":false},"excerpt":{"rendered":"","protected":false},"author":2,"featured_media":0,"parent":0,"menu_order":0,"comment_status":"closed","ping_status":"closed","template":"100-width.php","meta":{"_acf_changed":false,"_monsterinsights_skip_tracking":false,"_monsterinsights_sitenote_active":false,"_monsterinsights_sitenote_note":"","_monsterinsights_sitenote_category":0,"footnotes":""},"categories":[],"class_list":["post-10231","page","type-page","status-publish","hentry"],"acf":[],"yoast_head":"<!-- This site is optimized with the Yoast SEO plugin v26.9 - https:\/\/yoast.com\/product\/yoast-seo-wordpress\/ -->\n<title>AGB - Camping La Roseraie D&#039;Omaha<\/title>\n<meta name=\"robots\" content=\"index, follow, max-snippet:-1, max-image-preview:large, max-video-preview:-1\" \/>\n<link rel=\"canonical\" href=\"https:\/\/www.camping-calvados-normandie.fr\/de\/agb\/\" \/>\n<meta property=\"og:locale\" content=\"de_DE\" \/>\n<meta property=\"og:type\" content=\"article\" \/>\n<meta property=\"og:title\" content=\"AGB - Camping La Roseraie D&#039;Omaha\" \/>\n<meta property=\"og:url\" content=\"https:\/\/www.camping-calvados-normandie.fr\/de\/agb\/\" \/>\n<meta property=\"og:site_name\" content=\"Camping La Roseraie D&#039;Omaha\" \/>\n<meta property=\"article:modified_time\" content=\"2025-08-18T13:24:27+00:00\" \/>\n<meta name=\"twitter:card\" content=\"summary_large_image\" \/>\n<meta name=\"twitter:label1\" content=\"Gesch\u00e4tzte Lesezeit\" \/>\n\t<meta name=\"twitter:data1\" content=\"17\u00a0Minuten\" \/>\n<script type=\"application\/ld+json\" class=\"yoast-schema-graph\">{\"@context\":\"https:\/\/schema.org\",\"@graph\":[{\"@type\":\"WebPage\",\"@id\":\"https:\/\/www.camping-calvados-normandie.fr\/de\/agb\/\",\"url\":\"https:\/\/www.camping-calvados-normandie.fr\/de\/agb\/\",\"name\":\"AGB - Camping La Roseraie D&#039;Omaha\",\"isPartOf\":{\"@id\":\"https:\/\/www.camping-calvados-normandie.fr\/de\/#website\"},\"datePublished\":\"2025-08-18T13:24:20+00:00\",\"dateModified\":\"2025-08-18T13:24:27+00:00\",\"breadcrumb\":{\"@id\":\"https:\/\/www.camping-calvados-normandie.fr\/de\/agb\/#breadcrumb\"},\"inLanguage\":\"de\",\"potentialAction\":[{\"@type\":\"ReadAction\",\"target\":[\"https:\/\/www.camping-calvados-normandie.fr\/de\/agb\/\"]}]},{\"@type\":\"BreadcrumbList\",\"@id\":\"https:\/\/www.camping-calvados-normandie.fr\/de\/agb\/#breadcrumb\",\"itemListElement\":[{\"@type\":\"ListItem\",\"position\":1,\"name\":\"Accueil\",\"item\":\"https:\/\/www.camping-calvados-normandie.fr\/de\/\"},{\"@type\":\"ListItem\",\"position\":2,\"name\":\"AGB\"}]},{\"@type\":\"WebSite\",\"@id\":\"https:\/\/www.camping-calvados-normandie.fr\/de\/#website\",\"url\":\"https:\/\/www.camping-calvados-normandie.fr\/de\/\",\"name\":\"Camping La Roseraie D&#039;Omaha\",\"description\":\"\",\"potentialAction\":[{\"@type\":\"SearchAction\",\"target\":{\"@type\":\"EntryPoint\",\"urlTemplate\":\"https:\/\/www.camping-calvados-normandie.fr\/de\/?s={search_term_string}\"},\"query-input\":{\"@type\":\"PropertyValueSpecification\",\"valueRequired\":true,\"valueName\":\"search_term_string\"}}],\"inLanguage\":\"de\"}]}<\/script>\n<!-- \/ Yoast SEO plugin. -->","yoast_head_json":{"title":"AGB - Camping La Roseraie D&#039;Omaha","robots":{"index":"index","follow":"follow","max-snippet":"max-snippet:-1","max-image-preview":"max-image-preview:large","max-video-preview":"max-video-preview:-1"},"canonical":"https:\/\/www.camping-calvados-normandie.fr\/de\/agb\/","og_locale":"de_DE","og_type":"article","og_title":"AGB - Camping La Roseraie D&#039;Omaha","og_url":"https:\/\/www.camping-calvados-normandie.fr\/de\/agb\/","og_site_name":"Camping La Roseraie D&#039;Omaha","article_modified_time":"2025-08-18T13:24:27+00:00","twitter_card":"summary_large_image","twitter_misc":{"Gesch\u00e4tzte Lesezeit":"17\u00a0Minuten"},"schema":{"@context":"https:\/\/schema.org","@graph":[{"@type":"WebPage","@id":"https:\/\/www.camping-calvados-normandie.fr\/de\/agb\/","url":"https:\/\/www.camping-calvados-normandie.fr\/de\/agb\/","name":"AGB - Camping La Roseraie D&#039;Omaha","isPartOf":{"@id":"https:\/\/www.camping-calvados-normandie.fr\/de\/#website"},"datePublished":"2025-08-18T13:24:20+00:00","dateModified":"2025-08-18T13:24:27+00:00","breadcrumb":{"@id":"https:\/\/www.camping-calvados-normandie.fr\/de\/agb\/#breadcrumb"},"inLanguage":"de","potentialAction":[{"@type":"ReadAction","target":["https:\/\/www.camping-calvados-normandie.fr\/de\/agb\/"]}]},{"@type":"BreadcrumbList","@id":"https:\/\/www.camping-calvados-normandie.fr\/de\/agb\/#breadcrumb","itemListElement":[{"@type":"ListItem","position":1,"name":"Accueil","item":"https:\/\/www.camping-calvados-normandie.fr\/de\/"},{"@type":"ListItem","position":2,"name":"AGB"}]},{"@type":"WebSite","@id":"https:\/\/www.camping-calvados-normandie.fr\/de\/#website","url":"https:\/\/www.camping-calvados-normandie.fr\/de\/","name":"Camping La Roseraie D&#039;Omaha","description":"","potentialAction":[{"@type":"SearchAction","target":{"@type":"EntryPoint","urlTemplate":"https:\/\/www.camping-calvados-normandie.fr\/de\/?s={search_term_string}"},"query-input":{"@type":"PropertyValueSpecification","valueRequired":true,"valueName":"search_term_string"}}],"inLanguage":"de"}]}},"_links":{"self":[{"href":"https:\/\/www.camping-calvados-normandie.fr\/de\/wp-json\/wp\/v2\/pages\/10231","targetHints":{"allow":["GET"]}}],"collection":[{"href":"https:\/\/www.camping-calvados-normandie.fr\/de\/wp-json\/wp\/v2\/pages"}],"about":[{"href":"https:\/\/www.camping-calvados-normandie.fr\/de\/wp-json\/wp\/v2\/types\/page"}],"author":[{"embeddable":true,"href":"https:\/\/www.camping-calvados-normandie.fr\/de\/wp-json\/wp\/v2\/users\/2"}],"replies":[{"embeddable":true,"href":"https:\/\/www.camping-calvados-normandie.fr\/de\/wp-json\/wp\/v2\/comments?post=10231"}],"version-history":[{"count":8,"href":"https:\/\/www.camping-calvados-normandie.fr\/de\/wp-json\/wp\/v2\/pages\/10231\/revisions"}],"predecessor-version":[{"id":10406,"href":"https:\/\/www.camping-calvados-normandie.fr\/de\/wp-json\/wp\/v2\/pages\/10231\/revisions\/10406"}],"wp:attachment":[{"href":"https:\/\/www.camping-calvados-normandie.fr\/de\/wp-json\/wp\/v2\/media?parent=10231"}],"wp:term":[{"taxonomy":"category","embeddable":true,"href":"https:\/\/www.camping-calvados-normandie.fr\/de\/wp-json\/wp\/v2\/categories?post=10231"}],"curies":[{"name":"wp","href":"https:\/\/api.w.org\/{rel}","templated":true}]}}